{"id":361251,"date":"2024-09-26T13:01:37","date_gmt":"2024-09-26T12:01:37","guid":{"rendered":"https:\/\/www.moskito.cz\/produkt\/boker-plus-urban-trapper-petite-42\/"},"modified":"2025-05-07T11:25:25","modified_gmt":"2025-05-07T10:25:25","slug":"boker-plus-urban-trapper-petite-42","status":"publish","type":"product","link":"https:\/\/www.moskito.cz\/de\/produkt\/boker-plus-urban-trapper-petite-42\/","title":{"rendered":"Zav\u00edrac\u00ed N\u016f\u017e B\u00f6ker Plus Urban Trapper Petite 42 01BO785"},"content":{"rendered":"<p>Zav\u00edrac\u00ed N\u016f\u017e <strong>B\u00f6ker Plus<\/strong> Urban Trapper Petite 42 01BO785.<\/p>\n<div class=\"flex max-w-full flex-col flex-grow\">\n<div class=\"min-h-8 text-message flex w-full flex-col items-end gap-2 whitespace-normal break-words [.text-message+&amp;]:mt-5\" dir=\"auto\" data-message-author-role=\"assistant\" data-message-id=\"37097b3d-5404-4461-ab38-b72cba47efd3\" data-message-model-slug=\"gpt-4o\">\n<div class=\"flex w-full flex-col gap-1 empty:hidden first:pt-[3px]\">\n<div class=\"markdown prose w-full break-words dark:prose-invert light\">\n<p><strong>Zav\u00edrac\u00ed n\u016f\u017e B\u00f6ker Plus Urban Trapper Petite 42 01BO785<\/strong> je nejmen\u0161\u00ed verz\u00ed ikonick\u00e9ho modelu Urban Trapper, ide\u00e1ln\u00ed pro ty, kte\u0159\u00ed hledaj\u00ed kompaktn\u00ed a mimo\u0159\u00e1dn\u011b lehk\u00fd n\u016f\u017e pro ka\u017edodenn\u00ed no\u0161en\u00ed. I p\u0159es svou drobnou velikost si zachov\u00e1v\u00e1 \u0161pi\u010dkov\u00e9 materi\u00e1ly a precizn\u00ed zpracov\u00e1n\u00ed, d\u00edky \u010demu\u017e je skv\u011blou volbou pro gentlemansk\u00e9 no\u0161en\u00ed.<\/p>\n<hr \/>\n<h3>Kl\u00ed\u010dov\u00e9 vlastnosti:<\/h3>\n<ol>\n<li><strong>\u010cepel<\/strong>:\n<ul>\n<li><strong>Materi\u00e1l<\/strong>: <strong>VG-10<\/strong> \u2013 pr\u00e9miov\u00e1 japonsk\u00e1 ocel s vynikaj\u00edc\u00ed retenc\u00ed ost\u0159\u00ed a odolnost\u00ed proti korozi.<\/li>\n<li><strong>D\u00e9lka<\/strong>: 7,00 cm \u2013 ide\u00e1ln\u00ed pro jemn\u00e9 a precizn\u00ed \u00fakoly.<\/li>\n<li><strong>Tlou\u0161\u0165ka<\/strong>: 1,90 mm \u2013 tenk\u00e1 a elegantn\u00ed pro maxim\u00e1ln\u00ed p\u0159esnost.<\/li>\n<li><strong>Povrchov\u00e1 \u00faprava<\/strong>: Pod\u00e9ln\u00fd sat\u00e9nov\u00fd povrch pro luxusn\u00ed vzhled.<\/li>\n<\/ul>\n<\/li>\n<li><strong>Rukoje\u0165<\/strong>:\n<ul>\n<li><strong>Materi\u00e1l<\/strong>: <strong>Titan<\/strong> \u2013 lehk\u00fd, pevn\u00fd a odoln\u00fd proti korozi.<\/li>\n<li><strong>Konstrukce<\/strong>: Minimalistick\u00e1 a ergonomick\u00e1, zaji\u0161\u0165uj\u00edc\u00ed pohodln\u00e9 dr\u017een\u00ed.<\/li>\n<\/ul>\n<\/li>\n<li><strong>Mechanismus<\/strong>:\n<ul>\n<li><strong>Otev\u00edr\u00e1n\u00ed<\/strong>: Obouru\u010dn\u00ed pomoc\u00ed z\u00e1\u0159ezu na \u010depeli (pro st\u0159\u00edh\u00e1n\u00ed nehty), co\u017e je vhodn\u00e9 pro u\u017eivatele preferuj\u00edc\u00ed tradi\u010dn\u00ed manu\u00e1ln\u00ed ovl\u00e1d\u00e1n\u00ed.<\/li>\n<li><strong>Uz\u00e1v\u011br<\/strong>: <strong>Frame Lock<\/strong> \u2013 pevn\u00fd a spolehliv\u00fd uzav\u00edrac\u00ed mechanismus integrovan\u00fd do rukojeti.<\/li>\n<\/ul>\n<\/li>\n<li><strong>Dal\u0161\u00ed funkce<\/strong>:\n<ul>\n<li><strong>Klip<\/strong>: Odn\u00edmateln\u00e1 titanov\u00e1 spona pro no\u0161en\u00ed \u0161pi\u010dkou nahoru (<strong>tip-up<\/strong>), kter\u00e1 zaji\u0161\u0165uje pohodln\u00e9 a diskr\u00e9tn\u00ed no\u0161en\u00ed.<\/li>\n<\/ul>\n<\/li>\n<li><strong>Rozm\u011bry a hmotnost<\/strong>:\n<ul>\n<li><strong>Celkov\u00e1 d\u00e9lka<\/strong>: 15,70 cm \u2013 kompaktn\u00ed velikost pro snadn\u00e9 no\u0161en\u00ed.<\/li>\n<li><strong>Hmotnost<\/strong>: Pouh\u00fdch 30 g \u2013 mimo\u0159\u00e1dn\u011b lehk\u00fd, ide\u00e1ln\u00ed i do oblekov\u00fdch kapes nebo lehk\u00e9ho oble\u010den\u00ed.<\/li>\n<\/ul>\n<\/li>\n<\/ol>\n<hr \/>\n<h3>Design:<\/h3>\n<ul>\n<li><strong>Minimalismus<\/strong>: Elegantn\u00ed linie a precizn\u00ed proveden\u00ed \u010din\u00ed z tohoto no\u017ee ide\u00e1ln\u00ed volbu pro gentlemany.<\/li>\n<li><strong>Kompaktnost<\/strong>: D\u00edky sv\u00e9 velikosti a n\u00edzk\u00e9 v\u00e1ze je t\u00e9m\u011b\u0159 neznateln\u00fd p\u0159i no\u0161en\u00ed.<\/li>\n<\/ul>\n<hr \/>\n<h3>Vyu\u017eit\u00ed:<\/h3>\n<ul>\n<li><strong>Ka\u017edodenn\u00ed no\u0161en\u00ed (EDC)<\/strong>: Diskr\u00e9tn\u00ed, lehk\u00fd a nen\u00e1padn\u00fd n\u016f\u017e, kter\u00fd je v\u017edy po ruce.<\/li>\n<li><strong>Elegantn\u00ed p\u0159\u00edle\u017eitosti<\/strong>: Perfektn\u00ed pro form\u00e1ln\u00ed prost\u0159ed\u00ed, kde je pot\u0159eba decentn\u00ed a esteticky lad\u00edc\u00ed n\u016f\u017e.<\/li>\n<\/ul>\n<hr \/>\n<h3>Z\u00e1v\u011br:<\/h3>\n<p><strong>B\u00f6ker Plus Urban Trapper Petite 42 01BO785<\/strong> p\u0159in\u00e1\u0161\u00ed skv\u011blou kombinaci luxusu, funk\u010dnosti a kompaktnosti. Je dokonalou volbou pro v\u0161echny, kte\u0159\u00ed hledaj\u00ed stylov\u00fd a lehk\u00fd n\u016f\u017e, kter\u00fd neztr\u00e1c\u00ed nic na kvalit\u011b a prakti\u010dnosti.<\/p>\n<\/div>\n<\/div>\n<\/div>\n<\/div>\n<div class=\"mb-2 flex gap-3 empty:hidden -ml-2\">\n<div class=\"items-center justify-start rounded-xl p-1 flex\">\n<div class=\"flex items-center\"><\/div>\n<\/div>\n<\/div>\n<p>&nbsp;<\/p>\n","protected":false},"excerpt":{"rendered":"<div class=\"flex max-w-full flex-col flex-grow\">\n<div class=\"min-h-8 text-message flex w-full flex-col items-end gap-2 whitespace-normal break-words [.text-message+&amp;]:mt-5\" dir=\"auto\" data-message-author-role=\"assistant\" data-message-id=\"37097b3d-5404-4461-ab38-b72cba47efd3\" data-message-model-slug=\"gpt-4o\">\n<div class=\"flex w-full flex-col gap-1 empty:hidden first:pt-[3px]\">\n<div class=\"markdown prose w-full break-words dark:prose-invert light\">\n<p><strong>B\u00f6ker Plus Urban Trapper Petite 42 01BO785 p\u0159in\u00e1\u0161\u00ed skv\u011blou kombinaci luxusu, funk\u010dnosti a kompaktnosti. Je dokonalou volbou pro v\u0161echny, kte\u0159\u00ed hledaj\u00ed stylov\u00fd a lehk\u00fd n\u016f\u017e, kter\u00fd neztr\u00e1c\u00ed nic na kvalit\u011b a prakti\u010dnosti.<\/strong><\/p>\n<p><strong>Doprava zdarma.<\/strong><\/p>\n<\/div>\n<\/div>\n<\/div>\n<\/div>\n<div class=\"mb-2 flex gap-3 empty:hidden -ml-2\">\n<div class=\"items-center justify-start rounded-xl p-1 flex\">\n<div class=\"flex items-center\"><\/div>\n<\/div>\n<\/div>\n<p><strong>\u00a0<\/strong><\/p>\n","protected":false},"featured_media":366866,"comment_status":"closed","ping_status":"closed","template":"","meta":[],"pwb-brand":[140],"product_brand":[],"product_cat":[17,22],"product_tag":[],"class_list":{"0":"post-361251","1":"product","2":"type-product","3":"status-publish","4":"has-post-thumbnail","6":"pwb-brand-boker","7":"product_cat-noze","8":"product_cat-zaviraci-noze","10":"first","11":"instock","12":"taxable","13":"shipping-taxable","14":"purchasable","15":"product-type-simple"},"brands":[{"id":140,"name":"Boker","slug":"boker"}],"_links":{"self":[{"href":"https:\/\/www.moskito.cz\/de\/wp-json\/wp\/v2\/product\/361251","targetHints":{"allow":["GET"]}}],"collection":[{"href":"https:\/\/www.moskito.cz\/de\/wp-json\/wp\/v2\/product"}],"about":[{"href":"https:\/\/www.moskito.cz\/de\/wp-json\/wp\/v2\/types\/product"}],"replies":[{"embeddable":true,"href":"https:\/\/www.moskito.cz\/de\/wp-json\/wp\/v2\/comments?post=361251"}],"wp:featuredmedia":[{"embeddable":true,"href":"https:\/\/www.moskito.cz\/de\/wp-json\/wp\/v2\/media\/366866"}],"wp:attachment":[{"href":"https:\/\/www.moskito.cz\/de\/wp-json\/wp\/v2\/media?parent=361251"}],"wp:term":[{"taxonomy":"pwb-brand","embeddable":true,"href":"https:\/\/www.moskito.cz\/de\/wp-json\/wp\/v2\/pwb-brand?post=361251"},{"taxonomy":"product_brand","embeddable":true,"href":"https:\/\/www.moskito.cz\/de\/wp-json\/wp\/v2\/product_brand?post=361251"},{"taxonomy":"product_cat","embeddable":true,"href":"https:\/\/www.moskito.cz\/de\/wp-json\/wp\/v2\/product_cat?post=361251"},{"taxonomy":"product_tag","embeddable":true,"href":"https:\/\/www.moskito.cz\/de\/wp-json\/wp\/v2\/product_tag?post=361251"}],"curies":[{"name":"wp","href":"https:\/\/api.w.org\/{rel}","templated":true}]}}