{"id":361312,"date":"2024-09-26T13:02:06","date_gmt":"2024-09-26T12:02:06","guid":{"rendered":"https:\/\/www.moskito.cz\/produkt\/magnum-urban-tank\/"},"modified":"2025-05-07T11:25:28","modified_gmt":"2025-05-07T10:25:28","slug":"magnum-urban-tank","status":"publish","type":"product","link":"https:\/\/www.moskito.cz\/de\/produkt\/magnum-urban-tank\/","title":{"rendered":"Zav\u00edrac\u00ed N\u016f\u017e Magnum Urban Tank 01MB222"},"content":{"rendered":"<p>Zav\u00edrac\u00ed N\u016f\u017e Magnum Urban Tank 01MB222.<\/p>\n<div class=\"flex max-w-full flex-col flex-grow\">\n<div class=\"min-h-8 text-message flex w-full flex-col items-end gap-2 whitespace-normal break-words [.text-message+&amp;]:mt-5\" dir=\"auto\" data-message-author-role=\"assistant\" data-message-id=\"2ce77284-37ca-4d89-b552-6d3ab57b4b59\" data-message-model-slug=\"gpt-4o\">\n<div class=\"flex w-full flex-col gap-1 empty:hidden first:pt-[3px]\">\n<div class=\"markdown prose w-full break-words dark:prose-invert light\">\n<p><strong>Magnum Urban Tank 01MB222<\/strong> je robustn\u00ed zav\u00edrac\u00ed n\u016f\u017e navr\u017een\u00fd pro m\u011bstsk\u00e9 i venkovn\u00ed pou\u017eit\u00ed. D\u00edky sv\u00e9 pevn\u00e9 konstrukci a praktick\u00e9mu designu je ide\u00e1ln\u00ed pro ka\u017edodenn\u00ed no\u0161en\u00ed (EDC) i pro n\u00e1ro\u010dn\u011bj\u0161\u00ed \u00fakoly. Tento model kombinuje funk\u010dnost, bezpe\u010dnost a modern\u00ed vzhled.<\/p>\n<hr \/>\n<h3>Kl\u00ed\u010dov\u00e9 vlastnosti:<\/h3>\n<ol>\n<li><strong>\u010cepel<\/strong>:\n<ul>\n<li><strong>Materi\u00e1l<\/strong>: Vysoce kvalitn\u00ed nerezov\u00e1 ocel <strong>440<\/strong>, zn\u00e1m\u00e1 svou odolnost\u00ed v\u016f\u010di korozi a snadnou \u00fadr\u017ebou.<\/li>\n<li><strong>Tvar \u010depele<\/strong>: <strong>Spearpoint<\/strong>, poskytuj\u00edc\u00ed univerz\u00e1ln\u00ed v\u00fdkon \u2013 vhodn\u00fd pro p\u0159esn\u00e9 \u0159ez\u00e1n\u00ed i pronik\u00e1n\u00ed.<\/li>\n<li><strong>Otev\u00edr\u00e1n\u00ed<\/strong>:\n<ul>\n<li><strong>Flipper<\/strong>: Trn na \u010depeli umo\u017e\u0148uje snadn\u00e9 a rychl\u00e9 otev\u00edr\u00e1n\u00ed jednou rukou.<\/li>\n<li><strong>Oboustrann\u00fd kol\u00edk<\/strong>: Alternativn\u00ed mo\u017enost otev\u00edr\u00e1n\u00ed pro prav\u00e1ky i lev\u00e1ky.<\/li>\n<\/ul>\n<\/li>\n<\/ul>\n<\/li>\n<li><strong>Rukoje\u0165<\/strong>:\n<ul>\n<li><strong>Design<\/strong>: Otvory v rukojeti zaji\u0161\u0165uj\u00ed sn\u00ed\u017eenou hmotnost a nab\u00edzej\u00ed pevn\u00fd a jist\u00fd \u00fachop.<\/li>\n<li><strong>Materi\u00e1l<\/strong>: Pravd\u011bpodobn\u011b odoln\u00e1 slitina nebo ocel, poskytuj\u00edc\u00ed pevnost a stabilitu.<\/li>\n<\/ul>\n<\/li>\n<li><strong>Mechanismus uz\u00e1v\u011bru<\/strong>:\n<ul>\n<li><strong>Linerlock<\/strong>: Spolehliv\u00fd syst\u00e9m, kter\u00fd bezpe\u010dn\u011b dr\u017e\u00ed \u010depel v otev\u0159en\u00e9 poloze, zvy\u0161uje bezpe\u010dnost p\u0159i pou\u017e\u00edv\u00e1n\u00ed.<\/li>\n<\/ul>\n<\/li>\n<li><strong>Dal\u0161\u00ed prvky<\/strong>:\n<ul>\n<li><strong>Klip<\/strong>: Umo\u017e\u0148uje snadn\u00e9 p\u0159ipevn\u011bn\u00ed k opasku nebo kapse pro pohodln\u00e9 no\u0161en\u00ed.<\/li>\n<li><strong>Otvor na \u0161\u0148\u016fru<\/strong>: Pro mo\u017enost p\u0159ipevn\u011bn\u00ed paracordu nebo pojistn\u00e9ho lanka.<\/li>\n<\/ul>\n<\/li>\n<li><strong>Rozm\u011bry a hmotnost<\/strong>:\n<ul>\n<li>Kompaktn\u00ed rozm\u011bry pro snadn\u00e9 no\u0161en\u00ed, p\u0159i\u010dem\u017e n\u016f\u017e z\u016fst\u00e1v\u00e1 dostate\u010dn\u011b robustn\u00ed pro n\u00e1ro\u010dn\u00e9 \u00fakoly.<\/li>\n<\/ul>\n<\/li>\n<\/ol>\n<hr \/>\n<h3>Vyu\u017eit\u00ed:<\/h3>\n<ul>\n<li><strong>Ka\u017edodenn\u00ed no\u0161en\u00ed (EDC)<\/strong>: Praktick\u00fd pomocn\u00edk pro \u0161irok\u00e9 spektrum \u010dinnost\u00ed v m\u011bstsk\u00e9m i venkovsk\u00e9m prost\u0159ed\u00ed.<\/li>\n<li><strong>Outdoorov\u00e9 aktivity<\/strong>: Vhodn\u00fd pro kempov\u00e1n\u00ed, t\u00fary nebo pr\u00e1ce na zahrad\u011b.<\/li>\n<li><strong>Pr\u00e1ce i voln\u00fd \u010das<\/strong>: D\u00edky sv\u00e9 robustnosti a univerz\u00e1lnosti si najde uplatn\u011bn\u00ed v r\u016fzn\u00fdch situac\u00edch.<\/li>\n<\/ul>\n<hr \/>\n<h3>Z\u00e1v\u011br:<\/h3>\n<p><strong>Magnum Urban Tank 01MB222<\/strong> nab\u00edz\u00ed kombinaci funk\u010dnosti, bezpe\u010dnosti a stylov\u00e9ho vzhledu. Jeho kvalitn\u00ed \u010depel, spolehliv\u00fd mechanismus a odoln\u00e1 rukoje\u0165 z n\u011bj d\u011blaj\u00ed skv\u011bl\u00fd n\u00e1stroj pro ka\u017edodenn\u00ed u\u017eivatele i pro p\u0159\u00edle\u017eitostn\u00e9 outdoorov\u00e9 nad\u0161ence. Tento model je ide\u00e1ln\u00ed volbou pro ka\u017ed\u00e9ho, kdo hled\u00e1 spolehliv\u00fd a praktick\u00fd zav\u00edrac\u00ed n\u016f\u017e.<\/p>\n<\/div>\n<\/div>\n<\/div>\n<\/div>\n<div class=\"mb-2 flex gap-3 empty:hidden -ml-2\">\n<div class=\"items-center justify-start rounded-xl p-1 flex\">\n<div class=\"flex items-center\"><\/div>\n<\/div>\n<\/div>\n<table class=\"datatable bokerparamtable\" style=\"letter-spacing: 0.03em; width: 50%;\" border=\"0\" cellspacing=\"0\" cellpadding=\"0\">\n<tbody>\n<tr>\n<td style=\"width: 50%;\">Celkov\u00e1 d\u00e9lka:<\/td>\n<td style=\"width: 25%;\">27.3 cm<\/td>\n<\/tr>\n<tr>\n<td style=\"width: 50%;\">D\u00e9lka \u010depele:<\/td>\n<td style=\"width: 25%;\">12 mm<\/td>\n<\/tr>\n<tr>\n<td style=\"width: 50%;\">Hmotnost:<\/td>\n<td style=\"width: 25%;\">212 g<\/td>\n<\/tr>\n<tr>\n<td style=\"width: 50%;\">Materi\u00e1l \u010depele:<\/td>\n<td style=\"width: 25%;\"><a href=\"\/prehled-materialu\/440-a\">440A<\/a><\/td>\n<\/tr>\n<tr>\n<td style=\"width: 50%;\">Materi\u00e1l rukojeti:<\/td>\n<td style=\"width: 25%;\">Ocel<\/td>\n<\/tr>\n<tr>\n<td style=\"width: 50%;\">Typ pojistky:<\/td>\n<td style=\"width: 25%;\">Linerlock<\/td>\n<\/tr>\n<\/tbody>\n<\/table>\n<p>&nbsp;<\/p>\n","protected":false},"excerpt":{"rendered":"<p><strong>Magnum Urban Tank 01MB222 nab\u00edz\u00ed kombinaci funk\u010dnosti, bezpe\u010dnosti a stylov\u00e9ho vzhledu. Jeho kvalitn\u00ed \u010depel, spolehliv\u00fd mechanismus a odoln\u00e1 rukoje\u0165 z n\u011bj d\u011blaj\u00ed skv\u011bl\u00fd n\u00e1stroj pro ka\u017edodenn\u00ed u\u017eivatele i pro p\u0159\u00edle\u017eitostn\u00e9 outdoorov\u00e9 nad\u0161ence. Tento model je ide\u00e1ln\u00ed volbou pro ka\u017ed\u00e9ho, kdo hled\u00e1 spolehliv\u00fd a praktick\u00fd zav\u00edrac\u00ed n\u016f\u017e.<\/strong><\/p>\n","protected":false},"featured_media":363528,"comment_status":"closed","ping_status":"closed","template":"","meta":[],"pwb-brand":[140],"product_brand":[],"product_cat":[22,17],"product_tag":[],"class_list":{"0":"post-361312","1":"product","2":"type-product","3":"status-publish","4":"has-post-thumbnail","6":"pwb-brand-boker","7":"product_cat-zaviraci-noze","8":"product_cat-noze","10":"first","11":"instock","12":"taxable","13":"shipping-taxable","14":"purchasable","15":"product-type-simple"},"brands":[{"id":140,"name":"Boker","slug":"boker"}],"_links":{"self":[{"href":"https:\/\/www.moskito.cz\/de\/wp-json\/wp\/v2\/product\/361312","targetHints":{"allow":["GET"]}}],"collection":[{"href":"https:\/\/www.moskito.cz\/de\/wp-json\/wp\/v2\/product"}],"about":[{"href":"https:\/\/www.moskito.cz\/de\/wp-json\/wp\/v2\/types\/product"}],"replies":[{"embeddable":true,"href":"https:\/\/www.moskito.cz\/de\/wp-json\/wp\/v2\/comments?post=361312"}],"wp:featuredmedia":[{"embeddable":true,"href":"https:\/\/www.moskito.cz\/de\/wp-json\/wp\/v2\/media\/363528"}],"wp:attachment":[{"href":"https:\/\/www.moskito.cz\/de\/wp-json\/wp\/v2\/media?parent=361312"}],"wp:term":[{"taxonomy":"pwb-brand","embeddable":true,"href":"https:\/\/www.moskito.cz\/de\/wp-json\/wp\/v2\/pwb-brand?post=361312"},{"taxonomy":"product_brand","embeddable":true,"href":"https:\/\/www.moskito.cz\/de\/wp-json\/wp\/v2\/product_brand?post=361312"},{"taxonomy":"product_cat","embeddable":true,"href":"https:\/\/www.moskito.cz\/de\/wp-json\/wp\/v2\/product_cat?post=361312"},{"taxonomy":"product_tag","embeddable":true,"href":"https:\/\/www.moskito.cz\/de\/wp-json\/wp\/v2\/product_tag?post=361312"}],"curies":[{"name":"wp","href":"https:\/\/api.w.org\/{rel}","templated":true}]}}