{"id":361449,"date":"2024-09-26T13:04:21","date_gmt":"2024-09-26T12:04:21","guid":{"rendered":"https:\/\/www.moskito.cz\/produkt\/nuz-s-pevnou-cepeli-pocket-knife\/"},"modified":"2025-05-07T11:25:30","modified_gmt":"2025-05-07T10:25:30","slug":"nuz-s-pevnou-cepeli-pocket-knife","status":"publish","type":"product","link":"https:\/\/www.moskito.cz\/de\/produkt\/nuz-s-pevnou-cepeli-pocket-knife\/","title":{"rendered":"Pevn\u00fd N\u016f\u017e Boker Plus Pocket Knife 02BO522"},"content":{"rendered":"<p>Pevn\u00fd N\u016f\u017e <strong>Boker<\/strong> Plus Pocket Knife 02BO522.<\/p>\n<p>Zak\u00e1zkov\u00fd no\u017e\u00ed\u0159 Mickey Yurco s neomyln\u00fdm smyslem pro ergonomii a netradi\u010dn\u00ed \u0159e\u0161en\u00ed p\u0159esn\u011b v tomto duchu navrhl kapesn\u00ed n\u016f\u017e s pevnou \u010depel\u00ed. Kr\u00e1tk\u00e1 rukoje\u0165 nab\u00edz\u00ed v\u00fdjime\u010dn\u011b pohodln\u00fd a jist\u00fd \u00fachop. Vzhledem k tomu, jak se m\u00e1 n\u016f\u017e nosit (p\u0159ipnut\u00fd v kapse kalhot), je kr\u00e1tk\u00e1 konstrukce velkou v\u00fdhodou. Tento kapesn\u00ed n\u016f\u017e lze nosit stejn\u011b pohodln\u011b diskr\u00e9tn\u011b jako klasick\u00fd zav\u00edrac\u00ed n\u016f\u017e. Tento model je prvn\u00edm modelem, kter\u00fd pou\u017e\u00edv\u00e1 Ulticlip, klip s bezpe\u010dnou pru\u017einovou sponou, kterou lze p\u0159ipevnit ke \u0161vu kapsy, d\u00edky n\u00ed\u017e lze n\u016f\u017e snadno vyt\u00e1hnout, zat\u00edmco samotn\u00e9 kydexov\u00e9 pouzdro dr\u017e\u00ed bezpe\u010dn\u011b na sv\u00e9m m\u00edst\u011b. U\u017eivatel\u00e9, kte\u0159\u00ed hledaj\u00ed kombinaci v\u00fdhod zav\u00edrac\u00edho no\u017ee s v\u00fdhodami no\u017ee s pevnou \u010depel\u00ed, okam\u017eit\u011b zjist\u00ed, \u017ee pr\u00e1v\u011b tento n\u016f\u017e je tou spr\u00e1vnou volbou.<\/p>\n<p>Typ polo\u017eky: Pevn\u00fd n\u016f\u017e<br \/>\nZna\u010dka: Boker Plus<br \/>\nCelkov\u00e1 d\u00e9lka: 17,60 cm<br \/>\nD\u00e9lka \u010depele: 8,60 cm<br \/>\nTlou\u0161\u0165ka \u010depele: 3,70 mm<br \/>\nHmotnost: 106,00 g<br \/>\nN\u00e1vrh\u00e1\u0159: Mickey Yurco<br \/>\nMateri\u00e1l \u010depele: 440C<br \/>\nMateri\u00e1l rukojeti: G10<br \/>\nBarva: \u010cern\u00fd<br \/>\n\u010c\u00edslo polo\u017eky: 02BO522<\/p>\n","protected":false},"excerpt":{"rendered":"<p><strong>Zak\u00e1zkov\u00fd no\u017e\u00ed\u0159 Mickey Yurco s neomyln\u00fdm smyslem pro ergonomii a netradi\u010dn\u00ed \u0159e\u0161en\u00ed p\u0159esn\u011b v tomto duchu navrhl kapesn\u00ed n\u016f\u017e s pevnou \u010depel\u00ed.\u00a0<\/strong><\/p>\n","protected":false},"featured_media":362337,"comment_status":"closed","ping_status":"closed","template":"","meta":[],"pwb-brand":[140],"product_brand":[],"product_cat":[17,23],"product_tag":[],"class_list":{"0":"post-361449","1":"product","2":"type-product","3":"status-publish","4":"has-post-thumbnail","6":"pwb-brand-boker","7":"product_cat-noze","8":"product_cat-pevne-noze","10":"first","11":"outofstock","12":"taxable","13":"shipping-taxable","14":"purchasable","15":"product-type-simple"},"brands":[{"id":140,"name":"Boker","slug":"boker"}],"_links":{"self":[{"href":"https:\/\/www.moskito.cz\/de\/wp-json\/wp\/v2\/product\/361449","targetHints":{"allow":["GET"]}}],"collection":[{"href":"https:\/\/www.moskito.cz\/de\/wp-json\/wp\/v2\/product"}],"about":[{"href":"https:\/\/www.moskito.cz\/de\/wp-json\/wp\/v2\/types\/product"}],"replies":[{"embeddable":true,"href":"https:\/\/www.moskito.cz\/de\/wp-json\/wp\/v2\/comments?post=361449"}],"wp:featuredmedia":[{"embeddable":true,"href":"https:\/\/www.moskito.cz\/de\/wp-json\/wp\/v2\/media\/362337"}],"wp:attachment":[{"href":"https:\/\/www.moskito.cz\/de\/wp-json\/wp\/v2\/media?parent=361449"}],"wp:term":[{"taxonomy":"pwb-brand","embeddable":true,"href":"https:\/\/www.moskito.cz\/de\/wp-json\/wp\/v2\/pwb-brand?post=361449"},{"taxonomy":"product_brand","embeddable":true,"href":"https:\/\/www.moskito.cz\/de\/wp-json\/wp\/v2\/product_brand?post=361449"},{"taxonomy":"product_cat","embeddable":true,"href":"https:\/\/www.moskito.cz\/de\/wp-json\/wp\/v2\/product_cat?post=361449"},{"taxonomy":"product_tag","embeddable":true,"href":"https:\/\/www.moskito.cz\/de\/wp-json\/wp\/v2\/product_tag?post=361449"}],"curies":[{"name":"wp","href":"https:\/\/api.w.org\/{rel}","templated":true}]}}