{"id":361466,"date":"2024-09-26T13:04:21","date_gmt":"2024-09-26T12:04:21","guid":{"rendered":"https:\/\/www.moskito.cz\/produkt\/magnum-jungle-devil\/"},"modified":"2025-05-07T11:25:30","modified_gmt":"2025-05-07T10:25:30","slug":"magnum-jungle-devil","status":"publish","type":"product","link":"https:\/\/www.moskito.cz\/de\/produkt\/magnum-jungle-devil\/","title":{"rendered":"Pevn\u00fd N\u016f\u017e Magnum Jungle Devil 02MB207"},"content":{"rendered":"<table class=\"datatable bokerparamtable\" style=\"letter-spacing: 0.03em; width: 50%;\" border=\"0\" cellspacing=\"0\" cellpadding=\"0\">\n<tbody>\n<tr>\n<td style=\"width: 50%;\">Celkov\u00e1 d\u00e9lka:<\/td>\n<td style=\"width: 25%;\">27.8 cm<\/td>\n<\/tr>\n<tr>\n<td style=\"width: 50%;\">D\u00e9lka \u010depele:<\/td>\n<td style=\"width: 25%;\">15.3 cm<\/td>\n<\/tr>\n<tr>\n<td style=\"width: 50%;\">Tlou\u0161\u0165ka \u010depele:<\/td>\n<td style=\"width: 25%;\">4 mm<\/td>\n<\/tr>\n<tr>\n<td style=\"width: 50%;\">Hmotnost:<\/td>\n<td style=\"width: 25%;\">247 g<\/td>\n<\/tr>\n<tr>\n<td style=\"width: 50%;\">Materi\u00e1l \u010depele:<\/td>\n<td style=\"width: 25%;\"><a href=\"\/prehled-materialu\/440-a\">440A<\/a><\/td>\n<\/tr>\n<tr>\n<td style=\"width: 50%;\">Materi\u00e1l rukojeti:<\/td>\n<td style=\"width: 25%;\">P\u0159ekli\u017eka<\/td>\n<\/tr>\n<tr>\n<td style=\"width: 50%;\">Typ pojistky:<\/td>\n<td style=\"width: 25%;\">Pevn\u00fd n\u016f\u017e<\/td>\n<\/tr>\n<\/tbody>\n<\/table>\n<p>Pevn\u00fd N\u016f\u017e <strong>Magnum<\/strong> Jungle Devil 02MB207.<\/p>\n<p>Elegantn\u00ed bojov\u00fd n\u016f\u017e s 15,3 cm dlouhou \u010depel\u00ed Bowie vyrobenou z nerezov\u00e9 oceli 440. Rukoje\u0165 z vysoce zrnit\u00e9 p\u0159ekli\u017eky je velmi dob\u0159e zaji\u0161t\u011bna v ruce d\u00edky dr\u00e1\u017ek\u00e1m na prsty. Kov\u00e1n\u00ed z nerezov\u00e9 oceli. Ko\u017een\u00e9 pouzdro s kapsou a brouskem.<\/p>\n","protected":false},"excerpt":{"rendered":"<p><strong>Elegantn\u00ed bojov\u00fd n\u016f\u017e s 15,3 cm dlouhou \u010depel\u00ed Bowie vyrobenou z nerezov\u00e9 oceli 440.\u00a0<\/strong><\/p>\n<p>&nbsp;<\/p>\n","protected":false},"featured_media":362459,"comment_status":"closed","ping_status":"closed","template":"","meta":[],"pwb-brand":[140],"product_brand":[],"product_cat":[17,23],"product_tag":[],"class_list":{"0":"post-361466","1":"product","2":"type-product","3":"status-publish","4":"has-post-thumbnail","6":"pwb-brand-boker","7":"product_cat-noze","8":"product_cat-pevne-noze","10":"first","11":"outofstock","12":"taxable","13":"shipping-taxable","14":"purchasable","15":"product-type-simple"},"brands":[{"id":140,"name":"Boker","slug":"boker"}],"_links":{"self":[{"href":"https:\/\/www.moskito.cz\/de\/wp-json\/wp\/v2\/product\/361466","targetHints":{"allow":["GET"]}}],"collection":[{"href":"https:\/\/www.moskito.cz\/de\/wp-json\/wp\/v2\/product"}],"about":[{"href":"https:\/\/www.moskito.cz\/de\/wp-json\/wp\/v2\/types\/product"}],"replies":[{"embeddable":true,"href":"https:\/\/www.moskito.cz\/de\/wp-json\/wp\/v2\/comments?post=361466"}],"wp:featuredmedia":[{"embeddable":true,"href":"https:\/\/www.moskito.cz\/de\/wp-json\/wp\/v2\/media\/362459"}],"wp:attachment":[{"href":"https:\/\/www.moskito.cz\/de\/wp-json\/wp\/v2\/media?parent=361466"}],"wp:term":[{"taxonomy":"pwb-brand","embeddable":true,"href":"https:\/\/www.moskito.cz\/de\/wp-json\/wp\/v2\/pwb-brand?post=361466"},{"taxonomy":"product_brand","embeddable":true,"href":"https:\/\/www.moskito.cz\/de\/wp-json\/wp\/v2\/product_brand?post=361466"},{"taxonomy":"product_cat","embeddable":true,"href":"https:\/\/www.moskito.cz\/de\/wp-json\/wp\/v2\/product_cat?post=361466"},{"taxonomy":"product_tag","embeddable":true,"href":"https:\/\/www.moskito.cz\/de\/wp-json\/wp\/v2\/product_tag?post=361466"}],"curies":[{"name":"wp","href":"https:\/\/api.w.org\/{rel}","templated":true}]}}