{"id":361641,"date":"2023-05-18T14:38:59","date_gmt":"2024-09-27T07:31:43","guid":{"rendered":"https:\/\/www.moskito.cz\/produkt\/schliessmesser-joker-terrier-nc17\/"},"modified":"2025-05-07T11:25:32","modified_gmt":"2025-05-07T10:25:32","slug":"schliessmesser-joker-terrier-nc17","status":"publish","type":"product","link":"https:\/\/www.moskito.cz\/de\/produkt\/schliessmesser-joker-terrier-nc17\/","title":{"rendered":"Schlie\u00dfmesser Joker TERRIER NC17"},"content":{"rendered":"<p><strong>Joker<\/strong> TERRIER Klappmesser NC17 <strong>Joker Terrier<\/strong> Jagdmesser, komplett handgefertigt von Joker Cutlery in Albacete, gedacht f\u00fcr Sportjagd, Angeln, Camping, Bushcraft und alle Outdoor-Aktivit\u00e4ten. Stahl: Edelstahl MOVA 1.4116 H\u00e4rte: 55 &#8211; 57 HRC Griff: Hirschgeweih Klingenl\u00e4nge: 9 cm Klingenbreite: 2,45 cm Dicke: 2,5 mm Messergewicht: 155 Gramm Gesamtl\u00e4nge des Messers: 20,5 cm Entworfen und hergestellt in Spanien (Albacete). )   &nbsp;<\/p>\n","protected":false},"excerpt":{"rendered":"<p>Joker-Messer stammen aus der spanischen Stadt Albacete, die f\u00fcr die traditionelle Herstellung von Messern und Dolchen bekannt ist.  <strong>Entworfen und hergestellt in Spanien (Albacete)<\/strong><\/p>\n","protected":false},"featured_media":361643,"comment_status":"open","ping_status":"closed","template":"","meta":[],"pwb-brand":[3415],"product_brand":[],"product_cat":[3285,3303],"product_tag":[],"class_list":{"0":"post-361641","1":"product","2":"type-product","3":"status-publish","4":"has-post-thumbnail","6":"pwb-brand-joker-de","7":"product_cat-messer","8":"product_cat-schliesmesser","10":"first","11":"outofstock","12":"taxable","13":"shipping-taxable","14":"purchasable","15":"product-type-simple"},"brands":[{"id":3415,"name":"Joker","slug":"joker-de"}],"_links":{"self":[{"href":"https:\/\/www.moskito.cz\/de\/wp-json\/wp\/v2\/product\/361641","targetHints":{"allow":["GET"]}}],"collection":[{"href":"https:\/\/www.moskito.cz\/de\/wp-json\/wp\/v2\/product"}],"about":[{"href":"https:\/\/www.moskito.cz\/de\/wp-json\/wp\/v2\/types\/product"}],"replies":[{"embeddable":true,"href":"https:\/\/www.moskito.cz\/de\/wp-json\/wp\/v2\/comments?post=361641"}],"wp:featuredmedia":[{"embeddable":true,"href":"https:\/\/www.moskito.cz\/de\/wp-json\/wp\/v2\/media\/361643"}],"wp:attachment":[{"href":"https:\/\/www.moskito.cz\/de\/wp-json\/wp\/v2\/media?parent=361641"}],"wp:term":[{"taxonomy":"pwb-brand","embeddable":true,"href":"https:\/\/www.moskito.cz\/de\/wp-json\/wp\/v2\/pwb-brand?post=361641"},{"taxonomy":"product_brand","embeddable":true,"href":"https:\/\/www.moskito.cz\/de\/wp-json\/wp\/v2\/product_brand?post=361641"},{"taxonomy":"product_cat","embeddable":true,"href":"https:\/\/www.moskito.cz\/de\/wp-json\/wp\/v2\/product_cat?post=361641"},{"taxonomy":"product_tag","embeddable":true,"href":"https:\/\/www.moskito.cz\/de\/wp-json\/wp\/v2\/product_tag?post=361641"}],"curies":[{"name":"wp","href":"https:\/\/api.w.org\/{rel}","templated":true}]}}