{"id":362117,"date":"2024-09-29T16:28:06","date_gmt":"2024-09-29T16:01:38","guid":{"rendered":"https:\/\/www.moskito.cz\/produkt\/schiessmesser-microtech-hera-ii-mini-stonewashed-1705m-10rd\/"},"modified":"2025-05-07T11:25:36","modified_gmt":"2025-05-07T10:25:36","slug":"schiessmesser-microtech-hera-ii-mini-stonewashed-1705m-10rd","status":"publish","type":"product","link":"https:\/\/www.moskito.cz\/de\/produkt\/schiessmesser-microtech-hera-ii-mini-stonewashed-1705m-10rd\/","title":{"rendered":"Schie\u00dfmesser Microtech Hera II Mini Stonewashed 1705M-10RD"},"content":{"rendered":"<p>Schie\u00dfmesser <strong>Microtech<\/strong> Hera II Mini Stonewashed 1705M-10RD. <strong>Das Mini Hera<\/strong> ist ein faszinierendes Double-Action-Frontautomatikmesser, das vom legend\u00e4ren Troodon-Modell inspiriert ist. Mit einem Rahmendesign, das an seinen Vorg\u00e4nger erinnert, zeichnet sich <strong>der Mini Hera<\/strong> durch eine raffinierte \u00c4sthetik und verbesserte Ergonomie aus. Sorgf\u00e4ltig gefertigte Endpatches bieten besseren Halt und erh\u00f6hen sowohl die Praktikabilit\u00e4t als auch die optische Attraktivit\u00e4t. Wie sein Vorg\u00e4nger verf\u00fcgt der Mini Hera \u00fcber einen Griff, der mit aufwendigen, tiefen Gravuren verziert ist und eine R\u00fcckseite ohne Beschl\u00e4ge aufweist, abgesehen von einer diskreten Schraube am hinteren Ende, in der N\u00e4he des beidh\u00e4ndigen Taschenclips f\u00fcr Linksh\u00e4nder. Diese Liebe zum Detail verleiht dem funktionalen Design eine k\u00fcnstlerische Note und sorgt f\u00fcr ein unvergleichliches haptisches Erlebnis. Dieses Miniatur-Meisterwerk verbindet m\u00fchelos Raffinesse mit Funktionalit\u00e4t und festigt seine Position als eines der f\u00fchrenden Allround-OTF-Automatikmesser in einem hart umk\u00e4mpften Markt, der oft mit anderen OTF- <strong>Microtech-Messern<\/strong> konkurriert. Der Mini Hera ist auf den Kampfeinsatz zugeschnitten und dennoch schlank genug f\u00fcr den t\u00e4glichen Gebrauch. Er bietet die perfekte Balance zwischen Stil und Funktionalit\u00e4t. Pr\u00e4zisionstechnik und k\u00fcnstlerische Details vereinen sich in diesem Messer und machen es zu einer hervorragenden Wahl f\u00fcr alle, die bei ihren Alltagswerkzeugen eine Verbindung von Form und Funktion suchen. Spezifikationen: Klingenl\u00e4nge: 7,5 cm, geschlossene L\u00e4nge: 10 cm, Gesamtl\u00e4nge: 17,5 cm, Klingenstahl: Bohler M390MK Edelstahl, Klingenstil: Recurve, Klingenschliff: flach, Klingenoberfl\u00e4che: Stonewash, Griffmaterial: tief graviertes rotes Flugzeugaluminium, Verriegelungsmechanismus: Daumenschiebe-Taschenclip : Titan (faltbar, rechts\/links getragen) Gewicht: 2,01 Unzen Designer: Tony und Sean Marfione Hergestellt in den USA https:\/\/youtu.be\/xE9TeOFYEjg  &nbsp;<\/p>\n","protected":false},"excerpt":{"rendered":"<p><strong>Im Laufe der Jahre hat Microtech\u00ae Knives Messer mit Leidenschaft und K\u00f6nnen gef\u00fcllt, um nahezu Kunstwerke zu schaffen, die den Gipfel der Funktionalit\u00e4t darstellen. Alle Teile werden in den USA hergestellt.<\/strong><br \/>\n<strong>F\u00fcr alle Microtech-Messer gilt eine lebenslange Garantie.<\/strong><\/p>\n<p><strong>Kostenloser Transport.<\/strong><\/p>\n","protected":false},"featured_media":362069,"comment_status":"open","ping_status":"closed","template":"","meta":[],"pwb-brand":[3278],"product_brand":[],"product_cat":[3285,3343],"product_tag":[],"class_list":{"0":"post-362117","1":"product","2":"type-product","3":"status-publish","4":"has-post-thumbnail","6":"pwb-brand-microtech-de","7":"product_cat-messer","8":"product_cat-schiesmesser","10":"first","11":"instock","12":"taxable","13":"shipping-taxable","14":"purchasable","15":"product-type-simple"},"brands":[{"id":3278,"name":"Microtech","slug":"microtech-de"}],"_links":{"self":[{"href":"https:\/\/www.moskito.cz\/de\/wp-json\/wp\/v2\/product\/362117","targetHints":{"allow":["GET"]}}],"collection":[{"href":"https:\/\/www.moskito.cz\/de\/wp-json\/wp\/v2\/product"}],"about":[{"href":"https:\/\/www.moskito.cz\/de\/wp-json\/wp\/v2\/types\/product"}],"replies":[{"embeddable":true,"href":"https:\/\/www.moskito.cz\/de\/wp-json\/wp\/v2\/comments?post=362117"}],"wp:featuredmedia":[{"embeddable":true,"href":"https:\/\/www.moskito.cz\/de\/wp-json\/wp\/v2\/media\/362069"}],"wp:attachment":[{"href":"https:\/\/www.moskito.cz\/de\/wp-json\/wp\/v2\/media?parent=362117"}],"wp:term":[{"taxonomy":"pwb-brand","embeddable":true,"href":"https:\/\/www.moskito.cz\/de\/wp-json\/wp\/v2\/pwb-brand?post=362117"},{"taxonomy":"product_brand","embeddable":true,"href":"https:\/\/www.moskito.cz\/de\/wp-json\/wp\/v2\/product_brand?post=362117"},{"taxonomy":"product_cat","embeddable":true,"href":"https:\/\/www.moskito.cz\/de\/wp-json\/wp\/v2\/product_cat?post=362117"},{"taxonomy":"product_tag","embeddable":true,"href":"https:\/\/www.moskito.cz\/de\/wp-json\/wp\/v2\/product_tag?post=362117"}],"curies":[{"name":"wp","href":"https:\/\/api.w.org\/{rel}","templated":true}]}}