{"id":362796,"date":"2024-10-10T20:08:58","date_gmt":"2024-10-10T19:08:58","guid":{"rendered":"https:\/\/www.moskito.cz\/?post_type=product&#038;p=362796"},"modified":"2025-05-07T11:25:42","modified_gmt":"2025-05-07T10:25:42","slug":"zaviraci-nuz-emerson-flipper-cqc-7","status":"publish","type":"product","link":"https:\/\/www.moskito.cz\/de\/produkt\/zaviraci-nuz-emerson-flipper-cqc-7\/","title":{"rendered":"Zav\u00edrac\u00ed N\u016f\u017e Emerson Flipper CQC-7"},"content":{"rendered":"<p>Zav\u00edrac\u00ed N\u016f\u017e <strong>Emerson<\/strong> Flipper CQC-7.<\/p>\n<p><strong>Emerson CQC-7 Flipper<\/strong> m\u016f\u017ee b\u00fdt jen kone\u010dnou evoluc\u00ed taktick\u00e9ho zav\u00edrac\u00edho no\u017ee. Tento n\u016f\u017e je zt\u011blesn\u011bn\u00edm taktick\u00e9ho leporela 21. stolet\u00ed. Nyn\u00ed obsahuje ocel S35VN, lo\u017eiska GTC nerez 440C a jsou nyn\u00ed vybavena technologi\u00ed otev\u00edr\u00e1n\u00ed ploutv\u00ed. V\u011b\u0159te mi, je to st\u00e1le <strong>Emerson CQC-7,<\/strong> ale je to jako srovn\u00e1vat F4 Phantom z \u00e9ry 60. let s F22 Raptor Stealth Fighter. Prost\u011b nen\u00ed cesty zp\u011bt. Se syst\u00e9mem otev\u00edr\u00e1n\u00ed ploutv\u00ed, vlnou Emerson a palcov\u00fdm kotou\u010dem by se tento n\u016f\u017e dal nazvat prvn\u00edm taktick\u00fdm zav\u00edrac\u00edm no\u017eem \u201etriple play\u201c. A ve vysoce stresov\u00e9 taktick\u00e9 nebo nouzov\u00e9 situaci v\u00e1m tento n\u016f\u017e d\u00e1v\u00e1 t\u0159i mo\u017enosti, jak jej uv\u00e9st do akce. Je to zdaleka nejhlad\u0161\u00ed, nejrychlej\u0161\u00ed a nejtvrd\u0161\u00ed n\u016f\u017e, jak\u00fd kdy budete vlastnit. to garantuji.<\/p>\n<p>Rukoje\u0165: \u010cern\u00fd kompozit G-10<br \/>\nZ\u00e1mek: Titan<br \/>\n\u010cepel: S35VN nebo 154CM<br \/>\nDokon\u010den\u00ed: Stone Washed nebo Black Cerakote<br \/>\nKuli\u010dkov\u00e1 lo\u017eiska GTC<\/p>\n<p>Celkov\u00e1 d\u00e9lka: 20 cm<br \/>\nD\u00e9lka \u010depele 8.25 cm<br \/>\nD\u00e9lka rukojeti: 11.75 cm<br \/>\nTlou\u0161\u0165ka \u010depele: 0.31<br \/>\nTvrdost 57-59 RC<\/p>\n<p><iframe title=\"The Emerson Knives CQC-7\" width=\"800\" height=\"450\" src=\"https:\/\/www.youtube.com\/embed\/SgUjo72sJV4?feature=oembed\" frameborder=\"0\" allow=\"accelerometer; autoplay; clipboard-write; encrypted-media; gyroscope; picture-in-picture; web-share\" referrerpolicy=\"strict-origin-when-cross-origin\" allowfullscreen><\/iframe><\/p>\n<p><iframe title=\"CQC-7 Flipper | A Closer Look\" width=\"800\" height=\"450\" src=\"https:\/\/www.youtube.com\/embed\/Cso9XWmn02k?feature=oembed\" frameborder=\"0\" allow=\"accelerometer; autoplay; clipboard-write; encrypted-media; gyroscope; picture-in-picture; web-share\" referrerpolicy=\"strict-origin-when-cross-origin\" allowfullscreen><\/iframe><\/p>\n<p>&nbsp;<\/p>\n","protected":false},"excerpt":{"rendered":"<p><strong>Emerson CQC-7 Flipper m\u016f\u017ee b\u00fdt jen kone\u010dnou evoluc\u00ed taktick\u00e9ho zav\u00edrac\u00edho no\u017ee. Tento n\u016f\u017e je zt\u011blesn\u011bn\u00edm taktick\u00e9ho leporela 21. stolet\u00ed.<\/strong><\/p>\n<p><strong>Doprava zdarma.<\/strong><\/p>\n","protected":false},"featured_media":362798,"comment_status":"open","ping_status":"closed","template":"","meta":[],"pwb-brand":[248],"product_brand":[],"product_cat":[22,17],"product_tag":[],"class_list":{"0":"post-362796","1":"product","2":"type-product","3":"status-publish","4":"has-post-thumbnail","6":"pwb-brand-emerson","7":"product_cat-zaviraci-noze","8":"product_cat-noze","10":"first","11":"outofstock","12":"taxable","13":"shipping-taxable","14":"purchasable","15":"product-type-simple"},"brands":[{"id":248,"name":"Emerson","slug":"emerson"}],"_links":{"self":[{"href":"https:\/\/www.moskito.cz\/de\/wp-json\/wp\/v2\/product\/362796","targetHints":{"allow":["GET"]}}],"collection":[{"href":"https:\/\/www.moskito.cz\/de\/wp-json\/wp\/v2\/product"}],"about":[{"href":"https:\/\/www.moskito.cz\/de\/wp-json\/wp\/v2\/types\/product"}],"replies":[{"embeddable":true,"href":"https:\/\/www.moskito.cz\/de\/wp-json\/wp\/v2\/comments?post=362796"}],"wp:featuredmedia":[{"embeddable":true,"href":"https:\/\/www.moskito.cz\/de\/wp-json\/wp\/v2\/media\/362798"}],"wp:attachment":[{"href":"https:\/\/www.moskito.cz\/de\/wp-json\/wp\/v2\/media?parent=362796"}],"wp:term":[{"taxonomy":"pwb-brand","embeddable":true,"href":"https:\/\/www.moskito.cz\/de\/wp-json\/wp\/v2\/pwb-brand?post=362796"},{"taxonomy":"product_brand","embeddable":true,"href":"https:\/\/www.moskito.cz\/de\/wp-json\/wp\/v2\/product_brand?post=362796"},{"taxonomy":"product_cat","embeddable":true,"href":"https:\/\/www.moskito.cz\/de\/wp-json\/wp\/v2\/product_cat?post=362796"},{"taxonomy":"product_tag","embeddable":true,"href":"https:\/\/www.moskito.cz\/de\/wp-json\/wp\/v2\/product_tag?post=362796"}],"curies":[{"name":"wp","href":"https:\/\/api.w.org\/{rel}","templated":true}]}}