{"id":362924,"date":"2024-10-10T21:20:14","date_gmt":"2024-10-10T20:20:14","guid":{"rendered":"https:\/\/www.moskito.cz\/?post_type=product&#038;p=362924"},"modified":"2025-05-07T11:25:42","modified_gmt":"2025-05-07T10:25:42","slug":"zaviraci-nuz-emerson-tactical-kwaiken","status":"publish","type":"product","link":"https:\/\/www.moskito.cz\/de\/produkt\/zaviraci-nuz-emerson-tactical-kwaiken\/","title":{"rendered":"Zav\u00edrac\u00ed N\u016f\u017e Emerson Tactical Kwaiken"},"content":{"rendered":"<p>Zav\u00edrac\u00ed N\u016f\u017e <strong>Emerson<\/strong> Tactical Kwaiken.<\/p>\n<p>N\u016f\u017e <strong>Tactical Kwaiken<\/strong> od <strong>Emerson Knives<\/strong> je zp\u011bt na z\u00e1klad\u011b popul\u00e1rn\u00ed popt\u00e1vky \u2013 tentokr\u00e1t jako b\u011b\u017en\u00e1 v\u00fdrobn\u00ed s\u00e9rie. Kwaiken byl p\u016fvodn\u011b jedn\u00edm z na\u0161ich nejobl\u00edben\u011bj\u0161\u00edch no\u017e\u016f \u0159ady Signature a popt\u00e1vka daleko p\u0159evy\u0161ovala na\u0161i nab\u00eddku. Proto jsme se v roce 2018 rozhodli p\u0159iv\u00e9st jej zp\u011bt, abychom splnili pot\u0159eby mnoha. Kwaiken byl inspirov\u00e1n japonsk\u00fdmi samurajsk\u00fdmi zbran\u011bmi a m\u016f\u017eete to vid\u011bt na tenk\u00fdch, elegantn\u00edch detailech.<\/p>\n<p>Rukoje\u0165: G-10<br \/>\nZ\u00e1mek: Titan<br \/>\n\u010cepel :154 cm<br \/>\nCelkov\u00e1 d\u00e9lka: 22.5 cm<br \/>\nD\u00e9lka \u010depele: 9.5 cm<br \/>\nTlou\u0161\u0165ka \u010depele: 0,125 cm<br \/>\nTvrdost 57-59RC<\/p>\n<p><iframe title=\"Tactical Kwaiken | A Closer Look\" width=\"800\" height=\"450\" src=\"https:\/\/www.youtube.com\/embed\/VanIGpZnnfQ?feature=oembed\" frameborder=\"0\" allow=\"accelerometer; autoplay; clipboard-write; encrypted-media; gyroscope; picture-in-picture; web-share\" referrerpolicy=\"strict-origin-when-cross-origin\" allowfullscreen><\/iframe><\/p>\n<p>&nbsp;<\/p>\n","protected":false},"excerpt":{"rendered":"<p><strong>N\u016f\u017e Tactical Kwaiken od Emerson Knives je zp\u011bt na z\u00e1klad\u011b popul\u00e1rn\u00ed popt\u00e1vky \u2013 tentokr\u00e1t jako b\u011b\u017en\u00e1 v\u00fdrobn\u00ed s\u00e9rie. Kwaiken byl p\u016fvodn\u011b jedn\u00edm z na\u0161ich nejobl\u00edben\u011bj\u0161\u00edch no\u017e\u016f \u0159ady Signature a popt\u00e1vka daleko p\u0159evy\u0161ovala na\u0161i nab\u00eddku.<\/strong><\/p>\n<p><strong>Doprava zdarma.<\/strong><\/p>\n","protected":false},"featured_media":362925,"comment_status":"open","ping_status":"closed","template":"","meta":[],"pwb-brand":[248],"product_brand":[],"product_cat":[22,17],"product_tag":[],"class_list":{"0":"post-362924","1":"product","2":"type-product","3":"status-publish","4":"has-post-thumbnail","6":"pwb-brand-emerson","7":"product_cat-zaviraci-noze","8":"product_cat-noze","10":"first","11":"outofstock","12":"taxable","13":"shipping-taxable","14":"purchasable","15":"product-type-simple"},"brands":[{"id":248,"name":"Emerson","slug":"emerson"}],"_links":{"self":[{"href":"https:\/\/www.moskito.cz\/de\/wp-json\/wp\/v2\/product\/362924","targetHints":{"allow":["GET"]}}],"collection":[{"href":"https:\/\/www.moskito.cz\/de\/wp-json\/wp\/v2\/product"}],"about":[{"href":"https:\/\/www.moskito.cz\/de\/wp-json\/wp\/v2\/types\/product"}],"replies":[{"embeddable":true,"href":"https:\/\/www.moskito.cz\/de\/wp-json\/wp\/v2\/comments?post=362924"}],"wp:featuredmedia":[{"embeddable":true,"href":"https:\/\/www.moskito.cz\/de\/wp-json\/wp\/v2\/media\/362925"}],"wp:attachment":[{"href":"https:\/\/www.moskito.cz\/de\/wp-json\/wp\/v2\/media?parent=362924"}],"wp:term":[{"taxonomy":"pwb-brand","embeddable":true,"href":"https:\/\/www.moskito.cz\/de\/wp-json\/wp\/v2\/pwb-brand?post=362924"},{"taxonomy":"product_brand","embeddable":true,"href":"https:\/\/www.moskito.cz\/de\/wp-json\/wp\/v2\/product_brand?post=362924"},{"taxonomy":"product_cat","embeddable":true,"href":"https:\/\/www.moskito.cz\/de\/wp-json\/wp\/v2\/product_cat?post=362924"},{"taxonomy":"product_tag","embeddable":true,"href":"https:\/\/www.moskito.cz\/de\/wp-json\/wp\/v2\/product_tag?post=362924"}],"curies":[{"name":"wp","href":"https:\/\/api.w.org\/{rel}","templated":true}]}}