{"id":363458,"date":"2024-10-14T19:40:30","date_gmt":"2024-10-14T18:40:30","guid":{"rendered":"https:\/\/www.moskito.cz\/?post_type=product&#038;p=363458"},"modified":"2025-05-07T11:25:44","modified_gmt":"2025-05-07T10:25:44","slug":"pevny-nuz-microtech-arbiter-stonewashed-104-10","status":"publish","type":"product","link":"https:\/\/www.moskito.cz\/de\/produkt\/pevny-nuz-microtech-arbiter-stonewashed-104-10\/","title":{"rendered":"Pevn\u00fd N\u016f\u017e Microtech Arbiter Stonewashed 104-10"},"content":{"rendered":"<p>Pevn\u00fd N\u016f\u017e <strong>Microtech<\/strong> Arbiter Stonewashed 104-10.<\/p>\n<p><strong>Arbiter<\/strong> S\/E Black G10, Apocalyptic je nejv\u011bt\u0161\u00ed n\u016f\u017e s pevnou \u010depel\u00ed nab\u00edzen\u00fd spole\u010dnost\u00ed Microtech, spole\u010dnost\u00ed zn\u00e1mou v\u00fdrobou vysoce kvalitn\u00edch \u0159ezn\u00fdch n\u00e1stroj\u016f. Tento p\u016fsobiv\u00fd n\u016f\u017e se vyzna\u010duje silnou \u010depel\u00ed typu Bowie a je vyroben z vynikaj\u00edc\u00ed oceli M390MK, kter\u00e1 je v\u00fdsledkem spolupr\u00e1ce dvou renomovan\u00fdch spole\u010dnost\u00ed \u2013 Microtech a B\u00f6hler. Tato ocel je zn\u00e1m\u00e1 svou v\u00fdjime\u010dnou pevnost\u00ed a dlouh\u00fdm zachov\u00e1n\u00edm ostrosti, d\u00edky \u010demu\u017e se tento n\u016f\u017e neboj\u00ed \u017e\u00e1dn\u00e9 v\u00fdzvy. Rukoje\u0165 je vyrobena z kompozitu G10, odoln\u00e1 a odoln\u00e1 v\u016f\u010di pov\u011btrnostn\u00edm vliv\u016fm. Ergonomicky profilovan\u00fd poskytuje pohodl\u00ed i p\u0159i dlouh\u00e9m pou\u017e\u00edv\u00e1n\u00ed. Kydexov\u00e1 pochva, kter\u00e1 umo\u017e\u0148uje lov pstruh\u016f na MOLLE syst\u00e9my. Funk\u010dn\u00ed, ale tak\u00e9 atraktivn\u00ed n\u016f\u017e, kter\u00fd kombinuje odolnost, ergonomii a styl. N\u00e1stroj, kter\u00fd jist\u011b uspokoj\u00ed i ty nejn\u00e1ro\u010dn\u011bj\u0161\u00ed u\u017eivatele.<\/p>\n<p><strong>M390MK<\/strong> \u2013 d\u00edky spolupr\u00e1ci in\u017een\u00fdr\u016f Microtech a B\u00f6hler vznikla exkluzivn\u00ed verze oceli M390 vyroben\u00e1 pouze pro Microtech. Obsah uhl\u00edku byl zv\u00fd\u0161en a podroben podrobn\u011bj\u0161\u00edmu zkoum\u00e1n\u00ed, \u010d\u00edm\u017e se zlep\u0161ily vlastnosti oceli M390 pro zaji\u0161t\u011bn\u00ed lep\u0161\u00ed retence hran, odolnosti proti korozi a le\u0161t\u011bn\u00ed. Martenzitick\u00e1 vysoce v\u00fdkonn\u00e1 chromov\u00e1 ocel vyroben\u00e1 pr\u00e1\u0161kovou metalurgi\u00ed. D\u00edky sv\u00e9 slitinov\u00e9 koncepci m\u00e1 extr\u00e9mn\u011b vysokou odolnost proti opot\u0159eben\u00ed a vysokou odolnost proti korozi. Vzhledem k vysok\u00e9 odolnosti proti opot\u0159eben\u00ed p\u0159im\u011b\u0159en\u011b udr\u017euje tvar ost\u0159\u00ed, tak\u017ee \u010depel z\u016fst\u00e1v\u00e1 ostr\u00e1 po velmi dlouhou dobu (vy\u017eaduje minim\u00e1ln\u00ed \u00fadr\u017ebu). Dal\u0161\u00ed z v\u00fdhod je odolnost proti tvorb\u011b \u201edr\u00e1tu\u201c p\u0159i ost\u0159en\u00ed. Ocel m\u00e1 vysok\u00fd obsah chr\u00f3mu 19,0 % (Cr) dopovan\u00e9ho 1,95 % uhl\u00edku (C), vanadu 4,0 % (V) a je kalen\u00e1 mezi 59-61 HRC. Tato super ocel je srovnateln\u00e1 s Carpenter\u2019s CPM 20CV nebo CTS-204P oceli. V\u00fdrobce B\u00f6hler Edelstahl v Kapfenbergu, Rakousko.<\/p>\n<p><strong>\u010cepel<\/strong> \u2013 strojn\u011b brou\u0161en\u00e1 dlouh\u00e1 S\/E (Single Edge Clip Point) \u010depel Bowie, Stonewashed. Navzdory sv\u00e9 tlou\u0161\u0165ce poskytuje Flat Grind vynikaj\u00edc\u00ed \u0159ezn\u00e9 vlastnosti v kombinaci s vynikaj\u00edc\u00ed trvanlivost\u00ed. Velk\u00fd choil na za\u010d\u00e1tku \u0159ezn\u00e9 hrany poskytuje prostor pro prsty pro p\u0159esn\u00e9 uchopen\u00ed. Kl\u00edn nese logo Microtech, d\u00e1le s\u00e9riov\u00e9 \u010d\u00edslo a datum v\u00fdroby. Dlouh\u00e1 fale\u0161n\u00e1 \u010depel v kombinaci s hmotnost\u00ed no\u017ee poskytuje p\u016fsobiv\u00e9 pr\u016frazn\u00e9 schopnosti. Na zadn\u00ed stran\u011b \u010depele z\u00e1\u0159ez pro prst.<\/p>\n<p><strong>Rukoje\u0165<\/strong> \u2013 profilovan\u00e1 s prstov\u00fdmi z\u00e1\u0159ezy. Gripy vyroben\u00e9 z plastu G10 p\u0159ipevn\u011bn\u00e9 p\u0159\u00edmo k \u010depeli patentovan\u00fdmi \u0161rouby Microtech. Jedn\u00e1 se o nejjednodu\u0161\u0161\u00ed a nejbezpe\u010dn\u011bj\u0161\u00ed proveden\u00ed, kter\u00e9 zaji\u0161\u0165uje praktickou nezni\u010ditelnost no\u017ee. V\u00fdhodou G10 je mimo\u0159\u00e1dn\u00e1 pevnost materi\u00e1lu spojen\u00e1 s t\u00e9m\u011b\u0159 \u00faplnou necitlivost\u00ed na pov\u011btrnostn\u00ed podm\u00ednky. Rukoje\u0165 pokryt\u00e1 po cel\u00e9 d\u00e9lce z\u00e1\u0159ezy (jimping), kter\u00e9 posiluj\u00ed jistotu \u00fachopu a kontroly nad no\u017eem p\u0159i pr\u00e1ci. Vy\u010dn\u00edvaj\u00edc\u00ed \u010d\u00e1st p\u0159\u00edv\u011bsku m\u016f\u017ee b\u00fdt pou\u017eita jako rozb\u00edje\u010d skla a obsahuje tak\u00e9 otvor pro \u0161\u0148\u016frku, otvor pro jist\u00edc\u00ed nebo ozdobn\u00e9 lano.<\/p>\n<p>Pouzdro \u2013 vyroben\u00e9 z kadexu laminovan\u00e9ho uhl\u00edkov\u00fdmi vl\u00e1kny, poskytuje bezpe\u010dn\u00e9 dr\u017een\u00ed no\u017ee v jak\u00e9koli poloze. Uchycen\u00ed typu MOLLE na opasek nebo na ramenn\u00ed popruh za\u0159\u00edzen\u00ed umo\u017e\u0148uje no\u0161en\u00ed no\u017ee svisle nebo vodorovn\u011b.<\/p>\n<p>&nbsp;<\/p>\n<p>Celkov\u00e1 d\u00e9lka: 35.6 cm<br \/>\nD\u00e9lka \u010depele: 22.9 cm<br \/>\nTlou\u0161\u0165ka \u010depele: 0.52 cm<br \/>\nD\u00e9lka rukojeti: 12.7 cm<br \/>\nTlou\u0161\u0165ka rukojeti: 2.15 cm<br \/>\nHmotnost: 513,10 g<\/p>\n<p>Materi\u00e1l \u010depele: B\u00f6hler M390<br \/>\nTvrdost \u010depele: nd<br \/>\nBrou\u0161en\u00ed \u010depele: Ploch\u00e1<br \/>\nPovrchov\u00e1 \u00faprava \u010depele: Stonewash.<\/p>\n<p><iframe title=\"Microtech Combat Troodon Torture Test\" width=\"800\" height=\"450\" src=\"https:\/\/www.youtube.com\/embed\/xE9TeOFYEjg?feature=oembed\" frameborder=\"0\" allow=\"accelerometer; autoplay; clipboard-write; encrypted-media; gyroscope; picture-in-picture; web-share\" referrerpolicy=\"strict-origin-when-cross-origin\" allowfullscreen><\/iframe><\/p>\n<p>&nbsp;<\/p>\n","protected":false},"excerpt":{"rendered":"<p><strong>V pr\u016fb\u011bhu let Microtech\u00ae Knives naplnil v\u00e1\u0161n\u00ed a dovednost\u00ed v\u00fdrobu no\u017e\u016f, a\u017e z nich vytvo\u0159il t\u00e9m\u011b\u0159 um\u011bleck\u00e1 d\u00edla,kter\u00e9 jsou vrcholem funk\u010dnosti.V\u0161echny d\u00edly jsou vyrobeny v USA.<\/strong><br \/>\n<strong>Na v\u0161echny no\u017ee Microtech je do\u017eivotn\u00ed z\u00e1ruka.<\/strong><\/p>\n<p><strong>Doprava zdarma.<\/strong><\/p>\n","protected":false},"featured_media":363459,"comment_status":"open","ping_status":"closed","template":"","meta":[],"pwb-brand":[431],"product_brand":[],"product_cat":[23,17],"product_tag":[],"class_list":{"0":"post-363458","1":"product","2":"type-product","3":"status-publish","4":"has-post-thumbnail","6":"pwb-brand-microtech","7":"product_cat-pevne-noze","8":"product_cat-noze","10":"first","11":"outofstock","12":"taxable","13":"shipping-taxable","14":"purchasable","15":"product-type-simple"},"brands":[{"id":431,"name":"Microtech","slug":"microtech"}],"_links":{"self":[{"href":"https:\/\/www.moskito.cz\/de\/wp-json\/wp\/v2\/product\/363458","targetHints":{"allow":["GET"]}}],"collection":[{"href":"https:\/\/www.moskito.cz\/de\/wp-json\/wp\/v2\/product"}],"about":[{"href":"https:\/\/www.moskito.cz\/de\/wp-json\/wp\/v2\/types\/product"}],"replies":[{"embeddable":true,"href":"https:\/\/www.moskito.cz\/de\/wp-json\/wp\/v2\/comments?post=363458"}],"wp:featuredmedia":[{"embeddable":true,"href":"https:\/\/www.moskito.cz\/de\/wp-json\/wp\/v2\/media\/363459"}],"wp:attachment":[{"href":"https:\/\/www.moskito.cz\/de\/wp-json\/wp\/v2\/media?parent=363458"}],"wp:term":[{"taxonomy":"pwb-brand","embeddable":true,"href":"https:\/\/www.moskito.cz\/de\/wp-json\/wp\/v2\/pwb-brand?post=363458"},{"taxonomy":"product_brand","embeddable":true,"href":"https:\/\/www.moskito.cz\/de\/wp-json\/wp\/v2\/product_brand?post=363458"},{"taxonomy":"product_cat","embeddable":true,"href":"https:\/\/www.moskito.cz\/de\/wp-json\/wp\/v2\/product_cat?post=363458"},{"taxonomy":"product_tag","embeddable":true,"href":"https:\/\/www.moskito.cz\/de\/wp-json\/wp\/v2\/product_tag?post=363458"}],"curies":[{"name":"wp","href":"https:\/\/api.w.org\/{rel}","templated":true}]}}