{"id":365145,"date":"2024-10-22T17:03:47","date_gmt":"2024-10-22T16:51:10","guid":{"rendered":"https:\/\/www.moskito.cz\/produkt\/schiessmesser-microtech-cypher-ii-stonewashed-1242-10\/"},"modified":"2025-12-07T18:00:34","modified_gmt":"2025-12-07T17:00:34","slug":"schiessmesser-microtech-cypher-ii-stonewashed-1242-10","status":"publish","type":"product","link":"https:\/\/www.moskito.cz\/de\/produkt\/schiessmesser-microtech-cypher-ii-stonewashed-1242-10\/","title":{"rendered":"Schie\u00dfmesser Microtech Cypher II Stonewashed 1242-10"},"content":{"rendered":"<p>Schie\u00dfmesser <strong>Microtech<\/strong> Cypher II Stonewashed 1242-10.<\/p>\n<p><strong>Das Cypher<\/strong> wurde verbessert und sorgf\u00e4ltig f\u00fcr eine neue \u00c4ra moderner Messer neu gestaltet. Der innovative Dual-Fuel-Antrieb sorgt f\u00fcr m\u00fchelose Kontrolle und sorgt f\u00fcr eine sanftere Fahrt als je zuvor. Durchdachte Details verbessern sowohl die \u00c4sthetik als auch die Funktionalit\u00e4t. Stilvolle Kanten am Chassis sorgen f\u00fcr einen Hauch von Eleganz und besseren Halt. Der Taschenclip 6AL4V mit Keramikanschlag sorgt f\u00fcr sichere und komfortable Tragem\u00f6glichkeiten. Das schraubenlose Geh\u00e4use, der integrierte Glasbrecher und das aktualisierte Knopftaschendesign tragen zum stromlinienf\u00f6rmigen Aussehen und der erh\u00f6hten Praktikabilit\u00e4t bei.<\/p>\n<p>Spezifikationen:<br \/>\n Gesamtl\u00e4nge: 21,6 cm<br \/>\n L\u00e4nge geschlossen: 12,6 cm<br \/>\n Klingenl\u00e4nge: 90 cm<br \/>\n Oberfl\u00e4chenbehandlung der Klinge: Stonewashed<br \/>\n Randstil: einfarbig<br \/>\n Griffmaterial: schwarzes Aluminium<br \/>\n Taschenclip:<br \/>\n Hersteller Ref. #: 1242-10<br \/>\n Herkunftsland: USA https:\/\/youtu.be\/xE9TeOFYEjg <\/p>\n<p>&nbsp;<\/p>\n","protected":false},"excerpt":{"rendered":"<p><strong>Im Laufe der Jahre hat Microtech\u00ae Knives Messer mit Leidenschaft und K\u00f6nnen gef\u00fcllt, um nahezu Kunstwerke zu schaffen, die den Gipfel der Funktionalit\u00e4t darstellen. Alle Teile werden in den USA hergestellt.<\/strong><br \/>\n<strong>F\u00fcr alle Microtech-Messer gilt eine lebenslange Garantie.<\/strong><\/p>\n<p><strong>Kostenloser Transport.<\/strong><\/p>\n","protected":false},"featured_media":365105,"comment_status":"open","ping_status":"closed","template":"","meta":[],"pwb-brand":[3278],"product_brand":[],"product_cat":[3285,3343],"product_tag":[],"class_list":{"0":"post-365145","1":"product","2":"type-product","3":"status-publish","4":"has-post-thumbnail","6":"pwb-brand-microtech-de","7":"product_cat-messer","8":"product_cat-schiesmesser","10":"first","11":"outofstock","12":"taxable","13":"shipping-taxable","14":"purchasable","15":"product-type-simple"},"brands":[{"id":3278,"name":"Microtech","slug":"microtech-de"}],"_links":{"self":[{"href":"https:\/\/www.moskito.cz\/de\/wp-json\/wp\/v2\/product\/365145","targetHints":{"allow":["GET"]}}],"collection":[{"href":"https:\/\/www.moskito.cz\/de\/wp-json\/wp\/v2\/product"}],"about":[{"href":"https:\/\/www.moskito.cz\/de\/wp-json\/wp\/v2\/types\/product"}],"replies":[{"embeddable":true,"href":"https:\/\/www.moskito.cz\/de\/wp-json\/wp\/v2\/comments?post=365145"}],"wp:featuredmedia":[{"embeddable":true,"href":"https:\/\/www.moskito.cz\/de\/wp-json\/wp\/v2\/media\/365105"}],"wp:attachment":[{"href":"https:\/\/www.moskito.cz\/de\/wp-json\/wp\/v2\/media?parent=365145"}],"wp:term":[{"taxonomy":"pwb-brand","embeddable":true,"href":"https:\/\/www.moskito.cz\/de\/wp-json\/wp\/v2\/pwb-brand?post=365145"},{"taxonomy":"product_brand","embeddable":true,"href":"https:\/\/www.moskito.cz\/de\/wp-json\/wp\/v2\/product_brand?post=365145"},{"taxonomy":"product_cat","embeddable":true,"href":"https:\/\/www.moskito.cz\/de\/wp-json\/wp\/v2\/product_cat?post=365145"},{"taxonomy":"product_tag","embeddable":true,"href":"https:\/\/www.moskito.cz\/de\/wp-json\/wp\/v2\/product_tag?post=365145"}],"curies":[{"name":"wp","href":"https:\/\/api.w.org\/{rel}","templated":true}]}}