{"id":365237,"date":"2024-10-22T18:22:46","date_gmt":"2024-10-22T17:24:36","guid":{"rendered":"https:\/\/www.moskito.cz\/produkt\/schiessmesser-microtech-ultratech-navy-stonewash-122-10na\/"},"modified":"2025-05-07T11:25:51","modified_gmt":"2025-05-07T10:25:51","slug":"schiessmesser-microtech-ultratech-navy-stonewash-122-10na","status":"publish","type":"product","link":"https:\/\/www.moskito.cz\/de\/produkt\/schiessmesser-microtech-ultratech-navy-stonewash-122-10na\/","title":{"rendered":"Schie\u00dfmesser Microtech Ultratech Navy Stonewash 122-10NA"},"content":{"rendered":"<p>Schie\u00dfmesser <strong>Microtech<\/strong> Ultratech Navy Stonewash 122-10NA. Wir stellen vor: <strong>Microtech Ultratech<\/strong> , das bahnbrechende OTF-Automatikmesser (vorne), das den Standard f\u00fcr reibungslosen, zuverl\u00e4ssigen Betrieb gesetzt hat. Mit einer Gesamtl\u00e4nge von 8,5 Zoll ist dieses au\u00dfergew\u00f6hnliche Messer so konzipiert, dass es Ihre Erwartungen \u00fcbertrifft. Das Ultratech verf\u00fcgt \u00fcber eine beeindruckende 3,4-Zoll-Dolchklinge mit Stonewash-Finish. Die Klinge besteht aus hochwertigem Stahl (Stahl kann variieren) und bietet au\u00dfergew\u00f6hnliche Schneidleistung und Haltbarkeit. Ganz gleich, ob Sie allt\u00e4gliche Aufgaben oder anspruchsvollere Schneidanforderungen bew\u00e4ltigen, Ultratech ist der Herausforderung gewachsen. Der 5-Zoll-Ultratech-Griff besteht aus schwarz eloxiertem 6061-T6-Aluminium und bietet einen komfortablen und ergonomischen Griff. Der perlgestrahlte Taschenclip erm\u00f6glicht ein bequemes Herunterklappen, Links- oder Rechtsh\u00e4nder-Tragen f\u00fcr einfachen Zugriff. Der Griff verf\u00fcgt au\u00dferdem \u00fcber einen Glasbrecher und Edelstahlbeschl\u00e4ge f\u00fcr zus\u00e4tzliche Funktionalit\u00e4t und Haltbarkeit. <strong>Der Ultratech<\/strong> verf\u00fcgt \u00fcber einen Dual-Action-Daumenschieber und bietet ein blitzschnelles automatisches Ein- und Ausfahren. Der OTF-Mechanismus sorgt f\u00fcr eine reibungslose Leistung und macht ihn zu einem zuverl\u00e4ssigen Werkzeug in kritischen Situationen. Sein schlankes Design macht es zum perfekten Alltagsmesser, das m\u00fchelos in Ihre Tasche oder Ausr\u00fcstung passt. Mit einem Gewicht von nur 3,6 Unzen bietet der Ultratech die perfekte Balance zwischen Robustheit und Tragbarkeit. Dieses in den USA mit viel Liebe zum Detail zusammengebaute Messer zeigt Microtechs Engagement f\u00fcr au\u00dfergew\u00f6hnliche Handwerkskunst und Qualit\u00e4t. Erleben Sie die Exzellenz <strong>von Microtech Ultratech<\/strong> , dem Pionier f\u00fcr automatische OTF-Messer. Mit seinem au\u00dfergew\u00f6hnlichen Design, seiner makellosen Leistung und seiner robusten Konstruktion legt Ultratech die Messlatte f\u00fcr Zuverl\u00e4ssigkeit und Funktionalit\u00e4t hoch. Egal, ob Sie Sammler, Bastler oder Profi sind, Ultratech ist die beste Wahl f\u00fcr Ihre t\u00e4glichen Tragebed\u00fcrfnisse.<\/p>\n<p><strong>Das Microtech Ultratech<\/strong> ist das erste automatische OTF-Messer (von vorne) von Microtech Knives. Die Dual-Action-Automatik, mit der alles begann, ist die sanfteste Front-End-Steuerung, die Sie finden k\u00f6nnen. Ausgestattet mit einer 3,4-Zoll-Klinge. Das Ultratech verf\u00fcgt \u00fcber einen 5-Zoll-Konturgriff aus eloxiertem 6061-T6-Aluminium mit Taschenclip, Glassplitter und Edelstahlbeschl\u00e4gen. Ein doppeltwirkender Schiebeschalter erm\u00f6glicht bei Bedarf ein schnelles automatisches Aus- und Einfahren. Das schlanke Design des Ultra-Messers macht es zum perfekten EDC-Messer. Gesamtl\u00e4nge: 21 cm<br \/>\n Klinge: 8,65 cm M390, Dolch, Stonewash<br \/>\n Griff: 5&#8243; Aluminium 6061-T6, Marineblau<br \/>\n Gewicht: 3,6 Unzen<br \/>\n Taschenclip: Spitze nach unten, links\/rechts tragen<br \/>\n \u00d6ffner: Daumenschieber<br \/>\n Typ: OTF (vorne) Automatik, Double Action<br \/>\n Hergestellt in den USA<br \/>\n Modell: 122-10NA https:\/\/youtu.be\/xE9TeOFYEjg   <\/p>\n<p>&nbsp;<\/p>\n<p>&nbsp;<\/p>\n","protected":false},"excerpt":{"rendered":"<p><strong>Im Laufe der Jahre hat Microtech\u00ae Knives Messer mit Leidenschaft und K\u00f6nnen gef\u00fcllt, um nahezu Kunstwerke zu schaffen, die den Gipfel der Funktionalit\u00e4t darstellen. Alle Teile werden in den USA hergestellt.<\/strong><br \/>\n<strong>F\u00fcr alle Microtech-Messer gilt eine lebenslange Garantie.<\/strong><\/p>\n<p><strong>Kostenloser Transport.<\/strong><\/p>\n","protected":false},"featured_media":365210,"comment_status":"open","ping_status":"closed","template":"","meta":[],"pwb-brand":[3278],"product_brand":[],"product_cat":[3285,3343],"product_tag":[],"class_list":{"0":"post-365237","1":"product","2":"type-product","3":"status-publish","4":"has-post-thumbnail","6":"pwb-brand-microtech-de","7":"product_cat-messer","8":"product_cat-schiesmesser","10":"first","11":"outofstock","12":"taxable","13":"shipping-taxable","14":"purchasable","15":"product-type-simple"},"brands":[{"id":3278,"name":"Microtech","slug":"microtech-de"}],"_links":{"self":[{"href":"https:\/\/www.moskito.cz\/de\/wp-json\/wp\/v2\/product\/365237","targetHints":{"allow":["GET"]}}],"collection":[{"href":"https:\/\/www.moskito.cz\/de\/wp-json\/wp\/v2\/product"}],"about":[{"href":"https:\/\/www.moskito.cz\/de\/wp-json\/wp\/v2\/types\/product"}],"replies":[{"embeddable":true,"href":"https:\/\/www.moskito.cz\/de\/wp-json\/wp\/v2\/comments?post=365237"}],"wp:featuredmedia":[{"embeddable":true,"href":"https:\/\/www.moskito.cz\/de\/wp-json\/wp\/v2\/media\/365210"}],"wp:attachment":[{"href":"https:\/\/www.moskito.cz\/de\/wp-json\/wp\/v2\/media?parent=365237"}],"wp:term":[{"taxonomy":"pwb-brand","embeddable":true,"href":"https:\/\/www.moskito.cz\/de\/wp-json\/wp\/v2\/pwb-brand?post=365237"},{"taxonomy":"product_brand","embeddable":true,"href":"https:\/\/www.moskito.cz\/de\/wp-json\/wp\/v2\/product_brand?post=365237"},{"taxonomy":"product_cat","embeddable":true,"href":"https:\/\/www.moskito.cz\/de\/wp-json\/wp\/v2\/product_cat?post=365237"},{"taxonomy":"product_tag","embeddable":true,"href":"https:\/\/www.moskito.cz\/de\/wp-json\/wp\/v2\/product_tag?post=365237"}],"curies":[{"name":"wp","href":"https:\/\/api.w.org\/{rel}","templated":true}]}}