{"id":367989,"date":"2024-11-04T16:30:26","date_gmt":"2024-11-04T15:30:26","guid":{"rendered":"https:\/\/www.moskito.cz\/?post_type=product&#038;p=367989"},"modified":"2025-09-22T15:37:33","modified_gmt":"2025-09-22T14:37:33","slug":"pevny-nuz-extrema-ratio-giant-mambablackblack-04-1000-0218-blk","status":"publish","type":"product","link":"https:\/\/www.moskito.cz\/de\/produkt\/pevny-nuz-extrema-ratio-giant-mambablackblack-04-1000-0218-blk\/","title":{"rendered":"Pevn\u00fd N\u016f\u017e EXTREMA RATIO GIANT MAMBA,BLACK,BLACK 04.1000.0218\/BLK"},"content":{"rendered":"<p>Pevn\u00fd N\u016f\u017e<strong> EXTREMA RATIO<\/strong> GIANT MAMBA,BLACK,BLACK 04.1000.0218\/BLK.<\/p>\n<p>Giant Mamba m\u00e1 6,3 mm tlustou, 58 HRC B\u00f6hler N690 ocelovou \u010depel tanto s hladk\u00fdm ost\u0159\u00edm a plnou d\u00e9lkou pro lehkost, kter\u00e1 je dokon\u010dena v \u010dern\u00e9 nebo kamenn\u00e9 barv\u011b. Rukoje\u0165 Forprene je p\u0159ipevn\u011bna z\u00e1vitovou \u010depi\u010dkou, d\u00edky kter\u00e9 je n\u016f\u017e pevn\u00fd a dob\u0159e vyv\u00e1\u017een\u00fd. Vst\u0159ikovan\u00fd nylon t\u0159\u00eddy n\u00e1razu M.O.L.L.E. kompatibiln\u00ed pochva m\u00e1 tlumic\u00ed syst\u00e9m, kter\u00fd zabra\u0148uje chrast\u011bn\u00ed \u010depele, bezpe\u010dnostn\u00ed smy\u010dku se dv\u011bma tla\u010d\u00edtky, pogumovan\u00fd stehenn\u00ed popruh proti rotaci a pojistku, kter\u00e1 se uvoln\u00ed jednoduch\u00fdm stisknut\u00edm p\u00e1\u010dky podobn\u00e9 spou\u0161t\u011b. Nov\u00e1 \u0159ada no\u017e\u016f minimalizuje tlou\u0161\u0165ku a objem, ani\u017e by \u0161et\u0159ila na hou\u017eevnatosti a bezpe\u010dnosti.<\/p>\n<p>Technick\u00e9 specifikace<\/p>\n<p>V\u00c1HA G: 289<\/p>\n<p>HMOTNOST oz.: 10,19<\/p>\n<p>D\u00c9LKA \u010cEPELE (MM): 163<\/p>\n<p>D\u00c9LKA \u010cEPELE (IN): 6,41<\/p>\n<p>CELKOV\u00c1 D\u00c9LKA (MM): 293<\/p>\n<p>CELKOV\u00c1 D\u00c9LKA (V): 11,53<\/p>\n<p>MATERI\u00c1L \u010cEPELE: B\u00f6HLER N690 STEEL (58HRC)<\/p>\n<p>TLOU\u0160\u0164KA \u010cEPELE (MM): 6,3<\/p>\n<p>TLOU\u0160\u0164KA \u010cEPELE (IN): 0,24<\/p>\n<p>HLAVN\u00cd BRU\u0160EN\u00cd: PLOCH\u00c9<\/p>\n<p>MATERI\u00c1L RUKOJETI: FORPRENE<\/p>\n<p>&nbsp;<\/p>\n","protected":false},"excerpt":{"rendered":"<p><strong>Giant Mamba m\u00e1 6,3 mm tlustou, 58 HRC B\u00f6hler N690 ocelovou \u010depel tanto s hladk\u00fdm ost\u0159\u00edm a plnou d\u00e9lkou pro lehkost, kter\u00e1 je dokon\u010dena v \u010dern\u00e9 nebo kamenn\u00e9 barv\u011b.<\/strong><\/p>\n<p><strong>Doprava zdarma.<\/strong><\/p>\n","protected":false},"featured_media":367990,"comment_status":"open","ping_status":"closed","template":"","meta":[],"pwb-brand":[267],"product_brand":[],"product_cat":[23,17],"product_tag":[],"class_list":{"0":"post-367989","1":"product","2":"type-product","3":"status-publish","4":"has-post-thumbnail","6":"pwb-brand-extrema-ratio","7":"product_cat-pevne-noze","8":"product_cat-noze","10":"first","11":"instock","12":"taxable","13":"shipping-taxable","14":"purchasable","15":"product-type-simple"},"brands":[{"id":267,"name":"Extrema Ratio","slug":"extrema-ratio"}],"_links":{"self":[{"href":"https:\/\/www.moskito.cz\/de\/wp-json\/wp\/v2\/product\/367989","targetHints":{"allow":["GET"]}}],"collection":[{"href":"https:\/\/www.moskito.cz\/de\/wp-json\/wp\/v2\/product"}],"about":[{"href":"https:\/\/www.moskito.cz\/de\/wp-json\/wp\/v2\/types\/product"}],"replies":[{"embeddable":true,"href":"https:\/\/www.moskito.cz\/de\/wp-json\/wp\/v2\/comments?post=367989"}],"wp:featuredmedia":[{"embeddable":true,"href":"https:\/\/www.moskito.cz\/de\/wp-json\/wp\/v2\/media\/367990"}],"wp:attachment":[{"href":"https:\/\/www.moskito.cz\/de\/wp-json\/wp\/v2\/media?parent=367989"}],"wp:term":[{"taxonomy":"pwb-brand","embeddable":true,"href":"https:\/\/www.moskito.cz\/de\/wp-json\/wp\/v2\/pwb-brand?post=367989"},{"taxonomy":"product_brand","embeddable":true,"href":"https:\/\/www.moskito.cz\/de\/wp-json\/wp\/v2\/product_brand?post=367989"},{"taxonomy":"product_cat","embeddable":true,"href":"https:\/\/www.moskito.cz\/de\/wp-json\/wp\/v2\/product_cat?post=367989"},{"taxonomy":"product_tag","embeddable":true,"href":"https:\/\/www.moskito.cz\/de\/wp-json\/wp\/v2\/product_tag?post=367989"}],"curies":[{"name":"wp","href":"https:\/\/api.w.org\/{rel}","templated":true}]}}