{"id":369684,"date":"2024-11-11T19:49:44","date_gmt":"2024-11-11T18:49:44","guid":{"rendered":"https:\/\/www.moskito.cz\/?post_type=product&#038;p=369684"},"modified":"2025-10-30T09:34:25","modified_gmt":"2025-10-30T08:34:25","slug":"vystrelovaci-nuz-benchmade-shootout-5370gy-06","status":"publish","type":"product","link":"https:\/\/www.moskito.cz\/de\/produkt\/vystrelovaci-nuz-benchmade-shootout-5370gy-06\/","title":{"rendered":"Vyst\u0159elovac\u00ed N\u016f\u017e Benchmade Shootout 5370GY-06"},"content":{"rendered":"<p>Vyst\u0159elovac\u00ed N\u016f\u017e <strong>Benchmade<\/strong> Shootout 5370GY-06.<\/p>\n<p>Shootout 5370GY-06 je vynikaj\u00edc\u00ed n\u016f\u017e EDC (Everyday Carry) od spole\u010dnosti Benchmade, kter\u00fd se vyzna\u010duje v\u00fdjime\u010dn\u00fdmi vlastnostmi a kvalitami, je\u017e si cen\u00edte p\u0159i ka\u017edodenn\u00edm pou\u017e\u00edv\u00e1n\u00ed. Tento model nab\u00edz\u00ed:<\/p>\n<p>D\u00e9lka \u010depele: 8,87 cm<br \/>\nD\u00e9lka v zav\u0159en\u00e9m stavu: 11,97 cm<br \/>\nCelkov\u00e1 d\u00e9lka: 20,81 cm<br \/>\nMateri\u00e1l \u010depele: CPM-CruWear Tool Steel s tvrdost\u00ed 63-65HRC, co\u017e zaru\u010duje vynikaj\u00edc\u00ed odolnost a v\u00fddr\u017e.<br \/>\nStyl \u010depele: Tanto, co\u017e je ide\u00e1ln\u00ed pro precizn\u00ed \u0159ez\u00e1n\u00ed a odolnost v\u016f\u010di n\u00e1raz\u016fm.<br \/>\nPovrchov\u00e1 \u00faprava \u010depele: \u0160ed\u00e1 PVD povrchov\u00e1 \u00faprava, kter\u00e1 zaji\u0161\u0165uje zv\u00fd\u0161enou odolnost proti korozi a opot\u0159eben\u00ed.<br \/>\nRukoje\u0165: Tmav\u011b fialov\u00e1 Grivory, co\u017e je lehk\u00fd a pevn\u00fd materi\u00e1l s vysokou odolnost\u00ed.<br \/>\nUzamykac\u00ed mechanismus: Posuvn\u00fd z\u00e1mek, co\u017e poskytuje bezpe\u010dn\u00e9 a spolehliv\u00e9 uzav\u0159en\u00ed no\u017ee.<br \/>\nKapesn\u00ed klip: Oboustrann\u00fd, pro hlubok\u00e9 no\u0161en\u00ed, skl\u00e1p\u011bc\u00ed \u2013 vhodn\u00fd pro prav\u00e1ky i lev\u00e1ky.<br \/>\nHmotnost: 77,96 g, co\u017e je skv\u011bl\u00e1 v\u00e1ha pro ka\u017edodenn\u00ed no\u0161en\u00ed, ani\u017e by byl p\u0159\u00edli\u0161 t\u011b\u017ek\u00fd nebo nepohodln\u00fd.<br \/>\nVyrobeno v USA: Kvalita a preciznost v\u00fdroby p\u0159\u00edmo z USA.<br \/>\nS touto verz\u00ed no\u017ee dostanete nejen v\u00fdjime\u010dn\u00fd v\u00fdkon, ale tak\u00e9 unik\u00e1tn\u00ed design s tmav\u011b fialovou rukojet\u00ed, \u0161edou \u010depel\u00ed a PVD prvky, kter\u00e9 p\u0159id\u00e1vaj\u00ed no\u017ei modern\u00ed vzhled a kontrastn\u00ed barvy. Tento n\u016f\u017e je ide\u00e1ln\u00ed volbou pro ka\u017edodenn\u00ed \u00fakoly, kde je pot\u0159eba spolehliv\u00fd a kvalitn\u00ed n\u00e1stroj.<\/p>\n","protected":false},"excerpt":{"rendered":"<p><strong>Shootout 5370GY-06 je vynikaj\u00edc\u00ed n\u016f\u017e EDC (Everyday Carry) od spole\u010dnosti Benchmade, kter\u00fd se vyzna\u010duje v\u00fdjime\u010dn\u00fdmi vlastnostmi a kvalitami, je\u017e si cen\u00edte p\u0159i ka\u017edodenn\u00edm pou\u017e\u00edv\u00e1n\u00ed.<\/strong><\/p>\n<p><strong>Doprava zdarma.<\/strong><\/p>\n","protected":false},"featured_media":369685,"comment_status":"open","ping_status":"closed","template":"","meta":[],"pwb-brand":[3960],"product_brand":[],"product_cat":[2019,17],"product_tag":[],"class_list":{"0":"post-369684","1":"product","2":"type-product","3":"status-publish","4":"has-post-thumbnail","6":"pwb-brand-benchmade","7":"product_cat-vystrelovaci-noze","8":"product_cat-noze","10":"first","11":"instock","12":"taxable","13":"shipping-taxable","14":"purchasable","15":"product-type-simple"},"brands":[{"id":3960,"name":"Benchmade","slug":"benchmade"}],"_links":{"self":[{"href":"https:\/\/www.moskito.cz\/de\/wp-json\/wp\/v2\/product\/369684","targetHints":{"allow":["GET"]}}],"collection":[{"href":"https:\/\/www.moskito.cz\/de\/wp-json\/wp\/v2\/product"}],"about":[{"href":"https:\/\/www.moskito.cz\/de\/wp-json\/wp\/v2\/types\/product"}],"replies":[{"embeddable":true,"href":"https:\/\/www.moskito.cz\/de\/wp-json\/wp\/v2\/comments?post=369684"}],"wp:featuredmedia":[{"embeddable":true,"href":"https:\/\/www.moskito.cz\/de\/wp-json\/wp\/v2\/media\/369685"}],"wp:attachment":[{"href":"https:\/\/www.moskito.cz\/de\/wp-json\/wp\/v2\/media?parent=369684"}],"wp:term":[{"taxonomy":"pwb-brand","embeddable":true,"href":"https:\/\/www.moskito.cz\/de\/wp-json\/wp\/v2\/pwb-brand?post=369684"},{"taxonomy":"product_brand","embeddable":true,"href":"https:\/\/www.moskito.cz\/de\/wp-json\/wp\/v2\/product_brand?post=369684"},{"taxonomy":"product_cat","embeddable":true,"href":"https:\/\/www.moskito.cz\/de\/wp-json\/wp\/v2\/product_cat?post=369684"},{"taxonomy":"product_tag","embeddable":true,"href":"https:\/\/www.moskito.cz\/de\/wp-json\/wp\/v2\/product_tag?post=369684"}],"curies":[{"name":"wp","href":"https:\/\/api.w.org\/{rel}","templated":true}]}}