{"id":369725,"date":"2024-11-11T20:06:50","date_gmt":"2024-11-11T19:06:50","guid":{"rendered":"https:\/\/www.moskito.cz\/?post_type=product&#038;p=369725"},"modified":"2025-08-03T21:23:28","modified_gmt":"2025-08-03T20:23:28","slug":"zaviraci-nuz-benchmade-osborne-940-2","status":"publish","type":"product","link":"https:\/\/www.moskito.cz\/de\/produkt\/zaviraci-nuz-benchmade-osborne-940-2\/","title":{"rendered":"Zav\u00edrac\u00ed N\u016f\u017e Benchmade Osborne 940-2"},"content":{"rendered":"<p>Zav\u00edrac\u00ed N\u016f\u017e <strong>Benchmade<\/strong> Osborne 940-2.<\/p>\n<p>Zav\u00edrac\u00ed n\u016f\u017e Benchmade Osborne 940-2 je vylep\u0161enou verz\u00ed legend\u00e1rn\u00edho modelu 940, kter\u00fd je zn\u00e1m\u00fd svou v\u0161estrannost\u00ed a skv\u011bl\u00fdm designem pro ka\u017edodenn\u00ed no\u0161en\u00ed (EDC). Tento model vynik\u00e1 v n\u011bkolika aspektech:<\/p>\n<p>Rukoje\u0165 : Rukoje\u0165 je vyrobena z 3D fr\u00e9zovan\u00e9ho G10 , co\u017e je vysoce odoln\u00fd, lehk\u00fd a p\u0159itom pevn\u00fd materi\u00e1l. Tento typ rukojeti zaji\u0161\u0165uje pohodln\u00fd a pevn\u00fd \u00fachop, co\u017e je pro ka\u017edodenn\u00ed no\u0161en\u00ed kl\u00ed\u010dov\u00e9.<\/p>\n<p>Backspacer : Design no\u017ee je otev\u0159en\u00fd d\u00edky backspaceru , co\u017e p\u0159isp\u00edv\u00e1 k ni\u017e\u0161\u00ed hmotnosti no\u017ee a zaji\u0161\u0165uje jeho \u00fadr\u017ebu.<\/p>\n<p>\u010cepel : N\u016f\u017e m\u00e1 \u010depel o d\u00e9lce 3,4 palce (86 mm) z kvalitn\u00ed oceli S30V , kter\u00e1 je zn\u00e1m\u00e1 svou dlouhou \u017eivotnost\u00ed a odolnost\u00ed v\u016f\u010di korozi. Tento typ oceli je vysoce v\u00fdkonn\u00fd a ide\u00e1ln\u00ed pro v\u0161echny typy \u0159ez\u00e1n\u00ed, a\u0165 u\u017e jde o ka\u017edodenn\u00ed \u00fakoly nebo t\u011b\u017e\u0161\u00ed pr\u00e1ce.<\/p>\n<p>Funk\u010dnost a design : Vylep\u0161en\u00fd, modern\u00ed vzhled no\u017ee pokra\u010duje v tradici modelu 940, kter\u00fd je zn\u00e1m\u00fd svou robustnost\u00ed a pohodln\u00fdm tvarem pro ka\u017edodenn\u00ed pou\u017eit\u00ed. D\u00edky syst\u00e9mu AXIS Lock je zav\u00edr\u00e1n\u00ed a otev\u00edr\u00e1n\u00ed \u010depele velmi hladk\u00e9 a bezpe\u010dn\u00e9.<\/p>\n<p>Osborne 940-2 je skv\u011bl\u00e1 volba pro ty, kte\u0159\u00ed hledaj\u00ed elegantn\u00ed, vysoce funk\u010dn\u00ed a odoln\u00fd n\u016f\u017e pro ka\u017edodenn\u00ed no\u0161en\u00ed.<\/p>\n<p>Vlastnosti:<br \/>\nUzamykac\u00ed mechanismus AXIS<br \/>\nReverzn\u00ed tanto \u010depel; oboustrann\u00fd otv\u00edr\u00e1k na dva palce<br \/>\nCPM-S30V pr\u00e9miov\u00e1 \u010depel z nerezov\u00e9 oceli (58-60HRC)<br \/>\nFr\u00e9zovan\u00e9 \u010dern\u00e9 rukojeti G10 s vylep\u0161enou ergonomi\u00ed a modern\u00ed estetikou<br \/>\nZelen\u011b eloxovan\u00e9 rozp\u011brky hlavn\u011b<br \/>\nOboustrann\u011b vykl\u00e1p\u011bc\u00ed kapesn\u00ed klip<\/p>\n<p>Specifikace:<br \/>\nD\u00e9lka \u010depele: 8,64 cm<br \/>\nTlou\u0161\u0165ka \u010depele: 2,92 mm<br \/>\nTlou\u0161\u0165ka rukojeti: 11,18 mm<br \/>\nOtev\u0159en\u00e1 d\u00e9lka: 19,99 cm<br \/>\nD\u00e9lka v zav\u0159en\u00e9m stavu: 11,35 cm<br \/>\nHmotnost: 2,65 oz. (75,1 g)<br \/>\nVyrobeno v USA<\/p>\n<p>&nbsp;<\/p>\n","protected":false},"excerpt":{"rendered":"<p><strong>Osborne 940-2 je skv\u011bl\u00e1 volba pro ty, kte\u0159\u00ed hledaj\u00ed elegantn\u00ed, vysoce funk\u010dn\u00ed a odoln\u00fd n\u016f\u017e pro ka\u017edodenn\u00ed no\u0161en\u00ed.<\/strong><\/p>\n<p><strong>Doprava zdarma.<\/strong><\/p>\n","protected":false},"featured_media":369726,"comment_status":"open","ping_status":"closed","template":"","meta":[],"pwb-brand":[3960],"product_brand":[],"product_cat":[22,17],"product_tag":[],"class_list":{"0":"post-369725","1":"product","2":"type-product","3":"status-publish","4":"has-post-thumbnail","6":"pwb-brand-benchmade","7":"product_cat-zaviraci-noze","8":"product_cat-noze","10":"first","11":"outofstock","12":"taxable","13":"shipping-taxable","14":"purchasable","15":"product-type-simple"},"brands":[{"id":3960,"name":"Benchmade","slug":"benchmade"}],"_links":{"self":[{"href":"https:\/\/www.moskito.cz\/de\/wp-json\/wp\/v2\/product\/369725","targetHints":{"allow":["GET"]}}],"collection":[{"href":"https:\/\/www.moskito.cz\/de\/wp-json\/wp\/v2\/product"}],"about":[{"href":"https:\/\/www.moskito.cz\/de\/wp-json\/wp\/v2\/types\/product"}],"replies":[{"embeddable":true,"href":"https:\/\/www.moskito.cz\/de\/wp-json\/wp\/v2\/comments?post=369725"}],"wp:featuredmedia":[{"embeddable":true,"href":"https:\/\/www.moskito.cz\/de\/wp-json\/wp\/v2\/media\/369726"}],"wp:attachment":[{"href":"https:\/\/www.moskito.cz\/de\/wp-json\/wp\/v2\/media?parent=369725"}],"wp:term":[{"taxonomy":"pwb-brand","embeddable":true,"href":"https:\/\/www.moskito.cz\/de\/wp-json\/wp\/v2\/pwb-brand?post=369725"},{"taxonomy":"product_brand","embeddable":true,"href":"https:\/\/www.moskito.cz\/de\/wp-json\/wp\/v2\/product_brand?post=369725"},{"taxonomy":"product_cat","embeddable":true,"href":"https:\/\/www.moskito.cz\/de\/wp-json\/wp\/v2\/product_cat?post=369725"},{"taxonomy":"product_tag","embeddable":true,"href":"https:\/\/www.moskito.cz\/de\/wp-json\/wp\/v2\/product_tag?post=369725"}],"curies":[{"name":"wp","href":"https:\/\/api.w.org\/{rel}","templated":true}]}}