{"id":369905,"date":"2024-11-11T21:17:32","date_gmt":"2024-11-11T20:17:32","guid":{"rendered":"https:\/\/www.moskito.cz\/?post_type=product&#038;p=369905"},"modified":"2025-10-02T19:30:31","modified_gmt":"2025-10-02T18:30:31","slug":"zaviraci-nuz-benchmade-bugout-axis-535-3","status":"publish","type":"product","link":"https:\/\/www.moskito.cz\/de\/produkt\/zaviraci-nuz-benchmade-bugout-axis-535-3\/","title":{"rendered":"Zav\u00edrac\u00ed N\u016f\u017e Benchmade Bugout AXIS 535-3"},"content":{"rendered":"<h1 data-start=\"40\" data-end=\"82\">Zav\u00edrac\u00ed n\u016f\u017e Benchmade Bugout AXIS 535-3<\/h1>\n<p data-start=\"84\" data-end=\"381\">Model <strong data-start=\"90\" data-end=\"121\">Benchmade Bugout AXIS 535-3<\/strong> je evoluc\u00ed jednoho z nejleh\u010d\u00edch a nejv\u00edce cen\u011bn\u00fdch zav\u00edrac\u00edch no\u017e\u016f na trhu. Vylep\u0161uje ji\u017e tak excelentn\u00ed \u0159adu Bugout o pr\u00e9miov\u00e9 materi\u00e1ly a designov\u00e9 detaily, kter\u00e9 z n\u011bj \u010din\u00ed ide\u00e1ln\u00ed volbu pro ka\u017edodenn\u00ed no\u0161en\u00ed (EDC), outdoorov\u00e9 aktivity i sb\u011bratelsk\u00e9 \u00fa\u010dely.<\/p>\n<p data-start=\"383\" data-end=\"704\">Tento model je vybaven \u010depel\u00ed z oceli <strong data-start=\"421\" data-end=\"433\">CPM-S90V<\/strong>, kter\u00e1 nab\u00edz\u00ed vynikaj\u00edc\u00ed odolnost proti opot\u0159eben\u00ed a dlouhou \u017eivotnost ost\u0159\u00ed. Rukoje\u0165 z <strong data-start=\"522\" data-end=\"543\">uhl\u00edkov\u00fdch vl\u00e1ken<\/strong> poskytuje nejen n\u00edzkou hmotnost, ale i vysokou pevnost a odolnost. Klasick\u00fd <strong data-start=\"620\" data-end=\"634\">AXIS\u00ae Lock<\/strong> mechanismus zaji\u0161\u0165uje bezpe\u010dn\u00e9 a plynul\u00e9 otev\u00edr\u00e1n\u00ed i zav\u00edr\u00e1n\u00ed \u010depele.<\/p>\n<p data-start=\"706\" data-end=\"892\">D\u00edky t\u011bmto vlastnostem je Benchmade Bugout 535-3 obl\u00edben\u00fdm n\u00e1strojem mezi outdoorov\u00fdmi nad\u0161enci, profesion\u00e1ly i sb\u011brateli, kte\u0159\u00ed hledaj\u00ed spolehliv\u00fd a kvalitn\u00ed n\u016f\u017e pro ka\u017edodenn\u00ed pou\u017eit\u00ed.<\/p>\n<hr data-start=\"894\" data-end=\"897\" \/>\n<p data-start=\"899\" data-end=\"927\">\ud83d\udd27 <strong data-start=\"902\" data-end=\"927\">Technick\u00e9 specifikace<\/strong><\/p>\n<ul data-start=\"929\" data-end=\"1361\">\n<li data-start=\"929\" data-end=\"971\">\n<p data-start=\"931\" data-end=\"971\"><strong data-start=\"931\" data-end=\"960\">Celkov\u00e1 d\u00e9lka (otev\u0159en\u00fd):<\/strong> 18,95 cm<\/p>\n<\/li>\n<li data-start=\"972\" data-end=\"1001\">\n<p data-start=\"974\" data-end=\"1001\"><strong data-start=\"974\" data-end=\"991\">D\u00e9lka \u010depele:<\/strong> 8,23 cm<\/p>\n<\/li>\n<li data-start=\"1002\" data-end=\"1034\">\n<p data-start=\"1004\" data-end=\"1034\"><strong data-start=\"1004\" data-end=\"1024\">Tlou\u0161\u0165ka \u010depele:<\/strong> 2,29 mm<\/p>\n<\/li>\n<li data-start=\"1035\" data-end=\"1073\">\n<p data-start=\"1037\" data-end=\"1073\"><strong data-start=\"1037\" data-end=\"1062\">D\u00e9lka zav\u0159en\u00e9ho no\u017ee:<\/strong> 10,72 cm<\/p>\n<\/li>\n<li data-start=\"1074\" data-end=\"1109\">\n<p data-start=\"1076\" data-end=\"1109\"><strong data-start=\"1076\" data-end=\"1098\">Tlou\u0161\u0165ka rukojeti:<\/strong> 10,46 mm<\/p>\n<\/li>\n<li data-start=\"1110\" data-end=\"1132\">\n<p data-start=\"1112\" data-end=\"1132\"><strong data-start=\"1112\" data-end=\"1125\">Hmotnost:<\/strong> 57 g<\/p>\n<\/li>\n<li data-start=\"1133\" data-end=\"1171\">\n<p data-start=\"1135\" data-end=\"1171\"><strong data-start=\"1135\" data-end=\"1155\">Materi\u00e1l \u010depele:<\/strong> CPM-S90V ocel<\/p>\n<\/li>\n<li data-start=\"1172\" data-end=\"1203\">\n<p data-start=\"1174\" data-end=\"1203\"><strong data-start=\"1174\" data-end=\"1190\">Tvar \u010depele:<\/strong> Drop-point<\/p>\n<\/li>\n<li data-start=\"1204\" data-end=\"1242\">\n<p data-start=\"1206\" data-end=\"1242\"><strong data-start=\"1206\" data-end=\"1234\">Povrchov\u00e1 \u00faprava \u010depele:<\/strong> Satin<\/p>\n<\/li>\n<li data-start=\"1243\" data-end=\"1285\">\n<p data-start=\"1245\" data-end=\"1285\"><strong data-start=\"1245\" data-end=\"1267\">Materi\u00e1l rukojeti:<\/strong> Uhl\u00edkov\u00e1 vl\u00e1kna<\/p>\n<\/li>\n<li data-start=\"1286\" data-end=\"1311\">\n<p data-start=\"1288\" data-end=\"1311\"><strong data-start=\"1288\" data-end=\"1298\">Z\u00e1mek:<\/strong> AXIS\u00ae Lock<\/p>\n<\/li>\n<li data-start=\"1312\" data-end=\"1361\">\n<p data-start=\"1314\" data-end=\"1361\"><strong data-start=\"1314\" data-end=\"1323\">Klip:<\/strong> Reverzibiln\u00ed, tip-up, hlubok\u00fd carry<\/p>\n<\/li>\n<\/ul>\n<hr data-start=\"1363\" data-end=\"1366\" \/>\n<p data-start=\"1368\" data-end=\"1387\">\u2705 <strong data-start=\"1370\" data-end=\"1387\">Hlavn\u00ed v\u00fdhody<\/strong><\/p>\n<ul data-start=\"1389\" data-end=\"1886\">\n<li data-start=\"1389\" data-end=\"1475\">\n<p data-start=\"1391\" data-end=\"1475\"><strong data-start=\"1391\" data-end=\"1410\">N\u00edzk\u00e1 hmotnost:<\/strong> S hmotnost\u00ed pouh\u00fdch 57 gram\u016f je ide\u00e1ln\u00ed pro ka\u017edodenn\u00ed no\u0161en\u00ed.<\/p>\n<\/li>\n<li data-start=\"1476\" data-end=\"1585\">\n<p data-start=\"1478\" data-end=\"1585\"><strong data-start=\"1478\" data-end=\"1498\">Vysok\u00e1 odolnost:<\/strong> CPM-S90V ocel nab\u00edz\u00ed vynikaj\u00edc\u00ed odolnost proti opot\u0159eben\u00ed a dlouhou \u017eivotnost ost\u0159\u00ed.<\/p>\n<\/li>\n<li data-start=\"1586\" data-end=\"1678\">\n<p data-start=\"1588\" data-end=\"1678\"><strong data-start=\"1588\" data-end=\"1611\">Ergonomick\u00fd design:<\/strong> Rukoje\u0165 z uhl\u00edkov\u00fdch vl\u00e1ken poskytuje pohodln\u00fd a bezpe\u010dn\u00fd \u00fachop.<\/p>\n<\/li>\n<li data-start=\"1679\" data-end=\"1777\">\n<p data-start=\"1681\" data-end=\"1777\"><strong data-start=\"1681\" data-end=\"1706\">Bezpe\u010dn\u00fd mechanismus:<\/strong> AXIS\u00ae Lock zaji\u0161\u0165uje bezpe\u010dn\u00e9 a plynul\u00e9 otev\u00edr\u00e1n\u00ed i zav\u00edr\u00e1n\u00ed \u010depele.<\/p>\n<\/li>\n<li data-start=\"1778\" data-end=\"1886\">\n<p data-start=\"1780\" data-end=\"1886\"><strong data-start=\"1780\" data-end=\"1804\">Univerz\u00e1ln\u00ed pou\u017eit\u00ed:<\/strong> Vhodn\u00fd pro \u0161irokou \u0161k\u00e1lu aktivit, od outdoorov\u00fdch \u010dinnost\u00ed po ka\u017edodenn\u00ed \u00fakoly.<\/p>\n<\/li>\n<\/ul>\n<hr data-start=\"1888\" data-end=\"1891\" \/>\n<p data-start=\"1893\" data-end=\"1913\">\u26a0\ufe0f <strong data-start=\"1896\" data-end=\"1913\">Mo\u017en\u00e1 omezen\u00ed<\/strong><\/p>\n<ul data-start=\"1915\" data-end=\"2128\">\n<li data-start=\"1915\" data-end=\"2029\">\n<p data-start=\"1917\" data-end=\"2029\"><strong data-start=\"1917\" data-end=\"1932\">Vy\u0161\u0161\u00ed cena:<\/strong> Vzhledem k pou\u017eit\u00fdm materi\u00e1l\u016fm a konstrukci m\u016f\u017ee b\u00fdt cena vy\u0161\u0161\u00ed ne\u017e u b\u011b\u017en\u00fdch zav\u00edrac\u00edch no\u017e\u016f.<\/p>\n<\/li>\n<li data-start=\"2030\" data-end=\"2128\">\n<p data-start=\"2032\" data-end=\"2128\"><strong data-start=\"2032\" data-end=\"2043\">\u00dadr\u017eba:<\/strong> Vy\u017eaduje pravidelnou \u00fadr\u017ebu, zejm\u00e9na pokud jde o mechanismus AXIS\u00ae a ost\u0159\u00ed \u010depele.<\/p>\n<\/li>\n<\/ul>\n<hr data-start=\"2130\" data-end=\"2133\" \/>\n<p data-start=\"2135\" data-end=\"2156\">\ud83d\udee0\ufe0f <strong data-start=\"2139\" data-end=\"2156\">\u00dadr\u017eba a p\u00e9\u010de<\/strong><\/p>\n<ul data-start=\"2158\" data-end=\"2456\">\n<li data-start=\"2158\" data-end=\"2252\">\n<p data-start=\"2160\" data-end=\"2252\"><strong data-start=\"2160\" data-end=\"2172\">\u010cistota:<\/strong> Po ka\u017ed\u00e9m pou\u017eit\u00ed je doporu\u010deno n\u016f\u017e o\u010distit a osu\u0161it, aby se p\u0159ede\u0161lo korozi.<\/p>\n<\/li>\n<li data-start=\"2253\" data-end=\"2355\">\n<p data-start=\"2255\" data-end=\"2355\"><strong data-start=\"2255\" data-end=\"2266\">Maz\u00e1n\u00ed:<\/strong> Pravideln\u011b promaz\u00e1vejte mechanismus AXIS\u00ae vhodn\u00fdm olejem pro zaji\u0161t\u011bn\u00ed hladk\u00e9ho chodu.<\/p>\n<\/li>\n<li data-start=\"2356\" data-end=\"2456\">\n<p data-start=\"2358\" data-end=\"2456\"><strong data-start=\"2358\" data-end=\"2371\">Brou\u0161en\u00ed:<\/strong> Pro udr\u017een\u00ed optim\u00e1ln\u00ed ostrosti pou\u017eijte kvalitn\u00ed brousek vhodn\u00fd pro ocel CPM-S90V.<\/p>\n<\/li>\n<\/ul>\n<hr data-start=\"2458\" data-end=\"2461\" \/>\n<p data-start=\"2463\" data-end=\"2484\">\ud83c\udfaf <strong data-start=\"2466\" data-end=\"2484\">Doporu\u010deno pro<\/strong><\/p>\n<ul data-start=\"2486\" data-end=\"2845\">\n<li data-start=\"2486\" data-end=\"2574\">\n<p data-start=\"2488\" data-end=\"2574\"><strong data-start=\"2488\" data-end=\"2512\">Outdoorov\u00e9 nad\u0161ence:<\/strong> Ide\u00e1ln\u00ed pro kempov\u00e1n\u00ed, turistiku a dal\u0161\u00ed venkovn\u00ed aktivity.<\/p>\n<\/li>\n<li data-start=\"2575\" data-end=\"2678\">\n<p data-start=\"2577\" data-end=\"2678\"><strong data-start=\"2577\" data-end=\"2594\">Profesion\u00e1ly:<\/strong> Vhodn\u00fd pro pracovn\u00edky v n\u00e1ro\u010dn\u00fdch podm\u00ednk\u00e1ch, kte\u0159\u00ed pot\u0159ebuj\u00ed spolehliv\u00fd n\u00e1stroj.<\/p>\n<\/li>\n<li data-start=\"2679\" data-end=\"2779\">\n<p data-start=\"2681\" data-end=\"2779\"><strong data-start=\"2681\" data-end=\"2695\">Sb\u011bratele:<\/strong> D\u00edky unik\u00e1tn\u00edmu designu a kvalitn\u00edmu zpracov\u00e1n\u00ed je atraktivn\u00ed pro sb\u011bratele no\u017e\u016f.<\/p>\n<\/li>\n<li data-start=\"2780\" data-end=\"2845\">\n<p data-start=\"2782\" data-end=\"2845\"><strong data-start=\"2782\" data-end=\"2805\">Ka\u017edodenn\u00ed pou\u017eit\u00ed:<\/strong> Vhodn\u00fd pro ka\u017edodenn\u00ed \u00fakoly a no\u0161en\u00ed.<\/p>\n<\/li>\n<\/ul>\n<hr data-start=\"2847\" data-end=\"2850\" \/>\n<p data-start=\"2852\" data-end=\"2877\">\u2b50 <strong data-start=\"2854\" data-end=\"2877\">Z\u00e1v\u011bre\u010dn\u00e9 hodnocen\u00ed<\/strong><\/p>\n<p data-start=\"2879\" data-end=\"3223\">Benchmade Bugout 535-3 je vynikaj\u00edc\u00ed volbou pro ty, kte\u0159\u00ed hledaj\u00ed lehk\u00fd, odoln\u00fd a kvalitn\u00ed n\u016f\u017e pro ka\u017edodenn\u00ed no\u0161en\u00ed i n\u00e1ro\u010dn\u011bj\u0161\u00ed \u00fakoly. Spojuje \u0161pi\u010dkov\u00e9 materi\u00e1ly, precizn\u00ed zpracov\u00e1n\u00ed a inovativn\u00ed design, co\u017e z n\u011bj \u010din\u00ed ide\u00e1ln\u00ed n\u00e1stroj pro \u0161irokou \u0161k\u00e1lu aktivit. Pokud hled\u00e1te spolehliv\u00fd a odoln\u00fd n\u016f\u017e, Bugout 535-3 rozhodn\u011b stoj\u00ed za zv\u00e1\u017een\u00ed.<\/p>\n<p>&nbsp;<\/p>\n","protected":false},"excerpt":{"rendered":"<p><strong>Model Benchmade Bugout 535-3 p\u0159edstavuje \u0161pi\u010dkov\u00fd ultralehk\u00fd kapesn\u00ed n\u016f\u017e, kter\u00fd vylep\u0161uje ji\u017e tak vysoce cen\u011bnou \u0159adu Bugout. Tento n\u016f\u017e nab\u00edz\u00ed n\u011bkolik v\u00fdznamn\u00fdch vylep\u0161en\u00ed oproti p\u0159edchoz\u00edm verz\u00edm, \u010d\u00edm\u017e se st\u00e1v\u00e1 je\u0161t\u011b kvalitn\u011bj\u0161\u00ed volbou pro milovn\u00edky EDC (Everyday Carry) no\u017e\u016f.<\/strong><\/p>\n<p><strong>Doprava zdarma.<\/strong><\/p>\n","protected":false},"featured_media":369906,"comment_status":"open","ping_status":"closed","template":"","meta":[],"pwb-brand":[3960],"product_brand":[],"product_cat":[22,17],"product_tag":[],"class_list":{"0":"post-369905","1":"product","2":"type-product","3":"status-publish","4":"has-post-thumbnail","6":"pwb-brand-benchmade","7":"product_cat-zaviraci-noze","8":"product_cat-noze","10":"first","11":"outofstock","12":"taxable","13":"shipping-taxable","14":"purchasable","15":"product-type-simple"},"brands":[{"id":3960,"name":"Benchmade","slug":"benchmade"}],"_links":{"self":[{"href":"https:\/\/www.moskito.cz\/de\/wp-json\/wp\/v2\/product\/369905","targetHints":{"allow":["GET"]}}],"collection":[{"href":"https:\/\/www.moskito.cz\/de\/wp-json\/wp\/v2\/product"}],"about":[{"href":"https:\/\/www.moskito.cz\/de\/wp-json\/wp\/v2\/types\/product"}],"replies":[{"embeddable":true,"href":"https:\/\/www.moskito.cz\/de\/wp-json\/wp\/v2\/comments?post=369905"}],"wp:featuredmedia":[{"embeddable":true,"href":"https:\/\/www.moskito.cz\/de\/wp-json\/wp\/v2\/media\/369906"}],"wp:attachment":[{"href":"https:\/\/www.moskito.cz\/de\/wp-json\/wp\/v2\/media?parent=369905"}],"wp:term":[{"taxonomy":"pwb-brand","embeddable":true,"href":"https:\/\/www.moskito.cz\/de\/wp-json\/wp\/v2\/pwb-brand?post=369905"},{"taxonomy":"product_brand","embeddable":true,"href":"https:\/\/www.moskito.cz\/de\/wp-json\/wp\/v2\/product_brand?post=369905"},{"taxonomy":"product_cat","embeddable":true,"href":"https:\/\/www.moskito.cz\/de\/wp-json\/wp\/v2\/product_cat?post=369905"},{"taxonomy":"product_tag","embeddable":true,"href":"https:\/\/www.moskito.cz\/de\/wp-json\/wp\/v2\/product_tag?post=369905"}],"curies":[{"name":"wp","href":"https:\/\/api.w.org\/{rel}","templated":true}]}}