{"id":373221,"date":"2024-11-17T20:19:57","date_gmt":"2024-11-17T19:19:57","guid":{"rendered":"https:\/\/www.moskito.cz\/?post_type=product&#038;p=373221"},"modified":"2026-01-11T12:45:52","modified_gmt":"2026-01-11T11:45:52","slug":"zaviraci-nuz-benchmade-bailout-axis-537gy-1","status":"publish","type":"product","link":"https:\/\/www.moskito.cz\/de\/produkt\/zaviraci-nuz-benchmade-bailout-axis-537gy-1\/","title":{"rendered":"Zav\u00edrac\u00ed N\u016f\u017e Benchmade Bailout AXIS 537GY-1"},"content":{"rendered":"<p>Zav\u00edrac\u00ed N\u016f\u017e <strong>Benchmade<\/strong> Bailout AXIS 537GY-1.<\/p>\n<p>Zav\u00edrac\u00ed n\u016f\u017e Benchmade 537GY-1 Bailout je ur\u010den pro ty, kte\u0159\u00ed pot\u0159ebuj\u00ed lehk\u00fd a p\u0159itom robustn\u00ed n\u00e1stroj. Kombinuje vysoce v\u00fdkonn\u00e9 materi\u00e1ly a elegantn\u00ed design, tak\u017ee je ide\u00e1ln\u00ed pro v\u00e1\u017en\u00e9 outdoorov\u00e9 nad\u0161ence nebo taktick\u00e9 pou\u017eit\u00ed. Zde je podrobn\u00fd rozpis jeho funkc\u00ed:<\/p>\n<p>Kl\u00ed\u010dov\u00e9 vlastnosti:<br \/>\nMateri\u00e1l \u010depele : 537GY-1 Bailout je vybaven \u010depel\u00ed tanto ze supern\u00e1strojov\u00e9 oceli CPM-M4 (62-64 HRC), kter\u00e1 je zn\u00e1m\u00e1 pro sv\u00e9 vynikaj\u00edc\u00ed zachov\u00e1n\u00ed ost\u0159\u00ed a hou\u017eevnatost.<br \/>\nStyl \u010depele : \u010cepel tanto m\u00e1 jedine\u010dn\u00fd tvar inspirovan\u00fd japonsk\u00fdmi no\u017ei tanto, navr\u017een\u00fd tak, aby zvy\u0161oval s\u00edlu hrotu a p\u0159itom st\u00e1le poskytoval skv\u011bl\u00fd \u0159ezn\u00fd v\u00fdkon.<br \/>\nRukoje\u0165 : M\u00e1 rukojeti z eloxovan\u00e9ho hlin\u00edku Woodland Green vyroben\u00e9 z odoln\u00e9ho hlin\u00edku 6061-T6, kter\u00fd nab\u00edz\u00ed robustn\u00ed, ale lehk\u00fd pocit.<br \/>\nZamykac\u00ed mechanismus : N\u016f\u017e vyu\u017e\u00edv\u00e1 AXIS Lock , dob\u0159e uzn\u00e1van\u00fd zamykac\u00ed syst\u00e9m, kter\u00fd nab\u00edz\u00ed hladk\u00fd chod a bezpe\u010dn\u00e9 uchycen\u00ed \u010depele.<br \/>\nNo\u0161en\u00ed a pohodl\u00ed : N\u016f\u017e je vybaven hlubokou kapesn\u00ed sponou pro pou\u017eit\u00ed prav\u00e1ky i lev\u00e1ky a obsahuje rozb\u00edje\u010d skla s tvrdokovov\u00fdm hrotem pro nouzov\u00e9 situace.<br \/>\nCelkov\u00e9 rozm\u011bry :<br \/>\nD\u00e9lka \u010depele: 3,38&#8243; (8,59 cm)<br \/>\nCelkov\u00e1 d\u00e9lka: 8,07&#8243; (20,50 cm)<br \/>\nD\u00e9lka v zav\u0159en\u00e9m stavu: 4,71&#8243; (11,96 cm)<br \/>\nTlou\u0161\u0165ka \u010depele: 0,090&#8243; (2,29 mm)<br \/>\nTlou\u0161\u0165ka rukojeti: 0,41&#8243; (10,41 mm)<br \/>\nHmotnost : 2,70 oz. (76,54 g), d\u00edky \u010demu\u017e je lehk\u00fd a snadno se p\u0159en\u00e1\u0161\u00ed.<br \/>\nVyrobeno v USA : N\u016f\u017e je vyroben ve Spojen\u00fdch st\u00e1tech, co\u017e zaji\u0161\u0165uje vysoce kvalitn\u00ed \u0159emesln\u00e9 zpracov\u00e1n\u00ed.<br \/>\nDesign a v\u00fdkon:<br \/>\nProfil \u010depele tanto se li\u0161\u00ed od stylu drop-point pou\u017e\u00edvan\u00e9ho u tradi\u010dn\u00edch no\u017e\u016f Bugout. Nab\u00edz\u00ed siln\u011bj\u0161\u00ed hrot, kter\u00fd je ide\u00e1ln\u00ed pro propichovac\u00ed \u00fakoly, p\u0159i zachov\u00e1n\u00ed \u00fa\u010dinnosti \u0159ez\u00e1n\u00ed. Konstrukce Bailout je zvl\u00e1\u0161t\u011b vhodn\u00e1 pro u\u017eivatele, kte\u0159\u00ed pot\u0159ebuj\u00ed rovnov\u00e1hu mezi pevnost\u00ed a v\u0161estrannost\u00ed.<\/p>\n<p>Tento n\u016f\u017e je vybaven povrchovou \u00fapravou Tungsten Grey Cerakote , kter\u00e1 zlep\u0161uje odolnost \u010depele proti opot\u0159eben\u00ed a korozi a d\u00e1le zvy\u0161uje jej\u00ed \u017eivotnost.<\/p>\n<p>Stru\u010dn\u011b \u0159e\u010deno, Benchmade 537GY-1 Bailout je vysoce v\u00fdkonn\u00fd, taktick\u00fd n\u016f\u017e s robustn\u00edmi funkcemi, d\u00edky \u010demu\u017e je skv\u011blou volbou pro ka\u017ed\u00e9ho, kdo hled\u00e1 odoln\u00fd, lehk\u00fd n\u00e1stroj, kter\u00fd dob\u0159e funguje v n\u00e1ro\u010dn\u00fdch podm\u00ednk\u00e1ch.<\/p>\n","protected":false},"excerpt":{"rendered":"<p><strong>Zav\u00edrac\u00ed n\u016f\u017e Benchmade 537GY-1 Bailout je ur\u010den pro ty, kte\u0159\u00ed pot\u0159ebuj\u00ed lehk\u00fd a p\u0159itom robustn\u00ed n\u00e1stroj. Kombinuje vysoce v\u00fdkonn\u00e9 materi\u00e1ly a elegantn\u00ed design, tak\u017ee je ide\u00e1ln\u00ed pro v\u00e1\u017en\u00e9 outdoorov\u00e9 nad\u0161ence nebo taktick\u00e9 pou\u017eit\u00ed.<\/strong><\/p>\n<p><strong>Doprava zdarma.<\/strong><\/p>\n","protected":false},"featured_media":373222,"comment_status":"open","ping_status":"closed","template":"","meta":[],"pwb-brand":[3960],"product_brand":[],"product_cat":[22,17],"product_tag":[],"class_list":{"0":"post-373221","1":"product","2":"type-product","3":"status-publish","4":"has-post-thumbnail","6":"pwb-brand-benchmade","7":"product_cat-zaviraci-noze","8":"product_cat-noze","10":"first","11":"outofstock","12":"taxable","13":"shipping-taxable","14":"purchasable","15":"product-type-simple"},"brands":[{"id":3960,"name":"Benchmade","slug":"benchmade"}],"_links":{"self":[{"href":"https:\/\/www.moskito.cz\/de\/wp-json\/wp\/v2\/product\/373221","targetHints":{"allow":["GET"]}}],"collection":[{"href":"https:\/\/www.moskito.cz\/de\/wp-json\/wp\/v2\/product"}],"about":[{"href":"https:\/\/www.moskito.cz\/de\/wp-json\/wp\/v2\/types\/product"}],"replies":[{"embeddable":true,"href":"https:\/\/www.moskito.cz\/de\/wp-json\/wp\/v2\/comments?post=373221"}],"wp:featuredmedia":[{"embeddable":true,"href":"https:\/\/www.moskito.cz\/de\/wp-json\/wp\/v2\/media\/373222"}],"wp:attachment":[{"href":"https:\/\/www.moskito.cz\/de\/wp-json\/wp\/v2\/media?parent=373221"}],"wp:term":[{"taxonomy":"pwb-brand","embeddable":true,"href":"https:\/\/www.moskito.cz\/de\/wp-json\/wp\/v2\/pwb-brand?post=373221"},{"taxonomy":"product_brand","embeddable":true,"href":"https:\/\/www.moskito.cz\/de\/wp-json\/wp\/v2\/product_brand?post=373221"},{"taxonomy":"product_cat","embeddable":true,"href":"https:\/\/www.moskito.cz\/de\/wp-json\/wp\/v2\/product_cat?post=373221"},{"taxonomy":"product_tag","embeddable":true,"href":"https:\/\/www.moskito.cz\/de\/wp-json\/wp\/v2\/product_tag?post=373221"}],"curies":[{"name":"wp","href":"https:\/\/api.w.org\/{rel}","templated":true}]}}