{"id":373978,"date":"2024-11-19T07:37:25","date_gmt":"2024-11-19T06:37:25","guid":{"rendered":"https:\/\/www.moskito.cz\/?post_type=product&#038;p=373978"},"modified":"2025-05-07T11:26:23","modified_gmt":"2025-05-07T10:26:23","slug":"zaviraci-nuz-benchmade-mini-bugout-533bk-1","status":"publish","type":"product","link":"https:\/\/www.moskito.cz\/de\/produkt\/zaviraci-nuz-benchmade-mini-bugout-533bk-1\/","title":{"rendered":"Zav\u00edrac\u00ed N\u016f\u017e Benchmade Mini Bugout 533BK-1"},"content":{"rendered":"<p>Zav\u00edrac\u00ed N\u016f\u017e <strong>Benchmade<\/strong> Mini Bugout 533BK-1.<\/p>\n<p><strong>Benchmade 533 Mini<\/strong> Bugout je kompaktn\u00ed a lehk\u00fd n\u016f\u017e, kter\u00fd z\u00edskal oblibu sv\u00e9 v\u0161estrannosti, kvalit\u011b zpracov\u00e1n\u00ed a snadn\u00e9mu p\u0159en\u00e1\u0161en\u00ed. Nab\u00edz\u00ed stejnou kvalitu materi\u00e1l\u016f a funk\u010dnost jako v\u011bt\u0161\u00ed modely Bugout, ale ve v\u00fdrazn\u011b men\u0161\u00edm a leh\u010d\u00edm balen\u00ed. N\u00ed\u017ee jsou shrnut\u00ed kl\u00ed\u010dov\u00fdch vlastnost\u00ed a specifikac\u00ed:<\/p>\n<p>Kl\u00ed\u010dov\u00e9 vlastnosti:<br \/>\nMechanismus uzam\u010den\u00ed: AXIS, obl\u00edben\u00fd pro svou hladkou funkci a bezpe\u010dnost.<br \/>\nMateri\u00e1l \u010depele: CPM-S30V, vysoce kvalitn\u00ed nerezov\u00e1 ocel s tvrdost\u00ed 58-60 HRC, pokryt\u00e1 \u010dernou Cerakotou vrstvou pro odolnost proti opot\u0159eben\u00ed a korozi.<br \/>\nStyl \u010depele: Drop Point, ide\u00e1ln\u00ed pro univerz\u00e1ln\u00ed vyu\u017eit\u00ed.<br \/>\nRukoje\u0165: Vyrobena z odoln\u00e9ho materi\u00e1lu Grivory s hlin\u00edkov\u00fdmi podlo\u017ekami, co\u017e zaji\u0161\u0165uje pevnost p\u0159i zachov\u00e1n\u00ed n\u00edzk\u00e9 hmotnosti.<br \/>\nHmotnost: Ultra lehk\u00fd s t\u00e9m\u011b\u0159i 1,5 unce (42,52 g).<br \/>\nP\u0159enosnost: Kompaktn\u00ed design s oboustrann\u00fdm kapesn\u00edm klipem z \u010dern\u00e9 oxidovan\u00e9 oceli.<br \/>\nSpecifikace:<br \/>\nD\u00e9lka \u010depele: 7,16 cm<br \/>\nTlou\u0161\u0165ka \u010depele: 2,286 mm<br \/>\nTlou\u0161\u0165ka rukojeti: 10,46 mm<br \/>\nCelkov\u00e1 d\u00e9lka (otev\u0159en\u00fd): 16,48 cm<br \/>\nD\u00e9lka v zav\u0159en\u00e9m stavu: 9,41 cm<br \/>\nT\u0159\u00edda: Modr\u00e1 (zna\u010d\u00ed vy\u0161\u0161\u00ed \u00farove\u0148 kvality produkt\u016f Benchmade)<br \/>\nVyrobeno v: USA<br \/>\nDostupn\u00e9 barevn\u00e9 varianty:<br \/>\n\u010cern\u00e1 \u010depel, b\u00edl\u00e1 rukoje\u0165: Minimalistick\u00fd a modern\u00ed design.<br \/>\nDal\u0161\u00ed barevn\u00e9 kombinace: Z\u00e1le\u017e\u00ed na konkr\u00e9tn\u00ed nab\u00eddce (mo\u017en\u00e1 je varianta oran\u017eov\u00e1 nebo \u010dern\u00e1).<br \/>\nMini Bugout je ide\u00e1ln\u00ed volbou pro ty, kte\u0159\u00ed hledaj\u00ed n\u016f\u017e s plnou funk\u010dnost\u00ed v minimalistick\u00e9m proveden\u00ed, co\u017e ocen\u00ed zejm\u00e9na outdoorov\u00e9 nad\u0161ence a ka\u017edodenn\u00ed u\u017eivatel\u00e9.<\/p>\n","protected":false},"excerpt":{"rendered":"<p><strong>Mini Bugout je ide\u00e1ln\u00ed volbou pro ty, kte\u0159\u00ed hledaj\u00ed n\u016f\u017e s plnou funk\u010dnost\u00ed v minimalistick\u00e9m proveden\u00ed, co\u017e ocen\u00ed zejm\u00e9na outdoorov\u00e9 nad\u0161ence a ka\u017edodenn\u00ed u\u017eivatel\u00e9.<\/strong><\/p>\n<p><strong>Doprava zdarma.<\/strong><\/p>\n","protected":false},"featured_media":373979,"comment_status":"open","ping_status":"closed","template":"","meta":[],"pwb-brand":[3960],"product_brand":[],"product_cat":[22,17],"product_tag":[],"class_list":{"0":"post-373978","1":"product","2":"type-product","3":"status-publish","4":"has-post-thumbnail","6":"pwb-brand-benchmade","7":"product_cat-zaviraci-noze","8":"product_cat-noze","10":"first","11":"instock","12":"taxable","13":"shipping-taxable","14":"purchasable","15":"product-type-simple"},"brands":[{"id":3960,"name":"Benchmade","slug":"benchmade"}],"_links":{"self":[{"href":"https:\/\/www.moskito.cz\/de\/wp-json\/wp\/v2\/product\/373978","targetHints":{"allow":["GET"]}}],"collection":[{"href":"https:\/\/www.moskito.cz\/de\/wp-json\/wp\/v2\/product"}],"about":[{"href":"https:\/\/www.moskito.cz\/de\/wp-json\/wp\/v2\/types\/product"}],"replies":[{"embeddable":true,"href":"https:\/\/www.moskito.cz\/de\/wp-json\/wp\/v2\/comments?post=373978"}],"wp:featuredmedia":[{"embeddable":true,"href":"https:\/\/www.moskito.cz\/de\/wp-json\/wp\/v2\/media\/373979"}],"wp:attachment":[{"href":"https:\/\/www.moskito.cz\/de\/wp-json\/wp\/v2\/media?parent=373978"}],"wp:term":[{"taxonomy":"pwb-brand","embeddable":true,"href":"https:\/\/www.moskito.cz\/de\/wp-json\/wp\/v2\/pwb-brand?post=373978"},{"taxonomy":"product_brand","embeddable":true,"href":"https:\/\/www.moskito.cz\/de\/wp-json\/wp\/v2\/product_brand?post=373978"},{"taxonomy":"product_cat","embeddable":true,"href":"https:\/\/www.moskito.cz\/de\/wp-json\/wp\/v2\/product_cat?post=373978"},{"taxonomy":"product_tag","embeddable":true,"href":"https:\/\/www.moskito.cz\/de\/wp-json\/wp\/v2\/product_tag?post=373978"}],"curies":[{"name":"wp","href":"https:\/\/api.w.org\/{rel}","templated":true}]}}