{"id":374839,"date":"2024-11-19T23:51:14","date_gmt":"2024-11-19T22:51:14","guid":{"rendered":"https:\/\/www.moskito.cz\/?post_type=product&#038;p=374839"},"modified":"2025-05-07T11:26:27","modified_gmt":"2025-05-07T10:26:27","slug":"pevny-nuz-benchmade-socp-185bk","status":"publish","type":"product","link":"https:\/\/www.moskito.cz\/de\/produkt\/pevny-nuz-benchmade-socp-185bk\/","title":{"rendered":"Pevn\u00fd N\u016f\u017e Benchmade SOCP 185BK"},"content":{"rendered":"<p>Pevn\u00fd N\u016f\u017e <strong>Benchmade<\/strong> SOCP 185BK.<\/p>\n<p>BM185BK: 185BK pevn\u00e1 \u010depel SOCP od Benchmade<\/p>\n<p>Pevn\u00e1 \u010depel 185BK SOCP, navr\u017een\u00e1 pro vojensk\u00fd a speci\u00e1ln\u00ed opera\u010dn\u00ed person\u00e1l, je \u0161pi\u010dkov\u00fd obrann\u00fd n\u00e1stroj navr\u017een\u00fd tak, aby vydr\u017eel ty nejn\u00e1ro\u010dn\u011bj\u0161\u00ed podm\u00ednky. Tento n\u016f\u017e , vyvinut\u00fd ve spolupr\u00e1ci s Gregem Thompsonem , na z\u00e1klad\u011b rozs\u00e1hl\u00e9 zp\u011btn\u00e9 vazby komunity SOCP, je navr\u017een pro v\u00fdkon v extr\u00e9mn\u00edch situac\u00edch. Jeho \u0161t\u00edhl\u00e1 a lehk\u00e1 konstrukce v kombinaci s mimo\u0159\u00e1dnou odolnost\u00ed oceli CPM-3V zaji\u0161\u0165uje spolehlivost bez kompromis\u016f.<\/p>\n<p>Kl\u00ed\u010dov\u00e9 vlastnosti a specifikace<br \/>\nD\u00e9lka \u010depele : 18,06 cm<\/p>\n<p>D\u00e9lka rukojeti : 11,43 cm<\/p>\n<p>Celkov\u00e1 d\u00e9lka : 29,81 cm<\/p>\n<p>Materi\u00e1l \u010depele : N\u00e1strojov\u00e1 ocel CPM-3V , zn\u00e1m\u00e1 svou hou\u017eevnatost\u00ed a odolnost\u00ed proti opot\u0159eben\u00ed.<\/p>\n<p>Tlou\u0161\u0165ka \u010depele : 3,81 mm<\/p>\n<p>Tvrdost : 57-59 HRC pro optim\u00e1ln\u00ed udr\u017een\u00ed hran a odolnost.<\/p>\n<p>Styl \u010depele : D\u00fdka se dv\u011bma b\u0159ity pro v\u0161estrannost v boji.<\/p>\n<p>Brou\u0161en\u00ed \u010depele : Ploch\u00e9, zlep\u0161uj\u00edc\u00ed schopnosti propichov\u00e1n\u00ed.<\/p>\n<p>Povrchov\u00e1 \u00faprava \u010depele : Kobaltov\u00e1 \u010dern\u00e1, sni\u017euj\u00edc\u00ed odrazivost.<\/p>\n<p>Materi\u00e1l rukojeti : \u010cern\u00e1 G10 , nab\u00edz\u00ed lehk\u00fd a bezpe\u010dn\u00fd \u00fachop.<\/p>\n<p>Tlou\u0161\u0165ka rukojeti : 10,92 mm<\/p>\n<p>Materi\u00e1l pl\u00e1\u0161t\u011b : PIM (Precision Injection Molded) plast, zaji\u0161\u0165uj\u00edc\u00ed odolnost a bezpe\u010dn\u00e9 no\u0161en\u00ed.<\/p>\n<p>Hmotnost : 163,86 g s d\u016frazem na p\u0159enositelnost.<\/p>\n<p>Navrhn\u011bte a postavte<br \/>\nElegantn\u00ed a p\u0159itom robustn\u00ed design no\u017ee umo\u017e\u0148uje efektivn\u00ed pou\u017eit\u00ed ve st\u00edsn\u011bn\u00fdch prostor\u00e1ch a drsn\u00e9m prost\u0159ed\u00ed. Dvoub\u0159it\u00e1 \u010depel zaji\u0161\u0165uje p\u0159ipravenost pro \u00fato\u010dn\u00e9 i obrann\u00e9 sc\u00e9n\u00e1\u0159e. Ergonomick\u00e1 rukoje\u0165 G10 poskytuje pevn\u00fd \u00fachop i v n\u00e1ro\u010dn\u00fdch podm\u00ednk\u00e1ch, zat\u00edmco vlastn\u00ed pouzdro poskytuje v\u0161estrann\u00e9 mo\u017enosti p\u0159en\u00e1\u0161en\u00ed.<\/p>\n<p>Aplikace<br \/>\n185BK je v\u00edc ne\u017e jen bojov\u00fd n\u016f\u017e \u2013 je to v\u00edce\u00fa\u010delov\u00fd n\u00e1stroj pro p\u0159e\u017eit\u00ed, kter\u00fd vynik\u00e1 v situac\u00edch, kde je s\u00edla a spolehlivost prvo\u0159ad\u00e1. A\u0165 u\u017e jde o operace v ter\u00e9nu nebo pro sebeobranu, je zkonstruov\u00e1n tak, aby fungoval bez selh\u00e1n\u00ed.<\/p>\n<p>\u0158emesln\u00e1 zru\u010dnost<\/p>\n<p>185BK, hrd\u011b vyroben\u00fd v USA , odr\u00e1\u017e\u00ed z\u00e1vazek spole\u010dnosti Benchmade ke kvalit\u011b a inovac\u00edm.<\/p>\n<p>Tento n\u016f\u017e nen\u00ed jen n\u00e1stroj \u2013 je to d\u016fv\u011bryhodn\u00fd spole\u010dn\u00edk pro profesion\u00e1ly, kte\u0159\u00ed po\u017eaduj\u00ed to nejlep\u0161\u00ed.<\/p>\n<p>&nbsp;<\/p>\n<p>&nbsp;<\/p>\n","protected":false},"excerpt":{"rendered":"<p><strong>185BK je v\u00edc ne\u017e jen bojov\u00fd n\u016f\u017e \u2013 je to v\u00edce\u00fa\u010delov\u00fd n\u00e1stroj pro p\u0159e\u017eit\u00ed, kter\u00fd vynik\u00e1 v situac\u00edch, kde je s\u00edla a spolehlivost prvo\u0159ad\u00e1. A\u0165 u\u017e jde o operace v ter\u00e9nu nebo pro sebeobranu, je zkonstruov\u00e1n tak, aby fungoval bez selh\u00e1n\u00ed.<\/strong><\/p>\n<p><strong>Doprava zdarma.<\/strong><\/p>\n","protected":false},"featured_media":374840,"comment_status":"open","ping_status":"closed","template":"","meta":[],"pwb-brand":[3960],"product_brand":[],"product_cat":[23,17],"product_tag":[],"class_list":{"0":"post-374839","1":"product","2":"type-product","3":"status-publish","4":"has-post-thumbnail","6":"pwb-brand-benchmade","7":"product_cat-pevne-noze","8":"product_cat-noze","10":"first","11":"outofstock","12":"taxable","13":"shipping-taxable","14":"purchasable","15":"product-type-simple"},"brands":[{"id":3960,"name":"Benchmade","slug":"benchmade"}],"_links":{"self":[{"href":"https:\/\/www.moskito.cz\/de\/wp-json\/wp\/v2\/product\/374839","targetHints":{"allow":["GET"]}}],"collection":[{"href":"https:\/\/www.moskito.cz\/de\/wp-json\/wp\/v2\/product"}],"about":[{"href":"https:\/\/www.moskito.cz\/de\/wp-json\/wp\/v2\/types\/product"}],"replies":[{"embeddable":true,"href":"https:\/\/www.moskito.cz\/de\/wp-json\/wp\/v2\/comments?post=374839"}],"wp:featuredmedia":[{"embeddable":true,"href":"https:\/\/www.moskito.cz\/de\/wp-json\/wp\/v2\/media\/374840"}],"wp:attachment":[{"href":"https:\/\/www.moskito.cz\/de\/wp-json\/wp\/v2\/media?parent=374839"}],"wp:term":[{"taxonomy":"pwb-brand","embeddable":true,"href":"https:\/\/www.moskito.cz\/de\/wp-json\/wp\/v2\/pwb-brand?post=374839"},{"taxonomy":"product_brand","embeddable":true,"href":"https:\/\/www.moskito.cz\/de\/wp-json\/wp\/v2\/product_brand?post=374839"},{"taxonomy":"product_cat","embeddable":true,"href":"https:\/\/www.moskito.cz\/de\/wp-json\/wp\/v2\/product_cat?post=374839"},{"taxonomy":"product_tag","embeddable":true,"href":"https:\/\/www.moskito.cz\/de\/wp-json\/wp\/v2\/product_tag?post=374839"}],"curies":[{"name":"wp","href":"https:\/\/api.w.org\/{rel}","templated":true}]}}