{"id":375207,"date":"2024-11-20T21:10:38","date_gmt":"2024-11-20T20:10:38","guid":{"rendered":"https:\/\/www.moskito.cz\/?post_type=product&#038;p=375207"},"modified":"2025-05-07T11:26:29","modified_gmt":"2025-05-07T10:26:29","slug":"zaviraci-nuz-fox-knives-irves-fx-532","status":"publish","type":"product","link":"https:\/\/www.moskito.cz\/de\/produkt\/zaviraci-nuz-fox-knives-irves-fx-532\/","title":{"rendered":"Zav\u00edrac\u00ed N\u016f\u017e Fox Knives IRVES FX-532"},"content":{"rendered":"<p>Zav\u00edrac\u00ed N\u016f\u017e <strong>Fox Knives<\/strong> IRVES FX-532.<\/p>\n<p>N\u016f\u017e FKMD Irves Fox od Fox Knives je navr\u017een pro taktick\u00e9 sc\u00e9n\u00e1\u0159e, kter\u00e9 vy\u017eaduj\u00ed rychl\u00e9 zm\u011bny \u00fachopu. N\u00ed\u017ee jsou uvedeny podrobn\u00e9 specifikace a funkce:<\/p>\n<p>Kl\u00ed\u010dov\u00e9 vlastnosti:<br \/>\nRukoje\u0165 : Texturovan\u00e1 \u010dern\u00e1 G10, s dr\u00e1\u017ekami pro \u00fachop vp\u0159ed a vzad, spolu se st\u0159edovou \u0161t\u011brbinou pro rychl\u00e9 p\u0159echody. Rukoje\u0165 je tak\u00e9 vybavena op\u011brkou palce na zadn\u00ed stran\u011b \u010depele pro jemn\u011bj\u0161\u00ed \u00fakoly.<br \/>\n\u010cepel : \u0160irok\u00e1, zak\u0159iven\u00e1 3,35&#8243; \u010depel je vyrobena z oceli B\u00f6hler N690 , vysoce kvalitn\u00ed nerezov\u00e9 oceli legovan\u00e9 kobaltem, kter\u00e1 je zn\u00e1m\u00e1 svou spolehlivost\u00ed a vynikaj\u00edc\u00edm v\u00fdkonem ve srovn\u00e1n\u00ed s 440C. \u010cern\u011b pota\u017een\u00e1 \u010depel m\u00e1 dramatick\u00fd estetick\u00fd vzhled s funk\u010dn\u00edm sp\u00e1dem. bodov\u00fd tvar.<br \/>\nMechanismus ploutve : Rychle se otev\u00edr\u00e1 pomoc\u00ed ploutve, kter\u00fd slou\u017e\u00ed jako chr\u00e1ni\u010d prst\u016f a zvy\u0161uje bezpe\u010dnost p\u0159i nasazen\u00ed.<br \/>\nUzamykac\u00ed mechanismus : Liner Lock poskytuje bezpe\u010dn\u00e9 nasazen\u00ed \u010depele a bezpe\u010dnost.<br \/>\nKlip : Sou\u010d\u00e1st\u00ed no\u017ee je oboustrann\u00fd kapesn\u00ed klip , kter\u00fd umo\u017e\u0148uje no\u0161en\u00ed pravou nebo levou rukou ve sklopn\u00e9 konfiguraci.<br \/>\nOdolnost : N\u016f\u017e je navr\u017een tak, aby vydr\u017eel p\u0159\u00edsn\u00e9 po\u017eadavky vojensk\u00e9ho a taktick\u00e9ho pou\u017eit\u00ed.<br \/>\nHmotnost : 8,82 oz (250 g), co\u017e mu d\u00e1v\u00e1 pevn\u00fd a spolehliv\u00fd pocit v ruce.<br \/>\nTlou\u0161\u0165ka \u010depele : 0,12&#8243; (3 mm), kter\u00e1 je pevn\u00e1 a p\u0159itom si zachov\u00e1v\u00e1 ostrou hranu.<br \/>\nSpecifikace:<br \/>\nD\u00e9lka \u010depele : 85 mm<br \/>\nD\u00e9lka v zav\u0159en\u00e9m stavu : 130 mm<br \/>\nCelkov\u00e1 d\u00e9lka : 215 mm<br \/>\nMateri\u00e1l \u010depele : N690 Nerezov\u00e1 ocel<br \/>\nMateri\u00e1l rukojeti : \u010dern\u00e1 G10<br \/>\nUzamykac\u00ed mechanismus : Liner Lock<br \/>\nKlip : Oboustrann\u00fd kapesn\u00ed klip pro pou\u017eit\u00ed prav\u00e1ky i lev\u00e1ky<br \/>\nDesign\u00e9r : Andreas Weitzel<br \/>\nVyrobeno v : It\u00e1lie<br \/>\nvojensk\u00e1 divize:<br \/>\nVojensk\u00e1 divize Fox Knives (FKMD) byla zalo\u017eena v roce 2005 a zam\u011b\u0159uje se na poskytov\u00e1n\u00ed n\u00e1stroj\u016f ur\u010den\u00fdch pro arm\u00e1du, policii a z\u00e1chran\u00e1\u0159e. \u0158ada FKMD je d\u016fv\u011bryhodn\u00fdm dodavatelem pro NATO a spolupracuje s elitn\u00edmi jednotkami po cel\u00e9m sv\u011bt\u011b.<\/p>\n<p>Tento n\u016f\u017e je vyroben pro rychlou a bezpe\u010dnou manipulaci a nab\u00edz\u00ed vynikaj\u00edc\u00ed rovnov\u00e1hu mezi odolnost\u00ed, funk\u010dnost\u00ed a taktick\u00fdm designem. Byl by to vynikaj\u00edc\u00ed dopln\u011bk pro ty, kte\u0159\u00ed pot\u0159ebuj\u00ed spolehlivou \u010depel v profesion\u00e1ln\u00edch situac\u00edch nebo situac\u00edch p\u0159e\u017eit\u00ed.<\/p>\n","protected":false},"excerpt":{"rendered":"<p><strong>Tento n\u016f\u017e je vyroben pro rychlou a bezpe\u010dnou manipulaci a nab\u00edz\u00ed vynikaj\u00edc\u00ed rovnov\u00e1hu mezi odolnost\u00ed, funk\u010dnost\u00ed a taktick\u00fdm designem. Byl by to vynikaj\u00edc\u00ed dopln\u011bk pro ty, kte\u0159\u00ed pot\u0159ebuj\u00ed spolehlivou \u010depel v profesion\u00e1ln\u00edch situac\u00edch nebo situac\u00edch p\u0159e\u017eit\u00ed.<\/strong><\/p>\n<p><strong>Doprava zdarma.<\/strong><\/p>\n","protected":false},"featured_media":375208,"comment_status":"open","ping_status":"closed","template":"","meta":[],"pwb-brand":[796],"product_brand":[],"product_cat":[22,17],"product_tag":[],"class_list":{"0":"post-375207","1":"product","2":"type-product","3":"status-publish","4":"has-post-thumbnail","6":"pwb-brand-fox-knives","7":"product_cat-zaviraci-noze","8":"product_cat-noze","10":"first","11":"instock","12":"taxable","13":"shipping-taxable","14":"purchasable","15":"product-type-simple"},"brands":[{"id":796,"name":"Fox Knives","slug":"fox-knives"}],"_links":{"self":[{"href":"https:\/\/www.moskito.cz\/de\/wp-json\/wp\/v2\/product\/375207","targetHints":{"allow":["GET"]}}],"collection":[{"href":"https:\/\/www.moskito.cz\/de\/wp-json\/wp\/v2\/product"}],"about":[{"href":"https:\/\/www.moskito.cz\/de\/wp-json\/wp\/v2\/types\/product"}],"replies":[{"embeddable":true,"href":"https:\/\/www.moskito.cz\/de\/wp-json\/wp\/v2\/comments?post=375207"}],"wp:featuredmedia":[{"embeddable":true,"href":"https:\/\/www.moskito.cz\/de\/wp-json\/wp\/v2\/media\/375208"}],"wp:attachment":[{"href":"https:\/\/www.moskito.cz\/de\/wp-json\/wp\/v2\/media?parent=375207"}],"wp:term":[{"taxonomy":"pwb-brand","embeddable":true,"href":"https:\/\/www.moskito.cz\/de\/wp-json\/wp\/v2\/pwb-brand?post=375207"},{"taxonomy":"product_brand","embeddable":true,"href":"https:\/\/www.moskito.cz\/de\/wp-json\/wp\/v2\/product_brand?post=375207"},{"taxonomy":"product_cat","embeddable":true,"href":"https:\/\/www.moskito.cz\/de\/wp-json\/wp\/v2\/product_cat?post=375207"},{"taxonomy":"product_tag","embeddable":true,"href":"https:\/\/www.moskito.cz\/de\/wp-json\/wp\/v2\/product_tag?post=375207"}],"curies":[{"name":"wp","href":"https:\/\/api.w.org\/{rel}","templated":true}]}}