{"id":375679,"date":"2024-11-21T21:34:06","date_gmt":"2024-11-21T20:34:06","guid":{"rendered":"https:\/\/www.moskito.cz\/?post_type=product&#038;p=375679"},"modified":"2025-05-07T11:26:34","modified_gmt":"2025-05-07T10:26:34","slug":"zaviraci-nuz-fox-knives-honos-fx-538-g10b","status":"publish","type":"product","link":"https:\/\/www.moskito.cz\/de\/produkt\/zaviraci-nuz-fox-knives-honos-fx-538-g10b\/","title":{"rendered":"Zav\u00edrac\u00ed N\u016f\u017e Fox Knives HONOS FX-538 G10B"},"content":{"rendered":"<p>Zav\u00edrac\u00ed N\u016f\u017e <strong>Fox Knives<\/strong> HONOS FX-538 G10B.<\/p>\n<p>Fox Knives HONOS FX-538 G10B je zav\u00edrac\u00ed n\u016f\u017e od zna\u010dky Fox Knives, zn\u00e1m\u00e9 sv\u00fdm kvalitn\u00edm \u0159emesln\u00fdm zpracov\u00e1n\u00edm a designem. Zde jsou n\u011bkter\u00e9 kl\u00ed\u010dov\u00e9 podrobnosti o no\u017ei:<\/p>\n<p>Vlastnosti:<br \/>\n\u010cepel : HONOS FX-538 G10B je vybavena \u010depel\u00ed typu drop-point vyrobenou z vysoce kvalitn\u00ed nerezov\u00e9 oceli B\u00f6hler N690 . Tato ocel je obl\u00edben\u00e1 pro svou vynikaj\u00edc\u00ed rovnov\u00e1hu retence ost\u0159\u00ed, odolnosti proti korozi a snadn\u00e9ho ost\u0159en\u00ed, d\u00edky \u010demu\u017e je vhodn\u00e1 pro venkovn\u00ed i taktick\u00e9 pou\u017eit\u00ed.<\/p>\n<p>Rukoje\u0165 : Rukoje\u0165 je vyrobena z G10 , odoln\u00e9ho a lehk\u00e9ho kompozitn\u00edho materi\u00e1lu zn\u00e1m\u00e9ho pro svou vysokou pevnost a odolnost proti vlhkosti, chemik\u00e1li\u00edm a extr\u00e9mn\u00edm pov\u011btrnostn\u00edm podm\u00ednk\u00e1m. Rukoje\u0165 G10 je typicky texturovan\u00e1, co\u017e zaji\u0161\u0165uje pevn\u00e9 uchopen\u00ed i v n\u00e1ro\u010dn\u00fdch prost\u0159ed\u00edch.<\/p>\n<p>Uzamykac\u00ed mechanismus : Pou\u017e\u00edv\u00e1 mechanismus z\u00e1mku vlo\u017eky , kter\u00fd je obl\u00edbenou a spolehlivou volbou u zav\u00edrac\u00edch no\u017e\u016f pro svou schopnost udr\u017eet \u010depel p\u0159i otev\u0159en\u00ed bezpe\u010dn\u011b na m\u00edst\u011b.<\/p>\n<p>Mechanismus otev\u00edr\u00e1n\u00ed : HONOS FX-538 G10B je vybaven kuli\u010dkov\u00fdmi lo\u017eisky pro hladk\u00e9 a rychl\u00e9 nasazen\u00ed \u010depele, kter\u00e1 poskytuje vynikaj\u00edc\u00ed akci p\u0159i otev\u00edr\u00e1n\u00ed no\u017ee.<\/p>\n<p>Velikost a hmotnost : N\u016f\u017e je relativn\u011b kompaktn\u00ed a lehk\u00fd, tak\u017ee je dobrou volbou pro EDC (Everyday Carry), ale je tak\u00e9 dostate\u010dn\u011b robustn\u00ed pro outdoorov\u00e9 aktivity. Celkov\u00e1 d\u00e9lka po otev\u0159en\u00ed je p\u0159ibli\u017en\u011b 8 palc\u016f a d\u00e9lka \u010depele je p\u0159ibli\u017en\u011b 3,5 palce .<\/p>\n<p>Design : \u010cepel m\u00e1 elegantn\u00ed, modern\u00ed design, kter\u00fd je funk\u010dn\u00ed i esteticky p\u0159ita\u017eliv\u00fd. \u010cern\u00e1 rukoje\u0165 G10 mu dod\u00e1v\u00e1 taktick\u00fd a profesion\u00e1ln\u00ed vzhled.<\/p>\n<p>Shrnut\u00ed:<br \/>\nFox Knives HONOS FX-538 G10B je v\u0161estrann\u00fd zav\u00edrac\u00ed n\u016f\u017e, kter\u00fd kombinuje vysoce kvalitn\u00ed materi\u00e1ly jako ocel B\u00f6hler N690 a G10 pro odolnost a spolehliv\u00fd \u00fachop. Je ur\u010den pro ka\u017edodenn\u00ed no\u0161en\u00ed, stejn\u011b jako pro taktick\u00e9 a outdoorov\u00e9 aplikace. D\u00edky hladk\u00e9mu chodu, bezpe\u010dn\u00e9mu zamyk\u00e1n\u00ed a dob\u0159e vyv\u00e1\u017een\u00e9 konstrukci je to vynikaj\u00edc\u00ed volba pro u\u017eivatele, kte\u0159\u00ed pot\u0159ebuj\u00ed spolehliv\u00fd, kompaktn\u00ed a vysoce v\u00fdkonn\u00fd zav\u00edrac\u00ed n\u016f\u017e.<\/p>\n<p>Design\u00e9r: Bastinelli<br \/>\nOcel \u010depele: Becut<br \/>\nTvrdost: HRC 56-58<br \/>\nPovrchov\u00e1 \u00faprava \u010depele: Stonewashed<br \/>\nRukoje\u0165: \u010cern\u00e1 G10<br \/>\nDistan\u010dn\u00ed vlo\u017eky: Oto\u010den\u00fd AISI 303<br \/>\n\u0160rouby: Le\u0161t\u011bn\u00e1 nerezov\u00e1 ocel<br \/>\nMechanismus z\u00e1mku: Oto\u010den\u00fd AISI 420<br \/>\nD\u00e9lka \u010depele: 75 mm (2,95 palce)<br \/>\nCelkov\u00e1 d\u00e9lka: 2,95 palce 180 mm (7,09 palce)<br \/>\nTlou\u0161\u0165ka \u010depele: 3,0 mm (0,12 palce)<br \/>\nPochva: K\u016f\u017ee<br \/>\nVyrobeno v: It\u00e1lie<br \/>\nHmotnost: 75 g (2,65 oz)<\/p>\n<p>Tento n\u016f\u017e m\u00e1 pevnou konstrukci z vysoce kvalitn\u00edch materi\u00e1l\u016f, v\u010detn\u011b \u010depele Becut, \u010dern\u00e9 rukojeti G10 pro bezpe\u010dn\u00e9 uchopen\u00ed a ko\u017een\u00e9ho pouzdra pro ochranu a no\u0161en\u00ed. Kamenn\u00e1 povrchov\u00e1 \u00faprava \u010depele dod\u00e1v\u00e1 robustn\u00ed vzhled a zv\u00fd\u0161enou odolnost. Distan\u010dn\u00ed vlo\u017eky AISI 303 a \u0161rouby z le\u0161t\u011bn\u00e9 nerezov\u00e9 oceli nazna\u010duj\u00ed, \u017ee design je zam\u011b\u0159en na detail. R\u00e1mov\u00fd z\u00e1mek nebo vlo\u017ekov\u00fd z\u00e1mek pou\u017e\u00edv\u00e1 ocel AISI 420, kter\u00e1 zaji\u0161\u0165uje spolehlivost jeho funk\u010dnosti. Je kompaktn\u00ed, lehk\u00fd a vyroben\u00fd v It\u00e1lii.<\/p>\n<p>&nbsp;<\/p>\n<p>&nbsp;<\/p>\n","protected":false},"excerpt":{"rendered":"<p><strong>Fox Knives HONOS FX-538 G10B je v\u0161estrann\u00fd zav\u00edrac\u00ed n\u016f\u017e, kter\u00fd kombinuje vysoce kvalitn\u00ed materi\u00e1ly jako ocel B\u00f6hler N690 a G10 pro odolnost a spolehliv\u00fd \u00fachop. Je ur\u010den pro ka\u017edodenn\u00ed no\u0161en\u00ed, stejn\u011b jako pro taktick\u00e9 a outdoorov\u00e9 aplikace.<\/strong><\/p>\n","protected":false},"featured_media":375680,"comment_status":"open","ping_status":"closed","template":"","meta":[],"pwb-brand":[796],"product_brand":[],"product_cat":[22,17],"product_tag":[],"class_list":{"0":"post-375679","1":"product","2":"type-product","3":"status-publish","4":"has-post-thumbnail","6":"pwb-brand-fox-knives","7":"product_cat-zaviraci-noze","8":"product_cat-noze","10":"first","11":"instock","12":"taxable","13":"shipping-taxable","14":"purchasable","15":"product-type-simple"},"brands":[{"id":796,"name":"Fox Knives","slug":"fox-knives"}],"_links":{"self":[{"href":"https:\/\/www.moskito.cz\/de\/wp-json\/wp\/v2\/product\/375679","targetHints":{"allow":["GET"]}}],"collection":[{"href":"https:\/\/www.moskito.cz\/de\/wp-json\/wp\/v2\/product"}],"about":[{"href":"https:\/\/www.moskito.cz\/de\/wp-json\/wp\/v2\/types\/product"}],"replies":[{"embeddable":true,"href":"https:\/\/www.moskito.cz\/de\/wp-json\/wp\/v2\/comments?post=375679"}],"wp:featuredmedia":[{"embeddable":true,"href":"https:\/\/www.moskito.cz\/de\/wp-json\/wp\/v2\/media\/375680"}],"wp:attachment":[{"href":"https:\/\/www.moskito.cz\/de\/wp-json\/wp\/v2\/media?parent=375679"}],"wp:term":[{"taxonomy":"pwb-brand","embeddable":true,"href":"https:\/\/www.moskito.cz\/de\/wp-json\/wp\/v2\/pwb-brand?post=375679"},{"taxonomy":"product_brand","embeddable":true,"href":"https:\/\/www.moskito.cz\/de\/wp-json\/wp\/v2\/product_brand?post=375679"},{"taxonomy":"product_cat","embeddable":true,"href":"https:\/\/www.moskito.cz\/de\/wp-json\/wp\/v2\/product_cat?post=375679"},{"taxonomy":"product_tag","embeddable":true,"href":"https:\/\/www.moskito.cz\/de\/wp-json\/wp\/v2\/product_tag?post=375679"}],"curies":[{"name":"wp","href":"https:\/\/api.w.org\/{rel}","templated":true}]}}