{"id":377013,"date":"2024-11-22T21:04:25","date_gmt":"2024-11-22T20:04:25","guid":{"rendered":"https:\/\/www.moskito.cz\/?post_type=product&#038;p=377013"},"modified":"2026-02-12T20:52:59","modified_gmt":"2026-02-12T19:52:59","slug":"zaviraci-nuz-fox-knives-karambit-tribal-k-fx-802","status":"publish","type":"product","link":"https:\/\/www.moskito.cz\/de\/produkt\/zaviraci-nuz-fox-knives-karambit-tribal-k-fx-802\/","title":{"rendered":"Zav\u00edrac\u00ed N\u016f\u017e Fox Knives KARAMBIT TRIBAL K FX-802"},"content":{"rendered":"<p>Zav\u00edrac\u00ed N\u016f\u017e <strong>Fox Knives<\/strong> KARAMBIT TRIBAL K FX-802.<\/p>\n<p>Zav\u00edrac\u00ed n\u016f\u017e Fox Knives KARAMBIT TRIBAL K FX-802 je vysoce kvalitn\u00ed n\u016f\u017e navr\u017een\u00fd pro pou\u017eit\u00ed v r\u016fzn\u00fdch situac\u00edch, v\u010detn\u011b sebeobrany a outdoorov\u00fdch aktivit. Zde jsou kl\u00ed\u010dov\u00e9 vlastnosti tohoto modelu:<\/p>\n<p>\u010cepele a materi\u00e1ly:<\/p>\n<p>N\u016f\u017e je vybaven \u010depel\u00ed ve tvaru karambitu, co\u017e je typick\u00fd zak\u0159iven\u00fd design vhodn\u00fd pro \u0159ez\u00e1n\u00ed a se\u010dn\u00e9 \u00fadery.<br \/>\n\u010cepel je vyroben\u00e1 z kvalitnej nerezovej ocele (nap\u0159. N690CO), kter\u00e1 je odoln\u00e1 v\u016f\u010di korozi a snadno se udr\u017euje.<br \/>\nPovrch \u010depele je obvykle opat\u0159en povrchovou \u00fapravou pro lep\u0161\u00ed odolnost a vzhled.<br \/>\nRukoje\u0165:<\/p>\n<p>Rukoje\u0165 no\u017ee je ergonomick\u00e1, co\u017e zaji\u0161\u0165uje pohodln\u00fd \u00fachop, i p\u0159i intenzivn\u00edm pou\u017e\u00edv\u00e1n\u00ed.<br \/>\nNa rukojeti b\u00fdv\u00e1 speci\u00e1ln\u00ed vzor &#8222;tribal&#8220;, co\u017e zvy\u0161uje p\u0159ilnavost a estetiku no\u017ee.<br \/>\nV\u011bt\u0161inou je rukoje\u0165 vyrobena z odoln\u00fdch materi\u00e1l\u016f, jako je G10 nebo jin\u00e9 kompozity, kter\u00e9 jsou lehk\u00e9 a z\u00e1rove\u0148 pevn\u00e9.<br \/>\nSyst\u00e9m otev\u00edr\u00e1n\u00ed:<\/p>\n<p>Tento model vyu\u017e\u00edv\u00e1 syst\u00e9m otev\u00edr\u00e1n\u00ed s asistenc\u00ed, co\u017e znamen\u00e1, \u017ee \u010depel se otev\u00edr\u00e1 rychle a snadno jednou rukou.<br \/>\nK dispozici je i pojistka, kter\u00e1 z\u016fstala necht\u011bn\u00e9mu sklopen\u00ed \u010depele.<br \/>\nKapsa na no\u0161en\u00ed:<\/p>\n<p>M\u016f\u017eete m\u00edt p\u0159ilo\u017een\u00fd opasek nebo pouzdro, kter\u00e9 umo\u017e\u0148uje snadn\u00e9 no\u0161en\u00ed no\u017ee p\u0159i sob\u011b.<br \/>\nVyu\u017eit\u00ed:<\/p>\n<p>Tento typ no\u017ee je obl\u00edben\u00fd mezi nejen p\u0159\u00edznivci sebeobrany, ale i taktick\u00fdch aplikac\u00ed a mezi nad\u0161enci do bojov\u00fdch um\u011bn\u00ed, proto\u017ee zak\u0159iven\u00e1 \u010depel je ide\u00e1ln\u00ed pro r\u016fzn\u00e9 techniky.<br \/>\nPokud pl\u00e1nujete zakoupen\u00ed tohoto no\u017ee, je d\u016fle\u017eit\u00e9 m\u00edt na pam\u011bti, \u017ee karambitov\u00fd n\u016f\u017e nen\u00ed pro ka\u017edodenn\u00ed \u0159ez\u00e1n\u00ed b\u011b\u017en\u00fdch v\u011bc\u00ed, ale sp\u00ed\u0161e pro specifick\u00e9 \u00fakoly, kde je zak\u0159iven\u00ed \u010depele v\u00fdhodou.<\/p>\n<p>Design\u00e9r : Doug Marcaida<br \/>\nOcel \u010depele : N690Co, vysoce kvalitn\u00ed nerezov\u00e1 ocel zn\u00e1m\u00e1 svou odolnost\u00ed proti korozi a zachov\u00e1n\u00edm hran.<br \/>\nTvrdost : 58-60 HRC, co\u017e ukazuje na dobrou rovnov\u00e1hu mezi hou\u017eevnatost\u00ed a ostrost\u00ed.<br \/>\nPotah \u010depele : Black Top Shield\u00ae (pravd\u011bpodobn\u011b ochrann\u00fd povlak pro trvanlivost a odolnost proti opot\u0159eben\u00ed).<br \/>\nMateri\u00e1l rukojeti : \u010cern\u00e1 G10, odoln\u00fd, lehk\u00fd materi\u00e1l s texturovan\u00fdm povrchem pro bezpe\u010dn\u00e9 uchopen\u00ed.<br \/>\nSpona : \u010cern\u00e1 PVD AISI 420, spona z nerezov\u00e9 oceli pota\u017een\u00e1 pro zv\u00fd\u0161enou odolnost proti korozi.<br \/>\nZadn\u00ed krou\u017eek : \u010cern\u00fd eloxovan\u00fd hlin\u00edk T6-6082, poskytuje pevnost a n\u00edzkou hmotnost.<br \/>\n\u0160rouby : \u010cern\u00e9 idrokluzov\u00e9 \u0161rouby z nerezov\u00e9 oceli, odoln\u00e9 v\u016f\u010di korozi a opot\u0159eben\u00ed.<br \/>\nFrame\/Liner Lock : \u010cern\u00fd idroglider AISI 420, materi\u00e1l nab\u00edzej\u00edc\u00ed pevnost a odolnost.<br \/>\nD\u00e9lka \u010depele : 77 mm (3,03 palce), kompaktn\u00ed, ale funk\u010dn\u00ed.<br \/>\nCelkov\u00e1 d\u00e9lka : 148 mm (5,83 palce), poskytuje efektivn\u00ed p\u0159enosnou velikost.<br \/>\nTlou\u0161\u0165ka \u010depele : 3,0 mm (0,12 palce), nab\u00edz\u00ed dobrou rovnov\u00e1hu mezi pevnost\u00ed a schopnost\u00ed kr\u00e1jen\u00ed.<br \/>\nHmotnost : 105 gram\u016f (3,70 oz), lehk\u00fd pro snadnou manipulaci.<br \/>\nVyrobeno v It\u00e1lii, \u010dasto spojov\u00e1no s vysoce kvalitn\u00edm \u0159emesln\u00fdm zpracov\u00e1n\u00edm v no\u017e\u00ed\u0159sk\u00e9m pr\u016fmyslu.<br \/>\nTento n\u016f\u017e m\u00e1 ergonomick\u00fd, funk\u010dn\u00ed design s pr\u00e9miov\u00fdmi materi\u00e1ly, vhodn\u00fd pro ka\u017edodenn\u00ed no\u0161en\u00ed nebo taktick\u00e9 pou\u017eit\u00ed.<\/p>\n","protected":false},"excerpt":{"rendered":"<p><strong>Tento typ no\u017ee je obl\u00edben\u00fd mezi nejen p\u0159\u00edznivci sebeobrany, ale i taktick\u00fdch aplikac\u00ed a mezi nad\u0161enci do bojov\u00fdch um\u011bn\u00ed, proto\u017ee zak\u0159iven\u00e1 \u010depel je ide\u00e1ln\u00ed pro r\u016fzn\u00e9 techniky.<\/strong><br \/>\n<strong>Pokud pl\u00e1nujete zakoupen\u00ed tohoto no\u017ee, je d\u016fle\u017eit\u00e9 m\u00edt na pam\u011bti, \u017ee karambitov\u00fd n\u016f\u017e nen\u00ed pro ka\u017edodenn\u00ed \u0159ez\u00e1n\u00ed b\u011b\u017en\u00fdch v\u011bc\u00ed, ale sp\u00ed\u0161e pro specifick\u00e9 \u00fakoly, kde je zak\u0159iven\u00ed \u010depele v\u00fdhodou.<\/strong><\/p>\n<p><strong>Doprava zdarma.<\/strong><\/p>\n","protected":false},"featured_media":377014,"comment_status":"open","ping_status":"closed","template":"","meta":[],"pwb-brand":[796],"product_brand":[],"product_cat":[22,2062,17],"product_tag":[],"class_list":{"0":"post-377013","1":"product","2":"type-product","3":"status-publish","4":"has-post-thumbnail","6":"pwb-brand-fox-knives","7":"product_cat-zaviraci-noze","8":"product_cat-karambity","9":"product_cat-noze","11":"first","12":"outofstock","13":"taxable","14":"shipping-taxable","15":"purchasable","16":"product-type-simple"},"brands":[{"id":796,"name":"Fox Knives","slug":"fox-knives"}],"_links":{"self":[{"href":"https:\/\/www.moskito.cz\/de\/wp-json\/wp\/v2\/product\/377013","targetHints":{"allow":["GET"]}}],"collection":[{"href":"https:\/\/www.moskito.cz\/de\/wp-json\/wp\/v2\/product"}],"about":[{"href":"https:\/\/www.moskito.cz\/de\/wp-json\/wp\/v2\/types\/product"}],"replies":[{"embeddable":true,"href":"https:\/\/www.moskito.cz\/de\/wp-json\/wp\/v2\/comments?post=377013"}],"wp:featuredmedia":[{"embeddable":true,"href":"https:\/\/www.moskito.cz\/de\/wp-json\/wp\/v2\/media\/377014"}],"wp:attachment":[{"href":"https:\/\/www.moskito.cz\/de\/wp-json\/wp\/v2\/media?parent=377013"}],"wp:term":[{"taxonomy":"pwb-brand","embeddable":true,"href":"https:\/\/www.moskito.cz\/de\/wp-json\/wp\/v2\/pwb-brand?post=377013"},{"taxonomy":"product_brand","embeddable":true,"href":"https:\/\/www.moskito.cz\/de\/wp-json\/wp\/v2\/product_brand?post=377013"},{"taxonomy":"product_cat","embeddable":true,"href":"https:\/\/www.moskito.cz\/de\/wp-json\/wp\/v2\/product_cat?post=377013"},{"taxonomy":"product_tag","embeddable":true,"href":"https:\/\/www.moskito.cz\/de\/wp-json\/wp\/v2\/product_tag?post=377013"}],"curies":[{"name":"wp","href":"https:\/\/api.w.org\/{rel}","templated":true}]}}