{"id":377030,"date":"2024-11-22T21:23:38","date_gmt":"2024-11-22T20:23:38","guid":{"rendered":"https:\/\/www.moskito.cz\/?post_type=product&#038;p=377030"},"modified":"2026-02-22T09:41:34","modified_gmt":"2026-02-22T08:41:34","slug":"zaviraci-nuz-fox-knives-r-c-s-t-f-fx-rcstf-02","status":"publish","type":"product","link":"https:\/\/www.moskito.cz\/de\/produkt\/zaviraci-nuz-fox-knives-r-c-s-t-f-fx-rcstf-02\/","title":{"rendered":"Zav\u00edrac\u00ed N\u016f\u017e Fox Knives R.C.S.T.F. FX-RCSTF-02"},"content":{"rendered":"<p>Zav\u00edrac\u00ed N\u016f\u017e <strong>Fox Knive<\/strong>s R.C.S.T.F. FX-RCSTF-02.<\/p>\n<p>Fox Knives RCSTF FX-RCSTF-02 je vysoce kvalitn\u00ed zav\u00edrac\u00ed n\u016f\u017e italsk\u00e9 zna\u010dky Fox Knives. \u201eRCSTF\u201c je zkratka pro \u201eRapid Customizable System Tactical Folder\u201c a zd\u016fraz\u0148uje jeho p\u0159izp\u016fsobiteln\u00e9 funkce a taktick\u00fd design. Zde jsou n\u011bkter\u00e9 kl\u00ed\u010dov\u00e9 podrobnosti o tomto konkr\u00e9tn\u00edm modelu:<\/p>\n<p>Vlastnosti:<br \/>\nMateri\u00e1l \u010depele :<\/p>\n<p>\u010cepel je obvykle vyrobena z vysoce v\u00fdkonn\u00e9 nerezov\u00e9 oceli, jako je N690Co nebo podobn\u00e1, kter\u00e1 nab\u00edz\u00ed dobrou rovnov\u00e1hu mezi zachov\u00e1n\u00edm ost\u0159\u00ed, odolnost\u00ed proti korozi a snadn\u00fdm ost\u0159en\u00edm.<br \/>\nStyl \u010depele :<\/p>\n<p>FX -RCSTF-02 se vyzna\u010duje taktick\u00fdm tvarem \u010depele s padac\u00edm hrotem, kter\u00fd je v\u0161estrann\u00fd pro r\u016fzn\u00e9 \u0159ezn\u00e9 \u00fakoly, v\u010detn\u011b u\u017eitku, sebeobrany a venkovn\u00edho pou\u017eit\u00ed.<br \/>\nRukoje\u0165 :<\/p>\n<p>Materi\u00e1l rukojeti se m\u016f\u017ee li\u0161it, ale \u010dasto obsahuje vysoce kvalitn\u00ed materi\u00e1ly, jako je G10 , Carbon Fiber nebo Titan pro odolnost, p\u0159ilnavost a lehk\u00fd pocit.<br \/>\nErgonomick\u00fd design zaji\u0161\u0165uje pohodln\u00e9 uchopen\u00ed, tak\u017ee je vhodn\u00fd pro del\u0161\u00ed pou\u017e\u00edv\u00e1n\u00ed.<br \/>\nMechanismus otev\u00edr\u00e1n\u00ed :<\/p>\n<p>Pro rychl\u00e9 otev\u0159en\u00ed jednou rukou obvykle pou\u017e\u00edv\u00e1 ploutvov\u00e9 poutko nebo palec . Chod je plynul\u00fd, \u010dasto napom\u00e1haj\u00ed kuli\u010dkov\u00e1 lo\u017eiska nebo podlo\u017eky, v z\u00e1vislosti na modelu.<br \/>\nUzamykac\u00ed mechanismus :<\/p>\n<p>N\u016f\u017e pou\u017e\u00edv\u00e1 z\u00e1mek r\u00e1mu nebo z\u00e1mek liner , kter\u00fd zaji\u0161\u0165uje bezpe\u010dn\u00e9 nasazen\u00ed \u010depele a bezpe\u010dnost b\u011bhem pou\u017e\u00edv\u00e1n\u00ed.<br \/>\nCelkov\u00fd design :<\/p>\n<p>FX -RCSTF-02 kombinuje modern\u00ed taktickou estetiku s prakti\u010dnost\u00ed. Je navr\u017een s d\u016frazem na spolehlivost a funk\u010dnost v n\u00e1ro\u010dn\u00fdch prost\u0159ed\u00edch.<br \/>\nP\u0159enositelnost :<\/p>\n<p>N\u016f\u017e je obvykle vybaven hlubokou kapesn\u00ed sponou pro pohodln\u00e9 p\u0159en\u00e1\u0161en\u00ed, kter\u00e1 udr\u017euje n\u016f\u017e diskr\u00e9tn\u00ed a snadno p\u0159\u00edstupn\u00fd.<br \/>\nHmotnost :<\/p>\n<p>Je navr\u017eena tak, aby byla lehk\u00e1 pro ka\u017edodenn\u00ed no\u0161en\u00ed (EDC) p\u0159i zachov\u00e1n\u00ed odolnosti pro n\u00e1ro\u010dn\u00e9 pou\u017eit\u00ed.<br \/>\nTento model by byl vhodn\u00fd pro taktick\u00e9 nad\u0161ence, sb\u011bratele nebo kohokoli, kdo pot\u0159ebuje vysoce v\u00fdkonn\u00fd EDC n\u016f\u017e, kter\u00fd z\u00e1rove\u0148 vypad\u00e1 ost\u0159e a elegantn\u011b.<\/p>\n<p>Ocel \u010depele : N690Co \u2013 Pr\u00e9miov\u00e1 nerezov\u00e1 ocel zn\u00e1m\u00e1 pro svou dobrou rovnov\u00e1hu mezi odolnost\u00ed proti korozi, zachov\u00e1n\u00edm ost\u0159\u00ed a snadn\u00fdm ost\u0159en\u00edm. &#8222;Co&#8220; ozna\u010duje p\u0159\u00eddavek kobaltu, kter\u00fd zlep\u0161uje tvrdost.<br \/>\nTvrdost : 58-60 HRC \u2013 Dobr\u00fd rozsah pro v\u011bt\u0161inu praktick\u00fdch aplikac\u00ed, poskytuje rovnov\u00e1hu mezi pevnost\u00ed a hou\u017eevnatost\u00ed, ani\u017e by byl p\u0159\u00edli\u0161 k\u0159ehk\u00fd.<br \/>\nPovlak \u010depele : PVD \u2013 Povlak fyzik\u00e1ln\u00edho napa\u0159ov\u00e1n\u00ed, kter\u00fd poskytuje zv\u00fd\u0161enou odolnost proti korozi a elegantn\u00ed, nereflexn\u00ed povrch.<br \/>\nRukoje\u0165 : \u010cern\u00e1 G10 \u2013 Odoln\u00fd a lehk\u00fd kompozitn\u00ed materi\u00e1l vyroben\u00fd ze skeln\u00fdch vl\u00e1ken, kter\u00fd zaji\u0161\u0165uje bezpe\u010dn\u00e9 uchopen\u00ed.<br \/>\nKlip : \u010cern\u00fd idroglider AISI 420 \u2013 ocel odoln\u00e1 proti korozi pro klip, kter\u00e1 je tak\u00e9 oboustrann\u00e1 a umo\u017e\u0148uje no\u0161en\u00ed na lev\u00e9 nebo prav\u00e9 stran\u011b.<br \/>\n\u0160rouby : \u010cern\u00fd idroglider z nerezov\u00e9 oceli \u2013 Nerezov\u00e9 \u0161rouby, kter\u00e9 odpov\u00eddaj\u00ed trvanlivosti a odolnosti klipu proti korozi.<br \/>\nFrame\/Liner Lock : \u010cern\u00fd idroglider AISI 420 \u2013 Liner lock mechanismus vyroben\u00fd z nerezov\u00e9 oceli AISI 420 pro zaji\u0161t\u011bn\u00ed \u010depele p\u0159i otev\u0159en\u00ed.<br \/>\nD\u00e9lka \u010depele : 112 mm (4,41&#8243;) \u2013 St\u0159edn\u011b velk\u00e1 \u010depel, ide\u00e1ln\u00ed pro b\u011b\u017en\u00e9 \u00fakoly a pou\u017eit\u00ed.<br \/>\nCelkov\u00e1 d\u00e9lka : 256 mm (10,08&#8243;) \u2013 Velk\u00fd n\u016f\u017e pln\u00e9 velikosti.<br \/>\nTlou\u0161\u0165ka \u010depele : 5,5 mm (0,22&#8243;) \u2013 Siln\u00e1 \u010depel, kter\u00e1 p\u0159isp\u00edv\u00e1 k odolnosti a pevnosti.<br \/>\nPochva : Nylon\u00ae \u2013 Syntetick\u00fd, odoln\u00fd materi\u00e1l pou\u017eit\u00fd na pouzdro no\u017ee.<br \/>\nGlass Breaker : N690Co \u010dern\u00fd idroglider \u2013 N\u00e1stroj na rozb\u00edjen\u00ed skla, integrovan\u00fd do konstrukce a vyroben\u00fd ze stejn\u00e9 vysoce kvalitn\u00ed oceli jako \u010depel.<br \/>\nHmotnost : 300 g (10,58 oz) \u2013 zna\u010dn\u00e1 hmotnost, kter\u00e1 ozna\u010duje robustn\u00ed, odoln\u00fd n\u016f\u017e vhodn\u00fd pro n\u00e1ro\u010dn\u00e9 \u00fakoly.<br \/>\nVyrobeno v It\u00e1lii \u2013 navrhuje vysokou \u0159emeslnou zru\u010dnost a d\u016fraz na detail ve v\u00fdrob\u011b.<br \/>\nZd\u00e1 se, \u017ee tento n\u016f\u017e je navr\u017een pro t\u011b\u017ek\u00e9, taktick\u00e9 nebo nouzov\u00e9 aplikace, kombinuje odolnost, funk\u010dnost a prakti\u010dnost.<\/p>\n<p>&nbsp;<\/p>\n<p>&nbsp;<\/p>\n<p>&nbsp;<\/p>\n","protected":false},"excerpt":{"rendered":"<p>Je navr\u017eena tak, aby byla lehk\u00e1 pro ka\u017edodenn\u00ed no\u0161en\u00ed (EDC) p\u0159i zachov\u00e1n\u00ed odolnosti pro n\u00e1ro\u010dn\u00e9 pou\u017eit\u00ed.<br \/>\nTento model by byl vhodn\u00fd pro taktick\u00e9 nad\u0161ence, sb\u011bratele nebo kohokoli, kdo pot\u0159ebuje vysoce v\u00fdkonn\u00fd EDC n\u016f\u017e, kter\u00fd z\u00e1rove\u0148 vypad\u00e1 ost\u0159e a elegantn\u011b.<\/p>\n","protected":false},"featured_media":377031,"comment_status":"open","ping_status":"closed","template":"","meta":[],"pwb-brand":[796],"product_brand":[],"product_cat":[22,17],"product_tag":[],"class_list":{"0":"post-377030","1":"product","2":"type-product","3":"status-publish","4":"has-post-thumbnail","6":"pwb-brand-fox-knives","7":"product_cat-zaviraci-noze","8":"product_cat-noze","10":"first","11":"outofstock","12":"taxable","13":"shipping-taxable","14":"purchasable","15":"product-type-simple"},"brands":[{"id":796,"name":"Fox Knives","slug":"fox-knives"}],"_links":{"self":[{"href":"https:\/\/www.moskito.cz\/de\/wp-json\/wp\/v2\/product\/377030","targetHints":{"allow":["GET"]}}],"collection":[{"href":"https:\/\/www.moskito.cz\/de\/wp-json\/wp\/v2\/product"}],"about":[{"href":"https:\/\/www.moskito.cz\/de\/wp-json\/wp\/v2\/types\/product"}],"replies":[{"embeddable":true,"href":"https:\/\/www.moskito.cz\/de\/wp-json\/wp\/v2\/comments?post=377030"}],"wp:featuredmedia":[{"embeddable":true,"href":"https:\/\/www.moskito.cz\/de\/wp-json\/wp\/v2\/media\/377031"}],"wp:attachment":[{"href":"https:\/\/www.moskito.cz\/de\/wp-json\/wp\/v2\/media?parent=377030"}],"wp:term":[{"taxonomy":"pwb-brand","embeddable":true,"href":"https:\/\/www.moskito.cz\/de\/wp-json\/wp\/v2\/pwb-brand?post=377030"},{"taxonomy":"product_brand","embeddable":true,"href":"https:\/\/www.moskito.cz\/de\/wp-json\/wp\/v2\/product_brand?post=377030"},{"taxonomy":"product_cat","embeddable":true,"href":"https:\/\/www.moskito.cz\/de\/wp-json\/wp\/v2\/product_cat?post=377030"},{"taxonomy":"product_tag","embeddable":true,"href":"https:\/\/www.moskito.cz\/de\/wp-json\/wp\/v2\/product_tag?post=377030"}],"curies":[{"name":"wp","href":"https:\/\/api.w.org\/{rel}","templated":true}]}}