{"id":377836,"date":"2024-11-25T20:12:06","date_gmt":"2024-11-25T19:12:06","guid":{"rendered":"https:\/\/www.moskito.cz\/?post_type=product&#038;p=377836"},"modified":"2025-05-07T11:26:47","modified_gmt":"2025-05-07T10:26:47","slug":"zaviraci-nuz-fox-knives-argus-bf-760-w","status":"publish","type":"product","link":"https:\/\/www.moskito.cz\/de\/produkt\/zaviraci-nuz-fox-knives-argus-bf-760-w\/","title":{"rendered":"Zav\u00edrac\u00ed N\u016f\u017e Fox Knives ARGUS BF-760 W"},"content":{"rendered":"<p>Zav\u00edrac\u00ed N\u016f\u017e <strong>Fox Knives<\/strong> ARGUS BF-760 W.<\/p>\n<p>Argus je no\u017eem, kter\u00fd mistrn\u011b kombinuje atributy jak taktick\u00e9 funk\u010dnosti, tak sofistikovan\u00e9 elegance. Jeho design se pravd\u011bpodobn\u011b vyzna\u010duje vysoce kvalitn\u00edmi materi\u00e1ly, precizn\u00edm \u0159emesln\u00fdm zpracov\u00e1n\u00edm a elegantn\u00ed estetikou, co\u017e jej odli\u0161uje od utilit\u00e1rn\u011bj\u0161\u00edho vzhledu typick\u00fdch taktick\u00fdch no\u017e\u016f. \u010cerp\u00e1n\u00edm inspirace z \u0159eck\u00e9 mytologick\u00e9 postavy Argus, s jeho mnoha o\u010dima symbolizuj\u00edc\u00edmi bd\u011blost a bd\u011blost, lze n\u016f\u017e vn\u00edmat jako n\u00e1stroj, kter\u00fd zt\u011bles\u0148uje neust\u00e1lou p\u0159ipravenost a spolehlivost.<\/p>\n<p>V praktick\u00e9m smyslu by to mohlo znamenat, \u017ee n\u016f\u017e Argus je nejen \u0161etrn\u00fd k o\u010d\u00edm, ale tak\u00e9 nab\u00edz\u00ed vynikaj\u00edc\u00ed v\u00fdkon, mo\u017en\u00e1 d\u00edky v\u0161estrann\u00e9 \u010depeli, ergonomick\u00e9 rukojeti a mechanismu navr\u017een\u00e9mu jak pro ka\u017edodenn\u00ed pou\u017eit\u00ed, tak pro n\u00e1ro\u010dn\u011bj\u0161\u00ed sc\u00e9n\u00e1\u0159e. Koncept \u201etecno-gentleman\u201c d\u00e1le nazna\u010duje, \u017ee n\u016f\u017e v sob\u011b spojuje modern\u00ed technologii s n\u00e1dechem kultivovanosti, d\u00edky \u010demu\u017e je vhodn\u00fd pro ty, kte\u0159\u00ed oce\u0148uj\u00ed tvar i funkci sv\u00fdch n\u00e1stroj\u016f.<\/p>\n<p>Tento druh no\u017ee by se pravd\u011bpodobn\u011b l\u00edbil t\u011bm, kte\u0159\u00ed oce\u0148uj\u00ed u\u017eite\u010dnost v m\u011bstsk\u00e9m i venkovn\u00edm prost\u0159ed\u00ed, nab\u00edz\u00ed spolehlivost taktick\u00e9ho n\u00e1stroje a z\u00e1rove\u0148 si zachov\u00e1v\u00e1 vyle\u0161t\u011bn\u00fd vzhled gentlemansk\u00e9ho dopl\u0148ku. A\u0165 u\u017e je to pro osobn\u00ed pou\u017eit\u00ed, sb\u011bratelstv\u00ed nebo jako d\u00e1rek, Argus se zd\u00e1 b\u00fdt ide\u00e1ln\u00ed volbou pro n\u011bkoho, kdo hled\u00e1 styl i obsah p\u0159i ka\u017edodenn\u00edm no\u0161en\u00ed.<\/p>\n<p>Design\u00e9r : Grigorii Matveev<br \/>\n\u010cepel ocel : D2<br \/>\nTvrdost : HRC 59-61<br \/>\nPovrchov\u00e1 \u00faprava \u010depele : Satinato (hladk\u00fd, sat\u00e9nov\u00fd povrch)<br \/>\nRukoje\u0165 : Ziricote (bohat\u00e9, tmav\u00e9 d\u0159evo zn\u00e1m\u00e9 svou odolnost\u00ed)<br \/>\nKlip : Le\u0161t\u011bn\u00e1 nerezov\u00e1 ocel (pro bezpe\u010dn\u00e9 p\u0159en\u00e1\u0161en\u00ed)<br \/>\nDistan\u010dn\u00ed vlo\u017eka : mosaz (dod\u00e1v\u00e1 dekorativn\u00ed n\u00e1dech a pevnost)<br \/>\n\u0160rouby : Nerezov\u00e1 ocel (odoln\u00e1 proti korozi a trvanliv\u00e1)<br \/>\nZ\u00e1mek r\u00e1mu\/vlo\u017eky : Nerezov\u00e1 ocel (zaji\u0161\u0165uje bezpe\u010dnost z\u00e1mku \u010depele)<br \/>\nD\u00e9lka \u010depele : 90 mm (3,54 palce)<br \/>\nCelkov\u00e1 d\u00e9lka : 202 mm (7,95 palce)<br \/>\nTlou\u0161\u0165ka \u010depele : 3,0 mm (0,12 palce)<br \/>\nVyrobeno v : Dovezeno<br \/>\nHmotnost : 70 gram\u016f (2,47 unce)<br \/>\nTento n\u016f\u017e se jev\u00ed jako dob\u0159e propracovan\u00fd skl\u00e1dac\u00ed design se sm\u011bs\u00ed pr\u00e9miov\u00fdch materi\u00e1l\u016f, vyzna\u010duj\u00edc\u00ed se elegantn\u00ed estetikou s funk\u010dn\u00edmi sou\u010d\u00e1stmi, jako je siln\u00e1 ocel \u010depele a spolehliv\u00fd uzamykac\u00ed mechanismus. Pou\u017eit\u00ed Ziricote pro rukoje\u0165 j\u00ed dod\u00e1v\u00e1 elegantn\u00ed a odoln\u00fd povrch, zat\u00edmco mosazn\u00e1 rozp\u011brka dod\u00e1v\u00e1 n\u00e1dech odli\u0161nosti.<\/p>\n<p>&nbsp;<\/p>\n<p>&nbsp;<\/p>\n<p>&nbsp;<\/p>\n","protected":false},"excerpt":{"rendered":"<p><strong>Tento n\u016f\u017e se jev\u00ed jako dob\u0159e propracovan\u00fd skl\u00e1dac\u00ed design se sm\u011bs\u00ed pr\u00e9miov\u00fdch materi\u00e1l\u016f, vyzna\u010duj\u00edc\u00ed se elegantn\u00ed estetikou s funk\u010dn\u00edmi sou\u010d\u00e1stmi, jako je siln\u00e1 ocel \u010depele a spolehliv\u00fd uzamykac\u00ed mechanismus. Pou\u017eit\u00ed Ziricote pro rukoje\u0165 j\u00ed dod\u00e1v\u00e1 elegantn\u00ed a odoln\u00fd povrch, zat\u00edmco mosazn\u00e1 rozp\u011brka dod\u00e1v\u00e1 n\u00e1dech odli\u0161nosti.<\/strong><\/p>\n","protected":false},"featured_media":377837,"comment_status":"open","ping_status":"closed","template":"","meta":[],"pwb-brand":[796],"product_brand":[],"product_cat":[22,17],"product_tag":[],"class_list":{"0":"post-377836","1":"product","2":"type-product","3":"status-publish","4":"has-post-thumbnail","6":"pwb-brand-fox-knives","7":"product_cat-zaviraci-noze","8":"product_cat-noze","10":"first","11":"outofstock","12":"taxable","13":"shipping-taxable","14":"purchasable","15":"product-type-simple"},"brands":[{"id":796,"name":"Fox Knives","slug":"fox-knives"}],"_links":{"self":[{"href":"https:\/\/www.moskito.cz\/de\/wp-json\/wp\/v2\/product\/377836","targetHints":{"allow":["GET"]}}],"collection":[{"href":"https:\/\/www.moskito.cz\/de\/wp-json\/wp\/v2\/product"}],"about":[{"href":"https:\/\/www.moskito.cz\/de\/wp-json\/wp\/v2\/types\/product"}],"replies":[{"embeddable":true,"href":"https:\/\/www.moskito.cz\/de\/wp-json\/wp\/v2\/comments?post=377836"}],"wp:featuredmedia":[{"embeddable":true,"href":"https:\/\/www.moskito.cz\/de\/wp-json\/wp\/v2\/media\/377837"}],"wp:attachment":[{"href":"https:\/\/www.moskito.cz\/de\/wp-json\/wp\/v2\/media?parent=377836"}],"wp:term":[{"taxonomy":"pwb-brand","embeddable":true,"href":"https:\/\/www.moskito.cz\/de\/wp-json\/wp\/v2\/pwb-brand?post=377836"},{"taxonomy":"product_brand","embeddable":true,"href":"https:\/\/www.moskito.cz\/de\/wp-json\/wp\/v2\/product_brand?post=377836"},{"taxonomy":"product_cat","embeddable":true,"href":"https:\/\/www.moskito.cz\/de\/wp-json\/wp\/v2\/product_cat?post=377836"},{"taxonomy":"product_tag","embeddable":true,"href":"https:\/\/www.moskito.cz\/de\/wp-json\/wp\/v2\/product_tag?post=377836"}],"curies":[{"name":"wp","href":"https:\/\/api.w.org\/{rel}","templated":true}]}}