{"id":378145,"date":"2024-11-26T12:01:04","date_gmt":"2024-11-26T11:01:04","guid":{"rendered":"https:\/\/www.moskito.cz\/?post_type=product&#038;p=378145"},"modified":"2025-05-07T11:26:51","modified_gmt":"2025-05-07T10:26:51","slug":"beret-skull-bead","status":"publish","type":"product","link":"https:\/\/www.moskito.cz\/de\/produkt\/beret-skull-bead\/","title":{"rendered":"Beret Skull Bead"},"content":{"rendered":"<p>Beret Skull Bead.<\/p>\n<p>Pewter Beret Skull Bead je v\u00fdrazn\u00fd dopln\u011bk, ide\u00e1ln\u00ed pro vytv\u00e1\u0159en\u00ed unik\u00e1tn\u00edch a osobn\u00edch lanyard\u016f nebo \u0161perk\u016f. Vyroben\u00fd v USA z kvalitn\u00edho bezolovnat\u00e9ho c\u00ednu a pokoven\u00fd pro elegantn\u00ed vzhled, tento kor\u00e1lek vynik\u00e1 detailn\u00edm designem lebky v beret\u011b, co\u017e ho \u010din\u00ed skv\u011blou volbou pro ty, kte\u0159\u00ed ocen\u00ed jedine\u010dn\u00e9 detaily.<\/p>\n<p>Rozm\u011bry: 1,6 cm na d\u00e9lku, s 0,51 cm pr\u016fm\u011brem otvoru, kter\u00fd je ide\u00e1ln\u00ed pro dvojitou vrstvu 550 para-kordu nebo jin\u00e9 typy dopl\u0148kov\u00fdch \u0161\u0148\u016fr, co\u017e zaji\u0161\u0165uje v\u0161estrannost ve va\u0161ich projektech.<br \/>\nZpracov\u00e1n\u00ed: Ka\u017ed\u00fd kor\u00e1lek je pe\u010dliv\u011b vyroben, co\u017e zaru\u010duje odolnost a styl, a p\u0159id\u00e1v\u00e1 speci\u00e1ln\u00ed prvek do va\u0161ich DIY projekt\u016f.<br \/>\nPou\u017eit\u00ed: Tento kor\u00e1lek je ide\u00e1ln\u00ed pro v\u00fdrobu lanyard\u016f, ale m\u016f\u017eete ho tak\u00e9 pou\u017e\u00edt do n\u00e1ramk\u016f, n\u00e1hrdeln\u00edk\u016f, kl\u00ed\u010denek a dal\u0161\u00edch dopl\u0148k\u016f zalo\u017een\u00fdch na \u0161\u0148\u016fr\u00e1ch.<br \/>\nPozn\u00e1mka: Tato nab\u00eddka zahrnuje pouze jeden kor\u00e1lek, para-kord nen\u00ed sou\u010d\u00e1st\u00ed balen\u00ed.<\/p>\n<p>Pokud jste nad\u0161enec do vlastn\u00edho tvo\u0159en\u00ed, tento kor\u00e1lek bude skv\u011blou volbou pro va\u0161e kreativn\u00ed pot\u0159eby, kombinuj\u00edc\u00ed funk\u010dn\u00ed design a v\u00fdrazn\u00fd, stylov\u00fd prvek.<\/p>\n","protected":false},"excerpt":{"rendered":"<p><strong>Pewter Beret Skull Bead je v\u00fdrazn\u00fd dopln\u011bk, ide\u00e1ln\u00ed pro vytv\u00e1\u0159en\u00ed unik\u00e1tn\u00edch a osobn\u00edch lanyard\u016f nebo \u0161perk\u016f. Vyroben\u00fd v USA z kvalitn\u00edho bezolovnat\u00e9ho c\u00ednu a pokoven\u00fd pro elegantn\u00ed vzhled, tento kor\u00e1lek vynik\u00e1 detailn\u00edm designem lebky v beret\u011b, co\u017e ho \u010din\u00ed skv\u011blou volbou pro ty, kte\u0159\u00ed ocen\u00ed jedine\u010dn\u00e9 detaily.<\/strong><\/p>\n","protected":false},"featured_media":378146,"comment_status":"open","ping_status":"closed","template":"","meta":[],"pwb-brand":[3833],"product_brand":[],"product_cat":[22,17,23],"product_tag":[],"class_list":{"0":"post-378145","1":"product","2":"type-product","3":"status-publish","4":"has-post-thumbnail","6":"pwb-brand-spartan-blades","7":"product_cat-zaviraci-noze","8":"product_cat-noze","9":"product_cat-pevne-noze","11":"first","12":"instock","13":"taxable","14":"shipping-taxable","15":"purchasable","16":"product-type-simple"},"brands":[{"id":3833,"name":"Spartan Blades","slug":"spartan-blades"}],"_links":{"self":[{"href":"https:\/\/www.moskito.cz\/de\/wp-json\/wp\/v2\/product\/378145","targetHints":{"allow":["GET"]}}],"collection":[{"href":"https:\/\/www.moskito.cz\/de\/wp-json\/wp\/v2\/product"}],"about":[{"href":"https:\/\/www.moskito.cz\/de\/wp-json\/wp\/v2\/types\/product"}],"replies":[{"embeddable":true,"href":"https:\/\/www.moskito.cz\/de\/wp-json\/wp\/v2\/comments?post=378145"}],"wp:featuredmedia":[{"embeddable":true,"href":"https:\/\/www.moskito.cz\/de\/wp-json\/wp\/v2\/media\/378146"}],"wp:attachment":[{"href":"https:\/\/www.moskito.cz\/de\/wp-json\/wp\/v2\/media?parent=378145"}],"wp:term":[{"taxonomy":"pwb-brand","embeddable":true,"href":"https:\/\/www.moskito.cz\/de\/wp-json\/wp\/v2\/pwb-brand?post=378145"},{"taxonomy":"product_brand","embeddable":true,"href":"https:\/\/www.moskito.cz\/de\/wp-json\/wp\/v2\/product_brand?post=378145"},{"taxonomy":"product_cat","embeddable":true,"href":"https:\/\/www.moskito.cz\/de\/wp-json\/wp\/v2\/product_cat?post=378145"},{"taxonomy":"product_tag","embeddable":true,"href":"https:\/\/www.moskito.cz\/de\/wp-json\/wp\/v2\/product_tag?post=378145"}],"curies":[{"name":"wp","href":"https:\/\/api.w.org\/{rel}","templated":true}]}}