{"id":378274,"date":"2024-11-26T15:46:18","date_gmt":"2024-11-26T14:46:18","guid":{"rendered":"https:\/\/www.moskito.cz\/?post_type=product&#038;p=378274"},"modified":"2025-05-07T11:26:53","modified_gmt":"2025-05-07T10:26:53","slug":"spartan-blades-shemagh","status":"publish","type":"product","link":"https:\/\/www.moskito.cz\/de\/produkt\/spartan-blades-shemagh\/","title":{"rendered":"Spartan Blades Shemagh"},"content":{"rendered":"<p>Spartan Blades Shemagh.<\/p>\n<p>P\u0159edstavujeme Spartan Blades Shemagh \u2013 v\u00e1\u0161 v\u0161estrann\u00fd spole\u010dn\u00edk pro styl a funk\u010dnost v ter\u00e9nu. K dispozici ve dvou odoln\u00fdch barevn\u00fdch variant\u00e1ch, Zelen\u00e1\/\u010cern\u00e1 nebo P\u00edsek\/Hn\u011bd\u00e1, tyto \u0161\u00e1tky z tkan\u00e9 bavlny o rozm\u011brech 112 cm x 112 cm jsou ide\u00e1ln\u00edm dopl\u0148kem va\u0161\u00ed outdoorov\u00e9 v\u00fdbavy.<\/p>\n<p>Shemagh Spartan Blades je navr\u017een s c\u00edlem nab\u00eddnout \u0161irok\u00e9 spektrum pou\u017eit\u00ed. A\u0165 u\u017e hled\u00e1te stylov\u00fd turban, nebo pot\u0159ebujete chr\u00e1nit nos a \u00fasta v pra\u0161n\u00e9m \u010di v\u011btrn\u00e9m prost\u0159ed\u00ed, tyto \u0161\u00e1tky poskytuj\u00ed pohodl\u00ed a ochranu. Lehk\u00e1 tkan\u00e1 bavlna zaji\u0161\u0165uje snadn\u00e9 no\u0161en\u00ed, co\u017e je ide\u00e1ln\u00ed pro dlouhodob\u00e9 pou\u017e\u00edv\u00e1n\u00ed v r\u016fzn\u00fdch podm\u00ednk\u00e1ch.<\/p>\n<p>Krom\u011b praktick\u00e9ho vyu\u017eit\u00ed jsou tyto ter\u00e9nn\u00ed \u0161\u00e1tky symbolem p\u0159ipravenosti a odolnosti. Pozvedn\u011bte sv\u016fj outdoorov\u00fd z\u00e1\u017eitek se Spartan Blades Shemagh \u2013 symbolem p\u0159ipravenosti a stylu, navr\u017een\u00fdm pro ty, kte\u0159\u00ed hledaj\u00ed dobrodru\u017estv\u00ed v jak\u00e9mkoli prost\u0159ed\u00ed. Vyberte si svou preferovanou barvu, vyu\u017eijte univerz\u00e1lnost a ud\u011blejte siln\u00e9 prohl\u00e1\u0161en\u00ed se Spartan Blades Shemagh \u2013 kde se forma setk\u00e1v\u00e1 s funkc\u00ed.<\/p>\n","protected":false},"excerpt":{"rendered":"<p><strong>Krom\u011b praktick\u00e9ho vyu\u017eit\u00ed jsou tyto ter\u00e9nn\u00ed \u0161\u00e1tky symbolem p\u0159ipravenosti a odolnosti. Pozvedn\u011bte sv\u016fj outdoorov\u00fd z\u00e1\u017eitek se Spartan Blades Shemagh \u2013 symbolem p\u0159ipravenosti a stylu, navr\u017een\u00fdm pro ty, kte\u0159\u00ed hledaj\u00ed dobrodru\u017estv\u00ed v jak\u00e9mkoli prost\u0159ed\u00ed. Vyberte si svou preferovanou barvu, vyu\u017eijte univerz\u00e1lnost a ud\u011blejte siln\u00e9 prohl\u00e1\u0161en\u00ed se Spartan Blades Shemagh \u2013 kde se forma setk\u00e1v\u00e1 s funkc\u00ed.<\/strong><\/p>\n","protected":false},"featured_media":378275,"comment_status":"open","ping_status":"closed","template":"","meta":[],"pwb-brand":[3833],"product_brand":[],"product_cat":[22,17,23],"product_tag":[],"class_list":{"0":"post-378274","1":"product","2":"type-product","3":"status-publish","4":"has-post-thumbnail","6":"pwb-brand-spartan-blades","7":"product_cat-zaviraci-noze","8":"product_cat-noze","9":"product_cat-pevne-noze","11":"first","12":"outofstock","13":"taxable","14":"shipping-taxable","15":"purchasable","16":"product-type-simple"},"brands":[{"id":3833,"name":"Spartan Blades","slug":"spartan-blades"}],"_links":{"self":[{"href":"https:\/\/www.moskito.cz\/de\/wp-json\/wp\/v2\/product\/378274","targetHints":{"allow":["GET"]}}],"collection":[{"href":"https:\/\/www.moskito.cz\/de\/wp-json\/wp\/v2\/product"}],"about":[{"href":"https:\/\/www.moskito.cz\/de\/wp-json\/wp\/v2\/types\/product"}],"replies":[{"embeddable":true,"href":"https:\/\/www.moskito.cz\/de\/wp-json\/wp\/v2\/comments?post=378274"}],"wp:featuredmedia":[{"embeddable":true,"href":"https:\/\/www.moskito.cz\/de\/wp-json\/wp\/v2\/media\/378275"}],"wp:attachment":[{"href":"https:\/\/www.moskito.cz\/de\/wp-json\/wp\/v2\/media?parent=378274"}],"wp:term":[{"taxonomy":"pwb-brand","embeddable":true,"href":"https:\/\/www.moskito.cz\/de\/wp-json\/wp\/v2\/pwb-brand?post=378274"},{"taxonomy":"product_brand","embeddable":true,"href":"https:\/\/www.moskito.cz\/de\/wp-json\/wp\/v2\/product_brand?post=378274"},{"taxonomy":"product_cat","embeddable":true,"href":"https:\/\/www.moskito.cz\/de\/wp-json\/wp\/v2\/product_cat?post=378274"},{"taxonomy":"product_tag","embeddable":true,"href":"https:\/\/www.moskito.cz\/de\/wp-json\/wp\/v2\/product_tag?post=378274"}],"curies":[{"name":"wp","href":"https:\/\/api.w.org\/{rel}","templated":true}]}}