{"id":378453,"date":"2024-11-26T19:39:20","date_gmt":"2024-11-26T18:39:20","guid":{"rendered":"https:\/\/www.moskito.cz\/?post_type=product&#038;p=378453"},"modified":"2025-05-07T11:26:55","modified_gmt":"2025-05-07T10:26:55","slug":"zaviraci-nuz-fox-knives-suru-fx-526-cf","status":"publish","type":"product","link":"https:\/\/www.moskito.cz\/de\/produkt\/zaviraci-nuz-fox-knives-suru-fx-526-cf\/","title":{"rendered":"Zav\u00edrac\u00ed N\u016f\u017e Fox Knives SURU FX-526 CF"},"content":{"rendered":"<p>Zav\u00edrac\u00ed N\u016f\u017e <strong>Fox Knives<\/strong> SURU FX-526 CF.<\/p>\n<p>Jesper Voxnaes, renomovan\u00fd design\u00e9r no\u017e\u016f, je zn\u00e1m\u00fd svou schopnost\u00ed vyv\u00e1\u017eit funk\u010dnost, estetiku a inovace ve sv\u00fdch v\u00fdtvorech a Suru nen\u00ed v\u00fdjimkou. Suru, navr\u017een\u00fd s ohledem na nad\u0161ence pro ka\u017edodenn\u00ed no\u0161en\u00ed (EDC), ukazuje, jak m\u016f\u017ee kompaktn\u00ed n\u016f\u017e poskytnout v\u00fdkon i pohodl\u00ed.<\/p>\n<p>Kl\u00ed\u010dov\u00e9 vlastnosti Suru:<br \/>\nKompaktn\u00ed design : Navzdory sv\u00e9 mal\u00e9 velikosti je Suru navr\u017eeno tak, aby poskytovalo plnou rukoje\u0165, kter\u00e1 nab\u00edz\u00ed v\u00fdjime\u010dn\u00e9 ovl\u00e1d\u00e1n\u00ed a pohodl\u00ed pro u\u017eivatele.<br \/>\nRobustn\u00ed \u010depel : \u010cepel o tlou\u0161\u0165ce 4 mm poskytuje odolnost a pevnost a zaji\u0161\u0165uje, \u017ee zvl\u00e1dne \u0159adu n\u00e1ro\u010dn\u00fdch \u00fakol\u016f bez kompromis\u016f.<br \/>\nPloch\u00e1 hrana : Ploch\u00e9 brou\u0161en\u00ed \u010depele podporuje p\u0159esn\u00e9, \u010dist\u00e9 \u0159ezy, d\u00edky \u010demu\u017e je vhodn\u00e1 pro detailn\u00ed pr\u00e1ci i b\u011b\u017en\u00e9 u\u017eitkov\u00e9 \u00fakoly.<br \/>\nHladk\u00e1 akce flipperu : Mechanismus flipperu navr\u017een\u00fd pro rychl\u00e9 a spolehliv\u00e9 nasazen\u00ed zvy\u0161uje snadnost pou\u017eit\u00ed a p\u0159ipravenost no\u017ee.<br \/>\nErgonomie : Promy\u0161len\u011b navr\u017een\u00fd tak, aby pohodln\u011b padl do ruky, Suru minimalizuje \u00fanavu u\u017eivatele i p\u0159i dlouhodob\u00e9m pou\u017e\u00edv\u00e1n\u00ed.<br \/>\nExtr\u00e9mn\u00ed ostrost : Ostrost \u010depele zvy\u0161uje jej\u00ed \u00fa\u010dinnost a zaji\u0161\u0165uje, \u017ee si porad\u00ed s jemn\u00fdmi i hou\u017eevnat\u00fdmi materi\u00e1ly s minim\u00e1ln\u00ed n\u00e1mahou.<br \/>\nSnadn\u00e9 p\u0159en\u00e1\u0161en\u00ed : Lehk\u00fd a nen\u00e1padn\u00fd, Suru se snadno p\u0159en\u00e1\u0161\u00ed, co\u017e z n\u011bj \u010din\u00ed praktick\u00fd n\u00e1stroj pro ka\u017edodenn\u00ed sc\u00e9n\u00e1\u0159e.<\/p>\n<p>Design\u00e9r: VOX<br \/>\nOcel \u010depele: M39<br \/>\nTvrdost: HRC 59-61<br \/>\nPotah \u010depele: Sat<br \/>\nMateri\u00e1l rukojeti: Karbon<br \/>\nZ\u00e1mek r\u00e1mu: uhl\u00edkov\u00e9 vl\u00e1kno<br \/>\nKlip: Br\u00e1cha<br \/>\nDistan\u010dn\u00ed vlo\u017eka:Uhl\u00edk<br \/>\n\u0161rouby:Bronz a<br \/>\nD\u00e9lka \u010depele: 60 mm<br \/>\nCelkov\u00e1 d\u00e9lka: 148 mm<br \/>\nTlou\u0161\u0165ka \u010depele: 4,0 mm<br \/>\nVyrobeno v: It\u00e1lie<br \/>\nOcen\u011bn\u00ed: Celkov\u00fd n\u016f\u017e roku 2018 (ozna\u010duj\u00edc\u00ed uzn\u00e1n\u00ed v oboru za design a funk\u010dnost)<br \/>\nHmotnost: 58 gram\u016f<\/p>\n","protected":false},"excerpt":{"rendered":"<p><strong>Jesper Voxnaes, renomovan\u00fd design\u00e9r no\u017e\u016f, je zn\u00e1m\u00fd svou schopnost\u00ed vyv\u00e1\u017eit funk\u010dnost, estetiku a inovace ve sv\u00fdch v\u00fdtvorech a Suru nen\u00ed v\u00fdjimkou. Suru, navr\u017een\u00fd s ohledem na nad\u0161ence pro ka\u017edodenn\u00ed no\u0161en\u00ed (EDC), ukazuje, jak m\u016f\u017ee kompaktn\u00ed n\u016f\u017e poskytnout v\u00fdkon i pohodl\u00ed.<\/strong><\/p>\n<p><strong>Doprava zdarma.<\/strong><\/p>\n","protected":false},"featured_media":378454,"comment_status":"open","ping_status":"closed","template":"","meta":[],"pwb-brand":[796],"product_brand":[],"product_cat":[22,17],"product_tag":[],"class_list":{"0":"post-378453","1":"product","2":"type-product","3":"status-publish","4":"has-post-thumbnail","6":"pwb-brand-fox-knives","7":"product_cat-zaviraci-noze","8":"product_cat-noze","10":"first","11":"instock","12":"taxable","13":"shipping-taxable","14":"purchasable","15":"product-type-simple"},"brands":[{"id":796,"name":"Fox Knives","slug":"fox-knives"}],"_links":{"self":[{"href":"https:\/\/www.moskito.cz\/de\/wp-json\/wp\/v2\/product\/378453","targetHints":{"allow":["GET"]}}],"collection":[{"href":"https:\/\/www.moskito.cz\/de\/wp-json\/wp\/v2\/product"}],"about":[{"href":"https:\/\/www.moskito.cz\/de\/wp-json\/wp\/v2\/types\/product"}],"replies":[{"embeddable":true,"href":"https:\/\/www.moskito.cz\/de\/wp-json\/wp\/v2\/comments?post=378453"}],"wp:featuredmedia":[{"embeddable":true,"href":"https:\/\/www.moskito.cz\/de\/wp-json\/wp\/v2\/media\/378454"}],"wp:attachment":[{"href":"https:\/\/www.moskito.cz\/de\/wp-json\/wp\/v2\/media?parent=378453"}],"wp:term":[{"taxonomy":"pwb-brand","embeddable":true,"href":"https:\/\/www.moskito.cz\/de\/wp-json\/wp\/v2\/pwb-brand?post=378453"},{"taxonomy":"product_brand","embeddable":true,"href":"https:\/\/www.moskito.cz\/de\/wp-json\/wp\/v2\/product_brand?post=378453"},{"taxonomy":"product_cat","embeddable":true,"href":"https:\/\/www.moskito.cz\/de\/wp-json\/wp\/v2\/product_cat?post=378453"},{"taxonomy":"product_tag","embeddable":true,"href":"https:\/\/www.moskito.cz\/de\/wp-json\/wp\/v2\/product_tag?post=378453"}],"curies":[{"name":"wp","href":"https:\/\/api.w.org\/{rel}","templated":true}]}}