{"id":378470,"date":"2024-11-26T19:50:52","date_gmt":"2024-11-26T18:50:52","guid":{"rendered":"https:\/\/www.moskito.cz\/?post_type=product&#038;p=378470"},"modified":"2025-11-18T14:44:40","modified_gmt":"2025-11-18T13:44:40","slug":"pevny-nuz-fox-knives-fairbairn-skyes-fighting-knife-fx-593","status":"publish","type":"product","link":"https:\/\/www.moskito.cz\/de\/produkt\/pevny-nuz-fox-knives-fairbairn-skyes-fighting-knife-fx-593\/","title":{"rendered":"Pevn\u00fd N\u016f\u017e Fox Knives FAIRBAIRN SKYES FIGHTING KNIFE FX-593"},"content":{"rendered":"<p>Pevn\u00fd N\u016f\u017e <strong>Fox Knives<\/strong> FAIRBAIRN SKYES FIGHTING KNIFE FX-593.<\/p>\n<p>Fairbairn-Sykes Fighting Knife, navr\u017een\u00fd Williamem E. Fairbairnem a Ericem A. Sykesem, je klasick\u00fd a ikonick\u00fd bojov\u00fd n\u016f\u017e. Byl vytvo\u0159en pro boj na bl\u00edzko, s dlouhou, \u0161t\u00edhlou a dvoub\u0159itou \u010depel\u00ed, kter\u00e1 se zu\u017euje do jehlovit\u00e9ho hrotu a je navr\u017eena tak, aby pronikla hluboko do c\u00edle. D\u00edky profilu vav\u0159\u00ednov\u00e9ho listu a elegantn\u00edmu designu je \u010depel okam\u017eit\u011b rozpoznateln\u00e1. Rukoje\u0165 je navr\u017eena pro pevn\u00e9 a bezpe\u010dn\u00e9 uchopen\u00ed s vroubkov\u00e1n\u00edm nebo dr\u00e1\u017ekami pro lep\u0161\u00ed kontrolu, kter\u00e1 je nezbytn\u00e1<\/p>\n<p>B\u011bhem druh\u00e9 sv\u011btov\u00e9 v\u00e1lky byl p\u0159ijat britsk\u00fdmi komandy a v pr\u016fb\u011bhu let se stal symbolem elitn\u00edch sil po cel\u00e9m sv\u011bt\u011b. Jeho design a funk\u010dnost jsou st\u00e1le vysoce cen\u011bny v modern\u00edch vojensk\u00fdch kruz\u00edch a mezi sb\u011brateli. Fairbairn-Sykes je \u010dasto pova\u017eov\u00e1n za praktickou, ale elegantn\u00ed reprezentaci bojov\u00fdch n\u00e1stroj\u016f a jeho pokra\u010duj\u00edc\u00ed popularita pramen\u00ed jak z jeho historick\u00e9ho v\u00fdznamu.<\/p>\n<p>Mnoho modern\u00edch no\u017e\u016f, jako jsou ty od Hill Knives, se inspiruje designem Fairbairn-Sykes a pokra\u010duje v tradici vytv\u00e1\u0159en\u00ed bojov\u00fdch no\u017e\u016f pro speci\u00e1ln\u00ed vojensk\u00e9 pou\u017eit\u00ed nebo pro sb\u011bratele.<\/p>\n<p>Design\u00e9r : Hill Knives<br \/>\nOcel \u010depele : N690Co (vysoce kvalitn\u00ed nerezov\u00e1 ocel zn\u00e1m\u00e1 pro svou dobrou retenci ost\u0159\u00ed a odolnost proti korozi)<br \/>\nTvrdost : 58-60 HRC (m\u011b\u0159en\u00ed tvrdosti na Rockwellov\u011b stupnici, kter\u00e1 ud\u00e1v\u00e1, jak odoln\u00e1 bude \u010depel p\u0159i zat\u00ed\u017een\u00ed)<br \/>\nPovrchov\u00e1 \u00faprava \u010depele : Satinato (sat\u00e9nov\u00fd povrch, kter\u00fd poskytuje hladk\u00fd, reflexn\u00ed povrch a z\u00e1rove\u0148 odol\u00e1v\u00e1 rzi a korozi)<br \/>\nRukoje\u0165 : o\u0159ech (tvrd\u00e9 d\u0159evo zn\u00e1m\u00e9 svou pevnost\u00ed a estetickou p\u0159ita\u017elivost\u00ed, nab\u00edz\u00ed pevn\u00fd a pohodln\u00fd \u00fachop)<br \/>\nD\u00e9lka \u010depele : 170 mm<br \/>\nCelkov\u00e1 d\u00e9lka : 300 mm<br \/>\nTlou\u0161\u0165ka \u010depele : 5,0 mm<br \/>\nVyrobeno v : It\u00e1lie<br \/>\nHmotnost : 180 g<br \/>\nTento n\u016f\u017e se zd\u00e1 b\u00fdt vhodn\u00fd pro venkovn\u00ed nebo u\u017eitkov\u00e9 \u00fakoly, s robustn\u00ed \u010depel\u00ed z oceli N690Co, pohodlnou rukojet\u00ed z o\u0159echov\u00e9ho d\u0159eva a vyv\u00e1\u017eenou hmotnost\u00ed pro snadn\u00e9 pou\u017eit\u00ed. Povrchov\u00e1 \u00faprava satinato nejen p\u0159id\u00e1v\u00e1 na estetice \u010depele, ale tak\u00e9 zaji\u0161\u0165uje odolnost a velikost je praktick\u00e1 pro r\u016fzn\u00e9 aplikace.<\/p>\n","protected":false},"excerpt":{"rendered":"<p><strong>Fairbairn-Sykes Fighting Knife, navr\u017een\u00fd Williamem E. Fairbairnem a Ericem A. Sykesem, je klasick\u00fd a ikonick\u00fd bojov\u00fd n\u016f\u017e. Byl vytvo\u0159en pro boj na bl\u00edzko, s dlouhou, \u0161t\u00edhlou a dvoub\u0159itou \u010depel\u00ed, kter\u00e1 se zu\u017euje do jehlovit\u00e9ho hrotu a je navr\u017eena tak, aby pronikla hluboko do c\u00edle.<\/strong><\/p>\n<p><strong>Doprava zdarma.<\/strong><\/p>\n","protected":false},"featured_media":378471,"comment_status":"open","ping_status":"closed","template":"","meta":[],"pwb-brand":[796],"product_brand":[],"product_cat":[23,17],"product_tag":[],"class_list":{"0":"post-378470","1":"product","2":"type-product","3":"status-publish","4":"has-post-thumbnail","6":"pwb-brand-fox-knives","7":"product_cat-pevne-noze","8":"product_cat-noze","10":"first","11":"outofstock","12":"taxable","13":"shipping-taxable","14":"purchasable","15":"product-type-simple"},"brands":[{"id":796,"name":"Fox Knives","slug":"fox-knives"}],"_links":{"self":[{"href":"https:\/\/www.moskito.cz\/de\/wp-json\/wp\/v2\/product\/378470","targetHints":{"allow":["GET"]}}],"collection":[{"href":"https:\/\/www.moskito.cz\/de\/wp-json\/wp\/v2\/product"}],"about":[{"href":"https:\/\/www.moskito.cz\/de\/wp-json\/wp\/v2\/types\/product"}],"replies":[{"embeddable":true,"href":"https:\/\/www.moskito.cz\/de\/wp-json\/wp\/v2\/comments?post=378470"}],"wp:featuredmedia":[{"embeddable":true,"href":"https:\/\/www.moskito.cz\/de\/wp-json\/wp\/v2\/media\/378471"}],"wp:attachment":[{"href":"https:\/\/www.moskito.cz\/de\/wp-json\/wp\/v2\/media?parent=378470"}],"wp:term":[{"taxonomy":"pwb-brand","embeddable":true,"href":"https:\/\/www.moskito.cz\/de\/wp-json\/wp\/v2\/pwb-brand?post=378470"},{"taxonomy":"product_brand","embeddable":true,"href":"https:\/\/www.moskito.cz\/de\/wp-json\/wp\/v2\/product_brand?post=378470"},{"taxonomy":"product_cat","embeddable":true,"href":"https:\/\/www.moskito.cz\/de\/wp-json\/wp\/v2\/product_cat?post=378470"},{"taxonomy":"product_tag","embeddable":true,"href":"https:\/\/www.moskito.cz\/de\/wp-json\/wp\/v2\/product_tag?post=378470"}],"curies":[{"name":"wp","href":"https:\/\/api.w.org\/{rel}","templated":true}]}}