{"id":379073,"date":"2024-11-28T16:57:07","date_gmt":"2024-11-28T15:57:07","guid":{"rendered":"https:\/\/www.moskito.cz\/?post_type=product&#038;p=379073"},"modified":"2025-05-07T11:27:02","modified_gmt":"2025-05-07T10:27:02","slug":"sada-arcos-857400","status":"publish","type":"product","link":"https:\/\/www.moskito.cz\/de\/produkt\/sada-arcos-857400\/","title":{"rendered":"Sada Arcos 857400"},"content":{"rendered":"<p>Sada Arcos 857400.<\/p>\n<p>Tato kuchy\u0148sk\u00e1 sada se skl\u00e1d\u00e1 z vysoce kvalitn\u00edch no\u017e\u016f, n\u016f\u017eek a brousku, ide\u00e1ln\u00ed pro ka\u017edodenn\u00ed pou\u017e\u00edv\u00e1n\u00ed v kuchyni. Sada zahrnuje:<\/p>\n<p>N\u016f\u017e na zeleninu (100 mm) \u2013 ide\u00e1ln\u00ed pro jemn\u00e9 a precizn\u00ed kr\u00e1jen\u00ed zeleniny.<br \/>\nKucha\u0159sk\u00fd n\u016f\u017e (200 mm) \u2013 univerz\u00e1ln\u00ed n\u00e1stroj pro kr\u00e1jen\u00ed, sek\u00e1n\u00ed a porcov\u00e1n\u00ed r\u016fzn\u00fdch potravin.<br \/>\nN\u016f\u017eky \u2013 pro snadn\u00e9 st\u0159\u00edh\u00e1n\u00ed bylinek, masa nebo jin\u00fdch ingredienc\u00ed.<br \/>\nBrousek \u2013 pro udr\u017eov\u00e1n\u00ed optim\u00e1ln\u00ed ostrosti no\u017e\u016f.<\/p>\n<p>V\u0161e je pe\u010dliv\u011b organizov\u00e1no a zabalen\u00e9 v elegantn\u00ed d\u00e1rkov\u00e9 krabici, co\u017e z t\u00e9to sady \u010din\u00ed skv\u00e9l\u00e9 \u0159e\u0161en\u00ed pro ka\u017ed\u00e9ho, kdo hled\u00e1 kvalitn\u00ed a praktick\u00e9 kuchy\u0148sk\u00e9 n\u00e1stroje.<br \/>\nNo\u017ee ARCOS UNIVERSAL:<\/p>\n<p>\u0158ada Universal je navr\u017eena pro ka\u017edodenn\u00ed pou\u017eit\u00ed s d\u016frazem na komfort a efektivitu. No\u017ee jsou vyroben\u00e9 z nerezov\u00e9 oceli NITRIUM\u00ae, co\u017e je patentovan\u00e1 ocel s obsahem dus\u00edku, kter\u00e1 je ekologick\u00e1 a dostupn\u00e1 pouze u no\u017e\u016f ARCOS.<\/p>\n<p>Vlastnosti oceli NITRIUM\u00ae:<br \/>\nV\u011bt\u0161\u00ed tvrdost a ostrost.<br \/>\nLep\u0161\u00ed udr\u017eov\u00e1n\u00ed ostrosti.<br \/>\nZlep\u0161en\u00e1 odolnost proti korozi a skvrn\u00e1m.<\/p>\n<p>Ergonomick\u00e1 protiskluzov\u00e1 rukoje\u0165 zaji\u0161\u0165uje pevn\u00e9 a pohodln\u00e9 uchopen\u00ed, co\u017e zaru\u010duje bezpe\u010dn\u00e9 a p\u0159esn\u00e9 pou\u017e\u00edv\u00e1n\u00ed no\u017ee. N\u00fdty z nerezav\u011bj\u00edc\u00ed oceli poskytuj\u00ed vysokou odolnost proti korozi a vypad\u00e1v\u00e1n\u00ed.<\/p>\n<p>Rukoje\u0165 je vyrobena z polyoxymetyl\u00e9nu (POM), kter\u00fd je odoln\u00fd v\u016f\u010di extr\u00e9mn\u00edm teplot\u00e1m od -40\u00b0C do 150\u00b0C.<\/p>\n<p>No\u017ee jsou vyrobeny v Albacete ve \u0160pan\u011blsku a poskytuj\u00ed z\u00e1ruku 10 let na kvalitu.<\/p>\n<p>&nbsp;<\/p>\n","protected":false},"excerpt":{"rendered":"<p><strong>\u0158ada Universal je navr\u017eena pro ka\u017edodenn\u00ed pou\u017eit\u00ed s d\u016frazem na komfort a efektivitu. No\u017ee jsou vyroben\u00e9 z nerezov\u00e9 oceli NITRIUM\u00ae, co\u017e je patentovan\u00e1 ocel s obsahem dus\u00edku, kter\u00e1 je ekologick\u00e1 a dostupn\u00e1 pouze u no\u017e\u016f ARCOS.<\/strong><\/p>\n","protected":false},"featured_media":379074,"comment_status":"open","ping_status":"closed","template":"","meta":[],"pwb-brand":[1950],"product_brand":[],"product_cat":[21],"product_tag":[],"class_list":{"0":"post-379073","1":"product","2":"type-product","3":"status-publish","4":"has-post-thumbnail","6":"pwb-brand-arcos","7":"product_cat-kuchynske-noze","9":"first","10":"outofstock","11":"taxable","12":"shipping-taxable","13":"purchasable","14":"product-type-simple"},"brands":[{"id":1950,"name":"Arcos","slug":"arcos"}],"_links":{"self":[{"href":"https:\/\/www.moskito.cz\/de\/wp-json\/wp\/v2\/product\/379073","targetHints":{"allow":["GET"]}}],"collection":[{"href":"https:\/\/www.moskito.cz\/de\/wp-json\/wp\/v2\/product"}],"about":[{"href":"https:\/\/www.moskito.cz\/de\/wp-json\/wp\/v2\/types\/product"}],"replies":[{"embeddable":true,"href":"https:\/\/www.moskito.cz\/de\/wp-json\/wp\/v2\/comments?post=379073"}],"wp:featuredmedia":[{"embeddable":true,"href":"https:\/\/www.moskito.cz\/de\/wp-json\/wp\/v2\/media\/379074"}],"wp:attachment":[{"href":"https:\/\/www.moskito.cz\/de\/wp-json\/wp\/v2\/media?parent=379073"}],"wp:term":[{"taxonomy":"pwb-brand","embeddable":true,"href":"https:\/\/www.moskito.cz\/de\/wp-json\/wp\/v2\/pwb-brand?post=379073"},{"taxonomy":"product_brand","embeddable":true,"href":"https:\/\/www.moskito.cz\/de\/wp-json\/wp\/v2\/product_brand?post=379073"},{"taxonomy":"product_cat","embeddable":true,"href":"https:\/\/www.moskito.cz\/de\/wp-json\/wp\/v2\/product_cat?post=379073"},{"taxonomy":"product_tag","embeddable":true,"href":"https:\/\/www.moskito.cz\/de\/wp-json\/wp\/v2\/product_tag?post=379073"}],"curies":[{"name":"wp","href":"https:\/\/api.w.org\/{rel}","templated":true}]}}