{"id":380695,"date":"2024-12-06T14:25:30","date_gmt":"2024-12-06T13:25:30","guid":{"rendered":"https:\/\/www.moskito.cz\/?post_type=product&#038;p=380695"},"modified":"2025-11-07T09:19:13","modified_gmt":"2025-11-07T08:19:13","slug":"pevny-nuz-muela-terrier-9g-k","status":"publish","type":"product","link":"https:\/\/www.moskito.cz\/de\/produkt\/pevny-nuz-muela-terrier-9g-k\/","title":{"rendered":"Pevn\u00fd N\u016f\u017e Muela TERRIER-9G\/K"},"content":{"rendered":"<p>Pevn\u00fd N\u016f\u017e Muela TERRIER-9G\/K.<\/p>\n<p>Muela TERRIER-9G\/K je mal\u00fd n\u016f\u017e od renomovan\u00e9 \u0161pan\u011blsk\u00e9 firmy Muela, kter\u00fd m\u00e1 odolnou integr\u00e1ln\u00ed konstrukci a je ide\u00e1ln\u00ed pro drobnou pr\u00e1ci p\u0159i lovu a outdoorov\u00fdch aktivit\u00e1ch. D\u00edky sv\u00e9 velikosti a designu je velmi dob\u0159e ovladateln\u00fd a skv\u011ble se hod\u00ed pro p\u0159esn\u00e9 \u0159ezy.<\/p>\n<p>Technick\u00e9 \u00fadaje:<\/p>\n<p>Materi\u00e1l \u010depele: N\u016f\u017e je vyroben z jednoho kusu nerezov\u00e9 oceli Nitro-42 s vysok\u00fdm obsahem uhl\u00edku, co\u017e zaji\u0161\u0165uje skv\u011blou odolnost a dlouhou \u017eivotnost \u010depele.<br \/>\nBezpe\u010dnost: N\u016f\u017e je vybaven z\u00e1\u0161titou, kter\u00e1 zaji\u0161\u0165uje v\u011bt\u0161\u00ed bezpe\u010dnost p\u0159i pr\u00e1ci.<br \/>\nRukoje\u0165: St\u0159enky rukojeti jsou vyrobeny z mikarty v kombinaci zelen\u00e9 a \u017elut\u00e9 barvy, co\u017e zaji\u0161\u0165uje pevn\u00fd \u00fachop a odolnost.<br \/>\nOtvor pro z\u00e1v\u011bsnou \u0161\u0148\u016fru: Na konci rukojeti je otvor pro upevn\u011bn\u00ed z\u00e1v\u011bsn\u00e9 \u0161\u0148\u016fry.<br \/>\nPouzdro: N\u016f\u017e je dod\u00e1v\u00e1n s kydexov\u00fdm pouzdrem, kter\u00e9 m\u00e1 odn\u00edmateln\u00fd klips s regulovateln\u00fdm p\u0159\u00edtlakem. Pouzdro lze p\u0159ipevnit na opasek pomoc\u00ed \u0161\u0148\u016fry, kter\u00e1 se provle\u010de otvory v pouzdru.<\/p>\n<p>Muela TERRIER-9G\/K je ide\u00e1ln\u00ed pro lovce, t\u00e1born\u00edky a v\u0161echny, kte\u0159\u00ed pot\u0159ebuj\u00ed spolehliv\u00fd a p\u0159esn\u00fd n\u00e1stroj pro outdoorov\u00e9 aktivity.<\/p>\n<p>Celkov\u00e1 d\u00e9lka: 18,90 cm<br \/>\nD\u00e9lka \u010depele: 8,80 cm<br \/>\nTlou\u0161\u0165ka \u010depele: 0,38 cm<br \/>\nHmotnost: 122 g<br \/>\nMateri\u00e1l \u010depele: Nitro-42 (nebo jin\u00fd dle specifikace)<br \/>\nMateri\u00e1l rukojeti: Micarta (nebo jin\u00fd typ podle varianty)<br \/>\nBarva rukojeti: Zelen\u00e1 (nebo jin\u00e1 barva v z\u00e1vislosti na variant\u011b)<br \/>\nBarva \u010depele: Bez povrchov\u00e9 \u00fapravy (p\u0159\u00edrodn\u00ed ocel)<br \/>\nMateri\u00e1l pochvy: Kydex<\/p>\n<p>&nbsp;<\/p>\n<p>&nbsp;<\/p>\n","protected":false},"excerpt":{"rendered":"<p><strong>Muela TERRIER-9G\/K je ide\u00e1ln\u00ed pro lovce, t\u00e1born\u00edky a v\u0161echny, kte\u0159\u00ed pot\u0159ebuj\u00ed spolehliv\u00fd a p\u0159esn\u00fd n\u00e1stroj pro outdoorov\u00e9 aktivity.<\/strong><\/p>\n","protected":false},"featured_media":380696,"comment_status":"open","ping_status":"closed","template":"","meta":[],"pwb-brand":[191],"product_brand":[],"product_cat":[17,23],"product_tag":[],"class_list":{"0":"post-380695","1":"product","2":"type-product","3":"status-publish","4":"has-post-thumbnail","6":"pwb-brand-muela","7":"product_cat-noze","8":"product_cat-pevne-noze","10":"first","11":"instock","12":"taxable","13":"shipping-taxable","14":"purchasable","15":"product-type-simple"},"brands":[{"id":191,"name":"Muela","slug":"muela"}],"_links":{"self":[{"href":"https:\/\/www.moskito.cz\/de\/wp-json\/wp\/v2\/product\/380695","targetHints":{"allow":["GET"]}}],"collection":[{"href":"https:\/\/www.moskito.cz\/de\/wp-json\/wp\/v2\/product"}],"about":[{"href":"https:\/\/www.moskito.cz\/de\/wp-json\/wp\/v2\/types\/product"}],"replies":[{"embeddable":true,"href":"https:\/\/www.moskito.cz\/de\/wp-json\/wp\/v2\/comments?post=380695"}],"wp:featuredmedia":[{"embeddable":true,"href":"https:\/\/www.moskito.cz\/de\/wp-json\/wp\/v2\/media\/380696"}],"wp:attachment":[{"href":"https:\/\/www.moskito.cz\/de\/wp-json\/wp\/v2\/media?parent=380695"}],"wp:term":[{"taxonomy":"pwb-brand","embeddable":true,"href":"https:\/\/www.moskito.cz\/de\/wp-json\/wp\/v2\/pwb-brand?post=380695"},{"taxonomy":"product_brand","embeddable":true,"href":"https:\/\/www.moskito.cz\/de\/wp-json\/wp\/v2\/product_brand?post=380695"},{"taxonomy":"product_cat","embeddable":true,"href":"https:\/\/www.moskito.cz\/de\/wp-json\/wp\/v2\/product_cat?post=380695"},{"taxonomy":"product_tag","embeddable":true,"href":"https:\/\/www.moskito.cz\/de\/wp-json\/wp\/v2\/product_tag?post=380695"}],"curies":[{"name":"wp","href":"https:\/\/api.w.org\/{rel}","templated":true}]}}