{"id":381253,"date":"2024-12-02T22:25:54","date_gmt":"2024-12-09T11:51:38","guid":{"rendered":"https:\/\/www.moskito.cz\/produkt\/schiessmesser-microtech-scarab-ii-gen-iii-1278-2t\/"},"modified":"2025-05-07T11:27:14","modified_gmt":"2025-05-07T10:27:14","slug":"schiessmesser-microtech-scarab-ii-gen-iii-1278-2t","status":"publish","type":"product","link":"https:\/\/www.moskito.cz\/de\/produkt\/schiessmesser-microtech-scarab-ii-gen-iii-1278-2t\/","title":{"rendered":"Schie\u00dfmesser Microtech Scarab II Gen III 1278-2T"},"content":{"rendered":"<p>Schie\u00dfmesser <strong>Microtech<\/strong> Scarab II Gen III 1278-2T. Das Microtech Scarab II Gen III (Modellnummer MT12782T) ist ein hochwertiges taktisches Out the Front (OTF)-Automatikmesser, das auf dem urspr\u00fcnglichen Microtech Ultratech-Design basiert. Gebaut, um extremen Bedingungen standzuhalten, eignet es sich hervorragend f\u00fcr verdeckte Eins\u00e4tze mit hoher Intensit\u00e4t. Der Scarab II wurde speziell f\u00fcr eine Vielzahl von taktischen, praktischen und Kampfeins\u00e4tzen entwickelt und eignet sich daher ideal f\u00fcr den Einsatz durch Strafverfolgungsbeh\u00f6rden, Milit\u00e4rpersonal und Regierungsbeh\u00f6rden. Hauptmerkmale:<br \/>\n Einh\u00e4ndiges, doppelt wirkendes OTF-Design: Die Klinge l\u00e4sst sich mit einer Hand hinein- und herausschieben.<br \/>\n Griff: Verf\u00fcgt \u00fcber ein ergonomisches, griffiges Design mit einer strukturierten, rutschfesten Oberfl\u00e4che und Eins\u00e4tzen auf beiden Seiten f\u00fcr hervorragende Kontrolle und Komfort.<br \/>\n Haltbarkeit: Hergestellt nach den h\u00f6chsten Standards an Zuverl\u00e4ssigkeit und Sicherheit, auch in extremen Situationen.<br \/>\n Verwendung: Geeignet f\u00fcr Fachleute, die an Strafverfolgungs-, Milit\u00e4reins\u00e4tzen und Regierungsaufgaben beteiligt sind.<br \/>\n Diese Version des Scarab II bietet die gleiche Zuverl\u00e4ssigkeit und Leistung wie das Original, jedoch mit Verbesserungen, die ihn noch vielseitiger und f\u00fcr taktische Eins\u00e4tze geeignet machen. Das Microtech Scarab II ist eines der beliebtesten und leistungsst\u00e4rksten Messer von OTF, und das Modell 2023 bringt mehrere innovative Verbesserungen mit sich, beh\u00e4lt aber die Gr\u00f6\u00dfe und den Stil seines Vorg\u00e4ngers bei. Dieser aktualisierte Scarab II setzt einen neuen Standard in der OTF-Technologie (Out the Front). Hauptmerkmale des Modells 2023:<br \/>\n Au\u00dfendesign: Der Scarab II beh\u00e4lt die klassische \u00c4sthetik fr\u00fcherer Generationen bei, wie z. B. die Traktionspads, das Torx-Schraubendesign am Geh\u00e4use sowie den ikonischen Glasbrecher und den Taschenclip, die ihn zu einem der kultigsten Stile von OTF machen.<br \/>\n Revolution\u00e4res zweistufiges Antriebssystem: Dieses innovative System sorgt f\u00fcr sanftes Einr\u00fccken und hohe Leistung. Durch das Doppelfederdesign kann sich die Klinge mit gen\u00fcgend Kraft entfalten, um Geschwindigkeit und Effizienz auch unter Wasserbedingungen aufrechtzuerhalten.<br \/>\n Aktualisiertes Design der Knopftasche: Das neue Design reduziert die Reibung und hilft, Schmutz vom Mechanismus zu entfernen, wodurch der Bedarf an h\u00e4ufiger Wartung und Reinigung verringert wird. Diese Verbesserung erh\u00f6ht die Zuverl\u00e4ssigkeit und Benutzerfreundlichkeit des Messers.<br \/>\n Haltbarkeit und Leistung: Durch die Kombination modernster Technologie mit klassischem Microtech-Design setzt das 2023 Scarab II einen neuen Standard f\u00fcr langlebige und langlebige OTF-Messer und ist damit das perfekte Werkzeug f\u00fcr den taktischen Einsatz in extremen Umgebungen.<br \/>\n Mit seinen innovativen Funktionen und seinem zeitlosen Design ist diese neueste Version des Scarab II eine leistungsstarke und zuverl\u00e4ssige Wahl f\u00fcr taktische Profis.<\/p>\n<p>Hier sind die Spezifikationen f\u00fcr den 2023 Microtech Scarab II (Modell MT12782T): Klingenl\u00e4nge: 3,875 Zoll (9,84 cm) Schneidkante: 3,75 Zoll (9,53 cm) L\u00e4nge geschlossen: 5,75 Zoll (14,61 cm) Gesamtl\u00e4nge: 9,625 Zoll (24,45 cm). ) Klingenstahl: B\u00f6hler M390 Edelstahl (bekannt f\u00fcr au\u00dfergew\u00f6hnliche Schnitthaltigkeit und Korrosionsbest\u00e4ndigkeit) Klingenst\u00e4rke: 0,166 Zoll (4,22 mm) Klingenstil: Drop Point Klingenschliff: Flach Klingenoberfl\u00e4che: Schwarz Griffmaterial: Schwarzes Aluminium mit 3M-Traktionsband Griffst\u00e4rke: 0,5875 Zoll (1,49 cm) Verriegelungsmechanismus : Verschiebbarer Taschenclip : Edelstahl (umkehrbar, verschlei\u00dffest rechts\/links) Gewicht: 5,78 oz (163 g) Designer: Tony Marfione Konstruktion: Torx-Schraubenkonstruktion<br \/>\n Blood Groove\/Fuller: Ja<br \/>\n Hergestellt in den USA<br \/>\n UPC-Code: 841768165422<br \/>\n Der Scarab II vereint robuste Konstruktion, pr\u00e4zise Funktionalit\u00e4t und ein taktisches Design, das Zuverl\u00e4ssigkeit und Benutzerfreundlichkeit in anspruchsvollen Situationen bietet.<\/p>\n<p>&nbsp;<\/p>\n<p>&nbsp;<\/p>\n","protected":false},"excerpt":{"rendered":"<p><strong>Der Scarab II vereint robuste Konstruktion, pr\u00e4zise Funktionalit\u00e4t und ein taktisches Design, das Zuverl\u00e4ssigkeit und Benutzerfreundlichkeit in anspruchsvollen Situationen bietet. Der Scarab II wurde speziell f\u00fcr eine Vielzahl von taktischen, praktischen und Kampfeins\u00e4tzen entwickelt und eignet sich daher ideal f\u00fcr den Einsatz durch Strafverfolgungsbeh\u00f6rden, Milit\u00e4rpersonal und Regierungsbeh\u00f6rden. <\/strong><\/p>\n<p><strong>Kostenloser Transport.<\/strong><\/p>\n","protected":false},"featured_media":380007,"comment_status":"open","ping_status":"closed","template":"","meta":[],"pwb-brand":[3278],"product_brand":[],"product_cat":[3285,3343],"product_tag":[],"class_list":{"0":"post-381253","1":"product","2":"type-product","3":"status-publish","4":"has-post-thumbnail","6":"pwb-brand-microtech-de","7":"product_cat-messer","8":"product_cat-schiesmesser","10":"first","11":"instock","12":"taxable","13":"shipping-taxable","14":"purchasable","15":"product-type-simple"},"brands":[{"id":3278,"name":"Microtech","slug":"microtech-de"}],"_links":{"self":[{"href":"https:\/\/www.moskito.cz\/de\/wp-json\/wp\/v2\/product\/381253","targetHints":{"allow":["GET"]}}],"collection":[{"href":"https:\/\/www.moskito.cz\/de\/wp-json\/wp\/v2\/product"}],"about":[{"href":"https:\/\/www.moskito.cz\/de\/wp-json\/wp\/v2\/types\/product"}],"replies":[{"embeddable":true,"href":"https:\/\/www.moskito.cz\/de\/wp-json\/wp\/v2\/comments?post=381253"}],"wp:featuredmedia":[{"embeddable":true,"href":"https:\/\/www.moskito.cz\/de\/wp-json\/wp\/v2\/media\/380007"}],"wp:attachment":[{"href":"https:\/\/www.moskito.cz\/de\/wp-json\/wp\/v2\/media?parent=381253"}],"wp:term":[{"taxonomy":"pwb-brand","embeddable":true,"href":"https:\/\/www.moskito.cz\/de\/wp-json\/wp\/v2\/pwb-brand?post=381253"},{"taxonomy":"product_brand","embeddable":true,"href":"https:\/\/www.moskito.cz\/de\/wp-json\/wp\/v2\/product_brand?post=381253"},{"taxonomy":"product_cat","embeddable":true,"href":"https:\/\/www.moskito.cz\/de\/wp-json\/wp\/v2\/product_cat?post=381253"},{"taxonomy":"product_tag","embeddable":true,"href":"https:\/\/www.moskito.cz\/de\/wp-json\/wp\/v2\/product_tag?post=381253"}],"curies":[{"name":"wp","href":"https:\/\/api.w.org\/{rel}","templated":true}]}}