{"id":381262,"date":"2024-12-02T23:07:02","date_gmt":"2024-12-09T11:51:49","guid":{"rendered":"https:\/\/www.moskito.cz\/produkt\/schiessmesser-microtech-hera-ii-apocalyptic-1705-10apod\/"},"modified":"2025-05-07T11:27:16","modified_gmt":"2025-05-07T10:27:16","slug":"schiessmesser-microtech-hera-ii-apocalyptic-1705-10apod","status":"publish","type":"product","link":"https:\/\/www.moskito.cz\/de\/produkt\/schiessmesser-microtech-hera-ii-apocalyptic-1705-10apod\/","title":{"rendered":"Schie\u00dfmesser Microtech Hera II Apocalyptic 1705-10APOD"},"content":{"rendered":"<p>Schie\u00dfmesser <strong>Microtech<\/strong> Hera II Apocalyptic 1705-10APOD. Das Hera II Full Size OTF Auto &#8211; OD Green Apocalyptic Standard von Microtech ist ein markantes Double-Action-Automatikmesser, das vom legend\u00e4ren Troodon-Modell inspiriert ist. Der Hera II zeichnet sich durch eine verbesserte Ergonomie und ein aufwendiges Patchwork an den Enden des Griffs aus, was sowohl die Griffigkeit als auch die \u00c4sthetik verbessert und zur Gesamtattraktivit\u00e4t beitr\u00e4gt. Eines der bemerkenswertesten Merkmale ist der tief ge\u00e4tzte Griff, der ohne sichtbare Beschl\u00e4ge gestaltet ist. Dieses Merkmal verleiht dem Messer eine einzigartige k\u00fcnstlerische Note und beh\u00e4lt gleichzeitig seine funktionelle Integrit\u00e4t bei. Die einzige sichtbare Schraube, die sich auf der R\u00fcckseite in der N\u00e4he des Taschenclips befindet, ist ein subtiles Element, das die gesamte Struktur zusammenh\u00e4lt. Der Clip ist au\u00dferdem umkehrbar, sodass das Messer sowohl f\u00fcr Links- als auch f\u00fcr Rechtsh\u00e4nder geeignet ist. Dieses Messer vereint erstklassige Handwerkskunst mit einem eleganten und praktischen Design, das sowohl N\u00fctzlichkeit als auch einen raffinierten optischen Eindruck gew\u00e4hrleistet. Das \u201eapokalyptische\u201c Finish der Klinge sorgt f\u00fcr ein robustes, unverwechselbares Aussehen, das zu ihrer Haltbarkeit und taktischen Attraktivit\u00e4t beitr\u00e4gt. Das Hera II ist ein Paradebeispiel daf\u00fcr, wie Design Eleganz und Funktionalit\u00e4t m\u00fchelos vereinen kann, was es zu einem der besten Allround-OTF-Automatikmesser (Out-the-Front) in einem hart umk\u00e4mpften Markt macht. Obwohl es h\u00e4ufig mit anderen OTF-Modellen von Microtech konkurriert, hebt Heras durchdachtes Design es wirklich hervor. Seine Gr\u00f6\u00dfe ist perfekt f\u00fcr den Kampf geeignet und dennoch schlank genug f\u00fcr den t\u00e4glichen Gebrauch. Die Form wurde sorgf\u00e4ltig ausgearbeitet, um die ideale Balance zwischen Funktionalit\u00e4t und Stil zu finden und sicherzustellen, dass die Hera als zuverl\u00e4ssiges Werkzeug fungiert und gleichzeitig ein auff\u00e4lliges visuelles Statement setzt. Mit seinen hervorragenden technischen und k\u00fcnstlerischen Details ist der Hera eine ausgezeichnete Wahl f\u00fcr alle, die bei ihren Alltagswerkzeugen sowohl Wert auf \u00c4sthetik als auch Leistung legen. Es ist ein wahres Beispiel f\u00fcr die nahtlose Integration von Form und Funktion. Hier sind die Spezifikationen f\u00fcr den MT170510APOD Hera II Full Size OTF Auto: Klingenl\u00e4nge: 10,16 cm Schneidkante: 9,53 cm L\u00e4nge geschlossen: 13,84 cm Gesamtl\u00e4nge: 24,01 cm Klingenst\u00e4rke: 0,34 cm Dicke Griffe: 1,29 cm Gewicht: 140,6 g Klingenstahl : B\u00f6hler Edelstahl M390MK Klingenstil: Recurve-Klinge Schliff: Flache Klingenoberfl\u00e4che: Apocalyptic Griffmaterial: Au\u00dfengr\u00fcnes, tiefge\u00e4tztes Luft- und Raumfahrtaluminium Verriegelungsmechanismus: Schieberdaumen<br \/>\n Taschenclip: Titan (umkehrbar, f\u00fcr Rechts-\/Links-Tragebarkeit)<br \/>\n Designer: Tony und Sean Marfione<br \/>\n Hergestellt in den USA<br \/>\n Diese Spezifikationen unterstreichen die hochwertigen Materialien und die Liebe zum Detail, die das Hera II in der Kategorie der OTF-Messer auszeichnen und Robustheit mit Eleganz und Zweckm\u00e4\u00dfigkeit verbinden.<\/p>\n<p>&nbsp;<\/p>\n<p>&nbsp;<\/p>\n<p>Du sagtest:<\/p>\n","protected":false},"excerpt":{"rendered":"<p><strong>Dieses Messer vereint erstklassige Handwerkskunst mit einem eleganten und praktischen Design, das sowohl N\u00fctzlichkeit als auch einen raffinierten optischen Eindruck gew\u00e4hrleistet. Die \u201eApocalyptic\u201c-Behandlung der Klinge sorgt f\u00fcr ein robustes, unverwechselbares Aussehen, das zu ihrer Haltbarkeit und taktischen Attraktivit\u00e4t beitr\u00e4gt. <\/strong><\/p>\n<p><strong>Kostenloser Transport.<\/strong><\/p>\n","protected":false},"featured_media":380092,"comment_status":"open","ping_status":"closed","template":"","meta":[],"pwb-brand":[3278],"product_brand":[],"product_cat":[3285,3343],"product_tag":[],"class_list":{"0":"post-381262","1":"product","2":"type-product","3":"status-publish","4":"has-post-thumbnail","6":"pwb-brand-microtech-de","7":"product_cat-messer","8":"product_cat-schiesmesser","10":"first","11":"instock","12":"sale","13":"taxable","14":"shipping-taxable","15":"purchasable","16":"product-type-simple"},"brands":[{"id":3278,"name":"Microtech","slug":"microtech-de"}],"_links":{"self":[{"href":"https:\/\/www.moskito.cz\/de\/wp-json\/wp\/v2\/product\/381262","targetHints":{"allow":["GET"]}}],"collection":[{"href":"https:\/\/www.moskito.cz\/de\/wp-json\/wp\/v2\/product"}],"about":[{"href":"https:\/\/www.moskito.cz\/de\/wp-json\/wp\/v2\/types\/product"}],"replies":[{"embeddable":true,"href":"https:\/\/www.moskito.cz\/de\/wp-json\/wp\/v2\/comments?post=381262"}],"wp:featuredmedia":[{"embeddable":true,"href":"https:\/\/www.moskito.cz\/de\/wp-json\/wp\/v2\/media\/380092"}],"wp:attachment":[{"href":"https:\/\/www.moskito.cz\/de\/wp-json\/wp\/v2\/media?parent=381262"}],"wp:term":[{"taxonomy":"pwb-brand","embeddable":true,"href":"https:\/\/www.moskito.cz\/de\/wp-json\/wp\/v2\/pwb-brand?post=381262"},{"taxonomy":"product_brand","embeddable":true,"href":"https:\/\/www.moskito.cz\/de\/wp-json\/wp\/v2\/product_brand?post=381262"},{"taxonomy":"product_cat","embeddable":true,"href":"https:\/\/www.moskito.cz\/de\/wp-json\/wp\/v2\/product_cat?post=381262"},{"taxonomy":"product_tag","embeddable":true,"href":"https:\/\/www.moskito.cz\/de\/wp-json\/wp\/v2\/product_tag?post=381262"}],"curies":[{"name":"wp","href":"https:\/\/api.w.org\/{rel}","templated":true}]}}