{"id":381269,"date":"2024-12-03T18:01:23","date_gmt":"2024-12-09T11:51:59","guid":{"rendered":"https:\/\/www.moskito.cz\/produkt\/schiessmesser-microtech-hera-ii-apocalyptic-1705-10apnc\/"},"modified":"2025-05-07T11:27:18","modified_gmt":"2025-05-07T10:27:18","slug":"schiessmesser-microtech-hera-ii-apocalyptic-1705-10apnc","status":"publish","type":"product","link":"https:\/\/www.moskito.cz\/de\/produkt\/schiessmesser-microtech-hera-ii-apocalyptic-1705-10apnc\/","title":{"rendered":"Schie\u00dfmesser Microtech Hera II Apocalyptic 1705-10APNC"},"content":{"rendered":"<p>Schie\u00dfmesser <strong>Microtech<\/strong> Hera II Apocalyptic 1705-10APNC. Das Microtech Hera II ist ein hochentwickeltes Messer, das f\u00fcr Liebhaber hochwertiger automatischer Messer entwickelt wurde, die sowohl Funktionalit\u00e4t als auch \u00c4sthetik sch\u00e4tzen. Das Modell MT170510APNC Hera II Full Size OTF Auto in der Variante Apocalyptic Natural Clear bringt nicht nur hervorragenden Bedienkomfort, sondern auch ein anspruchsvolles Design mit, das auf den ersten Blick ins Auge f\u00e4llt. Hauptmerkmale:<br \/>\n OTF (Out-The-Front) Doppelschicht-Automatik: Hera II ist ein Messer mit einem Double-Action-OTF-Mechanismus, was bedeutet, dass die Klinge mit der Bewegung eines einzigen Bedienelements aus- und eingefahren wird.<br \/>\n Rahmendesign: Die Inspiration vom Troodon-Modell ist klar, aber der Hera II bietet einen moderneren Ansatz mit einem ergonomisch verbesserten Rahmen.<br \/>\n Der Griff ist tief graviert und hat eine glatte Oberfl\u00e4che ohne sichtbare Schrauben, was ihm ein minimalistisches und stilvolles Aussehen verleiht.<br \/>\n Ergonomie und Griffigkeit: An den Griffenden befinden sich bearbeitete Patches, die nicht nur die Griffigkeit verbessern, sondern auch zur \u00c4sthetik geh\u00f6ren.<br \/>\n Dank dieser Details liegt das Messer perfekt in der Hand und ist f\u00fcr den Dauereinsatz geeignet.<br \/>\n Funktionsweise: Am hinteren Ende des Taschenclips ist nur eine Schraube sichtbar.<br \/>\n Der Taschenclip ist umkehrbar, was die Verwendung des Messers sowohl f\u00fcr Rechts- als auch f\u00fcr Linksh\u00e4nder erm\u00f6glicht.<br \/>\n Apocalyptic Natural Clear: Die Oberfl\u00e4chenveredelung im apokalyptischen Stil verleiht dem Messer ein einzigartiges Aussehen, das vor allem Sammler und Liebhaber taktischer Messer zu sch\u00e4tzen wissen. Das Microtech Hera II ist wirklich das Flaggschiff unter den OTF-Messern (Out-The-Front) und verschiebt die Grenzen der Kombination von Funktionalit\u00e4t und \u00e4sthetischer Perfektion. Dieses Modell ist ein Beispiel daf\u00fcr, wie Pr\u00e4zisionstechnik und k\u00fcnstlerisches Design harmonisch zu einem in jeder Hinsicht herausragenden Instrument verschmelzen k\u00f6nnen. Warum Hera II w\u00e4hlen?<br \/>\n Ideale Gr\u00f6\u00dfe:<br \/>\n Der Hera II ist so konzipiert, dass er die f\u00fcr den taktischen Einsatz erforderliche Robustheit bietet und gleichzeitig schlank und leicht genug f\u00fcr den t\u00e4glichen Transport ist (EDC). Dieses Messer vereint in perfekter Weise praktische Funktionalit\u00e4t und stilvolles Design. Perfekte Ergonomie:<br \/>\n Die Form des Griffs wurde sorgf\u00e4ltig ausgearbeitet, um Komfort bei l\u00e4ngerem Gebrauch zu bieten, und seine aufwendigen Details sorgen f\u00fcr einen sicheren Halt unter anspruchsvollen Bedingungen.<\/p>\n<p>Klingenl\u00e4nge: 10,16 cm<br \/>\n Schnittkante: 9,53 cm<br \/>\n L\u00e4nge geschlossen: 13,84 cm<br \/>\n Gesamtl\u00e4nge: 24 cm<br \/>\n Klingenstahl: B\u00f6hler M390MK Edelstahl<br \/>\n Klingenst\u00e4rke: 0,34 cm<br \/>\n Klingenstil: Recurve<br \/>\n Klingenschliff: Flach<br \/>\n Klingenfinish: Apokalyptisch<br \/>\n Griffmaterial: Nat\u00fcrliches, klares Flugzeugaluminium mit tiefer Gravur<br \/>\n Griffst\u00e4rke: 1,28 cm<br \/>\n Verriegelungsmechanismus: Daumenschieber<br \/>\n Taschenclip: Titan (klappbar, rechts\/links tragbar)<br \/>\n Gewicht: 140g<br \/>\n Designer: Tony und Sean Marfione<br \/>\n Hergestellt in: USA<\/p>\n","protected":false},"excerpt":{"rendered":"<p><strong>Das Microtech Hera II ist wirklich das Flaggschiff unter den OTF-Messern (Out-The-Front) und verschiebt die Grenzen der Kombination von Funktionalit\u00e4t und \u00e4sthetischer Perfektion. Dieses Modell ist ein Beispiel daf\u00fcr, wie Pr\u00e4zisionstechnik und k\u00fcnstlerisches Design harmonisch zu einem in jeder Hinsicht herausragenden Instrument verschmelzen k\u00f6nnen. <\/strong><\/p>\n<p><strong>Kostenloser Transport.<\/strong><\/p>\n","protected":false},"featured_media":380145,"comment_status":"open","ping_status":"closed","template":"","meta":[],"pwb-brand":[3278],"product_brand":[],"product_cat":[3285,3343],"product_tag":[],"class_list":{"0":"post-381269","1":"product","2":"type-product","3":"status-publish","4":"has-post-thumbnail","6":"pwb-brand-microtech-de","7":"product_cat-messer","8":"product_cat-schiesmesser","10":"first","11":"outofstock","12":"taxable","13":"shipping-taxable","14":"purchasable","15":"product-type-simple"},"brands":[{"id":3278,"name":"Microtech","slug":"microtech-de"}],"_links":{"self":[{"href":"https:\/\/www.moskito.cz\/de\/wp-json\/wp\/v2\/product\/381269","targetHints":{"allow":["GET"]}}],"collection":[{"href":"https:\/\/www.moskito.cz\/de\/wp-json\/wp\/v2\/product"}],"about":[{"href":"https:\/\/www.moskito.cz\/de\/wp-json\/wp\/v2\/types\/product"}],"replies":[{"embeddable":true,"href":"https:\/\/www.moskito.cz\/de\/wp-json\/wp\/v2\/comments?post=381269"}],"wp:featuredmedia":[{"embeddable":true,"href":"https:\/\/www.moskito.cz\/de\/wp-json\/wp\/v2\/media\/380145"}],"wp:attachment":[{"href":"https:\/\/www.moskito.cz\/de\/wp-json\/wp\/v2\/media?parent=381269"}],"wp:term":[{"taxonomy":"pwb-brand","embeddable":true,"href":"https:\/\/www.moskito.cz\/de\/wp-json\/wp\/v2\/pwb-brand?post=381269"},{"taxonomy":"product_brand","embeddable":true,"href":"https:\/\/www.moskito.cz\/de\/wp-json\/wp\/v2\/product_brand?post=381269"},{"taxonomy":"product_cat","embeddable":true,"href":"https:\/\/www.moskito.cz\/de\/wp-json\/wp\/v2\/product_cat?post=381269"},{"taxonomy":"product_tag","embeddable":true,"href":"https:\/\/www.moskito.cz\/de\/wp-json\/wp\/v2\/product_tag?post=381269"}],"curies":[{"name":"wp","href":"https:\/\/api.w.org\/{rel}","templated":true}]}}