{"id":381465,"date":"2024-12-09T16:49:40","date_gmt":"2024-12-09T15:49:40","guid":{"rendered":"https:\/\/www.moskito.cz\/?post_type=product&#038;p=381465"},"modified":"2025-06-28T12:30:45","modified_gmt":"2025-06-28T11:30:45","slug":"pevny-nuz-muela-atb-9r","status":"publish","type":"product","link":"https:\/\/www.moskito.cz\/de\/produkt\/pevny-nuz-muela-atb-9r\/","title":{"rendered":"Pevn\u00fd N\u016f\u017e Muela ATB-9R"},"content":{"rendered":"<p>Pevn\u00fd N\u016f\u017e Muela ATB-9R.<\/p>\n<p>Muela ATB-9R (All Terrain Blade) je odoln\u00fd n\u016f\u017e navr\u017een\u00fd pro nad\u0161ence do lovu a p\u0159e\u017eit\u00ed, kter\u00fd kombinuje vysokou kvalitu materi\u00e1l\u016f a v\u00fdborn\u00e9 \u0159ezn\u00e9 vlastnosti. Tento n\u016f\u017e je ide\u00e1ln\u00ed pro outdoorov\u00e9 aktivity, jako je kempov\u00e1n\u00ed, bushcraft nebo lov, a je postaven tak, aby odolal n\u00e1ro\u010dn\u00fdm podm\u00ednk\u00e1m. Zde jsou podrobnosti o jeho konstrukci a parametrech:<br \/>\nHlavn\u00ed vlastnosti:<\/p>\n<p>\u010cepel:<br \/>\nMateri\u00e1l \u010depele: X50CrMoV15 (1.4116), co\u017e je vysoce kvalitn\u00ed nerezov\u00e1 ocel, kter\u00e1 obsahuje 15 % chromu, 0,80 % molybdenu a 0,20 % vanadu. Tento materi\u00e1l je vysoce odoln\u00fd proti korozi a opot\u0159eben\u00ed a nab\u00edz\u00ed tvrdost 57\u201358 HRC (Rockwell).<br \/>\nCryo-T technologie: Ocel byla podrobena CRYO-T kryogenn\u00ed \u00faprav\u011b (zmra\u017een\u00ed a n\u00e1sledn\u00e9 rozmra\u017een\u00ed), co\u017e zaji\u0161\u0165uje homogenn\u00ed strukturu oceli, co\u017e zvy\u0161uje jej\u00ed pevnost a odolnost v\u016f\u010di n\u00e1raz\u016fm, nam\u00e1h\u00e1n\u00ed a zkroucen\u00ed.<br \/>\nTvar \u010depele: Drop Point \u010depel je \u0161irok\u00e1, pevn\u00e1 a m\u00e1 vynikaj\u00edc\u00ed \u0159ezn\u00e9 vlastnosti. I p\u0159es svou tlou\u0161\u0165ku, d\u00edky ploch\u00e9mu v\u00fdbrusu (full flat grind), poskytuje skv\u011bl\u00e9 \u0159ezn\u00e9 vlastnosti p\u0159i zachov\u00e1n\u00ed vynikaj\u00edc\u00ed odolnosti.<br \/>\nPovrchov\u00e1 \u00faprava: \u010cepel je o\u0161et\u0159ena metodou Stonewashed, kter\u00e1 pom\u00e1h\u00e1 maskovat \u0161kr\u00e1bance a dod\u00e1v\u00e1 no\u017ei matn\u00fd, elegantn\u00ed vzhled.<br \/>\nOchrann\u00fd v\u00fdstup: N\u00edzk\u00fd sestupuj\u00edc\u00ed h\u0159bet zabra\u0148uje sklouznut\u00ed prst\u016f na \u010depel p\u0159i pr\u00e1ci, co\u017e p\u0159isp\u00edv\u00e1 k bezpe\u010dn\u011bj\u0161\u00edmu pou\u017e\u00edv\u00e1n\u00ed. Na zadn\u00ed stran\u011b \u010depele je notch pro prst, kter\u00fd poskytuje lep\u0161\u00ed kontrolu.<\/p>\n<p>Rukoje\u0165:<br \/>\nMateri\u00e1l rukojeti: Exotick\u00e9 Pakkawood s kor\u00e1lov\u00fdm vzorem, kter\u00fd je nejen esteticky atraktivn\u00ed, ale tak\u00e9 velmi odoln\u00fd a stabiln\u00ed.<br \/>\nErgonomick\u00fd design: Zaoblen\u00e9 hrany rukojeti eliminuj\u00ed ostr\u00e9 okraje, co\u017e zaji\u0161\u0165uje pohodln\u00fd \u00fachop i p\u0159i dlouhodob\u00e9m pou\u017e\u00edv\u00e1n\u00ed.<br \/>\nPevn\u00e9 uchycen\u00ed: Kryty rukojeti jsou p\u0159ipevn\u011bny k tangu pomoc\u00ed dekorativn\u00edch \u0161roub\u016f, co\u017e zaji\u0161\u0165uje pevnou a trvanlivou konstrukci no\u017ee.<br \/>\nKontrolovan\u00fd \u00fachop: Rukoje\u0165 m\u00e1 tvar, kter\u00fd poskytuje dobrou kontrolu nad no\u017eem, co\u017e je d\u016fle\u017eit\u00e9 p\u0159i precizn\u00ed pr\u00e1ci a p\u0159i manipulaci s n\u016f\u017eem v n\u00e1ro\u010dn\u00fdch podm\u00ednk\u00e1ch.<br \/>\nLanyard hole: Na zadn\u00ed stran\u011b rukojeti je otvor pro lanyard (provaz), co\u017e je u\u017eite\u010dn\u00e9 pro no\u0161en\u00ed no\u017ee nebo pro p\u0159ipevn\u011bn\u00ed bezpe\u010dnostn\u00edho \u010di dekora\u010dn\u00edho provazu.<\/p>\n<p>Vyu\u017eit\u00ed:<br \/>\nOutdoorov\u00e9 aktivity: N\u016f\u017e je navr\u017een pro lov, bushcraft, kempov\u00e1n\u00ed, ryba\u0159en\u00ed a dal\u0161\u00ed outdoorov\u00e9 aktivity, kter\u00e9 vy\u017eaduj\u00ed spolehliv\u00fd a odoln\u00fd n\u00e1stroj.<br \/>\nP\u0159e\u017eit\u00ed: D\u00edky odoln\u00e9 konstrukci a kvalitn\u00edmu materi\u00e1lu je n\u016f\u017e ide\u00e1ln\u00ed pro p\u0159e\u017eit\u00ed v n\u00e1ro\u010dn\u00fdch podm\u00ednk\u00e1ch.<br \/>\nV\u0161estrannost: N\u016f\u017e je ur\u010den pro \u0161irokou \u0161k\u00e1lu pou\u017eit\u00ed, od p\u0159\u00edpravy j\u00eddla a\u017e po n\u00e1ro\u010dn\u00e9 \u00fakoly v p\u0159\u00edrod\u011b.<\/p>\n<p>Technick\u00e9 parametry:<\/p>\n<p>Celkov\u00e1 d\u00e9lka: p\u0159ibli\u017en\u011b 22\u201325 cm<br \/>\nD\u00e9lka \u010depele: 10\u201312 cm<br \/>\nTlou\u0161\u0165ka \u010depele: 3\u20134 mm<br \/>\nMateri\u00e1l \u010depele: X50CrMoV15 (1.4116) \u2013 vysoce kvalitn\u00ed nerezov\u00e1 ocel<br \/>\nTvrdost \u010depele: 57\u201358 HRC<br \/>\nV\u00fdbrus: Full flat grind (ploch\u00fd v\u00fdbrus)<br \/>\nPovrchov\u00e1 \u00faprava: Stonewashed (matn\u00e1 povrchov\u00e1 \u00faprava)<br \/>\nD\u00e9lka rukojeti: 12\u201314 cm<br \/>\nMateri\u00e1l rukojeti: Pakkawood s kor\u00e1lov\u00fdm vzorem<br \/>\nLanyard hole: Ano<br \/>\nHmotnost: p\u0159ibli\u017en\u011b 250\u2013300 g<\/p>\n<p>Pro\u010d si po\u0159\u00eddit Muela ATB-9R?<\/p>\n<p>Odolnost a pevnost: Ocel X50CrMoV15 a CRYO-T kryogenn\u00ed \u00faprava zaji\u0161\u0165uj\u00ed vynikaj\u00edc\u00ed odolnost proti opot\u0159eben\u00ed a n\u00e1raz\u016fm.<br \/>\nV\u00fdborn\u00e9 \u0159ezn\u00e9 vlastnosti: I p\u0159es robustn\u00ed konstrukci \u010depel nab\u00edz\u00ed skv\u011bl\u00e9 \u0159ezn\u00e9 vlastnosti d\u00edky ploch\u00e9mu v\u00fdbrusu.<br \/>\nExkluzivn\u00ed design: Rukoje\u0165 z exotick\u00e9ho Pakkawood s kor\u00e1lov\u00fdm vzorem a dekorativn\u00edmi detaily poskytuje nejen pohodln\u00fd \u00fachop, ale i atraktivn\u00ed vzhled.<br \/>\nV\u0161estrannost: Tento n\u016f\u017e je ide\u00e1ln\u00ed pro outdoorov\u00e9 aktivity, lov, kempov\u00e1n\u00ed i p\u0159\u00edpravu j\u00eddla, co\u017e z n\u011bj \u010din\u00ed skv\u011bl\u00e9ho spole\u010dn\u00edka do p\u0159\u00edrody.<\/p>\n<p>Pokud hled\u00e1te odoln\u00fd, v\u0161estrann\u00fd a esteticky atraktivn\u00ed n\u016f\u017e pro va\u0161e outdoorov\u00e9 dobrodru\u017estv\u00ed, Muela ATB-9R je v\u00fdbornou volbou, kter\u00e1 v\u00e1m poskytne dlouhodobou spolehlivost a v\u00fdkon v n\u00e1ro\u010dn\u00fdch podm\u00ednk\u00e1ch.<\/p>\n<p>Muela ATB-9R (All Terrain Blade) je odoln\u00fd n\u016f\u017e ur\u010den\u00fd pro nad\u0161ence do lovu a p\u0159e\u017eit\u00ed. Dokonale vyv\u00e1\u017een\u00fd s konstrukc\u00ed full tang a \u010depel\u00ed z nerezov\u00e9 oceli, kter\u00e1 poskytuje obrovskou \u0159eznou s\u00edlu. N\u016f\u017e v\u00e1s nezklame v \u017e\u00e1dn\u00e9 situaci!<\/p>\n<p>X50CrMoV15 (1.4116) &#8211; vysoce uhl\u00edkov\u00e1, molybden-molybdenov\u00e1 martenzitov\u00e1 nerezov\u00e1 ocel, vysoce odoln\u00e1 proti korozi a opot\u0159eben\u00ed. Pou\u017e\u00edv\u00e1 se p\u0159i v\u00fdrob\u011b no\u017e\u016f, vysoce kvalitn\u00edho n\u00e1dob\u00ed a chirurgick\u00fdch n\u00e1stroj\u016f. Charakterizuje ji pom\u011brn\u011b vysok\u00e1 tvrdost (pro nerezov\u00e9 oceli) 57\u201358 HRC. Chemick\u00e9 slo\u017een\u00ed oceli je obohaceno o 15,0 % chromu, 0,80 % molybdenu a 0,20 % vanadu.<\/p>\n<p>Ocel byla podrobena CRYO-T kryogenn\u00ed \u00faprav\u011b, zn\u00e1m\u00e9 tak\u00e9 jako zmrazen\u00ed a n\u00e1sledn\u00e9 rozmrazen\u00ed. D\u00edky CRYO-T z\u00edsk\u00e1v\u00e1 ocel homogenn\u00ed vnit\u0159n\u00ed strukturu, co\u017e vede k v\u00fdrazn\u00e9mu zv\u00fd\u0161en\u00ed pevnosti \u010depele, zlep\u0161en\u00ed odolnosti proti n\u00e1raz\u016fm, stresu a torzi.<\/p>\n<p>\u010cepel &#8211; \u0161irok\u00e1, pevn\u00e1 Drop Point \u010depel, dokon\u010den\u00e1 metodou Stonewashed, kter\u00e1 pom\u00e1h\u00e1 maskovat \u0161kr\u00e1bance. I p\u0159es svou tlou\u0161\u0165ku poskytuje \u010depel s ploch\u00fdm v\u00fdbrusem vynikaj\u00edc\u00ed \u0159ezn\u00e9 vlastnosti a skv\u00e9l\u00e9 trvanlivost. N\u00edzk\u00fd sestupuj\u00edc\u00ed h\u0159bet zabra\u0148uje sklouznut\u00ed prst\u016f na \u010depel p\u0159i pr\u00e1ci. Na zadn\u00ed stran\u011b \u010depele je notch pro prst.<\/p>\n<p>Rukoje\u0165 &#8211; vyrobena z exotick\u00e9ho pakkawoodu s unik\u00e1tn\u00edm vzorem. Zaoblen\u00e9 hrany kryt\u016f eliminuj\u00ed ostr\u00e9 okraje pro pohodln\u00fd \u00fachop. Kryty jsou p\u0159ipevn\u011bny dekorativn\u00edmi \u0161rouby p\u0159\u00edmo k tangu, co\u017e zaji\u0161\u0165uje vysokou pevnost a odolnost cel\u00e9 konstrukce. Konturovan\u00e1 rukoje\u0165 poskytuje dobrou kontrolu nad no\u017eem. Na zadn\u00ed stran\u011b rukojeti je otvor pro lanyard, co\u017e je u\u017eite\u010dn\u00e9 pro bezpe\u010dnostn\u00ed nebo dekorativn\u00ed \u0161\u0148\u016fru.<\/p>\n<p>Pouzdro &#8211; ru\u010dn\u011b \u0161it\u00e9, vyroben\u00e9 z p\u0159\u00edrodn\u00ed hn\u011bd\u00e9 k\u016f\u017ee s embosovan\u00fdm logem v\u00fdrobce. P\u0159ipevn\u011bn\u00ed k opasku nebo na v\u00fdstroj umo\u017e\u0148uje no\u0161en\u00ed no\u017ee v vertik\u00e1ln\u00ed pozici.<\/p>\n<p>Muela Group je v sou\u010dasnosti jednou z p\u0159edn\u00edch firem v oblasti ru\u010dn\u011b vyr\u00e1b\u011bn\u00fdch loveck\u00fdch no\u017e\u016f, jak ve \u0160pan\u011blsku, tak po cel\u00e9m sv\u011bt\u011b, a jej\u00ed no\u017ee a kapesn\u00ed no\u017ee jsou vysoce cen\u011bny pro svou \u0161pi\u010dkovou kvalitu zpracov\u00e1n\u00ed.<\/p>\n","protected":false},"excerpt":{"rendered":"<p><strong>Pokud hled\u00e1te odoln\u00fd, v\u0161estrann\u00fd a esteticky atraktivn\u00ed n\u016f\u017e pro va\u0161e outdoorov\u00e9 dobrodru\u017estv\u00ed, Muela ATB-9R je v\u00fdbornou volbou, kter\u00e1 v\u00e1m poskytne dlouhodobou spolehlivost a v\u00fdkon v n\u00e1ro\u010dn\u00fdch podm\u00ednk\u00e1ch.<\/strong><\/p>\n","protected":false},"featured_media":381484,"comment_status":"open","ping_status":"closed","template":"","meta":[],"pwb-brand":[191],"product_brand":[],"product_cat":[17,23],"product_tag":[],"class_list":{"0":"post-381465","1":"product","2":"type-product","3":"status-publish","4":"has-post-thumbnail","6":"pwb-brand-muela","7":"product_cat-noze","8":"product_cat-pevne-noze","10":"first","11":"instock","12":"taxable","13":"shipping-taxable","14":"purchasable","15":"product-type-simple"},"brands":[{"id":191,"name":"Muela","slug":"muela"}],"_links":{"self":[{"href":"https:\/\/www.moskito.cz\/de\/wp-json\/wp\/v2\/product\/381465","targetHints":{"allow":["GET"]}}],"collection":[{"href":"https:\/\/www.moskito.cz\/de\/wp-json\/wp\/v2\/product"}],"about":[{"href":"https:\/\/www.moskito.cz\/de\/wp-json\/wp\/v2\/types\/product"}],"replies":[{"embeddable":true,"href":"https:\/\/www.moskito.cz\/de\/wp-json\/wp\/v2\/comments?post=381465"}],"wp:featuredmedia":[{"embeddable":true,"href":"https:\/\/www.moskito.cz\/de\/wp-json\/wp\/v2\/media\/381484"}],"wp:attachment":[{"href":"https:\/\/www.moskito.cz\/de\/wp-json\/wp\/v2\/media?parent=381465"}],"wp:term":[{"taxonomy":"pwb-brand","embeddable":true,"href":"https:\/\/www.moskito.cz\/de\/wp-json\/wp\/v2\/pwb-brand?post=381465"},{"taxonomy":"product_brand","embeddable":true,"href":"https:\/\/www.moskito.cz\/de\/wp-json\/wp\/v2\/product_brand?post=381465"},{"taxonomy":"product_cat","embeddable":true,"href":"https:\/\/www.moskito.cz\/de\/wp-json\/wp\/v2\/product_cat?post=381465"},{"taxonomy":"product_tag","embeddable":true,"href":"https:\/\/www.moskito.cz\/de\/wp-json\/wp\/v2\/product_tag?post=381465"}],"curies":[{"name":"wp","href":"https:\/\/api.w.org\/{rel}","templated":true}]}}