{"id":381612,"date":"2024-12-09T21:10:31","date_gmt":"2024-12-09T20:13:42","guid":{"rendered":"https:\/\/www.moskito.cz\/produkt\/schiessmesser-microtech-hera-ii-1705-1od\/"},"modified":"2025-05-07T11:27:22","modified_gmt":"2025-05-07T10:27:22","slug":"schiessmesser-microtech-hera-ii-1705-1od","status":"publish","type":"product","link":"https:\/\/www.moskito.cz\/de\/produkt\/schiessmesser-microtech-hera-ii-1705-1od\/","title":{"rendered":"Schie\u00dfmesser Microtech Hera II 1705-1OD"},"content":{"rendered":"<p>Schie\u00dfmesser <strong>Microtech<\/strong> Hera II 1705-1OD. Das Schie\u00dfmesser Microtech Hera II 1705-1OD ist ein modernes und elegantes OTF-Modell (Out-The-Front), das sich durch anspruchsvolles Design, hochwertige Materialien und pr\u00e4zise Verarbeitung auszeichnet. Es ist sowohl f\u00fcr Sammler als auch f\u00fcr den praktischen Gebrauch konzipiert und daher eine gro\u00dfartige Erg\u00e4nzung Ihrer Alltagsausr\u00fcstung. Spezifikationen und Funktionen:<br \/>\n Klinge: Material: Hochwertiger Stahl M390, der f\u00fcr seine lange Sch\u00e4rfebest\u00e4ndigkeit, hohe Verschlei\u00df- und Korrosionsbest\u00e4ndigkeit gesch\u00e4tzt wird.<br \/>\n Oberfl\u00e4chenbehandlung: Stonewash, das kleine Kratzer \u00fcberdeckt und der Klinge ein attraktives und funktionelles Aussehen verleiht.<br \/>\n Klingenform: Speerspitze \u2013 symmetrisches und vielseitiges Design, ideal f\u00fcr pr\u00e4zise Schnitte und Piercings.<br \/>\n Klingenl\u00e4nge: ca. 8,9 cm<br \/>\n Klingenst\u00e4rke: ca. 0,38 cm<br \/>\n Mechanismus: OTF-Automatikmechanismus: Erm\u00f6glicht schnelles Aus- und Einfahren der Klinge \u00fcber einen Schiebeschalter. Der Mechanismus ist zuverl\u00e4ssig und einfach mit einer Hand zu bedienen.<br \/>\n Griff: Material: Aluminiumlegierung 6061-T6, die leicht, stark und langlebig ist.<br \/>\n Farbe: OD Green (Olivgr\u00fcn) mit strukturierter Oberfl\u00e4che f\u00fcr sicheren Halt.<br \/>\n Design: Die ergonomische Form des Griffs sorgt f\u00fcr angenehmes Halten und Handling.<br \/>\n Taschenclip: Der doppelseitige Taschenclip sorgt f\u00fcr einfaches Tragen des Messers. Das Design ist minimalistisch gehalten, um die \u00c4sthetik des Messers nicht zu st\u00f6ren.<br \/>\n Ma\u00dfe und Gewicht: Gesamtl\u00e4nge: ca. 21 cm<br \/>\n L\u00e4nge des geschlossenen Messers: ca. 12,1 cm<br \/>\n Gewicht: Ungef\u00e4hr 104 g<br \/>\n Weitere Merkmale: Einzigartiges Design: Hera II kombiniert elegante \u00c4sthetik mit taktischen Elementen und macht es dadurch optisch und funktionell attraktiv. Langlebigkeit: Hochwertige Materialien und eine pr\u00e4zise Konstruktion garantieren eine lange Lebensdauer des Messers auch bei intensiver Nutzung.<\/p>\n","protected":false},"excerpt":{"rendered":"<p><strong>Das Hera II ist ein Paradebeispiel f\u00fcr Microtechs Engagement f\u00fcr die Herstellung modernster, funktionaler und stilvoller Messer. Es richtet sich an diejenigen, die sowohl die taktischen Vorteile als auch die anspruchsvolle Kunstfertigkeit ihrer Werkzeuge sch\u00e4tzen.  Ganz gleich, ob Sie Liebhaber, Sammler oder jemand sind, der Wert auf Pr\u00e4zision im Alltag legt, die Hera II ist eine auff\u00e4llige und leistungsf\u00e4hige Wahl.<\/strong><\/p>\n<p><strong>Kostenloser Transport.<\/strong><\/p>\n","protected":false},"featured_media":381571,"comment_status":"open","ping_status":"closed","template":"","meta":[],"pwb-brand":[3278],"product_brand":[],"product_cat":[3285,3343],"product_tag":[],"class_list":{"0":"post-381612","1":"product","2":"type-product","3":"status-publish","4":"has-post-thumbnail","6":"pwb-brand-microtech-de","7":"product_cat-messer","8":"product_cat-schiesmesser","10":"first","11":"instock","12":"taxable","13":"shipping-taxable","14":"purchasable","15":"product-type-simple"},"brands":[{"id":3278,"name":"Microtech","slug":"microtech-de"}],"_links":{"self":[{"href":"https:\/\/www.moskito.cz\/de\/wp-json\/wp\/v2\/product\/381612","targetHints":{"allow":["GET"]}}],"collection":[{"href":"https:\/\/www.moskito.cz\/de\/wp-json\/wp\/v2\/product"}],"about":[{"href":"https:\/\/www.moskito.cz\/de\/wp-json\/wp\/v2\/types\/product"}],"replies":[{"embeddable":true,"href":"https:\/\/www.moskito.cz\/de\/wp-json\/wp\/v2\/comments?post=381612"}],"wp:featuredmedia":[{"embeddable":true,"href":"https:\/\/www.moskito.cz\/de\/wp-json\/wp\/v2\/media\/381571"}],"wp:attachment":[{"href":"https:\/\/www.moskito.cz\/de\/wp-json\/wp\/v2\/media?parent=381612"}],"wp:term":[{"taxonomy":"pwb-brand","embeddable":true,"href":"https:\/\/www.moskito.cz\/de\/wp-json\/wp\/v2\/pwb-brand?post=381612"},{"taxonomy":"product_brand","embeddable":true,"href":"https:\/\/www.moskito.cz\/de\/wp-json\/wp\/v2\/product_brand?post=381612"},{"taxonomy":"product_cat","embeddable":true,"href":"https:\/\/www.moskito.cz\/de\/wp-json\/wp\/v2\/product_cat?post=381612"},{"taxonomy":"product_tag","embeddable":true,"href":"https:\/\/www.moskito.cz\/de\/wp-json\/wp\/v2\/product_tag?post=381612"}],"curies":[{"name":"wp","href":"https:\/\/api.w.org\/{rel}","templated":true}]}}