{"id":381658,"date":"2024-12-09T21:47:10","date_gmt":"2024-12-09T20:50:23","guid":{"rendered":"https:\/\/www.moskito.cz\/produkt\/schliessmesser-microtech-msi-stonewashed-210t-10pmde30\/"},"modified":"2025-05-07T11:27:23","modified_gmt":"2025-05-07T10:27:23","slug":"schliessmesser-microtech-msi-stonewashed-210t-10pmde30","status":"publish","type":"product","link":"https:\/\/www.moskito.cz\/de\/produkt\/schliessmesser-microtech-msi-stonewashed-210t-10pmde30\/","title":{"rendered":"Schlie\u00dfmesser Microtech MSI Stonewashed 210T-10PMDE30"},"content":{"rendered":"<p>Schlie\u00dfmesser Microtech MSI Stonewashed 210T-10PMDE30. Das Microtech MSI (Microtech Standard Issue) Stonewashed Dark Earth 210T-10PMDE30 ist ein modernes Klappmesser, das anl\u00e4sslich des 30-j\u00e4hrigen Jubil\u00e4ums von Microtech Knives hergestellt wurde. Dieses Modell vereint innovative Technologie, pr\u00e4zise Verarbeitung und beste Materialien und ist damit eine au\u00dfergew\u00f6hnliche Wahl sowohl f\u00fcr den t\u00e4glichen Gebrauch als auch f\u00fcr Sammlerst\u00fccke. Hauptmerkmale des Microtech MSI-Messers<br \/>\n 1. RAM-LOK-Technologie:<br \/>\n Dieses Modell ist das erste Microtech-Messer, das die RAM-LOK-Technologie verwendet, eine robuste Querverriegelung, die Sicherheit und reibungslose Klingenf\u00fchrung gew\u00e4hrleistet. RAM-LOK erm\u00f6glicht ein einfaches \u00d6ffnen der Klinge auf verschiedene Arten:<br \/>\n Daumen: Die Aussparung an der Klinge ist gro\u00df genug, um sie auch mit Handschuhen zu \u00f6ffnen. R\u00fcckschwung: Der mittlere Ausschnitt beg\u00fcnstigt ein schnelles \u00d6ffnen mit dem Mittelfinger. Mit einem Handgriff: Durch Ziehen am RAM-LOK l\u00e4sst sich die Klinge mit einem Handgriff l\u00f6sen und \u00f6ffnen. 2. Materialien:<br \/>\n Klinge: Hergestellt aus Bohler M390MK-Edelstahl, der hervorragende Verschlei\u00dffestigkeit, Korrosionsbest\u00e4ndigkeit und lange Klingenlebensdauer bietet. Griff: Der eingespritzte Polymergriff der Earth-Variante ist hell, dunkel und hat eine leicht klebrige Oberfl\u00e4che f\u00fcr sicheren Halt, egal ob im Standard- oder umgekehrten Griff. 3. Design-Ergonomie:<br \/>\n Modifizierter Sheepfoot-Klingenstil: Dieses Design kombiniert St\u00e4rke und Funktionalit\u00e4t und eignet sich ideal zum Schneiden und Stechen. Stonewashed-Finish: Minimiert die Sichtbarkeit von Kratzern und verleiht der Klinge ein dezentes Aussehen. Ergonomischer Griff: Bietet Komfort bei Langzeitgebrauch und sicheren Halt auch unter schwierigen Bedingungen. 4. Universelle Abnutzung:<br \/>\n Der Taschenclip aus Edelstahl ist umkehrbar (sowohl f\u00fcr Links- als auch f\u00fcr Rechtsh\u00e4nder), was den Komfort und die Praktikabilit\u00e4t erh\u00f6ht. 5. Produktions- und Sammlerwert:<br \/>\n Das Logo zum 30-j\u00e4hrigen Jubil\u00e4um von Microtech macht dieses Modell zu einer limitierten Auflage und macht es nicht nur zu einem funktionalen Werkzeug, sondern auch zu einem begehrten Sammlerst\u00fcck. Hergestellt in den USA mit Liebe zum Detail und Pr\u00e4zision.<\/p>\n<p>Spezifikationen :<br \/>\nKlingenl\u00e4nge: 9,85 cm Schnittkante: 8,41 cm Gesamtl\u00e4nge: 22,7 cm L\u00e4nge geschlossen: 12,85 cm<\/p>\n<p>Klingenst\u00e4rke: 4 mm<br \/>\nKlingenmaterial: Bohler M390MK Edelstahl Klingenstil: Modifizierter Sheepfoot-Klingenschliff: Flach Finish: Stonewashed Griffmaterial: Polymer Dark Earth Griffst\u00e4rke: 0,545 Zoll (13,8 mm) Verriegelungsmechanismus: RAM-LOK<br \/>\n Gewicht: 128 g<br \/>\n Taschenclip: Reversibel (f\u00fcr links und rechts tragbar)<br \/>\n Designer: Tony Marfione<br \/>\n Warum es kaufen? Innovative RAM-LOK-Technologie: Sorgt f\u00fcr Sicherheit, einfache Bedienung und lange Lebensdauer. Hochwertige Materialien: Bohler M390MK-Stahlklinge und robuster Polymergriff halten allt\u00e4glichen und anspruchsvollen Bedingungen stand. Limitierte Auflage: Das Logo zum 30-j\u00e4hrigen Jubil\u00e4um erh\u00f6ht den Sammlerwert.<br \/>\n Hergestellt in den USA: Garantiert Qualit\u00e4t, Genauigkeit und Zuverl\u00e4ssigkeit.<br \/>\n Vielseitiges und ergonomisches Design: Ideal f\u00fcr EDC und den taktischen Einsatz.<br \/>\n Dieses Modell ist ideal f\u00fcr alle, die ein zuverl\u00e4ssiges Instrument mit modernen Innovationen und Sammlerwert suchen.<\/p>\n","protected":false},"excerpt":{"rendered":"<p><strong>Das Microtech MSI ist die ideale Wahl f\u00fcr alle, die ein robustes, langlebiges und zuverl\u00e4ssiges Klappmesser mit modernem Design und innovativen Funktionen suchen. Ob im Alltag, bei Outdoor-Aktivit\u00e4ten oder als Sammlerst\u00fcck, dieses Modell wird Sie nicht entt\u00e4uschen. <\/strong><\/p>\n<p><strong>Kostenloser Transport.<\/strong><\/p>\n","protected":false},"featured_media":381619,"comment_status":"open","ping_status":"closed","template":"","meta":[],"pwb-brand":[3278],"product_brand":[],"product_cat":[3285,3303],"product_tag":[],"class_list":{"0":"post-381658","1":"product","2":"type-product","3":"status-publish","4":"has-post-thumbnail","6":"pwb-brand-microtech-de","7":"product_cat-messer","8":"product_cat-schliesmesser","10":"first","11":"instock","12":"taxable","13":"shipping-taxable","14":"purchasable","15":"product-type-simple"},"brands":[{"id":3278,"name":"Microtech","slug":"microtech-de"}],"_links":{"self":[{"href":"https:\/\/www.moskito.cz\/de\/wp-json\/wp\/v2\/product\/381658","targetHints":{"allow":["GET"]}}],"collection":[{"href":"https:\/\/www.moskito.cz\/de\/wp-json\/wp\/v2\/product"}],"about":[{"href":"https:\/\/www.moskito.cz\/de\/wp-json\/wp\/v2\/types\/product"}],"replies":[{"embeddable":true,"href":"https:\/\/www.moskito.cz\/de\/wp-json\/wp\/v2\/comments?post=381658"}],"wp:featuredmedia":[{"embeddable":true,"href":"https:\/\/www.moskito.cz\/de\/wp-json\/wp\/v2\/media\/381619"}],"wp:attachment":[{"href":"https:\/\/www.moskito.cz\/de\/wp-json\/wp\/v2\/media?parent=381658"}],"wp:term":[{"taxonomy":"pwb-brand","embeddable":true,"href":"https:\/\/www.moskito.cz\/de\/wp-json\/wp\/v2\/pwb-brand?post=381658"},{"taxonomy":"product_brand","embeddable":true,"href":"https:\/\/www.moskito.cz\/de\/wp-json\/wp\/v2\/product_brand?post=381658"},{"taxonomy":"product_cat","embeddable":true,"href":"https:\/\/www.moskito.cz\/de\/wp-json\/wp\/v2\/product_cat?post=381658"},{"taxonomy":"product_tag","embeddable":true,"href":"https:\/\/www.moskito.cz\/de\/wp-json\/wp\/v2\/product_tag?post=381658"}],"curies":[{"name":"wp","href":"https:\/\/api.w.org\/{rel}","templated":true}]}}