{"id":386866,"date":"2025-01-16T06:29:19","date_gmt":"2025-01-16T05:29:19","guid":{"rendered":"https:\/\/www.moskito.cz\/?post_type=product&#038;p=386866"},"modified":"2026-02-25T16:01:14","modified_gmt":"2026-02-25T15:01:14","slug":"pevny-nuz-benchmade-socp-dagger-176bksn","status":"publish","type":"product","link":"https:\/\/www.moskito.cz\/de\/produkt\/pevny-nuz-benchmade-socp-dagger-176bksn\/","title":{"rendered":"Pevn\u00fd N\u016f\u017e Benchmade SOCP Dagger 176BKSN"},"content":{"rendered":"<div class=\"flex-1 overflow-hidden @container\/thread\">\n<div class=\"h-full\">\n<div class=\"react-scroll-to-bottom--css-msusm-79elbk h-full\">\n<div class=\"react-scroll-to-bottom--css-msusm-1n7m0yu\">\n<div class=\"flex flex-col text-sm md:pb-9\">\n<article class=\"w-full scroll-mb-[var(--thread-trailing-height,150px)] text-token-text-primary focus-visible:outline-2 focus-visible:outline-offset-[-4px]\" dir=\"auto\" data-testid=\"conversation-turn-13\" data-scroll-anchor=\"true\">\n<div class=\"m-auto text-base py-[18px] px-3 md:px-4 w-full md:px-5 lg:px-4 xl:px-5\">\n<div class=\"mx-auto flex flex-1 gap-4 text-base md:gap-5 lg:gap-6 md:max-w-3xl\">\n<div class=\"group\/conversation-turn relative flex w-full min-w-0 flex-col agent-turn\">\n<div class=\"flex-col gap-1 md:gap-3\">\n<div class=\"pr-2 lg:pr-0\">\n<h1 data-start=\"40\" data-end=\"81\">Pevn\u00fd n\u016f\u017e Benchmade SOCP Dagger 176BKSN<\/h1>\n<p data-start=\"83\" data-end=\"442\">Pevn\u00fd n\u016f\u017e Benchmade SOCP Dagger 176BKSN je navr\u017een\u00fd pro taktick\u00e9 nasazen\u00ed a sebeobranu, p\u0159i\u010dem\u017e klade d\u016fraz na rychlost, efektivitu a diskr\u00e9tn\u00ed no\u0161en\u00ed. Jeho design vznikl ve spolupr\u00e1ci s instruktorem Gregem Thompsonem, autorem syst\u00e9mu SOCP (Special Operations Combatives Program), a je optimalizov\u00e1n pro rychl\u00e9 tasen\u00ed a okam\u017eit\u00e9 pou\u017eit\u00ed v krizov\u00fdch situac\u00edch.<\/p>\n<p data-start=\"444\" data-end=\"721\">Tento n\u016f\u017e je vyroben z jednoho kusu oceli, co\u017e zaji\u0161\u0165uje maxim\u00e1ln\u00ed pevnost a odolnost. Jeho konstrukce umo\u017e\u0148uje rychl\u00e9 a efektivn\u00ed pou\u017eit\u00ed v r\u016fzn\u00fdch sebeobrann\u00fdch technik\u00e1ch. D\u00edky sv\u00e9mu minimalistick\u00e9mu designu a n\u00edzk\u00e9 hmotnosti je ide\u00e1ln\u00ed pro skryt\u00e9 no\u0161en\u00ed a okam\u017eit\u00fd p\u0159\u00edstup.<\/p>\n<hr data-start=\"723\" data-end=\"726\" \/>\n<p data-start=\"728\" data-end=\"756\">\ud83d\udd27 <strong data-start=\"731\" data-end=\"756\">Technick\u00e9 specifikace<\/strong><\/p>\n<ul data-start=\"758\" data-end=\"1154\">\n<li data-start=\"758\" data-end=\"788\">\n<p data-start=\"760\" data-end=\"788\"><strong data-start=\"760\" data-end=\"778\">Celkov\u00e1 d\u00e9lka:<\/strong> 18,4 cm<\/p>\n<\/li>\n<li data-start=\"789\" data-end=\"817\">\n<p data-start=\"791\" data-end=\"817\"><strong data-start=\"791\" data-end=\"808\">D\u00e9lka \u010depele:<\/strong> 8,2 cm<\/p>\n<\/li>\n<li data-start=\"818\" data-end=\"849\">\n<p data-start=\"820\" data-end=\"849\"><strong data-start=\"820\" data-end=\"840\">Tlou\u0161\u0165ka \u010depele:<\/strong> 4,4 mm<\/p>\n<\/li>\n<li data-start=\"850\" data-end=\"913\">\n<p data-start=\"852\" data-end=\"913\"><strong data-start=\"852\" data-end=\"872\">Materi\u00e1l \u010depele:<\/strong> nerezov\u00e1 ocel 440C (tvrdost 58\u201360 HRC)<\/p>\n<\/li>\n<li data-start=\"914\" data-end=\"958\">\n<p data-start=\"916\" data-end=\"958\"><strong data-start=\"916\" data-end=\"937\">Povrchov\u00e1 \u00faprava:<\/strong> \u010dern\u00fd matn\u00fd povrch<\/p>\n<\/li>\n<li data-start=\"959\" data-end=\"999\">\n<p data-start=\"961\" data-end=\"999\"><strong data-start=\"961\" data-end=\"983\">Materi\u00e1l rukojeti:<\/strong> nerezov\u00e1 ocel<\/p>\n<\/li>\n<li data-start=\"1000\" data-end=\"1045\">\n<p data-start=\"1002\" data-end=\"1045\"><strong data-start=\"1002\" data-end=\"1012\">Z\u00e1mek:<\/strong> pevn\u00e1 konstrukce (fixed blade)<\/p>\n<\/li>\n<li data-start=\"1046\" data-end=\"1104\">\n<p data-start=\"1048\" data-end=\"1104\"><strong data-start=\"1048\" data-end=\"1060\">Pouzdro:<\/strong> polymerov\u00e9, kompatibiln\u00ed s MOLLE syst\u00e9mem<\/p>\n<\/li>\n<li data-start=\"1105\" data-end=\"1131\">\n<p data-start=\"1107\" data-end=\"1131\"><strong data-start=\"1107\" data-end=\"1120\">Hmotnost:<\/strong> cca 60 g<\/p>\n<\/li>\n<li data-start=\"1132\" data-end=\"1154\">\n<p data-start=\"1134\" data-end=\"1154\"><strong data-start=\"1134\" data-end=\"1150\">Zem\u011b p\u016fvodu:<\/strong> USA<\/p>\n<\/li>\n<\/ul>\n<hr data-start=\"1156\" data-end=\"1159\" \/>\n<p data-start=\"1161\" data-end=\"1180\">\u2705 <strong data-start=\"1163\" data-end=\"1180\">Hlavn\u00ed v\u00fdhody<\/strong><\/p>\n<ul data-start=\"1182\" data-end=\"1580\">\n<li data-start=\"1182\" data-end=\"1274\">\n<p data-start=\"1184\" data-end=\"1274\"><strong data-start=\"1184\" data-end=\"1218\">Jednoduch\u00e1 a pevn\u00e1 konstrukce:<\/strong> Vyrobeno z jednoho kusu oceli pro maxim\u00e1ln\u00ed odolnost.<\/p>\n<\/li>\n<li data-start=\"1275\" data-end=\"1362\">\n<p data-start=\"1277\" data-end=\"1362\"><strong data-start=\"1277\" data-end=\"1295\">Rychl\u00e9 tasen\u00ed:<\/strong> Speci\u00e1ln\u00ed tvar rukojeti a finger ring umo\u017e\u0148uj\u00ed okam\u017eit\u00fd p\u0159\u00edstup.<\/p>\n<\/li>\n<li data-start=\"1363\" data-end=\"1432\">\n<p data-start=\"1365\" data-end=\"1432\"><strong data-start=\"1365\" data-end=\"1384\">N\u00edzk\u00e1 hmotnost:<\/strong> Lehk\u00fd design pro pohodln\u00e9 no\u0161en\u00ed po cel\u00fd den.<\/p>\n<\/li>\n<li data-start=\"1433\" data-end=\"1504\">\n<p data-start=\"1435\" data-end=\"1504\"><strong data-start=\"1435\" data-end=\"1461\">Kompatibilita s MOLLE:<\/strong> Pouzdro lze snadno p\u0159ipevnit k v\u00fdstroji.<\/p>\n<\/li>\n<li data-start=\"1505\" data-end=\"1580\">\n<p data-start=\"1507\" data-end=\"1580\"><strong data-start=\"1507\" data-end=\"1535\">Vysok\u00e1 korozn\u00ed odolnost:<\/strong> Ocel 440C zaji\u0161\u0165uje dlouhou \u017eivotnost ost\u0159\u00ed.<\/p>\n<\/li>\n<\/ul>\n<hr data-start=\"1582\" data-end=\"1585\" \/>\n<p data-start=\"1587\" data-end=\"1607\">\u26a0\ufe0f <strong data-start=\"1590\" data-end=\"1607\">Mo\u017en\u00e1 omezen\u00ed<\/strong><\/p>\n<ul data-start=\"1609\" data-end=\"1896\">\n<li data-start=\"1609\" data-end=\"1692\">\n<p data-start=\"1611\" data-end=\"1692\"><strong data-start=\"1611\" data-end=\"1638\">Specifick\u00fd tvar \u010depele:<\/strong> D\u00fdkov\u00fd tvar nen\u00ed vhodn\u00fd pro b\u011b\u017en\u00e9 ka\u017edodenn\u00ed \u00fakony.<\/p>\n<\/li>\n<li data-start=\"1693\" data-end=\"1800\">\n<p data-start=\"1695\" data-end=\"1800\"><strong data-start=\"1695\" data-end=\"1709\">Ocel 440C:<\/strong> I kdy\u017e je odoln\u00e1 v\u016f\u010di korozi, nemus\u00ed dr\u017eet ost\u0159\u00ed tak dlouho jako modern\u00ed pr\u00e9miov\u00e9 oceli.<\/p>\n<\/li>\n<li data-start=\"1801\" data-end=\"1896\">\n<p data-start=\"1803\" data-end=\"1896\"><strong data-start=\"1803\" data-end=\"1826\">Pou\u017eit\u00ed v tr\u00e9ninku:<\/strong> Pro bezpe\u010dn\u00fd n\u00e1cvik je doporu\u010deno pou\u017e\u00edvat verzi s tr\u00e9ninkovou verz\u00ed.<\/p>\n<\/li>\n<\/ul>\n<hr data-start=\"1898\" data-end=\"1901\" \/>\n<p data-start=\"1903\" data-end=\"1924\">\ud83d\udee0\ufe0f <strong data-start=\"1907\" data-end=\"1924\">\u00dadr\u017eba a p\u00e9\u010de<\/strong><\/p>\n<ul data-start=\"1926\" data-end=\"2324\">\n<li data-start=\"1926\" data-end=\"2016\">\n<p data-start=\"1928\" data-end=\"2016\"><strong data-start=\"1928\" data-end=\"1940\">\u010cistota:<\/strong> Po pou\u017eit\u00ed \u010depel v\u017edy o\u010disti a osu\u0161te, aby se p\u0159ede\u0161lo vlhkosti a korozi.<\/p>\n<\/li>\n<li data-start=\"2017\" data-end=\"2104\">\n<p data-start=\"2019\" data-end=\"2104\"><strong data-start=\"2019\" data-end=\"2038\">\u00dadr\u017eba pouzdra:<\/strong> Pravideln\u011b kontroluj stav pouzdra a zajisti, \u017ee nen\u00ed po\u0161kozen\u00e9.<\/p>\n<\/li>\n<li data-start=\"2105\" data-end=\"2186\">\n<p data-start=\"2107\" data-end=\"2186\"><strong data-start=\"2107\" data-end=\"2122\">Skladov\u00e1n\u00ed:<\/strong> P\u0159i del\u0161\u00edm skladov\u00e1n\u00ed doporu\u010deno lehce promazat \u010depel olejem.<\/p>\n<\/li>\n<li data-start=\"2187\" data-end=\"2324\">\n<p data-start=\"2189\" data-end=\"2324\"><strong data-start=\"2189\" data-end=\"2202\">Brou\u0161en\u00ed:<\/strong> Pro udr\u017een\u00ed ost\u0159\u00ed doporu\u010dujeme <a class=\"decorated-link cursor-pointer\" target=\"_new\" rel=\"noopener\" data-start=\"2234\" data-end=\"2323\">Spyderco Tri-Angle Sharpmaker Complete Sharpening System 204MF<\/a><\/p>\n<\/li>\n<li data-start=\"2187\" data-end=\"2324\">\n<p data-start=\"2331\" data-end=\"2352\">\ud83c\udfaf <strong data-start=\"2334\" data-end=\"2352\">Doporu\u010deno pro<\/strong><\/p>\n<ul data-start=\"2354\" data-end=\"2684\">\n<li data-start=\"2354\" data-end=\"2440\">\n<p data-start=\"2356\" data-end=\"2440\"><strong data-start=\"2356\" data-end=\"2395\">Profesion\u00e1ly bezpe\u010dnostn\u00edch slo\u017eek:<\/strong> Ide\u00e1ln\u00ed pro pou\u017eit\u00ed v krizov\u00fdch situac\u00edch.<\/p>\n<\/li>\n<li data-start=\"2441\" data-end=\"2562\">\n<p data-start=\"2443\" data-end=\"2562\"><strong data-start=\"2443\" data-end=\"2492\">Instruktory a studenty sebeobrann\u00fdch syst\u00e9m\u016f:<\/strong> D\u00edky kompatibilit\u011b s MOLLE a n\u00edzk\u00e9mu profilu je vhodn\u00fd pro tr\u00e9nink.<\/p>\n<\/li>\n<li data-start=\"2563\" data-end=\"2684\">\n<p data-start=\"2565\" data-end=\"2684\"><strong data-start=\"2565\" data-end=\"2619\">U\u017eivatel\u00e9 hledaj\u00edc\u00ed diskr\u00e9tn\u00ed a efektivn\u00ed n\u00e1stroj:<\/strong> Pro ty, kte\u0159\u00ed pot\u0159ebuj\u00ed rychl\u00fd p\u0159\u00edstup k no\u017ei v p\u0159\u00edpad\u011b pot\u0159eby.<\/p>\n<\/li>\n<\/ul>\n<hr data-start=\"2686\" data-end=\"2689\" \/>\n<p data-start=\"2691\" data-end=\"2716\">\u2b50 <strong data-start=\"2693\" data-end=\"2716\">Z\u00e1v\u011bre\u010dn\u00e9 hodnocen\u00ed<\/strong><\/p>\n<p data-start=\"2718\" data-end=\"3051\">Benchmade SOCP Dagger 176BKSN je navr\u017een pro ty, kte\u0159\u00ed pot\u0159ebuj\u00ed spolehliv\u00fd a rychl\u00fd n\u00e1stroj pro sebeobranu a taktick\u00e9 nasazen\u00ed. Jeho jednoduch\u00fd, ale efektivn\u00ed design z n\u011bj \u010din\u00ed ide\u00e1ln\u00ed volbu pro profesion\u00e1ly i nad\u0161ence do sebeobrany. Pokud hled\u00e1te n\u016f\u017e, kter\u00fd spojuje funk\u010dnost, odolnost a diskr\u00e9tn\u00ed no\u0161en\u00ed, tento model v\u00e1s nezklame.<\/p>\n<\/li>\n<\/ul>\n<\/div>\n<\/div>\n<\/div>\n<\/div>\n<\/div>\n<\/article>\n<\/div>\n<\/div>\n<\/div>\n<\/div>\n<\/div>\n","protected":false},"excerpt":{"rendered":"<p><strong>Benchmade SOCP Dagger 176BKSN je vynikaj\u00edc\u00ed volbou pro ka\u017ed\u00e9ho, kdo hled\u00e1 vysoce efektivn\u00ed a kvalitn\u00ed pevn\u00fd n\u016f\u017e pro taktick\u00e9 pou\u017eit\u00ed, sebeobranu a boj zbl\u00edzka. Jeho B\u00f6hler N690 ocel a ergonomick\u00e1 rukoje\u0165 s texturou zaji\u0161\u0165uj\u00ed dlouhou \u017eivotnost a spolehliv\u00fd v\u00fdkon v n\u00e1ro\u010dn\u00fdch podm\u00ednk\u00e1ch. Tento n\u016f\u017e je ide\u00e1ln\u00ed pro profesion\u00e1ly i pro ka\u017edodenn\u00ed no\u0161en\u00ed v p\u0159\u00edpad\u011b pot\u0159eby sebez\u00e1chrany.<\/strong><\/p>\n","protected":false},"featured_media":386867,"comment_status":"open","ping_status":"closed","template":"","meta":[],"pwb-brand":[3960],"product_brand":[],"product_cat":[17,23],"product_tag":[],"class_list":{"0":"post-386866","1":"product","2":"type-product","3":"status-publish","4":"has-post-thumbnail","6":"pwb-brand-benchmade","7":"product_cat-noze","8":"product_cat-pevne-noze","10":"first","11":"outofstock","12":"taxable","13":"shipping-taxable","14":"purchasable","15":"product-type-simple"},"brands":[{"id":3960,"name":"Benchmade","slug":"benchmade"}],"_links":{"self":[{"href":"https:\/\/www.moskito.cz\/de\/wp-json\/wp\/v2\/product\/386866","targetHints":{"allow":["GET"]}}],"collection":[{"href":"https:\/\/www.moskito.cz\/de\/wp-json\/wp\/v2\/product"}],"about":[{"href":"https:\/\/www.moskito.cz\/de\/wp-json\/wp\/v2\/types\/product"}],"replies":[{"embeddable":true,"href":"https:\/\/www.moskito.cz\/de\/wp-json\/wp\/v2\/comments?post=386866"}],"wp:featuredmedia":[{"embeddable":true,"href":"https:\/\/www.moskito.cz\/de\/wp-json\/wp\/v2\/media\/386867"}],"wp:attachment":[{"href":"https:\/\/www.moskito.cz\/de\/wp-json\/wp\/v2\/media?parent=386866"}],"wp:term":[{"taxonomy":"pwb-brand","embeddable":true,"href":"https:\/\/www.moskito.cz\/de\/wp-json\/wp\/v2\/pwb-brand?post=386866"},{"taxonomy":"product_brand","embeddable":true,"href":"https:\/\/www.moskito.cz\/de\/wp-json\/wp\/v2\/product_brand?post=386866"},{"taxonomy":"product_cat","embeddable":true,"href":"https:\/\/www.moskito.cz\/de\/wp-json\/wp\/v2\/product_cat?post=386866"},{"taxonomy":"product_tag","embeddable":true,"href":"https:\/\/www.moskito.cz\/de\/wp-json\/wp\/v2\/product_tag?post=386866"}],"curies":[{"name":"wp","href":"https:\/\/api.w.org\/{rel}","templated":true}]}}