{"id":390030,"date":"2025-02-06T20:01:52","date_gmt":"2025-02-07T11:21:31","guid":{"rendered":"https:\/\/www.moskito.cz\/produkt\/pro-tech-tactical-response-tr-3-x1-klappmesser\/"},"modified":"2025-05-07T11:28:15","modified_gmt":"2025-05-07T10:28:15","slug":"pro-tech-tactical-response-tr-3-x1-klappmesser","status":"publish","type":"product","link":"https:\/\/www.moskito.cz\/de\/produkt\/pro-tech-tactical-response-tr-3-x1-klappmesser\/","title":{"rendered":"Pro-Tech Tactical Response TR-3 X1 Klappmesser"},"content":{"rendered":"<h1 data-pm-slice=\"1 1 []\"><strong>Pro-Tech Tactical Response TR-3 X1 Klappmesser<\/strong><\/h1>\n<p>\ud83d\udd2a <strong>Das Pro-Tech Tactical Response TR-3 X1<\/strong> ist ein robustes und zuverl\u00e4ssiges taktisches Klappmesser, das f\u00fcr <strong>den professionellen Einsatz bei Sicherheitskr\u00e4ften, dem Milit\u00e4r und im Rettungswesen<\/strong> konzipiert wurde. Es kombiniert <strong>eine schnelle und reibungslose automatische Mechanik<\/strong> mit <strong>einer soliden Konstruktion und langlebigen Materialien<\/strong> und macht es <strong>zu einem idealen Werkzeug f\u00fcr den t\u00e4glichen Gebrauch (EDC) sowie f\u00fcr extreme Bedingungen<\/strong> . <\/p>\n<div>\n<hr>\n<\/div>\n<h2><strong>Technische Spezifikationen:<\/strong><\/h2>\n<p>\ud83d\udd2a  <strong>Klinge:<\/strong><\/p>\n<ul data-spread=\"false\">\n<li><strong>L\u00e4nge<\/strong> : <strong>3,5\u2033 (8,9 cm)<\/strong> \u2013 ideal f\u00fcr taktische und vielseitige Arbeit<\/li>\n<li><strong>Material<\/strong> : <strong>CPM-S35VN Edelstahl<\/strong> \u2013 hervorragende Verschlei\u00dffestigkeit und lange Schnitthaltigkeit<\/li>\n<li><strong>Form<\/strong> : <strong>Drop Point<\/strong> \u2013 gro\u00dfartige Balance zwischen pr\u00e4zisem Schneiden und Einsteckkraft<\/li>\n<li><strong>Oberfl\u00e4chenbehandlung<\/strong> : <strong>Black DLC (Diamond-Like Carbon) oder Stonewash<\/strong> \u2013 verbesserte Korrosions- und Kratzfestigkeit<\/li>\n<\/ul>\n<p>\ud83d\udd90 <strong>Griff:<\/strong><\/p>\n<ul data-spread=\"false\">\n<li><strong>Material<\/strong> : <strong>6061-T6 Flugzeugaluminium<\/strong> &#8211; extrem stabil und dennoch leicht<\/li>\n<li><strong>Textur<\/strong> : <strong>Anti-Rutsch-Beschichtung<\/strong> f\u00fcr sicheren Halt auch mit Handschuhen<\/li>\n<li><strong>Form<\/strong> : <strong>Ergonomisches Design<\/strong> f\u00fcr komfortablen Langzeitgebrauch<\/li>\n<\/ul>\n<p>\u2699 <strong>Mechanismus:<\/strong><\/p>\n<ul data-spread=\"false\">\n<li><strong>\u00d6ffnen<\/strong> : <strong>Automatischer Auswurfmechanismus<\/strong> \u2013 extrem schnelles und sanftes \u00d6ffnen auf Knopfdruck<\/li>\n<li><strong>Verriegelung<\/strong> : <strong>Button Lock<\/strong> \u2013 eine solide und sichere Verriegelung, die ein versehentliches Schlie\u00dfen der Klinge verhindert<\/li>\n<\/ul>\n<p>\u2696 <strong>Gewicht:<\/strong><\/p>\n<ul data-spread=\"false\">\n<li><strong>4,1 oz (116 g)<\/strong> \u2013 robust und dennoch kompakt f\u00fcr bequemes Tragen<\/li>\n<\/ul>\n<p>\ud83d\udccc <strong>Weitere Funktionen:<\/strong><br \/>\n \u2714 <strong>Umkehrbarer Taschenclip<\/strong> \u2013 f\u00fcr bequemes verdecktes Tragen<br \/>\n \u2714 <strong>Loch f\u00fcr Trageschlaufe<\/strong> \u2013 erm\u00f6glicht die Befestigung einer Trageschlaufe f\u00fcr zus\u00e4tzliche Sicherheit und schnellen Zugriff<br \/>\n \u2714 <strong>Hohe Widerstandsf\u00e4higkeit gegen\u00fcber extremen Bedingungen<\/strong> \u2013 konzipiert f\u00fcr den professionellen Einsatz<\/p>\n<div>\n<hr>\n<\/div>\n<h2><strong>Haupteigenschaften:<\/strong><\/h2>\n<p>\u2705  <strong>Leistungsstarke taktische Klinge<\/strong> \u2013 ideal f\u00fcr Milit\u00e4r- und Rettungseins\u00e4tze<br \/>\n\u2705  <strong>Extrem schnelle Mechanik<\/strong> \u2013 pr\u00e4ziser Automatik-Mechanismus mit blitzschneller Reaktion<br \/>\n\u2705  <strong>Robuste Konstruktion<\/strong> \u2013 Aluminium in Flugzeugqualit\u00e4t und hochwertiger Stahl gew\u00e4hrleisten eine lange Lebensdauer<br \/>\n\u2705  <strong>Angenehmer Halt<\/strong> \u2013 ergonomischer Griff mit Anti-Rutsch-Beschichtung<\/p>\n<div>\n<hr>\n<\/div>\n<h2><strong>Verwenden:<\/strong><\/h2>\n<p>\ud83c\udfaf <strong>Taktische und milit\u00e4rische Zwecke<\/strong> \u2013 konzipiert f\u00fcr Profis unter anspruchsvollen Bedingungen<br \/>\n\ud83c\udfd5 <strong>Outdoor und Survival<\/strong> \u2013 ein zuverl\u00e4ssiges Werkzeug f\u00fcr anspruchsvolle Abenteurer<br \/>\n\ud83d\udd2a  <strong>Everyday Carry (EDC)<\/strong> \u2013 eine tolle Balance zwischen Leistung und Kompaktheit<br \/>\n\ud83d\ude91 <strong>Rettungseinsatz<\/strong> \u2013 schnelles \u00d6ffnen mit einer Hand f\u00fcr Notsituationen <\/p>\n<div>\n<hr>\n<\/div>\n<h2><strong>Vor- und Nachteile:<\/strong><\/h2>\n<p>\u2705  <strong>Vorteile:<\/strong><br \/>\n \u2714 Schneller und zuverl\u00e4ssiger Z\u00fcndmechanismus<br \/>\n\u2714 Langlebige Konstruktion aus hochwertigen Materialien<br \/>\n\u2714 Ergonomisches Design f\u00fcr maximalen Komfort beim Arbeiten<br \/>\n\u2714 Universell einsetzbar \u2013 Einsatz, Rettung und Alltag<\/p>\n<p>\u274c <strong>Nachteile:<\/strong><br \/>\n \u2716 H\u00f6herer Preis entsprechend Qualit\u00e4t und Leistung<br \/>\n \u2716 Automatische Mechanismen sind m\u00f6glicherweise nicht in allen Rechtsr\u00e4umen legal<\/p>\n<div>\n<hr>\n<\/div>\n<h2><strong>Abschluss:<\/strong><\/h2>\n<p><strong>Das Pro-Tech Tactical Response TR-3 X1<\/strong> ist <strong>ein professionelles taktisches Taktikmesser<\/strong> , das <strong>blitzschnelles \u00d6ffnen, robuste Konstruktion und maximale Zuverl\u00e4ssigkeit vereint<\/strong> . Es ist ideal f\u00fcr <strong>den Einsatz beim Milit\u00e4r, bei Rettungsma\u00dfnahmen und im EDC-Bereich<\/strong> , wo es auf <strong>Geschwindigkeit und St\u00e4rke<\/strong> ankommt. Wenn Sie <strong>ein leistungsstarkes und langlebiges Automatikmesser<\/strong> suchen, ist <strong>das TR-3 X1<\/strong> <strong>eine gute Wahl<\/strong> . \ud83d\ude80   <\/p>\n","protected":false},"excerpt":{"rendered":"<p><strong>Das Pro-Tech Tactical Response TR-3 X1 ist ein professionelles taktisches Messer, das blitzschnelles \u00d6ffnen, robuste Konstruktion und maximale Zuverl\u00e4ssigkeit vereint. Es ist ideal f\u00fcr den Einsatz beim Milit\u00e4r, bei Rettungsma\u00dfnahmen und im EDC-Bereich, wo es auf Geschwindigkeit und St\u00e4rke ankommt. Wenn Sie ein leistungsstarkes und langlebiges automatisches Messer suchen, ist das TR-3 X1 eine gute Wahl. \ud83d\ude80<\/strong><\/p>\n<p> <strong>Kostenloser Versand.<\/strong><\/p>\n","protected":false},"featured_media":389953,"comment_status":"open","ping_status":"closed","template":"","meta":[],"pwb-brand":[3818],"product_brand":[],"product_cat":[3285,3343],"product_tag":[],"class_list":{"0":"post-390030","1":"product","2":"type-product","3":"status-publish","4":"has-post-thumbnail","6":"pwb-brand-fur-tech","7":"product_cat-messer","8":"product_cat-schiesmesser","10":"first","11":"instock","12":"taxable","13":"shipping-taxable","14":"purchasable","15":"product-type-simple"},"brands":[{"id":3818,"name":"F\u00fcr Tech","slug":"fur-tech"}],"_links":{"self":[{"href":"https:\/\/www.moskito.cz\/de\/wp-json\/wp\/v2\/product\/390030","targetHints":{"allow":["GET"]}}],"collection":[{"href":"https:\/\/www.moskito.cz\/de\/wp-json\/wp\/v2\/product"}],"about":[{"href":"https:\/\/www.moskito.cz\/de\/wp-json\/wp\/v2\/types\/product"}],"replies":[{"embeddable":true,"href":"https:\/\/www.moskito.cz\/de\/wp-json\/wp\/v2\/comments?post=390030"}],"wp:featuredmedia":[{"embeddable":true,"href":"https:\/\/www.moskito.cz\/de\/wp-json\/wp\/v2\/media\/389953"}],"wp:attachment":[{"href":"https:\/\/www.moskito.cz\/de\/wp-json\/wp\/v2\/media?parent=390030"}],"wp:term":[{"taxonomy":"pwb-brand","embeddable":true,"href":"https:\/\/www.moskito.cz\/de\/wp-json\/wp\/v2\/pwb-brand?post=390030"},{"taxonomy":"product_brand","embeddable":true,"href":"https:\/\/www.moskito.cz\/de\/wp-json\/wp\/v2\/product_brand?post=390030"},{"taxonomy":"product_cat","embeddable":true,"href":"https:\/\/www.moskito.cz\/de\/wp-json\/wp\/v2\/product_cat?post=390030"},{"taxonomy":"product_tag","embeddable":true,"href":"https:\/\/www.moskito.cz\/de\/wp-json\/wp\/v2\/product_tag?post=390030"}],"curies":[{"name":"wp","href":"https:\/\/api.w.org\/{rel}","templated":true}]}}