{"id":390409,"date":"2025-02-11T21:32:14","date_gmt":"2025-02-11T20:32:14","guid":{"rendered":"https:\/\/www.moskito.cz\/produkt\/spartan-blades-custom-harsey-nichols-damascus-blaues-klappmesser\/"},"modified":"2025-09-29T00:00:03","modified_gmt":"2025-09-28T23:00:03","slug":"spartan-blades-custom-harsey-nichols-damascus-blaues-klappmesser","status":"publish","type":"product","link":"https:\/\/www.moskito.cz\/de\/produkt\/spartan-blades-custom-harsey-nichols-damascus-blaues-klappmesser\/","title":{"rendered":"Spartan Blades Custom Harsey Nichols Damascus Blaues Klappmesser"},"content":{"rendered":"<article class=\"w-full text-token-text-primary focus-visible:outline-2 focus-visible:outline-offset-[-4px]\" dir=\"auto\" data-testid=\"conversation-turn-13\" data-scroll-anchor=\"false\">\n<div class=\"m-auto text-base py-[18px] px-6\">\n<div class=\"mx-auto flex flex-1 gap-4 text-base md:gap-5 lg:gap-6 md:max-w-3xl\">\n<div class=\"group\/conversation-turn relative flex w-full min-w-0 flex-col agent-turn @xs\/thread:px-0 @sm\/thread:px-1.5 @md\/thread:px-4\">\n<div class=\"flex-col gap-1 md:gap-3\">\n<div class=\"flex max-w-full flex-col flex-grow\">\n<div class=\"min-h-8 text-message flex w-full flex-col items-end gap-2 whitespace-normal break-words text-start [.text-message+&amp;]:mt-5\" dir=\"auto\" data-message-author-role=\"assistant\" data-message-id=\"f6d2922e-d430-436d-be1a-27ce524b9993\" data-message-model-slug=\"gpt-4o-mini\">\n<div class=\"flex w-full flex-col gap-1 empty:hidden first:pt-[3px]\">\n<div class=\"markdown prose w-full break-words dark:prose-invert light\">\n<p data-start=\"0\" data-end=\"67\"><strong data-start=\"0\" data-end=\"67\"><span>Spartan Blades Custom Harsey Nichols Damascus Blaues Klappmesser<\/span><\/strong><\/p>\n<p data-start=\"69\" data-end=\"430\"><span>Das Spartan Blades Custom Harsey Nichols Damascus Blue ist ein exklusives Messermodell, das hochwertige Materialien und k\u00fcnstlerische Handwerkskunst mit modernen Technologien vereint. Dieses Messer ist ein gro\u00dfartiges Beispiel handwerklicher Handwerkskunst unter Verwendung von Damaszenerstahl und einem detaillierten Design, das die Aufmerksamkeit auf sich zieht und sowohl f\u00fcr Sammler als auch f\u00fcr anspruchsvolle Benutzer geeignet ist. <\/span><\/p>\n<h3 data-start=\"432\" data-end=\"457\"><span>Technische Daten<\/span><\/h3>\n<p data-start=\"459\" data-end=\"472\"><span>\ud83d\udd2a<\/span> <strong data-start=\"462\" data-end=\"472\"><span>Klinge:<\/span><\/strong><\/p>\n<ul data-start=\"473\" data-end=\"942\">\n<li data-start=\"473\" data-end=\"553\"><strong data-start=\"475\" data-end=\"485\"><span>L\u00e4nge:<\/span><\/strong> <span>Ungef\u00e4hr<\/span><\/li>\n<li data-start=\"554\" data-end=\"733\"><strong data-start=\"556\" data-end=\"569\"><span>Material:<\/span><\/strong> <span>**Damaszenerstahl<\/span> <strong data-start=\"570\" data-end=\"587\"><span>Damaszenerstahl<\/span><\/strong> <span>\u2013 je<\/span><\/li>\n<li data-start=\"734\" data-end=\"831\"><strong data-start=\"736\" data-end=\"745\"><span>Form:<\/span><\/strong> <span>D<\/span><\/li>\n<li data-start=\"832\" data-end=\"942\"><strong data-start=\"834\" data-end=\"855\"><span>Oberfl\u00e4chenbehandlung:<\/span><\/strong> <span>Handgefertigt<\/span><\/li>\n<\/ul>\n<p data-start=\"944\" data-end=\"959\"><span>\ud83d\udd90<\/span> <strong data-start=\"947\" data-end=\"959\"><span>Griff:<\/span><\/strong><\/p>\n<ul data-start=\"960\" data-end=\"1350\">\n<li data-start=\"960\" data-end=\"1099\"><strong data-start=\"962\" data-end=\"975\"><span>Material:<\/span><\/strong> <span>Vy-<\/span> <strong data-start=\"992\" data-end=\"1004\"><span>Titanium<\/span><\/strong> <span>\u2013 ein leichtes, robustes und langlebiges Material, das Tragekomfort und hervorragende Haltbarkeit gew\u00e4hrleistet.<\/span><\/li>\n<li data-start=\"1100\" data-end=\"1222\"><strong data-start=\"1102\" data-end=\"1113\"><span>Design:<\/span><\/strong> <span>Die blau eloxierte Titanoberfl\u00e4che verleiht einen \u00e4sthetischen Wert und sorgt f\u00fcr ein modernes und dennoch elegantes Aussehen.<\/span><\/li>\n<li data-start=\"1223\" data-end=\"1350\"><strong data-start=\"1225\" data-end=\"1247\"><span>Ergonomisches Design<\/span><\/strong> <span>\u2013 der Griff ist f\u00fcr einen bequemen Halt konzipiert und gew\u00e4hrleistet eine sichere Verwendung, auch wenn er \u00fcber einen l\u00e4ngeren Zeitraum gehalten wird.<\/span><\/li>\n<\/ul>\n<p data-start=\"1352\" data-end=\"1370\"><span>\u2699<\/span> <strong data-start=\"1354\" data-end=\"1370\"><span>Mechanismus:<\/span><\/strong><\/p>\n<ul data-start=\"1371\" data-end=\"1586\">\n<li data-start=\"1371\" data-end=\"1500\"><strong data-start=\"1373\" data-end=\"1387\"><span>\u00d6ffnen:<\/span><\/strong> <span>Das Messer ist mit einem zuverl\u00e4ssigen<\/span> <strong data-start=\"1415\" data-end=\"1429\"><span>Frame-Lock<\/span><\/strong> <span>-Mechanismus ausgestattet, der eine sichere Arretierung der Klinge w\u00e4hrend des Gebrauchs gew\u00e4hrleistet.<\/span><\/li>\n<li data-start=\"1501\" data-end=\"1586\"><strong data-start=\"1503\" data-end=\"1516\"><span>Geschwindigkeit:<\/span><\/strong> <span>Der Mechanismus ist reibungslos und effizient, sodass sich das Messer schnell \u00f6ffnen l\u00e4sst.<\/span><\/li>\n<\/ul>\n<p data-start=\"1588\" data-end=\"1603\"><span>\u2696<\/span> <strong data-start=\"1590\" data-end=\"1603\"><span>Gewicht:<\/span><\/strong><\/p>\n<ul data-start=\"1604\" data-end=\"1772\">\n<li data-start=\"1604\" data-end=\"1772\"><span>Ungef\u00e4hr 150\u2013170 g \u2013 bietet eine solide und ausgewogene Konstruktion, die leicht genug f\u00fcr den Alltag und dennoch robust genug f\u00fcr anspruchsvollere Aufgaben ist.<\/span><\/li>\n<\/ul>\n<p data-start=\"1774\" data-end=\"1798\"><span>\ud83d\udccc<\/span> <strong data-start=\"1777\" data-end=\"1798\"><span>Weitere Funktionen:<\/span><\/strong><\/p>\n<ul data-start=\"1799\" data-end=\"2075\">\n<li data-start=\"1799\" data-end=\"1911\"><strong data-start=\"1801\" data-end=\"1821\"><span>Limitierte Auflage<\/span><\/strong> <span>&#8211; Dieses Messer ist Teil einer exklusiven Edition und somit ein begehrtes Sammlerst\u00fcck.<\/span><\/li>\n<li data-start=\"1912\" data-end=\"2000\"><strong data-start=\"1914\" data-end=\"1937\"><span>Pr\u00e4zise CNC-Fertigung<\/span><\/strong> <span>\u2013 jedes Teil wird mit gr\u00f6\u00dfter Sorgfalt und Liebe zum Detail verarbeitet.<\/span><\/li>\n<li data-start=\"2001\" data-end=\"2075\"><strong data-start=\"2003\" data-end=\"2019\"><span>Stahlclip<\/span><\/strong> <span>zum einfachen Tragen und Befestigen an Kleidung oder Rucksack.<\/span><\/li>\n<\/ul>\n<h3 data-start=\"2077\" data-end=\"2100\"><span>Haupteigenschaften:<\/span><\/h3>\n<p data-start=\"2101\" data-end=\"2481\"><span>\u2705<\/span> <strong data-start=\"2103\" data-end=\"2123\"><span>Limitierte Auflage<\/span><\/strong> <span>\u2013 ein tolles St\u00fcck f\u00fcr Sammler und anspruchsvolle Benutzer, die etwas Einzigartiges suchen.<\/span> <br data-start=\"2205\" data-end=\"2208\"><span>\u2705<\/span> <strong data-start=\"2210\" data-end=\"2227\"><span>Damaszenerstahl<\/span><\/strong> <span>\u2013 handgeschmiedete Klinge mit einzigartigem Muster und hervorragenden Schneideigenschaften.<\/span> <br data-start=\"2314\" data-end=\"2317\"><span>\u2705<\/span> <strong data-start=\"2319\" data-end=\"2339\"><span>Schnelles \u00d6ffnen<\/span><\/strong> <span>\u2013 effizienter und zuverl\u00e4ssiger Rahmenverriegelungsmechanismus.<\/span> <br data-start=\"2388\" data-end=\"2391\"><span>\u2705<\/span> <strong data-start=\"2393\" data-end=\"2419\"><span>Blaue Titan-Eloxierung<\/span><\/strong> <span>\u2013 ein modernes und \u00e4sthetisches Design, das die Attraktivit\u00e4t der Messer erh\u00f6ht.<\/span><\/p>\n<h3 data-start=\"2483\" data-end=\"2495\"><span>Verwenden:<\/span><\/h3>\n<p data-start=\"2496\" data-end=\"2878\"><span>\ud83c\udfaf<\/span> <strong data-start=\"2499\" data-end=\"2521\"><span>Sammlerst\u00fcck<\/span><\/strong> <span>\u2013 limitierte Auflage mit wundersch\u00f6nem Damast, ideal f\u00fcr Messersammler.<\/span> <br data-start=\"2597\" data-end=\"2600\"> <span>\ud83d\udd2a<\/span> <strong data-start=\"2603\" data-end=\"2627\"><span>EDC (Everyday Carry)<\/span><\/strong> <span>\u2013 ein hochwertiges und stylisches Messer f\u00fcr allt\u00e4gliche Aufgaben, das zudem eine einzigartige Optik und hohe Funktionalit\u00e4t bietet.<\/span> <br data-start=\"2732\" data-end=\"2735\"> <span>\ud83d\udd27<\/span> <strong data-start=\"2738\" data-end=\"2758\"><span>Taktischer Einsatz<\/span><\/strong> <span>\u2013 dank der hochwertigen Konstruktion und Langlebigkeit auch f\u00fcr den taktischen Einsatz geeignet, bei dem es auf Zuverl\u00e4ssigkeit und schnellen Einsatz ankommt.<\/span><\/p>\n<h3 data-start=\"2880\" data-end=\"2902\"><span>Vor- und Nachteile:<\/span><\/h3>\n<p data-start=\"2903\" data-end=\"2916\"><span>\u2705<\/span> <strong data-start=\"2905\" data-end=\"2916\"><span>Vorteile:<\/span><\/strong><\/p>\n<ul data-start=\"2917\" data-end=\"3156\">\n<li data-start=\"2917\" data-end=\"2986\"><span>Einzigartiges Design mit handgeschmiedeter Damaszenerklinge und blauem Titan.<\/span><\/li>\n<li data-start=\"2987\" data-end=\"3035\"><span>Hochwertige Materialien und sorgf\u00e4ltige Verarbeitung.<\/span><\/li>\n<li data-start=\"3036\" data-end=\"3095\"><span>Schnelles und zuverl\u00e4ssiges \u00d6ffnen dank Frame-Lock-Mechanismus.<\/span><\/li>\n<li data-start=\"3096\" data-end=\"3156\"><span>Limitierte Auflage und daher ein wertvolles Sammlerst\u00fcck.<\/span><\/li>\n<\/ul>\n<p data-start=\"3158\" data-end=\"3173\"><span>\u274c<\/span> <strong data-start=\"3160\" data-end=\"3173\"><span>Nachteile:<\/span><\/strong><\/p>\n<ul data-start=\"3174\" data-end=\"3362\">\n<li data-start=\"3174\" data-end=\"3239\"><span>H\u00f6herer Preis aufgrund der Exklusivit\u00e4t des Modells und der verwendeten Materialien.<\/span><\/li>\n<li data-start=\"3240\" data-end=\"3285\"><span>Aufgrund begrenzter Produktion nur eingeschr\u00e4nkt verf\u00fcgbar.<\/span><\/li>\n<li data-start=\"3286\" data-end=\"3362\"><span>In einigen Rechtsgebieten gelten m\u00f6glicherweise strenge Gesetze zum Tragen von Klappmessern.<\/span><\/li>\n<\/ul>\n<h3 data-start=\"3364\" data-end=\"3374\"><span>Abschluss:<\/span><\/h3>\n<p data-start=\"3375\" data-end=\"3697\" data-is-last-node=\"\"><span>Das Spartan Blades Custom Harsey Nichols Damascus Blue ist ein au\u00dfergew\u00f6hnliches Messer, das Spitzenleistung, sch\u00f6nes Design und eine limitierte Auflage vereint. Dank der Verwendung von handgeschmiedetem Damaszenerstahl und blau eloxiertem Titan ist dies ein einzigartiges St\u00fcck f\u00fcr Sammler, aber auch f\u00fcr Benutzer, die ein hochwertiges und zuverl\u00e4ssiges Messer f\u00fcr den t\u00e4glichen Gebrauch suchen \ud83d\ude80 \ud83d\udd2a <\/span><\/p>\n<\/div>\n<\/div>\n<\/div>\n<\/div>\n<div class=\"mb-2 flex gap-3 empty:hidden -ml-2\">\n<div class=\"items-center justify-start rounded-xl p-1 z-10 -mt-1 bg-token-main-surface-primary screen-arch:mt-1 md:absolute flex\">\n<div class=\"flex items-center\"><\/div>\n<\/div>\n<\/div>\n<div class=\"pr-2 lg:pr-0\"><\/div>\n<\/div>\n<\/div>\n<\/div>\n<\/div>\n<\/article>\n","protected":false},"excerpt":{"rendered":"<p><strong>Das Spartan Blades Custom Harsey Nichols Damascus Blue ist ein au\u00dfergew\u00f6hnliches Messer, das Spitzenleistung, sch\u00f6nes Design und eine limitierte Auflage vereint. Dank der Verwendung von handgeschmiedetem Damaszenerstahl und der blauen Titan-Eloxierung ist dies ein einzigartiges St\u00fcck f\u00fcr Sammler, aber auch f\u00fcr Benutzer, die ein hochwertiges und zuverl\u00e4ssiges Messer f\u00fcr den t\u00e4glichen Gebrauch suchen \ud83d\ude80 \ud83d\udd2a <\/strong><\/p>\n<p><strong>Kostenloser Transport.<\/strong><\/p>\n","protected":false},"featured_media":390309,"comment_status":"open","ping_status":"closed","template":"","meta":[],"pwb-brand":[3839],"product_brand":[],"product_cat":[3420,3285,3303],"product_tag":[],"class_list":{"0":"post-390409","1":"product","2":"type-product","3":"status-publish","4":"has-post-thumbnail","6":"pwb-brand-spartanische-klingen","7":"product_cat-damaszenermesser","8":"product_cat-messer","9":"product_cat-schliesmesser","11":"first","12":"instock","13":"taxable","14":"shipping-taxable","15":"purchasable","16":"product-type-simple"},"brands":[{"id":3839,"name":"Spartanische Klingen","slug":"spartanische-klingen"}],"_links":{"self":[{"href":"https:\/\/www.moskito.cz\/de\/wp-json\/wp\/v2\/product\/390409","targetHints":{"allow":["GET"]}}],"collection":[{"href":"https:\/\/www.moskito.cz\/de\/wp-json\/wp\/v2\/product"}],"about":[{"href":"https:\/\/www.moskito.cz\/de\/wp-json\/wp\/v2\/types\/product"}],"replies":[{"embeddable":true,"href":"https:\/\/www.moskito.cz\/de\/wp-json\/wp\/v2\/comments?post=390409"}],"wp:featuredmedia":[{"embeddable":true,"href":"https:\/\/www.moskito.cz\/de\/wp-json\/wp\/v2\/media\/390309"}],"wp:attachment":[{"href":"https:\/\/www.moskito.cz\/de\/wp-json\/wp\/v2\/media?parent=390409"}],"wp:term":[{"taxonomy":"pwb-brand","embeddable":true,"href":"https:\/\/www.moskito.cz\/de\/wp-json\/wp\/v2\/pwb-brand?post=390409"},{"taxonomy":"product_brand","embeddable":true,"href":"https:\/\/www.moskito.cz\/de\/wp-json\/wp\/v2\/product_brand?post=390409"},{"taxonomy":"product_cat","embeddable":true,"href":"https:\/\/www.moskito.cz\/de\/wp-json\/wp\/v2\/product_cat?post=390409"},{"taxonomy":"product_tag","embeddable":true,"href":"https:\/\/www.moskito.cz\/de\/wp-json\/wp\/v2\/product_tag?post=390409"}],"curies":[{"name":"wp","href":"https:\/\/api.w.org\/{rel}","templated":true}]}}