{"id":398092,"date":"2025-02-12T20:52:42","date_gmt":"2025-02-12T19:52:42","guid":{"rendered":"https:\/\/www.moskito.cz\/produkt\/spartan-blades-harsey-ronin-gunfighter-sf5custom-klappmesser\/"},"modified":"2025-10-09T00:00:24","modified_gmt":"2025-10-08T23:00:24","slug":"spartan-blades-harsey-ronin-gunfighter-sf5custom-klappmesser","status":"publish","type":"product","link":"https:\/\/www.moskito.cz\/de\/produkt\/spartan-blades-harsey-ronin-gunfighter-sf5custom-klappmesser\/","title":{"rendered":"Spartan Blades Harsey Ronin GunFighter SF5CUSTOM Klappmesser"},"content":{"rendered":"<p data-start=\"0\" data-end=\"65\"><strong data-start=\"0\" data-end=\"65\"><span>Spartan Blades Harsey Ronin GunFighter SF5CUSTOM Klappmesser<\/span><\/strong><\/p>\n<p data-start=\"67\" data-end=\"426\"><span>Das Klappmesser Spartan Blades Harsey Ronin GunFighter SF5CUSTOM verf\u00fcgt \u00fcber eine hervorragende Konstruktion, kompromisslose Funktionalit\u00e4t und ein einzigartiges Design. Dieses Modell ist ideal f\u00fcr Sammler, Profis und Liebhaber hochwertiger Messer. Dank seiner Langlebigkeit, der pr\u00e4zisen Verarbeitung und der robusten Bauweise ist dieses Messer ein tolles Werkzeug f\u00fcr den t\u00e4glichen Gebrauch und anspruchsvolle Aufgaben.  <\/span><\/p>\n<p data-start=\"428\" data-end=\"453\"><strong data-start=\"428\" data-end=\"453\"><span>Technische Daten<\/span><\/strong><\/p>\n<p data-start=\"455\" data-end=\"468\"><span>\ud83d\udd2a<\/span> <strong data-start=\"458\" data-end=\"468\"><span>Klinge:<\/span><\/strong><\/p>\n<ul data-start=\"469\" data-end=\"1005\">\n<li data-start=\"469\" data-end=\"594\"><strong data-start=\"471\" data-end=\"481\"><span>L\u00e4nge:<\/span><\/strong> <span>ca. 9,4 cm \u2013 ideal f\u00fcr den vielseitigen Einsatz, auch f\u00fcr schwere Aufgaben wie Schneiden, Stechen und Ziehen.<\/span><\/li>\n<li data-start=\"595\" data-end=\"734\"><strong data-start=\"597\" data-end=\"610\"><span>Material:<\/span><\/strong> <span>CPM S35VN \u2013 Premiumstahl, bekannt f\u00fcr seine hervorragende Korrosionsbest\u00e4ndigkeit, hervorragende Schneideigenschaften und lange Lebensdauer.<\/span><\/li>\n<li data-start=\"735\" data-end=\"856\"><strong data-start=\"737\" data-end=\"746\"><span>Form:<\/span><\/strong> <span>Spitze \u2013 eine vielseitige Form f\u00fcr zahlreiche Schneid- und Stechaufgaben mit hervorragender Kontrolle und Pr\u00e4zision.<\/span><\/li>\n<li data-start=\"857\" data-end=\"1005\"><strong data-start=\"859\" data-end=\"880\"><span>Oberfl\u00e4chenveredelung:<\/span><\/strong> <span>Stonewashed \u2013 eine robuste und langlebige Oberfl\u00e4che, die nicht nur die Optik des Messers verbessert, sondern auch seine Kratzfestigkeit erh\u00f6ht.<\/span><\/li>\n<\/ul>\n<p data-start=\"1007\" data-end=\"1022\"><span>\ud83d\udd90<\/span> <strong data-start=\"1010\" data-end=\"1022\"><span>Griff:<\/span><\/strong><\/p>\n<ul data-start=\"1023\" data-end=\"1422\">\n<li data-start=\"1023\" data-end=\"1147\"><strong data-start=\"1025\" data-end=\"1038\"><span>Material:<\/span><\/strong> <span>G10 \u2013 ein sehr langlebiges, leichtes und rutschfestes Material, das auch unter anspruchsvollen Bedingungen einen angenehmen Griff gew\u00e4hrleistet.<\/span><\/li>\n<li data-start=\"1148\" data-end=\"1274\"><strong data-start=\"1150\" data-end=\"1161\"><span>Design:<\/span><\/strong> <span>Gunfighter \u2013 der Griff hat ein aggressives und modernes Design, das ergonomisch ist und einen sicheren und bequemen Halt bietet.<\/span><\/li>\n<li data-start=\"1275\" data-end=\"1422\"><strong data-start=\"1277\" data-end=\"1298\"><span>Ergonomische Form:<\/span><\/strong> <span>Der Griff ist f\u00fcr einen sicheren und festen Halt geformt, was besonders bei anspruchsvollen Aufgaben oder in taktischen Situationen wichtig ist.<\/span><\/li>\n<\/ul>\n<p data-start=\"1424\" data-end=\"1442\"><span>\u2699<\/span> <strong data-start=\"1426\" data-end=\"1442\"><span>Mechanismus:<\/span><\/strong><\/p>\n<ul data-start=\"1443\" data-end=\"1708\">\n<li data-start=\"1443\" data-end=\"1576\"><strong data-start=\"1445\" data-end=\"1459\"><span>\u00d6ffnung:<\/span><\/strong> <span>Frame Lock \u2013 ein zuverl\u00e4ssiger Mechanismus zum Verriegeln der Klinge w\u00e4hrend des Gebrauchs, der einen sicheren und stabilen Halt gew\u00e4hrleistet.<\/span><\/li>\n<li data-start=\"1577\" data-end=\"1708\"><strong data-start=\"1579\" data-end=\"1592\"><span>Geschwindigkeit:<\/span><\/strong> <span>Der \u00d6ffnungsmechanismus ist reibungslos und schnell und erm\u00f6glicht das sofortige Entfalten des Messers in Situationen, in denen es auf Geschwindigkeit ankommt.<\/span><\/li>\n<\/ul>\n<p data-start=\"1710\" data-end=\"1725\"><span>\u2696<\/span> <strong data-start=\"1712\" data-end=\"1725\"><span>Gewicht:<\/span><\/strong><\/p>\n<ul data-start=\"1726\" data-end=\"1848\">\n<li data-start=\"1726\" data-end=\"1848\"><span>Ca. 160\u2013180 g \u2013 die ideale Balance zwischen Robustheit f\u00fcr anspruchsvolle Aufgaben und leicht genug f\u00fcr den Alltag.<\/span><\/li>\n<\/ul>\n<p data-start=\"1850\" data-end=\"1874\"><span>\ud83d\udccc<\/span> <strong data-start=\"1853\" data-end=\"1874\"><span>Weitere Funktionen:<\/span><\/strong><\/p>\n<ul data-start=\"1875\" data-end=\"2174\">\n<li data-start=\"1875\" data-end=\"1979\"><strong data-start=\"1877\" data-end=\"1897\"><span>Limitierte Auflage<\/span><\/strong> <span>\u2013 dieses Modell ist Teil einer exklusiven Edition und somit ein wertvolles und seltenes St\u00fcck.<\/span><\/li>\n<li data-start=\"1980\" data-end=\"2066\"><strong data-start=\"1982\" data-end=\"2005\"><span>Pr\u00e4zise CNC-Fertigung<\/span><\/strong> <span>\u2013 jedes Messer wird mit gr\u00f6\u00dfter Sorgfalt und Liebe zum Detail hergestellt.<\/span><\/li>\n<li data-start=\"2067\" data-end=\"2174\"><strong data-start=\"2069\" data-end=\"2087\"><span>Trageclip<\/span><\/strong> <span>\u2013 Stahlclip zum einfachen Befestigen des Messers an der Kleidung oder einem Rucksack f\u00fcr bequemes Tragen.<\/span><\/li>\n<\/ul>\n<p data-start=\"2176\" data-end=\"2591\"><strong data-start=\"2176\" data-end=\"2199\"><span>Hauptmerkmale:<\/span><\/strong> <span>\u2705<\/span> <strong data-start=\"2202\" data-end=\"2222\"><span>Limitierte Auflage<\/span><\/strong> <span>\u2013 exklusives Modell f\u00fcr Sammler und Liebhaber.<\/span> <br data-start=\"2267\" data-end=\"2270\"><span>\u2705<\/span> <strong data-start=\"2272\" data-end=\"2290\"><span>CPM S35VN-Stahl<\/span><\/strong> <span>\u2013 hochwertiger Edelstahl f\u00fcr lange Lebensdauer und hervorragende Schneideigenschaften.<\/span> <br data-start=\"2371\" data-end=\"2374\"><span>\u2705<\/span> <strong data-start=\"2376\" data-end=\"2398\"><span>Stonewashed-Oberfl\u00e4che<\/span><\/strong> <span>\u2013 elegante und langlebige Oberfl\u00e4che zum Schutz vor Kratzern und zur Verbesserung der Optik von Messern.<\/span> <br data-start=\"2481\" data-end=\"2484\"><span>\u2705<\/span> <strong data-start=\"2486\" data-end=\"2507\"><span>Gunfighter-Design<\/span><\/strong> <span>\u2013 modernes und aggressives Design, das f\u00fcr hervorragenden Halt und Komfort w\u00e4hrend der Verwendung sorgt.<\/span><\/p>\n<p data-start=\"2593\" data-end=\"2968\"><strong data-start=\"2593\" data-end=\"2605\"><span>Verwendung:<\/span><\/strong> <span>\ud83c\udfaf<\/span> <strong data-start=\"2609\" data-end=\"2631\"><span>Sammlerst\u00fcck<\/span><\/strong> <span>\u2013 limitierte Auflage und exklusives Design machen dieses Messer f\u00fcr Messersammler attraktiv.<\/span> <br data-start=\"2716\" data-end=\"2719\"><span>\ud83d\udd2a<\/span> <strong data-start=\"2722\" data-end=\"2746\"><span>EDC (Everyday Carry)<\/span><\/strong> <span>\u2013 ein robustes und zuverl\u00e4ssiges Messer f\u00fcr den t\u00e4glichen Gebrauch, geeignet f\u00fcr verschiedene Aufgaben.<\/span> <br data-start=\"2827\" data-end=\"2830\"><span>\ud83d\udd27<\/span> <strong data-start=\"2833\" data-end=\"2853\"><span>Taktischer Einsatz<\/span><\/strong> <span>\u2013 dank seines Designs eignet sich dieses Messer f\u00fcr taktische Situationen, in denen Geschwindigkeit, Zuverl\u00e4ssigkeit und Haltbarkeit wichtig sind.<\/span><\/p>\n<p data-start=\"2970\" data-end=\"2992\"><strong data-start=\"2970\" data-end=\"2992\"><span>Vor- und Nachteile:<\/span><\/strong><\/p>\n<p data-start=\"2994\" data-end=\"3007\"><span>\u2705<\/span> <strong data-start=\"2996\" data-end=\"3007\"><span>Vorteile:<\/span><\/strong><\/p>\n<ul data-start=\"3008\" data-end=\"3264\">\n<li data-start=\"3008\" data-end=\"3068\"><span>Hochwertige Materialien, einschlie\u00dflich erstklassigem CPM S35VN-Stahl.<\/span><\/li>\n<li data-start=\"3069\" data-end=\"3134\"><span>Einzigartiges und attraktives Gunfighter-Design mit ergonomischem Griff.<\/span><\/li>\n<li data-start=\"3135\" data-end=\"3194\"><span>Zuverl\u00e4ssiger Rahmenverriegelungsmechanismus f\u00fcr eine sichere Verwendung.<\/span><\/li>\n<li data-start=\"3195\" data-end=\"3264\"><span>Die limitierte Auflage macht das Messer zu einem seltenen und wertvollen Sammlerst\u00fcck.<\/span><\/li>\n<\/ul>\n<p data-start=\"3266\" data-end=\"3281\"><span>\u274c<\/span> <strong data-start=\"3268\" data-end=\"3281\"><span>Nachteile:<\/span><\/strong><\/p>\n<ul data-start=\"3282\" data-end=\"3461\">\n<li data-start=\"3282\" data-end=\"3338\"><span>H\u00f6herer Preis aufgrund der Exklusivit\u00e4t und Qualit\u00e4t der Materialien.<\/span><\/li>\n<li data-start=\"3339\" data-end=\"3384\"><span>Aufgrund begrenzter Produktion nur eingeschr\u00e4nkt verf\u00fcgbar.<\/span><\/li>\n<li data-start=\"3385\" data-end=\"3461\"><span>In einigen Rechtsgebieten gelten m\u00f6glicherweise strenge Gesetze zum Tragen von Klappmessern.<\/span><\/li>\n<\/ul>\n<p data-start=\"3463\" data-end=\"3941\"><strong data-start=\"3463\" data-end=\"3473\"><span>Abschluss:<\/span><\/strong><span>  Das Spartan Blades Harsey Ronin GunFighter SF5CUSTOM ist ein hochwertiges Messer, das pr\u00e4zise Verarbeitung, modernes Design und hervorragende Funktionalit\u00e4t vereint. Dieses Messer ist eine ideale Wahl f\u00fcr Sammler, die ein seltenes St\u00fcck f\u00fcr ihre Sammlung suchen, aber auch f\u00fcr Benutzer, die ein zuverl\u00e4ssiges Werkzeug f\u00fcr den allt\u00e4glichen Gebrauch oder taktische Situationen ben\u00f6tigen. Die limitierte Auflage und das edle Design mit Shooter-Motiv machen es nicht nur zu einem effektiven Werkzeug, sondern auch zu einer wertvollen Rarit\u00e4t. \ud83d\ude80 \ud83d\udd2a   <\/span><\/p>\n","protected":false},"excerpt":{"rendered":"<p><strong>Fazit: Das Spartan Blades Harsey Ronin GunFighter SF5CUSTOM ist ein hochwertiges Messer, das pr\u00e4zise Verarbeitung, modernes Design und hervorragende Funktionalit\u00e4t vereint. Dieses Messer ist eine ideale Wahl f\u00fcr Sammler, die ein seltenes St\u00fcck f\u00fcr ihre Sammlung suchen, aber auch f\u00fcr Benutzer, die ein zuverl\u00e4ssiges Werkzeug f\u00fcr den allt\u00e4glichen Gebrauch oder taktische Situationen ben\u00f6tigen. Die limitierte Auflage und das edle Design mit Shooter-Motiv machen es nicht nur zu einem effektiven Werkzeug, sondern auch zu einer wertvollen Rarit\u00e4t. \ud83d\ude80 \ud83d\udd2a   <\/strong><\/p>\n<p><strong>Kostenloser Transport.<\/strong><\/p>\n","protected":false},"featured_media":390429,"comment_status":"open","ping_status":"closed","template":"","meta":[],"pwb-brand":[3839],"product_brand":[],"product_cat":[3285,3303],"product_tag":[],"class_list":{"0":"post-398092","1":"product","2":"type-product","3":"status-publish","4":"has-post-thumbnail","6":"pwb-brand-spartanische-klingen","7":"product_cat-messer","8":"product_cat-schliesmesser","10":"first","11":"outofstock","12":"taxable","13":"shipping-taxable","14":"purchasable","15":"product-type-simple"},"brands":[{"id":3839,"name":"Spartanische Klingen","slug":"spartanische-klingen"}],"_links":{"self":[{"href":"https:\/\/www.moskito.cz\/de\/wp-json\/wp\/v2\/product\/398092","targetHints":{"allow":["GET"]}}],"collection":[{"href":"https:\/\/www.moskito.cz\/de\/wp-json\/wp\/v2\/product"}],"about":[{"href":"https:\/\/www.moskito.cz\/de\/wp-json\/wp\/v2\/types\/product"}],"replies":[{"embeddable":true,"href":"https:\/\/www.moskito.cz\/de\/wp-json\/wp\/v2\/comments?post=398092"}],"wp:featuredmedia":[{"embeddable":true,"href":"https:\/\/www.moskito.cz\/de\/wp-json\/wp\/v2\/media\/390429"}],"wp:attachment":[{"href":"https:\/\/www.moskito.cz\/de\/wp-json\/wp\/v2\/media?parent=398092"}],"wp:term":[{"taxonomy":"pwb-brand","embeddable":true,"href":"https:\/\/www.moskito.cz\/de\/wp-json\/wp\/v2\/pwb-brand?post=398092"},{"taxonomy":"product_brand","embeddable":true,"href":"https:\/\/www.moskito.cz\/de\/wp-json\/wp\/v2\/product_brand?post=398092"},{"taxonomy":"product_cat","embeddable":true,"href":"https:\/\/www.moskito.cz\/de\/wp-json\/wp\/v2\/product_cat?post=398092"},{"taxonomy":"product_tag","embeddable":true,"href":"https:\/\/www.moskito.cz\/de\/wp-json\/wp\/v2\/product_tag?post=398092"}],"curies":[{"name":"wp","href":"https:\/\/api.w.org\/{rel}","templated":true}]}}