{"id":398109,"date":"2025-03-17T14:26:41","date_gmt":"2025-03-31T09:33:09","guid":{"rendered":"https:\/\/www.moskito.cz\/produkt\/frank-beltrame-stiletto-bajonett-widderhornmesser-28-cm\/"},"modified":"2025-05-07T11:28:53","modified_gmt":"2025-05-07T10:28:53","slug":"frank-beltrame-stiletto-bajonett-widderhornmesser-28-cm","status":"publish","type":"product","link":"https:\/\/www.moskito.cz\/de\/produkt\/frank-beltrame-stiletto-bajonett-widderhornmesser-28-cm\/","title":{"rendered":"Frank Beltrame Stiletto-Bajonett-Widderhornmesser 28 cm"},"content":{"rendered":"<p data-pm-slice=\"1 1 []\">\ud83d\udd25 <strong>Frank Beltrame Stiletto-Bajonett-Widderhornmesser 28 cm<\/strong><\/p>\n<p>\ud83d\udd2a  <strong>Frank Beltrame Stilettbajonett Widderhorn 28 cm<\/strong>  Ist  <strong>traditionelles italienisches Klappmesser<\/strong>die kombiniert  <strong>klassisches Design, pr\u00e4zise Handarbeit und au\u00dfergew\u00f6hnliche Materialien<\/strong>. Dieses Modell ist mit <strong>einem eleganten Griff aus echtem Widderhorn<\/strong> ausgestattet, der ihm eine einzigartige Optik und Exklusivit\u00e4t verleiht. Die <strong>Bajonettklinge<\/strong> aus poliertem <strong>Edelstahl<\/strong> sorgt f\u00fcr eine lange Lebensdauer und hervorragende Schneideigenschaften.  <\/p>\n<div>\n<hr>\n<\/div>\n<h2>\ud83d\udcd0 Spezifikationen<\/h2>\n<ul data-spread=\"false\">\n<li><strong>Gesamtl\u00e4nge:<\/strong> 28 cm<\/li>\n<li><strong>Klingenl\u00e4nge:<\/strong> 11cm<\/li>\n<li><strong>Klingenst\u00e4rke:<\/strong> 3 mm<\/li>\n<li><strong>Klingenmaterial:<\/strong> AISI 420 MA5M<\/li>\n<li><strong>H\u00e4rte:<\/strong> 56 HRC<\/li>\n<li><strong>Kante:<\/strong> Glatte Kante (glatt)<\/li>\n<li><strong>Klingenform:<\/strong> Bajonett<\/li>\n<li><strong>Oberfl\u00e4chenbeschaffenheit:<\/strong> Polierte Klinge<\/li>\n<li><strong>Griffmaterial:<\/strong> Echtes Widderhorn<\/li>\n<li><strong>Verriegelung:<\/strong> Lockback (herk\u00f6mmliche Sicherung)<\/li>\n<li><strong>Gewicht:<\/strong> 160g<\/li>\n<\/ul>\n<div>\n<hr>\n<\/div>\n<h2>\ud83c\udfaf Hauptfunktionen<\/h2>\n<p>\u2705 <strong>Handgefertigt in Italien<\/strong> \u2013 jedes St\u00fcck ist ein Original mit einzigartiger Griffstruktur.<br \/>\n\u2705 <strong>Griff aus echtem Widderhorn<\/strong> \u2013 ein authentisches Naturmaterial mit edler Optik.<br \/>\n\u2705 <strong>Polierte Klinge aus rostfreiem AISI 420 MA5M-Stahl<\/strong> \u2013 korrosionsbest\u00e4ndig, leicht zu sch\u00e4rfen.<br \/>\n\u2705 <strong>Klassisches Bajonettklingenprofil<\/strong> \u2013 ideal f\u00fcr pr\u00e4zise Schnitte und Stiche.<br \/>\n\u2705 <strong>Schnellverschlussmechanismus<\/strong> \u2013 sanftes \u00d6ffnen per Knopfdruck.<br \/>\n\u2705 <strong>Lockback-Sicherung<\/strong> \u2013 feste und sichere Klingenarretierung.<\/p>\n<div>\n<hr>\n<\/div>\n<h2>\ud83d\udcdc Frank Beltrame Markengeschichte<\/h2>\n<p>Frank Beltrame ist <strong>eine renommierte italienische Marke<\/strong> mit einer Geschichte, die bis in die 1950er Jahre zur\u00fcckreicht. <strong>Stilettomesser<\/strong> sind ein Symbol <strong>traditioneller italienischer Handwerkskunst<\/strong> und haben dank <strong>ihres eleganten Designs, der pr\u00e4zisen Mechanik und der hochwertigen Verarbeitung<\/strong> Kultstatus erlangt.   <\/p>\n<div>\n<hr>\n<\/div>\n<h2>\u2696\ufe0f Vergleich mit anderen Modellen<\/h2>\n<p>\ud83d\udd39 <strong>Frank Beltrame Widderhorn vs. B\u00fcffelhorn<\/strong> \u2013 Das <strong>B\u00fcffelhornmodell<\/strong> hat einen dunkleren Griff, w\u00e4hrend <strong>das Widderhorn eine hellere und exklusivere Textur aufweist<\/strong> .<\/p>\n<p>\ud83d\udd39 <strong>Frank Beltrame vs. AKC Swinguard<\/strong> \u2013 Der AKC Swinguard verf\u00fcgt \u00fcber eine andere Art der Sicherung, w\u00e4hrend das Beltrame Stiletto <strong>die klassische Lockback-Sicherung<\/strong> beibeh\u00e4lt.<\/p>\n<p>\ud83d\udd39 <strong>Frank Beltrame vs. Microtech Ultratech<\/strong> \u2013 Microtech ist ein modernes <strong>OTF-Messer<\/strong> , w\u00e4hrend <strong>Stiletto ein traditionelles italienisches Messer mit historischem Design ist<\/strong> .<\/p>\n<div>\n<hr>\n<\/div>\n<h2>\ud83d\udcdc Verwendung und Zweck<\/h2>\n<p>\ud83d\udd38 <strong>Ein Sammlerst\u00fcck<\/strong> \u2013 dank handgefertigter Herstellung und hochwertiger Materialien.<br \/>\n\ud83d\udd38 <strong>Stilvolles Accessoire<\/strong> \u2013 elegantes und zeitloses Design.<br \/>\n\ud83d\udd38 <strong>Everyday Carry (EDC)<\/strong> \u2013 ein leichtes und kompaktes Messer, das f\u00fcr allt\u00e4gliche Aufgaben geeignet ist.<\/p>\n<div>\n<hr>\n<\/div>\n<h2>\ud83c\udf92 Zubeh\u00f6r und Packungsinhalt<\/h2>\n<p>\ud83d\udccc <strong>Das Paket beinhaltet:<\/strong><br \/>\n \u2714 <strong>Frank Beltrame Stiletto Bajonett Ram Horn 28 cm<\/strong> Klappmesser<br \/>\n \u2714 Schutzh\u00fclle  <\/p>\n<p>\ud83d\udccc <strong>Empfohlenes Zubeh\u00f6r:<\/strong><br \/>\n \ud83d\udd39 Luxuri\u00f6se Ledertasche<br \/>\n \ud83d\udd39 Spezielles Klingen\u00f6l<br \/>\n \ud83d\udd39 Schutztuch zum Polieren des Griffs<\/p>\n<div>\n<hr>\n<\/div>\n<h2>\ud83d\udd27 Wartung und Lebensdauer<\/h2>\n<p>\ud83d\udd39 <strong>Reinigung:<\/strong> Nach Gebrauch die Klinge mit einem trockenen Tuch abwischen und mit Schutz\u00f6l behandeln.<br \/>\n\ud83d\udd39 <strong>Mahlen:<\/strong> Verwenden Sie hochwertige Mahlsteine \u200b\u200bf\u00fcr ein feines Mahlergebnis.<br \/>\n\ud83d\udd39 <strong>Aufbewahrung:<\/strong> Trocken lagern, idealerweise in einer Schutzh\u00fclle.<\/p>\n<div>\n<hr>\n<\/div>\n<h2>\ud83d\udd25 Warum jetzt kaufen?<\/h2>\n<p>\u2b50 <strong>Handgefertigt und aus exklusivem Material<\/strong> \u2013 jedes St\u00fcck ist ein Original.<br \/>\n\ud83d\ude9a <strong>Kostenloser Versand<\/strong> \u2013 gilt f\u00fcr alle Bestellungen dieses Modells.<br \/>\n\ud83c\udf96 <strong>Traditionelle italienische Qualit\u00e4t<\/strong> \u2013 eine Investition in ein Messer mit Geschichte.<\/p>\n<div>\n<hr>\n<\/div>\n<h2>\ud83d\udccc Fazit<\/h2>\n<p><strong>Das Frank Beltrame Stiletto Bayonet Ram Horn 28 cm<\/strong> ist <strong>ein elegantes, sammelw\u00fcrdiges und prestigetr\u00e4chtiges Klappmesser<\/strong> , das <strong>klassisches Design, erstklassige Handwerkskunst und hochwertige Materialien<\/strong> vereint. Wenn Sie nach <strong>einem luxuri\u00f6sen und funktionalen Stiletto<\/strong> suchen, ist dieses Modell <strong>die ideale Wahl<\/strong> ! <\/p>\n<div>\n<hr>\n<\/div>\n<p>\ud83d\udd17 <strong>Bestellen Sie noch heute Ihr Frank Beltrame Stiletto-Bajonett aus Widderhorn 28 cm!<\/strong> \ud83d\udd25<\/p>\n","protected":false},"excerpt":{"rendered":"<p>Das Frank Beltrame Stiletto Bayonet Ram Horn 28 cm ist ein elegantes, sammelw\u00fcrdiges und prestigetr\u00e4chtiges Klappmesser, das klassisches Design, erstklassige Handwerkskunst und erstklassige Materialien vereint. Wenn Sie nach einem luxuri\u00f6sen und funktionalen Stiletto suchen, ist dieses Modell die perfekte Wahl! <\/p>\n","protected":false},"featured_media":397772,"comment_status":"open","ping_status":"closed","template":"","meta":[],"pwb-brand":[3533],"product_brand":[],"product_cat":[3285,3343],"product_tag":[4009],"class_list":{"0":"post-398109","1":"product","2":"type-product","3":"status-publish","4":"has-post-thumbnail","6":"pwb-brand-beltrame-de","7":"product_cat-messer","8":"product_cat-schiesmesser","9":"product_tag-neu","11":"first","12":"outofstock","13":"taxable","14":"shipping-taxable","15":"purchasable","16":"product-type-simple"},"brands":[{"id":3533,"name":"Beltrame","slug":"beltrame-de"}],"_links":{"self":[{"href":"https:\/\/www.moskito.cz\/de\/wp-json\/wp\/v2\/product\/398109","targetHints":{"allow":["GET"]}}],"collection":[{"href":"https:\/\/www.moskito.cz\/de\/wp-json\/wp\/v2\/product"}],"about":[{"href":"https:\/\/www.moskito.cz\/de\/wp-json\/wp\/v2\/types\/product"}],"replies":[{"embeddable":true,"href":"https:\/\/www.moskito.cz\/de\/wp-json\/wp\/v2\/comments?post=398109"}],"wp:featuredmedia":[{"embeddable":true,"href":"https:\/\/www.moskito.cz\/de\/wp-json\/wp\/v2\/media\/397772"}],"wp:attachment":[{"href":"https:\/\/www.moskito.cz\/de\/wp-json\/wp\/v2\/media?parent=398109"}],"wp:term":[{"taxonomy":"pwb-brand","embeddable":true,"href":"https:\/\/www.moskito.cz\/de\/wp-json\/wp\/v2\/pwb-brand?post=398109"},{"taxonomy":"product_brand","embeddable":true,"href":"https:\/\/www.moskito.cz\/de\/wp-json\/wp\/v2\/product_brand?post=398109"},{"taxonomy":"product_cat","embeddable":true,"href":"https:\/\/www.moskito.cz\/de\/wp-json\/wp\/v2\/product_cat?post=398109"},{"taxonomy":"product_tag","embeddable":true,"href":"https:\/\/www.moskito.cz\/de\/wp-json\/wp\/v2\/product_tag?post=398109"}],"curies":[{"name":"wp","href":"https:\/\/api.w.org\/{rel}","templated":true}]}}