{"id":398116,"date":"2025-03-17T15:13:24","date_gmt":"2025-03-31T09:33:19","guid":{"rendered":"https:\/\/www.moskito.cz\/produkt\/beltrame-classic-knochen-bajonettmesser-28-cm\/"},"modified":"2025-05-07T11:28:54","modified_gmt":"2025-05-07T10:28:54","slug":"beltrame-classic-knochen-bajonettmesser-28-cm","status":"publish","type":"product","link":"https:\/\/www.moskito.cz\/de\/produkt\/beltrame-classic-knochen-bajonettmesser-28-cm\/","title":{"rendered":"Beltrame Classic Knochen-Bajonettmesser 28 cm"},"content":{"rendered":"<p data-pm-slice=\"1 1 []\">\ud83d\udd25 <strong>Beltrame Classic Bone Bajonettmesser 28 cm<\/strong><\/p>\n<p>\ud83d\udd2a  <strong>Beltrame Classic Knochenbajonett 28 cm<\/strong>  Ist  <strong>luxuri\u00f6ses italienisches Klappmesser<\/strong>die verbindet  <strong>traditionelles Design, handgefertigt und hochwertige Materialien<\/strong>. Dieses Modell besticht <strong>durch einen eleganten Griff aus echtem Knochen<\/strong> , der ihm <strong>eine klassische und zeitlose Optik<\/strong> verleiht. Die <strong>Bajonettklinge<\/strong> aus hochwertigem <strong>rostfreiem AISI 420 MA5M-Stahl<\/strong> garantiert <strong>lange Lebensdauer, Sch\u00e4rfe und einfache Wartung<\/strong> .  <\/p>\n<div>\n<hr>\n<\/div>\n<h2>\ud83d\udcd0 Spezifikationen<\/h2>\n<ul data-spread=\"false\">\n<li><strong>Gesamtl\u00e4nge:<\/strong> 28 cm<\/li>\n<li><strong>Klingenl\u00e4nge:<\/strong> 11 cm<\/li>\n<li><strong>Klingenst\u00e4rke:<\/strong> 3 mm<\/li>\n<li><strong>Klingenmaterial:<\/strong> AISI 420 MA5M<\/li>\n<li><strong>H\u00e4rte:<\/strong> 56 HRC<\/li>\n<li><strong>Kante:<\/strong> Glatte Kante (glatt)<\/li>\n<li><strong>Klingenform:<\/strong> Bajonett<\/li>\n<li><strong>Oberfl\u00e4chenbeschaffenheit:<\/strong> Polierte Klinge<\/li>\n<li><strong>Griffmaterial:<\/strong> Echter Knochen<\/li>\n<li><strong>Verriegelung:<\/strong> Lockback (herk\u00f6mmliche Sicherung)<\/li>\n<li><strong>Gewicht:<\/strong> 160g<\/li>\n<\/ul>\n<div>\n<hr>\n<\/div>\n<h2>\ud83c\udfaf Hauptfunktionen<\/h2>\n<p>\u2705 <strong>Handgefertigt in Italien<\/strong> \u2013 traditionelle Handwerkskunst.<br \/>\n\u2705 <strong>Exklusiver Griff aus echtem Knochen<\/strong> \u2013 ein edles und langlebiges Naturmaterial.<br \/>\n\u2705 <strong>Klinge aus rostfreiem Stahl AISI 420 MA5M<\/strong> \u2013 hohe Korrosionsbest\u00e4ndigkeit und einfaches Sch\u00e4rfen.<br \/>\n\u2705 <strong>Bajonett-Klingenprofil<\/strong> \u2013 geeignet f\u00fcr pr\u00e4zise Schnitte und Stiche.<br \/>\n\u2705 <strong>Schnellverschlussmechanismus<\/strong> \u2013 sofortiges \u00d6ffnen per Knopfdruck.<br \/>\n\u2705 <strong>Lockback-Sicherheitsverriegelung<\/strong> \u2013 zuverl\u00e4ssige Klingenarretierung.<\/p>\n<div>\n<hr>\n<\/div>\n<h2>\ud83d\udcdc Geschichte der Marke Beltrame<\/h2>\n<p>Frank Beltrame ist <strong>ein legend\u00e4rer italienischer Messermacher<\/strong> , der sich seit \u00fcber einem halben Jahrhundert auf traditionelle <strong>Stilettmesser<\/strong> spezialisiert hat. Diese Messer werden f\u00fcr <strong>ihr elegantes Design, ihre pr\u00e4zise Mechanik und ihre hochwertige Verarbeitung<\/strong> gesch\u00e4tzt. <\/p>\n<div>\n<hr>\n<\/div>\n<h2>\u2696\ufe0f Vergleich mit anderen Modellen<\/h2>\n<p>\ud83d\udd39 <strong>Beltrame Classic Bone vs. Abalone Bayonet<\/strong> \u2013 Das <strong>Abalone-Modell verf\u00fcgt \u00fcber einen luxuri\u00f6sen Perlmuttgriff<\/strong> , w\u00e4hrend <strong>das Classic Bone auf traditionellen Naturknochen setzt<\/strong> .<\/p>\n<p>\ud83d\udd39 <strong>Beltrame Classic Bone vs. Frank Beltrame Ram Horn<\/strong> \u2013 Beide Modelle bestehen aus nat\u00fcrlichen Materialien, aber <strong>das Ram Horn bietet eine einzigartige Hornstruktur<\/strong> , w\u00e4hrend <strong>das Classic Bone elegant und konservativ aussieht<\/strong> .<\/p>\n<p>\ud83d\udd39 <strong>Beltrame Classic Bone vs. Microtech Ultratech<\/strong> \u2013 Microtech ist ein modernes <strong>OTF-Messer<\/strong> , w\u00e4hrend <strong>das Beltrame Stiletto ein Klassiker ist, der von der Geschichte italienischer Messer inspiriert ist<\/strong> .<\/p>\n<div>\n<hr>\n<\/div>\n<h2>\ud83d\udcdc Verwendung und Zweck<\/h2>\n<p>\ud83d\udd38 <strong>Sammlerst\u00fcck<\/strong> \u2013 ideal f\u00fcr Liebhaber traditioneller Messer.<br \/>\n\ud83d\udd38 <strong>Luxuri\u00f6ses Accessoire<\/strong> \u2013 elegantes Design und nat\u00fcrliche Materialien.<br \/>\n\ud83d\udd38 <strong>Everyday Carry (EDC)<\/strong> \u2013 ein zuverl\u00e4ssiges und stylisches Taschenmesser.<\/p>\n<div>\n<hr>\n<\/div>\n<h2>\ud83c\udf92 Zubeh\u00f6r und Packungsinhalt<\/h2>\n<p>\ud83d\udccc <strong>Das Paket beinhaltet:<\/strong><br \/>\n \u2714 <strong>Beltrame Classic Bone Bayonet 28 cm<\/strong> Klappmesser<br \/>\n \u2714 Geschenkbox<br \/>\n\u2714 Schutzh\u00fclle<\/p>\n<p>\ud83d\udccc <strong>Empfohlenes Zubeh\u00f6r:<\/strong><br \/>\n \ud83d\udd39 G\u00fcrtelholster aus Leder<br \/>\n \ud83d\udd39 Klingenpflege\u00f6l<br \/>\n \ud83d\udd39 Spezialtuch zum Reinigen des Griffs<\/p>\n<div>\n<hr>\n<\/div>\n<h2>\ud83d\udd27 Wartung und Lebensdauer<\/h2>\n<p>\ud83d\udd39 <strong>Reinigung:<\/strong> Nach Gebrauch die Klinge mit einem Tuch abwischen und mit Schutz\u00f6l behandeln.<br \/>\n\ud83d\udd39 <strong>Sch\u00e4rfen:<\/strong> Verwenden Sie feine Schleifsteine \u200b\u200bf\u00fcr optimale Sch\u00e4rfe.<br \/>\n\ud83d\udd39 <strong>Aufbewahrung:<\/strong> Bewahren Sie das Messer an einem trockenen Ort auf, am besten in einer Schutzh\u00fclle.<\/p>\n<div>\n<hr>\n<\/div>\n<h2>\ud83d\udd25 Warum jetzt kaufen?<\/h2>\n<p>\u2b50 <strong>Handgefertigt in Italien<\/strong> \u2013 jedes St\u00fcck ist ein Unikat.<br \/>\n\ud83c\udf96 <strong>Exklusives traditionelles Design<\/strong> \u2013 Sammler- und historischer Wert.<\/p>\n<div>\n<hr>\n<\/div>\n<h2>\ud83d\udccc Fazit<\/h2>\n<p><strong>Das Beltrame Classic Bone Bayonet 28 cm<\/strong> ist <strong>ein traditionelles, elegantes und luxuri\u00f6ses Klappmesser<\/strong> , das <strong>historisches Design, hochwertige Materialien und pr\u00e4zise Handwerkskunst<\/strong> vereint. Wenn Sie nach <strong>einem klassischen italienischen Stiletto<\/strong> suchen, ist dieses Modell <strong>die perfekte Wahl<\/strong> ! <\/p>\n<div>\n<hr>\n<\/div>\n<p>\ud83d\udd17 <strong>Bestellen Sie noch heute Ihr Beltrame Classic Bone Bayonet 28 cm!<\/strong> \ud83d\udd25<\/p>\n","protected":false},"excerpt":{"rendered":"<p><strong>Das Beltrame Classic Bone Bayonet 28 cm ist ein traditionelles, elegantes und luxuri\u00f6ses Klappmesser, das historisches Design, hochwertige Materialien und pr\u00e4zise Handwerkskunst vereint. Wenn Sie nach einem klassischen italienischen Stiletto suchen, ist dieses Modell die perfekte Wahl! <\/strong><\/p>\n","protected":false},"featured_media":397832,"comment_status":"open","ping_status":"closed","template":"","meta":[],"pwb-brand":[3533],"product_brand":[],"product_cat":[3285,3343],"product_tag":[4009],"class_list":{"0":"post-398116","1":"product","2":"type-product","3":"status-publish","4":"has-post-thumbnail","6":"pwb-brand-beltrame-de","7":"product_cat-messer","8":"product_cat-schiesmesser","9":"product_tag-neu","11":"first","12":"instock","13":"taxable","14":"shipping-taxable","15":"purchasable","16":"product-type-simple"},"brands":[{"id":3533,"name":"Beltrame","slug":"beltrame-de"}],"_links":{"self":[{"href":"https:\/\/www.moskito.cz\/de\/wp-json\/wp\/v2\/product\/398116","targetHints":{"allow":["GET"]}}],"collection":[{"href":"https:\/\/www.moskito.cz\/de\/wp-json\/wp\/v2\/product"}],"about":[{"href":"https:\/\/www.moskito.cz\/de\/wp-json\/wp\/v2\/types\/product"}],"replies":[{"embeddable":true,"href":"https:\/\/www.moskito.cz\/de\/wp-json\/wp\/v2\/comments?post=398116"}],"wp:featuredmedia":[{"embeddable":true,"href":"https:\/\/www.moskito.cz\/de\/wp-json\/wp\/v2\/media\/397832"}],"wp:attachment":[{"href":"https:\/\/www.moskito.cz\/de\/wp-json\/wp\/v2\/media?parent=398116"}],"wp:term":[{"taxonomy":"pwb-brand","embeddable":true,"href":"https:\/\/www.moskito.cz\/de\/wp-json\/wp\/v2\/pwb-brand?post=398116"},{"taxonomy":"product_brand","embeddable":true,"href":"https:\/\/www.moskito.cz\/de\/wp-json\/wp\/v2\/product_brand?post=398116"},{"taxonomy":"product_cat","embeddable":true,"href":"https:\/\/www.moskito.cz\/de\/wp-json\/wp\/v2\/product_cat?post=398116"},{"taxonomy":"product_tag","embeddable":true,"href":"https:\/\/www.moskito.cz\/de\/wp-json\/wp\/v2\/product_tag?post=398116"}],"curies":[{"name":"wp","href":"https:\/\/api.w.org\/{rel}","templated":true}]}}