{"id":398120,"date":"2025-03-17T15:46:56","date_gmt":"2025-03-31T09:33:26","guid":{"rendered":"https:\/\/www.moskito.cz\/produkt\/frank-beltrame-italian-stiletto-red-wood-28-cm-klappmesser\/"},"modified":"2025-09-13T06:16:04","modified_gmt":"2025-09-13T05:16:04","slug":"frank-beltrame-italian-stiletto-red-wood-28-cm-klappmesser","status":"publish","type":"product","link":"https:\/\/www.moskito.cz\/de\/produkt\/frank-beltrame-italian-stiletto-red-wood-28-cm-klappmesser\/","title":{"rendered":"Frank Beltrame Italian Stiletto Red Wood 28 cm Klappmesser"},"content":{"rendered":"<p data-pm-slice=\"1 1 []\">\ud83d\udd25 <strong>Frank Beltrame Italienisches Stiletto-Messer aus rotem Holz, 28 cm<\/strong><\/p>\n<p>\ud83d\udd2a  <strong>Frank Beltrame Italienischer Stiletto aus rotem Holz, 28 cm<\/strong>  Ist  <strong>klassisches italienisches Klappmesser<\/strong>die kombiniert  <strong>traditionelle Handwerkskunst, elegantes Design und erstklassige Materialien<\/strong>. Dieses Modell besticht <strong>durch einen luxuri\u00f6sen Redwood-Griff<\/strong> , der ihm <strong>eine exklusive Optik und einen angenehmen Halt<\/strong> verleiht. <strong>Die Bajonettklinge<\/strong> aus hochwertigem <strong>rostfreiem Stahl<\/strong> AISI 420 MA5M bietet <strong>hervorragende Verschlei\u00dffestigkeit und einfache Wartung<\/strong> .  <\/p>\n<div>\n<hr>\n<\/div>\n<h2>\ud83d\udcd0 Spezifikationen<\/h2>\n<ul data-spread=\"false\">\n<li><strong>Gesamtl\u00e4nge:<\/strong> 28 cm<\/li>\n<li><strong>Klingenl\u00e4nge:<\/strong> 12,5 cm<\/li>\n<li><strong>Klingenst\u00e4rke:<\/strong> 3 mm<\/li>\n<li><strong>Klingenmaterial:<\/strong> AISI 420 MA5M<\/li>\n<li><strong>H\u00e4rte:<\/strong> 56 HRC<\/li>\n<li><strong>Kante:<\/strong> Glatte Kante (glatt)<\/li>\n<li><strong>Klingenform:<\/strong> Bajonett<\/li>\n<li><strong>Oberfl\u00e4chenbeschaffenheit:<\/strong> Polierte Klinge<\/li>\n<li><strong>Griffmaterial:<\/strong> Rotes Holz<\/li>\n<li><strong>Verriegelung:<\/strong> Lockback (herk\u00f6mmliche Sicherung)<\/li>\n<li><strong>Gewicht:<\/strong> 160g<\/li>\n<\/ul>\n<div>\n<hr>\n<\/div>\n<h2>\ud83c\udfaf Hauptfunktionen<\/h2>\n<p>\u2705 <strong>Traditionelles italienisches Design<\/strong> \u2013 kultiger Stiletto-Stil.<br \/>\n\u2705 <strong>Redwood-Griff<\/strong> \u2013 elegant, bequem und langlebig.<br \/>\n\u2705 <strong>Klinge aus rostfreiem Stahl<\/strong> AISI 420 MA5M \u2013 hohe Sch\u00e4rfe, einfaches Sch\u00e4rfen und Korrosionsbest\u00e4ndigkeit.<br \/>\n\u2705 <strong>Bajonett-Klingenprofil<\/strong> \u2013 ideal f\u00fcr pr\u00e4zise Schnitte und Stiche.<br \/>\n\u2705 <strong>Schnellverschlussmechanismus<\/strong> \u2013 \u00f6ffnet auf Knopfdruck.<br \/>\n\u2705 <strong>Lockback-Sicherheitsverriegelung<\/strong> \u2013 solide Klingenarretierung f\u00fcr maximale Sicherheit.<\/p>\n<div>\n<hr>\n<\/div>\n<h2>\ud83d\udcdc Geschichte der Marke Beltrame<\/h2>\n<p>Frank Beltrame ist <strong>eine italienische Legende unter den Herstellern von Klappmessern<\/strong> , der dank <strong>traditionellem Design, pr\u00e4ziser Mechanik und hochwertiger Handarbeit<\/strong> weltweite Anerkennung erlangt hat. Beltrame Stiletto-Messer sind <strong>bei Sammlern, Vintage-Messer-Liebhabern und Alltagsnutzern beliebt<\/strong> . <\/p>\n<div>\n<hr>\n<\/div>\n<h2>\u2696\ufe0f Vergleich mit anderen Modellen<\/h2>\n<p>\ud83d\udd39 <strong>Frank Beltrame Red Wood vs. Beltrame Buffalo Horn<\/strong> \u2013 <strong>Buffalo Horn<\/strong> hat einen Horngriff, w\u00e4hrend <strong>Red Wood ein w\u00e4rmeres, nat\u00fcrlicheres Aussehen bietet<\/strong> .<\/p>\n<p>\ud83d\udd39 <strong>Frank Beltrame Red Wood vs. Classic Bone<\/strong> \u2013 <strong>Classic Bone hat einen Griff aus Knochen<\/strong> , w\u00e4hrend <strong>Red Wood eine einzigartige Holzfarbe und -struktur mitbringt<\/strong> .<\/p>\n<p>\ud83d\udd39 <strong>Frank Beltrame Red Wood vs. Microtech Ultratech<\/strong> \u2013 Microtech ist <strong>ein modernes OTF-Messer<\/strong> , w\u00e4hrend <strong>das Beltrame Stiletto ein traditioneller Klassiker im italienischen Stil ist<\/strong> .<\/p>\n<div>\n<hr>\n<\/div>\n<h2>\ud83d\udcdc Verwendung und Zweck<\/h2>\n<p>\ud83d\udd38 <strong>Sammlerst\u00fcck<\/strong> \u2013 ideal f\u00fcr Fans traditioneller Messer.<br \/>\n\ud83d\udd38 <strong>Luxus-Accessoire<\/strong> \u2013 elegantes Design und nat\u00fcrliche Materialien.<br \/>\n\ud83d\udd38 <strong>Everyday Carry (EDC)<\/strong> \u2013 ein stilvolles und zuverl\u00e4ssiges Taschenmesser.<\/p>\n<div>\n<hr>\n<\/div>\n<h2>\ud83c\udf92 Zubeh\u00f6r und Packungsinhalt<\/h2>\n<p>\ud83d\udccc <strong>Das Paket beinhaltet:<\/strong><br \/>\n \u2714 <strong>Frank Beltrame Italienisches Stiletto-Klappmesser aus rotem Holz, 28 cm<\/strong><br \/>\n \u2714    <strong>Schutzh\u00fclle<\/strong><\/p>\n<p>\ud83d\udccc <strong>Empfohlenes Zubeh\u00f6r:<\/strong><br \/>\n \ud83d\udd39 <strong>G\u00fcrtelholster aus Leder<\/strong><br \/>\n \ud83d\udd39 <strong>Klingenpflege\u00f6l<\/strong><br \/>\n \ud83d\udd39 <strong>Spezialtuch zum Reinigen des Griffs<\/strong><\/p>\n<div>\n<hr>\n<\/div>\n<h2>\ud83d\udd27 Wartung und Lebensdauer<\/h2>\n<p>\ud83d\udd39 <strong>Reinigung:<\/strong> Nach Gebrauch die Klinge mit einem Tuch abwischen und mit Schutz\u00f6l behandeln.<br \/>\n\ud83d\udd39 <strong>Sch\u00e4rfen:<\/strong> Verwenden Sie feine Schleifsteine \u200b\u200bf\u00fcr optimale Sch\u00e4rfe.<br \/>\n\ud83d\udd39 <strong>Aufbewahrung:<\/strong> Lagern Sie das Messer an einem trockenen Ort, idealerweise in einer Schutzh\u00fclle.<\/p>\n<div>\n<hr>\n<\/div>\n<h2>\ud83d\udd25 Warum jetzt kaufen?<\/h2>\n<p>\u2b50 <strong>Handgefertigt in Italien<\/strong> \u2013 jedes St\u00fcck ist ein Unikat.<br \/>\n\ud83c\udf96 <strong>Exklusives traditionelles Design<\/strong> \u2013 Sammler- und historischer Wert.<\/p>\n<div>\n<hr>\n<\/div>\n<h2>\ud83d\udccc Fazit<\/h2>\n<p><strong>Frank Beltrame Italian Stiletto Red Wood 28 cm<\/strong> ist <strong>ein klassisches italienisches Klappmesser<\/strong> , das nicht nur Sammler, sondern auch Liebhaber traditioneller Messer ansprechen wird. Wenn Sie <strong>ein elegantes, zuverl\u00e4ssiges und historisch inspiriertes Messer<\/strong> suchen, ist dieses Modell <strong>die perfekte Wahl<\/strong> ! <\/p>\n<div>\n<hr>\n<\/div>\n<p>\ud83d\udd17 <strong>Bestellen Sie noch heute Ihren italienischen Stiletto aus rotem Holz von Frank Beltrame, 28 cm!<\/strong> \ud83d\udd25<\/p>\n","protected":false},"excerpt":{"rendered":"<p><strong>Frank Beltrame Italian Stiletto Red Wood 28 cm ist ein klassisches italienisches Klappmesser, das nicht nur Sammler, sondern auch Liebhaber traditioneller Messer ansprechen wird. Wenn Sie ein elegantes, zuverl\u00e4ssiges und historisch inspiriertes Messer suchen, ist dieses Modell die perfekte Wahl! <\/strong><\/p>\n","protected":false},"featured_media":401568,"comment_status":"open","ping_status":"closed","template":"","meta":[],"pwb-brand":[3533],"product_brand":[],"product_cat":[3285,3343],"product_tag":[4009],"class_list":{"0":"post-398120","1":"product","2":"type-product","3":"status-publish","4":"has-post-thumbnail","6":"pwb-brand-beltrame-de","7":"product_cat-messer","8":"product_cat-schiesmesser","9":"product_tag-neu","11":"first","12":"instock","13":"taxable","14":"shipping-taxable","15":"purchasable","16":"product-type-simple"},"brands":[{"id":3533,"name":"Beltrame","slug":"beltrame-de"}],"_links":{"self":[{"href":"https:\/\/www.moskito.cz\/de\/wp-json\/wp\/v2\/product\/398120","targetHints":{"allow":["GET"]}}],"collection":[{"href":"https:\/\/www.moskito.cz\/de\/wp-json\/wp\/v2\/product"}],"about":[{"href":"https:\/\/www.moskito.cz\/de\/wp-json\/wp\/v2\/types\/product"}],"replies":[{"embeddable":true,"href":"https:\/\/www.moskito.cz\/de\/wp-json\/wp\/v2\/comments?post=398120"}],"wp:featuredmedia":[{"embeddable":true,"href":"https:\/\/www.moskito.cz\/de\/wp-json\/wp\/v2\/media\/401568"}],"wp:attachment":[{"href":"https:\/\/www.moskito.cz\/de\/wp-json\/wp\/v2\/media?parent=398120"}],"wp:term":[{"taxonomy":"pwb-brand","embeddable":true,"href":"https:\/\/www.moskito.cz\/de\/wp-json\/wp\/v2\/pwb-brand?post=398120"},{"taxonomy":"product_brand","embeddable":true,"href":"https:\/\/www.moskito.cz\/de\/wp-json\/wp\/v2\/product_brand?post=398120"},{"taxonomy":"product_cat","embeddable":true,"href":"https:\/\/www.moskito.cz\/de\/wp-json\/wp\/v2\/product_cat?post=398120"},{"taxonomy":"product_tag","embeddable":true,"href":"https:\/\/www.moskito.cz\/de\/wp-json\/wp\/v2\/product_tag?post=398120"}],"curies":[{"name":"wp","href":"https:\/\/api.w.org\/{rel}","templated":true}]}}