{"id":399215,"date":"2024-11-17T18:34:27","date_gmt":"2025-04-16T08:11:20","guid":{"rendered":"https:\/\/www.moskito.cz\/produkt\/benchmade-shootout-messer-5370bk-07\/"},"modified":"2025-05-07T11:29:01","modified_gmt":"2025-05-07T10:29:01","slug":"benchmade-shootout-messer-5370bk-07","status":"publish","type":"product","link":"https:\/\/www.moskito.cz\/de\/produkt\/benchmade-shootout-messer-5370bk-07\/","title":{"rendered":"Benchmade Shootout Messer 5370BK-07"},"content":{"rendered":"<p><strong>Benchmade<\/strong> Shootout-Messer 5370BK-07.<\/p>\n<p>Das Benchmade 5370BK-07 Shootout OTF (Out-The-Front) Auto ist ein taktisches Messer, das sowohl auf Funktionalit\u00e4t als auch auf Haltbarkeit ausgelegt ist. Hier ist eine Aufschl\u00fcsselung der wichtigsten Spezifikationen und Funktionen: <\/p>\n<p>Klingenl\u00e4nge: 8,92 cm<br \/>\nGesamtl\u00e4nge: 20,88 cm<br \/>\nGeschlossene L\u00e4nge: 11,97 cm<br \/>\nKlingenmaterial: CPM-CruWear-Werkzeugstahl (bekannt f\u00fcr hervorragende Schnitthaltigkeit und Z\u00e4higkeit)<br \/>\nKlingenst\u00e4rke: 2,54 mm<br \/>\nKlingenh\u00e4rte: 63\u201365 HRC (H\u00e4rte, die auf eine starke und langlebige Schneide hinweist)<br \/>\nKlingenstil: Tanto (mit dicker Spitze, ideal f\u00fcr Durchstecharbeiten)<br \/>\nKlingenoberfl\u00e4che: Schwarzes DLC (diamant\u00e4hnliche Kohlenstoffbeschichtung f\u00fcr erh\u00f6hte Korrosionsbest\u00e4ndigkeit)<br \/>\nGriffmaterial: Salbeigr\u00fcnes Grivory (harter, leichter Thermoplast)<br \/>\n Griffdicke: 12,95 mm<br \/>\n Verriegelungsmechanismus: Schiebemechanismus (f\u00fcr die sichere Funktion des automatischen \u00d6ffnungsmechanismus)<br \/>\n Taschenclip: Tief zu tragen, umkehrbar und faltbar<br \/>\n Gewicht: 2,80 oz. (79,38 g)<br \/>\n Klasse: Schwarz (bezieht sich wahrscheinlich auf eine Serie oder Produktlinie)<br \/>\n Herstellungsland: Hergestellt in den USA<br \/>\n Hauptmerkmale:<br \/>\n OTF-Mechanismus: Das Shootout ist mit einem schnellen, von vorne bedienbaren Automatikmechanismus ausgestattet, der ein schnelles Ausfahren und Einfahren der Klinge auf Knopfdruck gew\u00e4hrleistet.<br \/>\nTaktisches und langlebiges Design: Die Klinge aus CPM-CruWear-Stahl sorgt f\u00fcr Robustheit, Verschlei\u00dffestigkeit und Sch\u00e4rfe, w\u00e4hrend der Grivory-Griff St\u00e4rke und Haltbarkeit f\u00fcr anspruchsvolle Aufgaben bietet.<br \/>\nGriff in Salbeigr\u00fcn: Die gr\u00fcne Farbe bietet einen taktischen Look, der Teil der saisonalen Variation ist, die Benchmade f\u00fcr EDC-Enthusiasten (Everyday Carry) hinzugef\u00fcgt hat.<br \/>\nVielseitigkeit: Das Messer wurde im Hinblick auf pers\u00f6nliche Sicherheit und N\u00fctzlichkeit entwickelt und eignet sich daher f\u00fcr eine Vielzahl anspruchsvoller Aufgaben, sei es zur Selbstverteidigung, zum \u00dcberleben oder f\u00fcr den t\u00e4glichen Gebrauch.<br \/>\nDieses Modell ist ein perfektes Beispiel f\u00fcr Benchmades Engagement f\u00fcr hochwertige Handwerkskunst und verf\u00fcgt \u00fcber ein robustes, benutzerfreundliches Design, das auf taktische Anwendungen zugeschnitten ist.<\/p>\n<p>&nbsp;<\/p>\n<p>&nbsp;<\/p>\n","protected":false},"excerpt":{"rendered":"<p><strong>Bei der Entwicklung des Messers standen pers\u00f6nliche Sicherheit und Nutzen im Vordergrund, sodass es f\u00fcr eine Vielzahl anspruchsvoller Aufgaben geeignet ist, sei es zur Selbstverteidigung, zum \u00dcberleben oder f\u00fcr den allt\u00e4glichen Gebrauch.<\/strong><\/p>\n<p><strong>Kostenloser Versand.<\/strong><\/p>\n","protected":false},"featured_media":373126,"comment_status":"open","ping_status":"closed","template":"","meta":[],"pwb-brand":[3977],"product_brand":[],"product_cat":[3285,3343],"product_tag":[],"class_list":{"0":"post-399215","1":"product","2":"type-product","3":"status-publish","4":"has-post-thumbnail","6":"pwb-brand-benchmade-de","7":"product_cat-messer","8":"product_cat-schiesmesser","10":"first","11":"outofstock","12":"taxable","13":"shipping-taxable","14":"purchasable","15":"product-type-simple"},"brands":[{"id":3977,"name":"Benchmade","slug":"benchmade-de"}],"_links":{"self":[{"href":"https:\/\/www.moskito.cz\/de\/wp-json\/wp\/v2\/product\/399215","targetHints":{"allow":["GET"]}}],"collection":[{"href":"https:\/\/www.moskito.cz\/de\/wp-json\/wp\/v2\/product"}],"about":[{"href":"https:\/\/www.moskito.cz\/de\/wp-json\/wp\/v2\/types\/product"}],"replies":[{"embeddable":true,"href":"https:\/\/www.moskito.cz\/de\/wp-json\/wp\/v2\/comments?post=399215"}],"wp:featuredmedia":[{"embeddable":true,"href":"https:\/\/www.moskito.cz\/de\/wp-json\/wp\/v2\/media\/373126"}],"wp:attachment":[{"href":"https:\/\/www.moskito.cz\/de\/wp-json\/wp\/v2\/media?parent=399215"}],"wp:term":[{"taxonomy":"pwb-brand","embeddable":true,"href":"https:\/\/www.moskito.cz\/de\/wp-json\/wp\/v2\/pwb-brand?post=399215"},{"taxonomy":"product_brand","embeddable":true,"href":"https:\/\/www.moskito.cz\/de\/wp-json\/wp\/v2\/product_brand?post=399215"},{"taxonomy":"product_cat","embeddable":true,"href":"https:\/\/www.moskito.cz\/de\/wp-json\/wp\/v2\/product_cat?post=399215"},{"taxonomy":"product_tag","embeddable":true,"href":"https:\/\/www.moskito.cz\/de\/wp-json\/wp\/v2\/product_tag?post=399215"}],"curies":[{"name":"wp","href":"https:\/\/api.w.org\/{rel}","templated":true}]}}