{"id":399240,"date":"2021-03-18T22:28:01","date_gmt":"2025-04-16T08:46:55","guid":{"rendered":"https:\/\/www.moskito.cz\/produkt\/microtech-98-7-mk-werkzeugsatz-mit-8-bits\/"},"modified":"2025-07-11T07:53:39","modified_gmt":"2025-07-11T06:53:39","slug":"microtech-98-7-mk-werkzeugsatz-mit-8-bits","status":"publish","type":"product","link":"https:\/\/www.moskito.cz\/de\/produkt\/microtech-98-7-mk-werkzeugsatz-mit-8-bits\/","title":{"rendered":"Microtech 98-7 MK Werkzeugsatz mit 8 Bits"},"content":{"rendered":"<p><strong>Microtech<\/strong> 98-7 MK-Werkzeugsatz mit 8 Bits.<\/p>\n<p>Als Hersteller amerikanischer Messer h\u00f6chster Qualit\u00e4t hat Microtech mit h\u00f6chster Pr\u00e4zision die Ma\u00dfst\u00e4be f\u00fcr die Messerherstellung gesetzt, und dieses Engagement erstreckt sich auf jeden Teil ihrer Messer \u2013 vom Innenleben, den Griffen und Klingen bis hin zu den patentierten Microtech-Schrauben. Qualit\u00e4t liegt im Detail. <\/p>\n<p>Jede in einem <strong>Microtech-<\/strong> Messer verwendete Schraube ist patentiert. Ein Standardschraubendreher oder -bit passt nicht auf diese exklusiven Schrauben. Im Laufe der Jahre ist die Nachfrage nach Bits gestiegen, mit denen Kunden grundlegende Wartungsarbeiten an ihren Microtech-Messern durchf\u00fchren k\u00f6nnen. Diesem Bed\u00fcrfnis kommen wir jetzt nach.   <\/p>\n<p>Wir stellen das <strong>Microtech-<\/strong> Werkzeugset vor \u2013 dieses Bitset umfasst einen Handhalter aus Edelstahl 303 und 8 austauschbare Bits, die f\u00fcr eine Vielzahl von Microtech-Messermodellen geeignet sind. Das Toolkit enth\u00e4lt Bits f\u00fcr: Ultratechs (\u00e4ltere und neuere Modelle), UTX-85s, UTX-70s (\u00e4ltere und neuere Modelle), Troodons, Combat Troodons, Diracs, Dirac Deltas, LUDTs und Sigils; enth\u00e4lt auch Glasbrecherbits f\u00fcr Ultratechs, Combat Troodons und Dirac Deltas. Bits werden nur als Set verkauft, nicht einzeln.  <\/p>\n<p>Bedenken Sie beim Zerlegen und Warten Ihres Messers, dass Sie zwar Ersatzteile f\u00fcr die Messer kaufen k\u00f6nnen (je nach Verf\u00fcgbarkeit), der Teileaustausch jedoch bei Microtech von professionellen Technikern durchgef\u00fchrt werden muss.<\/p>\n<p>Es erfordert etwas Kraft, das rote Loctite zu l\u00f6sen, das Microtech f\u00fcr alle Schraubenl\u00f6cher verwendet. Au\u00dferdem darf man nicht vergessen, dass der Griff aus Aluminium besteht. Der Messerrahmen kann zerlegt werden, was einen Austausch des Griffs erforderlich macht, der nicht von der Garantie abgedeckt ist. Wir empfehlen, bei allen Demontageversuchen vorsichtig zu sein und raten Kunden, die sich nicht sicher sind, das Messer an Microtech zu schicken und dort alle auftretenden Probleme beheben zu lassen.  <\/p>\n<p>Als Hersteller von Messern der Spitzenklasse aus amerikanischer Produktion hat <strong>Microtech<\/strong> Knives schon immer Ma\u00dfst\u00e4be im Bereich Pr\u00e4zisionsbesteck gesetzt, und dieses Engagement erstreckt sich auf alle Teile ihrer Messer \u2013 vom Innenleben, den Griffen und Klingen bis hin zu den propriet\u00e4ren Microtech-Schrauben. Die Qualit\u00e4t liegt im Detail. <\/p>\n<p>Jede Schraube, die an einem <strong>Microtech-<\/strong> Messer verwendet wird, ist urheberrechtlich gesch\u00fctzt. Ein Standardschraubendreher oder -bit passt nicht auf diese exklusiven Schrauben. Im Laufe der Jahre ist die Nachfrage nach Bits, mit denen Kunden grundlegende Wartungsarbeiten an ihren Microtech-Messern durchf\u00fchren k\u00f6nnen, explosionsartig gestiegen. Dieser Bedarf wird jetzt gedeckt.   <\/p>\n<p>Wir stellen das <strong>Microtech-<\/strong> Werkzeugset vor \u2013 dieses Bit-Set umfasst einen handgef\u00fchrten Schraubendreher aus Edelstahl 303 sowie 8 austauschbare Bits f\u00fcr verschiedene Microtech-Messermodelle und -Jahre. Das Tool Kit enth\u00e4lt Teile f\u00fcr: Ultratechs (\u00e4ltere und neuere Modelle), UTX-85s, UTX-70s (\u00e4ltere und neuere Modelle), Troodons, Combat Troodons, Diracs, Dirac Deltas, LUDTs und Sigils; Es enth\u00e4lt auch Glasbrecherbits f\u00fcr Ultratechs, Combat Troodons und Dirac Deltas. Der Verkauf der Bits erfolgt nur im Set und nicht einzeln.  <\/p>\n<p>Bedenken Sie beim Zerlegen und Warten Ihres Messers, dass Sie zwar Ersatzteile f\u00fcr das \u00e4u\u00dfere Messer kaufen k\u00f6nnen (je nach Verf\u00fcgbarkeit), der Austausch innerer Teile jedoch im Microtech-Werk von professionellen Technikern durchgef\u00fchrt werden muss.<\/p>\n<p>Zum Herausschrauben ist etwas Kraft erforderlich, da das rote Loctite, das <strong>Microtech<\/strong> f\u00fcr alle Schraubenl\u00f6cher seiner Messer verwendet, verwendet wird. Au\u00dferdem muss man bedenken, dass der Griff aus Aluminium besteht. Das Chassis kann zerlegt werden, was einen Griffaustausch erfordert, der nicht von der Garantie abgedeckt ist. Wir raten zur Vorsicht bei allen Demontageversuchen und empfehlen Kunden, die sich nicht sicher sind, das Messer an Microtech zu schicken und dort eventuell auftretende Probleme beheben zu lassen.  <\/p>\n","protected":false},"excerpt":{"rendered":"<p>Im Laufe der Jahre hat Microtech\u00ae Knives Leidenschaft und K\u00f6nnen in die Messerherstellung einflie\u00dfen lassen und beinahe Kunstwerke geschaffen, die den Gipfel der Funktionalit\u00e4t darstellen. Alle Teile werden in den USA hergestellt.<br \/>\n <strong>Alle Microtech-Messer haben eine lebenslange Garantie (mindestens 80.000 Zyklen, \u00d6ffnen und Schlie\u00dfen)<\/strong><\/p>\n<p> <strong>Kostenloser Versand.<\/strong><\/p>\n","protected":false},"featured_media":399241,"comment_status":"open","ping_status":"closed","template":"","meta":[],"pwb-brand":[3278],"product_brand":[],"product_cat":[3285,3343],"product_tag":[3669],"class_list":{"0":"post-399240","1":"product","2":"type-product","3":"status-publish","4":"has-post-thumbnail","6":"pwb-brand-microtech-de","7":"product_cat-messer","8":"product_cat-schiesmesser","9":"product_tag-b2b-de","11":"first","12":"outofstock","13":"taxable","14":"shipping-taxable","15":"purchasable","16":"product-type-simple"},"brands":[{"id":3278,"name":"Microtech","slug":"microtech-de"}],"_links":{"self":[{"href":"https:\/\/www.moskito.cz\/de\/wp-json\/wp\/v2\/product\/399240","targetHints":{"allow":["GET"]}}],"collection":[{"href":"https:\/\/www.moskito.cz\/de\/wp-json\/wp\/v2\/product"}],"about":[{"href":"https:\/\/www.moskito.cz\/de\/wp-json\/wp\/v2\/types\/product"}],"replies":[{"embeddable":true,"href":"https:\/\/www.moskito.cz\/de\/wp-json\/wp\/v2\/comments?post=399240"}],"wp:featuredmedia":[{"embeddable":true,"href":"https:\/\/www.moskito.cz\/de\/wp-json\/wp\/v2\/media\/399241"}],"wp:attachment":[{"href":"https:\/\/www.moskito.cz\/de\/wp-json\/wp\/v2\/media?parent=399240"}],"wp:term":[{"taxonomy":"pwb-brand","embeddable":true,"href":"https:\/\/www.moskito.cz\/de\/wp-json\/wp\/v2\/pwb-brand?post=399240"},{"taxonomy":"product_brand","embeddable":true,"href":"https:\/\/www.moskito.cz\/de\/wp-json\/wp\/v2\/product_brand?post=399240"},{"taxonomy":"product_cat","embeddable":true,"href":"https:\/\/www.moskito.cz\/de\/wp-json\/wp\/v2\/product_cat?post=399240"},{"taxonomy":"product_tag","embeddable":true,"href":"https:\/\/www.moskito.cz\/de\/wp-json\/wp\/v2\/product_tag?post=399240"}],"curies":[{"name":"wp","href":"https:\/\/api.w.org\/{rel}","templated":true}]}}