{"id":399280,"date":"2022-12-29T21:07:42","date_gmt":"2025-04-16T10:02:24","guid":{"rendered":"https:\/\/www.moskito.cz\/produkt\/heretic-knives-cleric-ii-otf-magnacut-h020-4a-blu-klappmesser\/"},"modified":"2025-05-07T11:29:04","modified_gmt":"2025-05-07T10:29:04","slug":"heretic-knives-cleric-ii-otf-magnacut-h020-4a-blu-klappmesser","status":"publish","type":"product","link":"https:\/\/www.moskito.cz\/de\/produkt\/heretic-knives-cleric-ii-otf-magnacut-h020-4a-blu-klappmesser\/","title":{"rendered":"Heretic Knives Cleric II OTF MagnaCut H020-4A-BLU Klappmesser"},"content":{"rendered":"<p><strong>Heretic Knives<\/strong> Cleric II OTF MagnaCut H020-4A-BLU.<\/p>\n<p>Das Cleric II OTF Automatic hat einen CNC-gefr\u00e4sten Griff aus 6061-Aluminium mit Edelstahleinlage und eine CPM-MagnaCut-Klinge aus Edelstahl. Es bietet eine robuste Konstruktion mit gro\u00dfer Reichweite und einem wilden Double-Action-Automatikverschluss. Der Griff verf\u00fcgt \u00fcber einen Daumenschieber an der Vorderseite f\u00fcr eine einfache Handhabung und eine weiche Kontur f\u00fcr guten Halt. Es verf\u00fcgt \u00fcber eine maschinengeschliffene Klinge mit Doppelschneide.<\/p>\n<p>Funktion<br \/>\n Der vorgespannte Daumenschieber gew\u00e4hrleistet ein sanftes automatisches \u00d6ffnen und Schlie\u00dfen mit doppelter Aktion<br \/>\n Der leichte Aluminiumgriff bietet hervorragende Festigkeit und Haltbarkeit<br \/>\n Doppelklinge f\u00fcr vielseitige Schneidleistung<\/p>\n<p>Technische Daten<br \/>\n Klingenl\u00e4nge: 10,62 cm<br \/>\n Gesamtl\u00e4nge: 24,68 cm<br \/>\n Klingenmaterial: CPM-MagnaCut Edelstahl<br \/>\n Klingenst\u00e4rke: 0,31 cm<br \/>\n Klingenstil: Zweischneidiger Dolch<br \/>\n Klingenschliff: Flach<br \/>\n Klingenoberfl\u00e4che: schwarz<br \/>\n Griffmaterial: Blaues Aluminium mit schwarzen Edelstahleins\u00e4tzen<br \/>\n Griffst\u00e4rke: 1,31 cm<br \/>\n Verriegelungsmechanismus: Schieben<br \/>\n Taschenclip: Deep Titanium (Spitze nach unten, rechts\/links)<br \/>\n Gewicht: 4,80 oz.<br \/>\n Designer: Tony Marfione Jr.<br \/>\n Hergestellt in den USA<\/p>\n<p><iframe title=\"Heretic Shop Video\" width=\"800\" height=\"450\" src=\"https:\/\/www.youtube.com\/embed\/7qUL5q7Cvgo?feature=oembed\" frameborder=\"0\" allow=\"accelerometer; autoplay; clipboard-write; encrypted-media; gyroscope; picture-in-picture; web-share\" referrerpolicy=\"strict-origin-when-cross-origin\" allowfullscreen><\/iframe><\/p>\n<p>&nbsp;<\/p>\n","protected":false},"excerpt":{"rendered":"<p>Alle unsere Messer werden in den USA hergestellt und das wird auch so bleiben. Wenn Sie eines unserer Messer kaufen, k\u00f6nnen Sie darauf vertrauen, dass Ihr Werkzeug von einem amerikanischen Unternehmen unterst\u00fctzt wird. Unsere Messer werden in kleinen Mengen hergestellt, um sicherzustellen, dass Sie ein Qualit\u00e4tsmesser erhalten, das die Aufmerksamkeit erh\u00e4lt, die andere massenproduzierte Messer nicht erhalten!!<\/p>\n","protected":false},"featured_media":399281,"comment_status":"open","ping_status":"closed","template":"","meta":[],"pwb-brand":[3665],"product_brand":[],"product_cat":[3285,3343],"product_tag":[],"class_list":{"0":"post-399280","1":"product","2":"type-product","3":"status-publish","4":"has-post-thumbnail","6":"pwb-brand-ketzermesser","7":"product_cat-messer","8":"product_cat-schiesmesser","10":"first","11":"outofstock","12":"taxable","13":"shipping-taxable","14":"purchasable","15":"product-type-simple"},"brands":[{"id":3665,"name":"Ketzermesser","slug":"ketzermesser"}],"_links":{"self":[{"href":"https:\/\/www.moskito.cz\/de\/wp-json\/wp\/v2\/product\/399280","targetHints":{"allow":["GET"]}}],"collection":[{"href":"https:\/\/www.moskito.cz\/de\/wp-json\/wp\/v2\/product"}],"about":[{"href":"https:\/\/www.moskito.cz\/de\/wp-json\/wp\/v2\/types\/product"}],"replies":[{"embeddable":true,"href":"https:\/\/www.moskito.cz\/de\/wp-json\/wp\/v2\/comments?post=399280"}],"wp:featuredmedia":[{"embeddable":true,"href":"https:\/\/www.moskito.cz\/de\/wp-json\/wp\/v2\/media\/399281"}],"wp:attachment":[{"href":"https:\/\/www.moskito.cz\/de\/wp-json\/wp\/v2\/media?parent=399280"}],"wp:term":[{"taxonomy":"pwb-brand","embeddable":true,"href":"https:\/\/www.moskito.cz\/de\/wp-json\/wp\/v2\/pwb-brand?post=399280"},{"taxonomy":"product_brand","embeddable":true,"href":"https:\/\/www.moskito.cz\/de\/wp-json\/wp\/v2\/product_brand?post=399280"},{"taxonomy":"product_cat","embeddable":true,"href":"https:\/\/www.moskito.cz\/de\/wp-json\/wp\/v2\/product_cat?post=399280"},{"taxonomy":"product_tag","embeddable":true,"href":"https:\/\/www.moskito.cz\/de\/wp-json\/wp\/v2\/product_tag?post=399280"}],"curies":[{"name":"wp","href":"https:\/\/api.w.org\/{rel}","templated":true}]}}