{"id":399412,"date":"2025-04-16T11:55:53","date_gmt":"2025-04-16T10:55:53","guid":{"rendered":"https:\/\/www.moskito.cz\/produkt\/crkt-squid-xm-2495g-klappmesser\/"},"modified":"2025-06-12T09:00:58","modified_gmt":"2025-06-12T08:00:58","slug":"crkt-squid-xm-2495g-klappmesser","status":"publish","type":"product","link":"https:\/\/www.moskito.cz\/de\/produkt\/crkt-squid-xm-2495g-klappmesser\/","title":{"rendered":"CRKT Squid XM 2495G Klappmesser"},"content":{"rendered":"<p class=\"\" data-start=\"40\" data-end=\"134\">\ud83d\udd2a <strong data-start=\"43\" data-end=\"134\">CRKT Squid XM Button Lock Gray 2495G Klappmesser \u2013 Kompakte Power f\u00fcr allt\u00e4gliche Herausforderungen<\/strong><\/p>\n<p class=\"\" data-start=\"136\" data-end=\"255\"><span class=\"relative -mx-px my-[-0.2rem] rounded px-px py-[0.2rem] transition-colors duration-100 ease-in-out\">Das CRKT Squid XM 2495G ist eine moderne Interpretation des beliebten Squid-Modells von Designer Lucas Burnley.<\/span> <span class=\"relative -mx-px my-[-0.2rem] rounded px-px py-[0.2rem] transition-colors duration-100 ease-in-out\">Dieses Messer bietet eine robuste Konstruktion, einen zuverl\u00e4ssigen Knopfverriegelungsmechanismus und ein schlankes Design, das es zu einem idealen Begleiter f\u00fcr den t\u00e4glichen Gebrauch macht.<\/span><\/p>\n<p class=\"\" data-start=\"257\" data-end=\"282\">\ud83d\udd11 <strong data-start=\"260\" data-end=\"282\">Hauptfunktionen<\/strong><\/p>\n<p class=\"\" data-start=\"284\" data-end=\"296\">\ud83d\udd2a <strong data-start=\"287\" data-end=\"296\">Klinge<\/strong><\/p>\n<ul data-start=\"297\" data-end=\"611\">\n<li class=\"\" data-start=\"297\" data-end=\"350\">\n<p class=\"\" data-start=\"299\" data-end=\"350\"><strong data-start=\"299\" data-end=\"311\">Material<\/strong> : <span class=\"relative -mx-px my-[-0.2rem] rounded px-px py-[0.2rem] transition-colors duration-100 ease-in-out\">D2 \u2013 langlebiger Werkzeugstahl mit hervorragender Schnitthaltigkeit<\/span><\/p>\n<\/li>\n<li class=\"\" data-start=\"351\" data-end=\"401\">\n<p class=\"\" data-start=\"353\" data-end=\"401\"><strong data-start=\"353\" data-end=\"362\">L\u00e4nge<\/strong> : <span class=\"relative -mx-px my-[-0.2rem] rounded px-px py-[0.2rem] transition-colors duration-100 ease-in-out\">7,5 cm, Gesamtl\u00e4nge: 18 cm<\/span><\/p>\n<div class=\"detail-properties__value\"><\/div>\n<\/li>\n<li class=\"\" data-start=\"351\" data-end=\"401\">\n<div class=\"detail-properties__value\"><strong data-start=\"404\" data-end=\"416\">Dicke<\/strong> : <span class=\"relative -mx-px my-[-0.2rem] rounded px-px py-[0.2rem] transition-colors duration-100 ease-in-out\">0,26 cm<\/span><\/div>\n<\/li>\n<li class=\"\" data-start=\"456\" data-end=\"505\">\n<p class=\"\" data-start=\"458\" data-end=\"505\"><strong data-start=\"458\" data-end=\"466\">Form<\/strong> : <span class=\"relative -mx-px my-[-0.2rem] rounded px-px py-[0.2rem] transition-colors duration-100 ease-in-out\">Drop Point \u2013 vielseitig f\u00fcr verschiedene Aufgaben<\/span><\/p>\n<\/li>\n<li class=\"\" data-start=\"506\" data-end=\"611\">\n<p class=\"\" data-start=\"508\" data-end=\"611\"><strong data-start=\"508\" data-end=\"528\">Oberfl\u00e4chenbehandlung<\/strong> : <span class=\"relative -mx-px my-[-0.2rem] rounded px-px py-[0.2rem] transition-colors duration-100 ease-in-out\">Schwarzoxid \u2013 korrosions- und kratzfest<\/span><\/p>\n<\/li>\n<li class=\"\" data-start=\"506\" data-end=\"611\">\n<p class=\"\" data-start=\"508\" data-end=\"611\"><strong data-start=\"616\" data-end=\"627\">Handhaben<\/strong><\/p>\n<\/li>\n<\/ul>\n<ul data-start=\"628\" data-end=\"836\">\n<li class=\"\" data-start=\"628\" data-end=\"683\">\n<p class=\"\" data-start=\"630\" data-end=\"683\"><strong data-start=\"630\" data-end=\"642\">Material<\/strong> : <span class=\"relative -mx-px my-[-0.2rem] rounded px-px py-[0.2rem] transition-colors duration-100 ease-in-out\">G10 \u2013 leichtes und robustes Verbundmaterial<\/span><\/p>\n<\/li>\n<li class=\"\" data-start=\"684\" data-end=\"736\">\n<p class=\"\" data-start=\"686\" data-end=\"736\"><strong data-start=\"686\" data-end=\"695\">Farbe<\/strong> : <span class=\"relative -mx-px my-[-0.2rem] rounded px-px py-[0.2rem] transition-colors duration-100 ease-in-out\">Grau<\/span><\/p>\n<\/li>\n<li class=\"\" data-start=\"737\" data-end=\"836\">\n<p class=\"\" data-start=\"739\" data-end=\"836\"><strong data-start=\"739\" data-end=\"749\">Design<\/strong> : <span class=\"relative -mx-px my-[-0.2rem] rounded px-px py-[0.2rem] transition-colors duration-100 ease-in-out\">Strukturierte Oberfl\u00e4che f\u00fcr sicheren Halt<\/span><\/p>\n<\/li>\n<\/ul>\n<p class=\"\" data-start=\"838\" data-end=\"855\">\u26a1 <strong data-start=\"840\" data-end=\"855\">Mechanism<\/strong><\/p>\n<ul data-start=\"856\" data-end=\"1076\">\n<li class=\"\" data-start=\"856\" data-end=\"919\">\n<p class=\"\" data-start=\"858\" data-end=\"919\"><strong data-start=\"858\" data-end=\"878\">\u00d6ffnungsmethode<\/strong> : <span class=\"relative -mx-px my-[-0.2rem] rounded px-px py-[0.2rem] transition-colors duration-100 ease-in-out\">Manuell mit Daumenstift<\/span><\/p>\n<\/li>\n<li class=\"\" data-start=\"920\" data-end=\"975\">\n<p class=\"\" data-start=\"922\" data-end=\"975\"><strong data-start=\"922\" data-end=\"934\">Sicherheit<\/strong> : <span class=\"relative -mx-px my-[-0.2rem] rounded px-px py-[0.2rem] transition-colors duration-100 ease-in-out\">Button Lock \u2013 intuitive und sichere Klingenverriegelung<\/span><\/p>\n<\/li>\n<li class=\"\" data-start=\"976\" data-end=\"1076\">\n<p class=\"\" data-start=\"978\" data-end=\"1076\"><strong data-start=\"978\" data-end=\"989\">Lager<\/strong> : <span class=\"relative -mx-px my-[-0.2rem] rounded px-px py-[0.2rem] transition-colors duration-100 ease-in-out\">IKBS \u2013 reibungsloser und schneller Klingenbetrieb<\/span><\/p>\n<\/li>\n<\/ul>\n<p class=\"\" data-start=\"1078\" data-end=\"1100\">\ud83d\udce6 <strong data-start=\"1081\" data-end=\"1100\">Was ist im Paket enthalten?<\/strong><\/p>\n<ul data-start=\"1101\" data-end=\"1230\">\n<li class=\"\" data-start=\"1101\" data-end=\"1142\">\n<p class=\"\" data-start=\"1103\" data-end=\"1142\"><span class=\"relative -mx-px my-[-0.2rem] rounded px-px py-[0.2rem] transition-colors duration-100 ease-in-out\">CRKT Squid XM 2495G Klappmesser<\/span><\/p>\n<\/li>\n<li class=\"\" data-start=\"1143\" data-end=\"1230\">\n<p class=\"\" data-start=\"1145\" data-end=\"1230\"><span class=\"relative -mx-px my-[-0.2rem] rounded px-px py-[0.2rem] transition-colors duration-100 ease-in-out\">Originalverpackung  <\/span><\/p>\n<\/li>\n<\/ul>\n<p class=\"\" data-start=\"1232\" data-end=\"1246\">\ud83c\udfaf <strong data-start=\"1235\" data-end=\"1246\">Verwenden<\/strong><\/p>\n<ul data-start=\"1247\" data-end=\"1497\">\n<li class=\"\" data-start=\"1247\" data-end=\"1324\">\n<p class=\"\" data-start=\"1249\" data-end=\"1324\">\ud83d\udc68\u200d\ud83d\udcbc <strong data-start=\"1255\" data-end=\"1282\">Everyday Carry (EDC)<\/strong> \u2013 ein zuverl\u00e4ssiges Werkzeug f\u00fcr allt\u00e4gliche Aufgaben<\/p>\n<\/li>\n<li class=\"\" data-start=\"1325\" data-end=\"1382\">\n<p class=\"\" data-start=\"1327\" data-end=\"1382\">\ud83d\udee0\ufe0f <strong data-start=\"1331\" data-end=\"1348\">Beruf und Hobby<\/strong> \u2013 ideal f\u00fcr Handwerker und Heimwerker<\/p>\n<\/li>\n<li class=\"\" data-start=\"1383\" data-end=\"1497\">\n<p class=\"\" data-start=\"1385\" data-end=\"1497\">\ud83e\udded <strong data-start=\"1388\" data-end=\"1411\">Outdoor-Aktivit\u00e4ten<\/strong> \u2013 ein kompakter und langlebiger Reisebegleiter<\/p>\n<\/li>\n<\/ul>\n<p class=\"\" data-start=\"1499\" data-end=\"1531\">\ud83d\udd0d <strong data-start=\"1502\" data-end=\"1531\">Vergleich mit anderen Modellen<\/strong><\/p>\n<p class=\"\" data-start=\"1533\" data-end=\"1577\">\ud83d\udcca <strong data-start=\"1536\" data-end=\"1577\">CRKT Squid XM vs. CRKT Squid Original<\/strong><\/p>\n<ul data-start=\"1578\" data-end=\"1795\">\n<li class=\"\" data-start=\"1578\" data-end=\"1633\">\n<p class=\"\" data-start=\"1580\" data-end=\"1633\"><strong data-start=\"1580\" data-end=\"1592\">Gr\u00f6\u00dfe<\/strong> : <span class=\"relative -mx-px my-[-0.2rem] rounded px-px py-[0.2rem] transition-colors duration-100 ease-in-out\">Der Squid XM ist gr\u00f6\u00dfer und bietet eine l\u00e4ngere Klinge<\/span><\/p>\n<\/li>\n<li class=\"\" data-start=\"1634\" data-end=\"1692\">\n<p class=\"\" data-start=\"1636\" data-end=\"1692\"><strong data-start=\"1636\" data-end=\"1651\">Mechanismus<\/strong> : <span class=\"relative -mx-px my-[-0.2rem] rounded px-px py-[0.2rem] transition-colors duration-100 ease-in-out\">Squid XM verf\u00fcgt \u00fcber eine Tastensperre, das Original Squid verwendet eine Rahmensperre<\/span><\/p>\n<\/li>\n<li class=\"\" data-start=\"1693\" data-end=\"1795\">\n<p class=\"\" data-start=\"1695\" data-end=\"1795\"><strong data-start=\"1695\" data-end=\"1708\">Ergonomie<\/strong> : <span class=\"relative -mx-px my-[-0.2rem] rounded px-px py-[0.2rem] transition-colors duration-100 ease-in-out\">Squid XM bietet dank eines gr\u00f6\u00dferen Griffs einen besseren Halt<\/span><\/p>\n<\/li>\n<\/ul>\n<p class=\"\" data-start=\"1797\" data-end=\"1832\">\ud83d\udcca <strong data-start=\"1800\" data-end=\"1832\">CRKT Squid XM vs. CRKT Pilar<\/strong><\/p>\n<ul data-start=\"1833\" data-end=\"1986\">\n<li class=\"\" data-start=\"1833\" data-end=\"1886\">\n<p class=\"\" data-start=\"1835\" data-end=\"1886\"><strong data-start=\"1835\" data-end=\"1845\">Design<\/strong> : <span class=\"relative -mx-px my-[-0.2rem] rounded px-px py-[0.2rem] transition-colors duration-100 ease-in-out\">Squid XM hat ein moderneres Aussehen, Pilar ist robuster<\/span><\/p>\n<\/li>\n<li class=\"\" data-start=\"1887\" data-end=\"1986\">\n<p class=\"\" data-start=\"1889\" data-end=\"1986\"><strong data-start=\"1889\" data-end=\"1899\">Merkmale<\/strong> : <span class=\"relative -mx-px my-[-0.2rem] rounded px-px py-[0.2rem] transition-colors duration-100 ease-in-out\">Beide Messer sind f\u00fcr EDC geeignet, aber das Squid XM bietet dank IKBS-Lagern ein sanfteres \u00d6ffnen.<\/span><\/p>\n<\/li>\n<\/ul>\n<p class=\"\" data-start=\"1988\" data-end=\"2088\">\ud83d\udcac <strong data-start=\"1991\" data-end=\"2009\">Handlungsaufforderung<\/strong> \ud83d\udc49 Bestellen Sie dieses au\u00dfergew\u00f6hnliche Messer noch heute und profitieren Sie vom <strong data-start=\"2069\" data-end=\"2087\">kostenlosen Versand<\/strong> !<\/p>\n<p class=\"\" data-start=\"2090\" data-end=\"2243\">\ud83d\udcdc <strong data-start=\"2093\" data-end=\"2117\">Geschichte und Inspiration<\/strong> <span class=\"relative -mx-px my-[-0.2rem] rounded px-px py-[0.2rem] transition-colors duration-100 ease-in-out\">Der CRKT Squid XM ist das Ergebnis der Zusammenarbeit mit dem renommierten Designer Lucas Burnley.<\/span> <span class=\"relative -mx-px my-[-0.2rem] rounded px-px py-[0.2rem] transition-colors duration-100 ease-in-out\">Seine Leidenschaft f\u00fcr funktionale und \u00e4sthetisch ansprechende Messer spiegelt sich in jedem Detail dieses Modells wider.<\/span><\/p>\n<p class=\"\" data-start=\"2090\" data-end=\"2243\">\u2696\ufe0f <strong data-start=\"2248\" data-end=\"2276\">Sicherheit und Gesetzgebung<\/strong><\/p>\n<ul data-start=\"2277\" data-end=\"2457\">\n<li class=\"\" data-start=\"2277\" data-end=\"2338\">\n<p class=\"\" data-start=\"2279\" data-end=\"2338\">\ud83d\udd12 <strong data-start=\"2282\" data-end=\"2297\">Tragen eines Messers<\/strong> : <span class=\"relative -mx-px my-[-0.2rem] rounded px-px py-[0.2rem] transition-colors duration-100 ease-in-out\">Stellen Sie sicher, dass Sie die \u00f6rtlichen Vorschriften zum Tragen von Messern einhalten<\/span><\/p>\n<\/li>\n<li class=\"\" data-start=\"2339\" data-end=\"2457\">\n<p class=\"\" data-start=\"2341\" data-end=\"2457\">\ud83d\udee1\ufe0f <strong data-start=\"2345\" data-end=\"2370\">Sicherheitsschloss<\/strong> : <span class=\"relative -mx-px my-[-0.2rem] rounded px-px py-[0.2rem] transition-colors duration-100 ease-in-out\">Die Tastensperre gew\u00e4hrleistet eine sichere Verwendung<\/span><\/p>\n<\/li>\n<\/ul>\n<p class=\"\" data-start=\"2459\" data-end=\"2498\">\ud83c\udf92 <strong data-start=\"2462\" data-end=\"2498\">Zubeh\u00f6r und Upgrade-Optionen<\/strong><\/p>\n<ul data-start=\"2499\" data-end=\"2626\">\n<li class=\"\" data-start=\"2499\" data-end=\"2561\">\n<p class=\"\" data-start=\"2501\" data-end=\"2561\">\ud83c\udff7\ufe0f <strong data-start=\"2505\" data-end=\"2528\">CRKT Lederholster<\/strong> \u2013 f\u00fcr bequemes und sicheres Tragen<\/p>\n<\/li>\n<li class=\"\" data-start=\"2562\" data-end=\"2626\">\n<p class=\"\" data-start=\"2564\" data-end=\"2626\">\ud83d\udd27 <strong data-start=\"2567\" data-end=\"2592\">M\u00f6glichkeit der Personalisierung<\/strong> \u2013 verschiedene Griffausf\u00fchrungen<\/p>\n<\/li>\n<\/ul>\n<p class=\"\" data-start=\"2628\" data-end=\"2652\">\ud83e\uddfd <strong data-start=\"2631\" data-end=\"2652\">Wartung und Schleifen<\/strong><\/p>\n<ul data-start=\"2653\" data-end=\"2825\">\n<li class=\"\" data-start=\"2653\" data-end=\"2722\">\n<p class=\"\" data-start=\"2655\" data-end=\"2722\">\ud83d\udd2a <strong data-start=\"2658\" data-end=\"2681\">Empfohlenes Sch\u00e4rfen<\/strong> : <span class=\"relative -mx-px my-[-0.2rem] rounded px-px py-[0.2rem] transition-colors duration-100 ease-in-out\">feiner Schleifstein zur Erhaltung der optimalen Sch\u00e4rfe<\/span><\/p>\n<\/li>\n<li class=\"\" data-start=\"2723\" data-end=\"2825\">\n<p class=\"\" data-start=\"2725\" data-end=\"2825\">\ud83e\uddfc <strong data-start=\"2728\" data-end=\"2738\">Wartung<\/strong> : <span class=\"relative -mx-px my-[-0.2rem] rounded px-px py-[0.2rem] transition-colors duration-100 ease-in-out\">Reinigen und schmieren Sie den Mechanismus regelm\u00e4\u00dfig, um einen reibungslosen Betrieb zu gew\u00e4hrleisten<\/span><\/p>\n<\/li>\n<\/ul>\n<p class=\"\" data-start=\"2827\" data-end=\"3045\">\ud83d\udd27 <strong data-start=\"2830\" data-end=\"2846\">Zus\u00e4tzliche Vorteile<\/strong> \u2705 <strong data-start=\"2849\" data-end=\"2869\">Lebenslange Garantie<\/strong><br data-start=\"2869\" data-end=\"2872\"> \u2705 <strong data-start=\"2874\" data-end=\"2892\">Kostenloser Versand<\/strong><br data-start=\"2892\" data-end=\"2895\"> \u2705 <strong data-start=\"2897\" data-end=\"2936\">Einzigartiges Design zu einem erschwinglichen Preis<\/strong><br data-start=\"2936\" data-end=\"2939\"> \u2705 <strong data-start=\"2941\" data-end=\"2999\">Option Nachnahme \u2013 Sie zahlen erst nach Erhalt!<\/strong><\/p>\n<p class=\"\" data-start=\"3047\" data-end=\"3185\">\ud83d\udce2 <strong data-start=\"3050\" data-end=\"3059\">Fazit<\/strong> <span class=\"relative -mx-px my-[-0.2rem] rounded px-px py-[0.2rem] transition-colors duration-100 ease-in-out\">Das Klappmesser CRKT Squid XM Button Lock Gray 2495G ist die ideale Wahl f\u00fcr alle, die ein zuverl\u00e4ssiges, kompaktes und stilvolles Werkzeug f\u00fcr den t\u00e4glichen Gebrauch suchen.<\/span> <span class=\"relative -mx-px my-[-0.2rem] rounded px-px py-[0.2rem] transition-colors duration-100 ease-in-out\">Seine hochwertigen Materialien, die pr\u00e4zise Verarbeitung und das moderne Design machen ihn nicht nur zu einem praktischen Werkzeug, sondern auch zu einem unverwechselbaren Accessoire.<\/span><\/p>\n","protected":false},"excerpt":{"rendered":"<p><strong> <span class=\"relative -mx-px my-[-0.2rem] rounded px-px py-[0.2rem] transition-colors duration-100 ease-in-out\">Das Klappmesser CRKT Squid XM Button Lock Gray 2495G ist die ideale Wahl f\u00fcr alle, die ein zuverl\u00e4ssiges, kompaktes und stilvolles Werkzeug f\u00fcr den t\u00e4glichen Gebrauch suchen.<\/span> <span class=\"relative -mx-px my-[-0.2rem] rounded px-px py-[0.2rem] transition-colors duration-100 ease-in-out\">Seine hochwertigen Materialien, die pr\u00e4zise Verarbeitung und das moderne Design machen ihn nicht nur zu einem praktischen Werkzeug, sondern auch zu einem unverwechselbaren Accessoire.<\/span><\/strong><\/p>\n","protected":false},"featured_media":399321,"comment_status":"open","ping_status":"closed","template":"","meta":[],"pwb-brand":[3457],"product_brand":[],"product_cat":[3285,3303],"product_tag":[],"class_list":{"0":"post-399412","1":"product","2":"type-product","3":"status-publish","4":"has-post-thumbnail","6":"pwb-brand-crkt-de","7":"product_cat-messer","8":"product_cat-schliesmesser","10":"first","11":"instock","12":"taxable","13":"shipping-taxable","14":"purchasable","15":"product-type-simple"},"brands":[{"id":3457,"name":"CRKT","slug":"crkt-de"}],"_links":{"self":[{"href":"https:\/\/www.moskito.cz\/de\/wp-json\/wp\/v2\/product\/399412","targetHints":{"allow":["GET"]}}],"collection":[{"href":"https:\/\/www.moskito.cz\/de\/wp-json\/wp\/v2\/product"}],"about":[{"href":"https:\/\/www.moskito.cz\/de\/wp-json\/wp\/v2\/types\/product"}],"replies":[{"embeddable":true,"href":"https:\/\/www.moskito.cz\/de\/wp-json\/wp\/v2\/comments?post=399412"}],"wp:featuredmedia":[{"embeddable":true,"href":"https:\/\/www.moskito.cz\/de\/wp-json\/wp\/v2\/media\/399321"}],"wp:attachment":[{"href":"https:\/\/www.moskito.cz\/de\/wp-json\/wp\/v2\/media?parent=399412"}],"wp:term":[{"taxonomy":"pwb-brand","embeddable":true,"href":"https:\/\/www.moskito.cz\/de\/wp-json\/wp\/v2\/pwb-brand?post=399412"},{"taxonomy":"product_brand","embeddable":true,"href":"https:\/\/www.moskito.cz\/de\/wp-json\/wp\/v2\/product_brand?post=399412"},{"taxonomy":"product_cat","embeddable":true,"href":"https:\/\/www.moskito.cz\/de\/wp-json\/wp\/v2\/product_cat?post=399412"},{"taxonomy":"product_tag","embeddable":true,"href":"https:\/\/www.moskito.cz\/de\/wp-json\/wp\/v2\/product_tag?post=399412"}],"curies":[{"name":"wp","href":"https:\/\/api.w.org\/{rel}","templated":true}]}}