{"id":399490,"date":"2021-07-31T20:29:43","date_gmt":"2025-04-16T11:18:36","guid":{"rendered":"https:\/\/www.moskito.cz\/produkt\/taschenmesser-crkt-pilar-iii-d2-5317d2\/"},"modified":"2025-05-07T11:29:09","modified_gmt":"2025-05-07T10:29:09","slug":"taschenmesser-crkt-pilar-iii-d2-5317d2","status":"publish","type":"product","link":"https:\/\/www.moskito.cz\/de\/produkt\/taschenmesser-crkt-pilar-iii-d2-5317d2\/","title":{"rendered":"Taschenmesser CRKT PILAR III D2 5317D2"},"content":{"rendered":"<p>&nbsp;<\/p>\n<h3><strong>Taschenmesser CRKT PILAR III D2 5317D2<\/strong><\/h3>\n<p><strong>Design von:<\/strong> Jesper Voxnaes (D\u00e4nemark)<\/p>\n<p><strong>Das CRKT Pilar III D2<\/strong> ist <strong>eine verbesserte Version<\/strong> des legend\u00e4ren Pilar\u00ae-Messers, das urspr\u00fcnglich von Jesper Voxnaes als minimalistisches und dennoch leistungsstarkes Werkzeug f\u00fcr den t\u00e4glichen Gebrauch entworfen wurde. Dieses Modell beh\u00e4lt ein klares, einfaches Design mit <strong>einer verbesserten D2-Klinge<\/strong> f\u00fcr noch bessere Leistung und Haltbarkeit. Das Pilar III ist <strong>die ideale Wahl f\u00fcr alle, die ein robustes und zuverl\u00e4ssiges Messer mit einem hervorragenden Preis-Leistungs-Verh\u00e4ltnis f\u00fcr den Alltag suchen<\/strong> .  <\/p>\n<h3><strong>Hauptmerkmale und Vorteile:<\/strong><\/h3>\n<h4>1. <strong>Leistungsstarke D2-Klinge:<\/strong><\/h4>\n<ul>\n<li><strong>D2-Stahl<\/strong> ist \u00e4u\u00dferst verschlei\u00df- und korrosionsbest\u00e4ndig und somit ein ideales Material f\u00fcr Klingen, die eine lange Lebensdauer und die F\u00e4higkeit erfordern, auch bei starker Beanspruchung scharf zu bleiben. Dieses Material ist f\u00fcr <strong>seine gute Korrosionsbest\u00e4ndigkeit<\/strong> und <strong>lange Lebensdauer der Klinge<\/strong> bekannt. <\/li>\n<li><strong>Das Stonewash-Finish<\/strong> verleiht der Klinge ein modernes Aussehen und verbirgt gleichzeitig kleinere Kratzer und Schrammen, sodass die \u00c4sthetik des Messers auch nach l\u00e4ngerem Gebrauch erhalten bleibt.<\/li>\n<\/ul>\n<h4>2. <strong>Einfaches \u00d6ffnen \u2013 Daumenloch und IKBS\u2122:<\/strong><\/h4>\n<ul>\n<li><strong>Der Daumenlochmechanismus<\/strong> erm\u00f6glicht Ihnen <strong>ein schnelles \u00d6ffnen des Messers mit einer Hand<\/strong> , was praktisch ist, wenn Sie das Messer schnell verwenden m\u00fcssen.<\/li>\n<li><strong>Das IKBS\u2122-Kugellagersystem<\/strong> gew\u00e4hrleistet <strong>ein sanftes und kontinuierliches \u00d6ffnen<\/strong> mit minimalem Kraftaufwand. Dieses System ist f\u00fcr seine Zuverl\u00e4ssigkeit und Langlebigkeit bekannt und macht das Messer im t\u00e4glichen Gebrauch sehr komfortabel und effektiv. <\/li>\n<\/ul>\n<h4>3. <strong>Ergonomischer G10- und 2Cr13-Griff:<\/strong><\/h4>\n<ul>\n<li><strong>Der G10-Frontgriff<\/strong> bietet hervorragende <strong>Rutschfestigkeit<\/strong> und ist resistent gegen Feuchtigkeit und Temperaturschwankungen. G10 eignet sich optimal f\u00fcr den Dauereinsatz, da es sehr strapazierf\u00e4hig und gleichzeitig angenehm in der Haptik ist. <\/li>\n<li><strong>Der Griffr\u00fccken aus rostfreiem 2Cr13-Stahl<\/strong> verleiht dem Messer Stabilit\u00e4t und sorgt f\u00fcr eine lange Lebensdauer.<\/li>\n<\/ul>\n<h4>4. <strong>Stilvolles und praktisches Design:<\/strong><\/h4>\n<ul>\n<li><strong>Der minimalistische Look<\/strong> des Pilar III mit D2-Messer ist stilvoll schlicht und geschmackvoll, sodass es sich hervorragend f\u00fcr den t\u00e4glichen Gebrauch eignet, ohne zu auff\u00e4llig zu sein.<\/li>\n<li><strong>Mit der Trageschlaufe<\/strong> l\u00e4sst sich das Messer an einem G\u00fcrtel, Ring oder einem anderen Ger\u00e4t befestigen, um das Tragen noch bequemer und sicherer zu machen.<\/li>\n<\/ul>\n<h3><strong>Spezifikationen:<\/strong><\/h3>\n<ul>\n<li><strong>Klingenl\u00e4nge:<\/strong> 2,97 Zoll (75,36 mm)<\/li>\n<li><strong>Klingenst\u00e4rke:<\/strong> 0,81 Zoll (3,81 mm)<\/li>\n<li><strong>Klingenmaterial:<\/strong> D2-Stahl, Stonewash-Finish<\/li>\n<li><strong>Gesamtl\u00e4nge:<\/strong> 7,19 Zoll (182,58 mm)<\/li>\n<li><strong>L\u00e4nge geschlossen:<\/strong> 4,26 Zoll (108,10 mm)<\/li>\n<li><strong>Gewicht:<\/strong> 3,80 oz. (107,73 g)<\/li>\n<li><strong>Griff:<\/strong> Vorderteil aus G10, Hinterteil aus 2Cr13 SS<\/li>\n<li><strong>Stil:<\/strong> Klappmesser mit Framelock<\/li>\n<\/ul>\n<h3><strong>Verwenden:<\/strong><\/h3>\n<ul>\n<li><strong>Everyday Carry (EDC):<\/strong> Das Messer ist kompakt und diskret genug f\u00fcr den t\u00e4glichen Gebrauch. Ideal f\u00fcr eine Vielzahl g\u00e4ngiger Aufgaben wie das Zuschneiden von Umschl\u00e4gen, das \u00d6ffnen von Paketen oder die Durchf\u00fchrung kleinerer Reparaturen. <\/li>\n<li><strong>Outdoor und Camping:<\/strong> Obwohl die Pilar III eine kompakte Gr\u00f6\u00dfe hat, ist sie mit ihrer robusten D2-Klinge und dem komfortablen G10-Griff ein gro\u00dfartiges Werkzeug f\u00fcr Outdoor-Aktivit\u00e4ten.<\/li>\n<li><strong>Ob im B\u00fcro oder im urbanen Umfeld:<\/strong> Dieses Messer eignet sich hervorragend f\u00fcr den allt\u00e4glichen Einsatz in der Stadt oder im B\u00fcro, wo Sie <strong>ein zuverl\u00e4ssiges Werkzeug<\/strong> ben\u00f6tigen, ohne zu sehr aufzufallen.<\/li>\n<\/ul>\n<h3><strong>Abschluss:<\/strong><\/h3>\n<p><strong>Der CRKT Pilar III D2<\/strong> ist <strong>eine ausgezeichnete Wahl f\u00fcr den t\u00e4glichen Gebrauch<\/strong> und kombiniert <strong>minimalistisches Design<\/strong> mit <strong>au\u00dfergew\u00f6hnlicher Funktionalit\u00e4t<\/strong> . Dank <strong>D2-Stahl<\/strong> , <strong>IKBS\u2122-System<\/strong> und einem hochwertigen Griff aus <strong>G10<\/strong> und <strong>2Cr13<\/strong> ist dieses Messer auch unter anspruchsvollen Bedingungen f\u00fcr allt\u00e4gliche Aufgaben ger\u00fcstet. Wenn Sie auf der Suche nach <strong>einem stylischen und zugleich leistungsstarken EDC-Messer<\/strong> sind, ist das Pilar III D2 eine tolle L\u00f6sung, die Ihnen viele Jahre lang ein treuer Begleiter sein wird.  <\/p>\n<p><iframe title=\"CRKT PILAR\u00ae III w\/ D2 Blade Steel | Jesper Voxnaes Design\" width=\"800\" height=\"450\" src=\"https:\/\/www.youtube.com\/embed\/XUchrTEkdGU?feature=oembed\" frameborder=\"0\" allow=\"accelerometer; autoplay; clipboard-write; encrypted-media; gyroscope; picture-in-picture; web-share\" referrerpolicy=\"strict-origin-when-cross-origin\" allowfullscreen><\/iframe><\/p>\n<p>&nbsp;<\/p>\n","protected":false},"excerpt":{"rendered":"<p><strong>Der CRKT Pilar III D2 ist eine ausgezeichnete Wahl f\u00fcr den t\u00e4glichen Gebrauch und kombiniert minimalistisches Design mit au\u00dfergew\u00f6hnlicher Funktionalit\u00e4t. Dank D2-Stahl, dem IKBS\u2122-System und einem hochwertigen Griff aus G10 und 2Cr13 ist dieses Messer auch unter anspruchsvollen Bedingungen f\u00fcr allt\u00e4gliche Aufgaben ger\u00fcstet. Wenn Sie auf der Suche nach einem stylischen und zugleich leistungsstarken EDC-Messer sind, ist das Pilar III D2 eine tolle L\u00f6sung, die Ihnen viele Jahre lang ein treuer Begleiter sein wird.  <\/strong><\/p>\n","protected":false},"featured_media":399492,"comment_status":"open","ping_status":"closed","template":"","meta":[],"pwb-brand":[3457],"product_brand":[],"product_cat":[3303,3285],"product_tag":[3669],"class_list":{"0":"post-399490","1":"product","2":"type-product","3":"status-publish","4":"has-post-thumbnail","6":"pwb-brand-crkt-de","7":"product_cat-schliesmesser","8":"product_cat-messer","9":"product_tag-b2b-de","11":"first","12":"instock","13":"taxable","14":"shipping-taxable","15":"purchasable","16":"product-type-simple"},"brands":[{"id":3457,"name":"CRKT","slug":"crkt-de"}],"_links":{"self":[{"href":"https:\/\/www.moskito.cz\/de\/wp-json\/wp\/v2\/product\/399490","targetHints":{"allow":["GET"]}}],"collection":[{"href":"https:\/\/www.moskito.cz\/de\/wp-json\/wp\/v2\/product"}],"about":[{"href":"https:\/\/www.moskito.cz\/de\/wp-json\/wp\/v2\/types\/product"}],"replies":[{"embeddable":true,"href":"https:\/\/www.moskito.cz\/de\/wp-json\/wp\/v2\/comments?post=399490"}],"wp:featuredmedia":[{"embeddable":true,"href":"https:\/\/www.moskito.cz\/de\/wp-json\/wp\/v2\/media\/399492"}],"wp:attachment":[{"href":"https:\/\/www.moskito.cz\/de\/wp-json\/wp\/v2\/media?parent=399490"}],"wp:term":[{"taxonomy":"pwb-brand","embeddable":true,"href":"https:\/\/www.moskito.cz\/de\/wp-json\/wp\/v2\/pwb-brand?post=399490"},{"taxonomy":"product_brand","embeddable":true,"href":"https:\/\/www.moskito.cz\/de\/wp-json\/wp\/v2\/product_brand?post=399490"},{"taxonomy":"product_cat","embeddable":true,"href":"https:\/\/www.moskito.cz\/de\/wp-json\/wp\/v2\/product_cat?post=399490"},{"taxonomy":"product_tag","embeddable":true,"href":"https:\/\/www.moskito.cz\/de\/wp-json\/wp\/v2\/product_tag?post=399490"}],"curies":[{"name":"wp","href":"https:\/\/api.w.org\/{rel}","templated":true}]}}