{"id":399586,"date":"2023-03-22T21:04:40","date_gmt":"2025-04-17T14:46:44","guid":{"rendered":"https:\/\/www.moskito.cz\/produkt\/crkt-stickler-6710-klappmesser\/"},"modified":"2025-05-22T13:41:57","modified_gmt":"2025-05-22T12:41:57","slug":"crkt-stickler-6710-klappmesser","status":"publish","type":"product","link":"https:\/\/www.moskito.cz\/de\/produkt\/crkt-stickler-6710-klappmesser\/","title":{"rendered":"CRKT STICKLER 6710 Klappmesser"},"content":{"rendered":"<div class=\"flex-1 overflow-hidden @container\/thread\">\n<div class=\"h-full\">\n<div class=\"react-scroll-to-bottom--css-vxybp-79elbk h-full\">\n<div class=\"react-scroll-to-bottom--css-vxybp-1n7m0yu\">\n<div class=\"flex flex-col text-sm md:pb-9\">\n<article class=\"w-full scroll-mb-[var(--thread-trailing-height,150px)] text-token-text-primary focus-visible:outline-2 focus-visible:outline-offset-[-4px]\" dir=\"auto\" data-testid=\"conversation-turn-49\" data-scroll-anchor=\"true\">\n<div class=\"m-auto text-base py-[18px] px-3 md:px-4 w-full md:px-5 lg:px-4 xl:px-5\">\n<div class=\"mx-auto flex flex-1 gap-4 text-base md:gap-5 lg:gap-6 md:max-w-3xl\">\n<div class=\"group\/conversation-turn relative flex w-full min-w-0 flex-col agent-turn\">\n<div class=\"flex-col gap-1 md:gap-3\">\n<div class=\"flex max-w-full flex-col flex-grow\">\n<div class=\"min-h-8 text-message flex w-full flex-col items-end gap-2 whitespace-normal break-words text-start [.text-message+&amp;]:mt-5\" dir=\"auto\" data-message-author-role=\"assistant\" data-message-id=\"41decfb6-7ba5-4cf7-ada3-303599f06b9f\" data-message-model-slug=\"gpt-4o-mini\">\n<div class=\"flex w-full flex-col gap-1 empty:hidden first:pt-[3px]\">\n<div class=\"markdown prose w-full break-words dark:prose-invert light\">\n<p><strong>CRKT STICKLER 6710 Klappmesser<\/strong><\/p>\n<p><strong>Spezifikationen und Funktionen:<\/strong><\/p>\n<ul>\n<li><strong>Klingenl\u00e4nge<\/strong> : 8,5 cm<\/li>\n<li><strong>Klingenmaterial<\/strong> : <strong>Sandvik 12C27\u2122<\/strong> -Stahl<\/li>\n<li><strong>Oberfl\u00e4chenbehandlung der Klinge<\/strong> : <strong>Satin<\/strong><\/li>\n<li><strong>Klingenst\u00e4rke<\/strong> : 0,26 cm<\/li>\n<li><strong>Gesamtl\u00e4nge<\/strong> : 20,3 cm<\/li>\n<li><strong>Geschlossene L\u00e4nge<\/strong> : 11,6 cm<\/li>\n<li><strong>Gewicht<\/strong> : 68,04 g<\/li>\n<li><strong>Griff<\/strong> : <strong>Aluminium<\/strong><\/li>\n<li><strong>Verriegelung<\/strong> : <strong>Liner Lock<\/strong><\/li>\n<\/ul>\n<h3>Hauptmerkmale:<\/h3>\n<ul>\n<li><strong>Klassisches, elegantes Design<\/strong> : <strong>Der Stickler\u2122<\/strong> ist ein Messer mit Gentleman-Look, das eine Hommage an \u00e4ltere Taschenmesser ist, insbesondere an jene, die zum Testen von Melonen oder f\u00fcr andere heikle Arbeiten verwendet wurden. Dieses Design kombiniert Nostalgie mit moderner Technologie f\u00fcr das ultimative Trage- und Nutzungserlebnis. <\/li>\n<li><strong>Sandvik 12C27\u2122-Stahl<\/strong> : Dieses Material ist f\u00fcr seine <strong>hohe Korrosionsbest\u00e4ndigkeit<\/strong> und <strong>hervorragende Schnitthaltigkeit<\/strong> bekannt, was bedeutet, dass die Klinge lange scharf und einsatzbereit bleibt und somit eine ideale Wahl f\u00fcr den t\u00e4glichen Gebrauch ist.<\/li>\n<li><strong>IKBS\u2122-Kugellager<\/strong> : Dieses Lagersystem gew\u00e4hrleistet ein sanftes und einfaches \u00d6ffnen der Klinge und tr\u00e4gt so zu einer schnellen und reibungslosen Handhabung bei.<\/li>\n<li><strong>Unterst\u00fctztes \u00d6ffnen<\/strong> : Der Flipper erm\u00f6glicht ein schnelles und einfaches \u00d6ffnen des Messers mit einer Hand. Das \u00d6ffnen geht schnell, reibungslos und effizient, sodass der Stickler\u2122 sofort einsatzbereit ist, wann immer Sie ihn brauchen. <\/li>\n<li><strong>Liner Lock<\/strong> : Dieser Verriegelungsmechanismus sorgt f\u00fcr eine sichere und stabile Klingenverriegelung w\u00e4hrend des Gebrauchs und erm\u00f6glicht ein einfaches Schlie\u00dfen mit einer Hand.<\/li>\n<li><strong>Leichtes und starkes Aluminium<\/strong> : Der Griff besteht aus <strong>Aluminium<\/strong> , das f\u00fcr <strong>hohe Festigkeit<\/strong> bei geringem Gewicht sorgt. Dieses Material sorgt f\u00fcr Haltbarkeit und Widerstandsf\u00e4higkeit, ohne unn\u00f6tiges Gewicht hinzuzuf\u00fcgen. <\/li>\n<li><strong>Niedriges Profil<\/strong> : Der tiefe Taschenclip sorgt daf\u00fcr, dass das Messer <strong>sicher in Ihrer Tasche getragen wird<\/strong> , w\u00e4hrend es gleichzeitig diskret und bequem f\u00fcr den t\u00e4glichen Gebrauch bleibt.<\/li>\n<\/ul>\n<h3>Vorteile:<\/h3>\n<ul>\n<li><strong>Elegantes und praktisches Design<\/strong> : Der Stickler\u2122 hat ein wunderbar ausgewogenes Design, das sowohl funktional als auch \u00e4sthetisch ist. Ideal f\u00fcr alle, die etwas mit einem Hauch von Nostalgie und Stil suchen, das aber gleichzeitig keine Kompromisse bei der Leistung eingeht. <\/li>\n<li><strong>Schnelles und reibungsloses \u00d6ffnen<\/strong> : Das \u00d6ffnen mit dem Flipper und dem IKBS\u2122-Kugellager ist einfach und reibungslos, sodass dieses Messer im Handumdrehen einsatzbereit ist.<\/li>\n<li><strong>Langlebige Klinge<\/strong> : <strong>Sandvik 12C27\u2122<\/strong> -Stahl ist aufgrund seiner hervorragenden Schnitthaltigkeit und Korrosionsbest\u00e4ndigkeit eine ausgezeichnete Wahl f\u00fcr den t\u00e4glichen Gebrauch.<\/li>\n<li><strong>Leichtigkeit und St\u00e4rke<\/strong> : Dank des Aluminiumgriffs ist dieses Messer ideal f\u00fcr den t\u00e4glichen Gebrauch \u2013 es ist stark genug und dennoch sehr leicht.<\/li>\n<li><strong>Unauff\u00e4llig und angenehm zu tragen<\/strong> : Der Taschenclip erm\u00f6glicht ein bequemes Tragen des Messers, ohne dass es zu sehr auff\u00e4llt oder st\u00f6rt.<\/li>\n<\/ul>\n<h3>Abschluss:<\/h3>\n<p><strong>Das CRKT Stickler 6710<\/strong> ist ein Messer, das <strong>einen klassischen Look<\/strong> mit <strong>modernen Funktionen<\/strong> und Materialien kombiniert. Es bietet <strong>tolle Funktionen<\/strong> f\u00fcr den t\u00e4glichen Gebrauch, sei es Klingenleistung, sanftes \u00d6ffnen oder bequemes Tragen. Es ist ideal f\u00fcr alle, die <strong>ein Herrenmesser<\/strong> suchen, das sowohl hochfunktional als auch stilvoll ist. Mit einem Design, das eine Hommage an alte Taschenmesser darstellt, aber mit moderner Technologie ausgestattet ist, ist der Stickler\u2122 eine ausgezeichnete Wahl f\u00fcr alle, die Vergangenheit und Gegenwart in einem praktischen und attraktiven Werkzeug vereinen m\u00f6chten.   <\/p>\n<\/div>\n<\/div>\n<\/div>\n<\/div>\n<div class=\"mb-2 flex gap-3 empty:hidden -ml-2\">\n<div class=\"items-center justify-start rounded-xl p-1 flex\">\n<div class=\"flex items-center\"><\/div>\n<\/div>\n<\/div>\n<div class=\"pr-2 lg:pr-0\"><\/div>\n<div class=\"mt-3 w-full empty:hidden\">\n<div class=\"text-center\"><\/div>\n<\/div>\n<\/div>\n<div class=\"absolute\">\n<div class=\"flex items-center justify-center\"><\/div>\n<\/div>\n<\/div>\n<\/div>\n<\/div>\n<\/article>\n<\/div>\n<\/div>\n<\/div>\n<\/div>\n<\/div>\n<div class=\"md:pt-0 dark:border-white\/20 md:border-transparent md:dark:border-transparent w-full\">\n<div>\n<div class=\"m-auto text-base px-3 md:px-4 w-full md:px-5 lg:px-4 xl:px-5\">\n<div class=\"mx-auto flex flex-1 gap-4 text-base md:gap-5 lg:gap-6 md:max-w-3xl\">\n<div class=\"flex justify-center\"><\/div>\n<\/div>\n<\/div>\n<\/div>\n<\/div>\n<p><iframe title=\"CRKT STICKLER\u2122 | Jeff Park Design\" width=\"800\" height=\"450\" src=\"https:\/\/www.youtube.com\/embed\/EjIBYs69muc?feature=oembed\" frameborder=\"0\" allow=\"accelerometer; autoplay; clipboard-write; encrypted-media; gyroscope; picture-in-picture; web-share\" referrerpolicy=\"strict-origin-when-cross-origin\" allowfullscreen><\/iframe><\/p>\n<p>&nbsp;<\/p>\n<p>&nbsp;<\/p>\n","protected":false},"excerpt":{"rendered":"<p><strong>Das CRKT Stickler 6710 ist ein Messer, das einen klassischen Look mit modernen Funktionen und Materialien kombiniert. Es bietet tolle Funktionen f\u00fcr den t\u00e4glichen Gebrauch, sei es Klingenleistung, sanftes \u00d6ffnen oder bequemes Tragen. Es ist ideal f\u00fcr alle, die ein Herrenmesser suchen, das sowohl hochfunktional als auch stilvoll ist. Mit einem Design, das eine Hommage an alte Taschenmesser darstellt, aber mit moderner Technologie ausgestattet ist, ist der Stickler\u2122 eine ausgezeichnete Wahl f\u00fcr alle, die Vergangenheit und Gegenwart in einem praktischen und attraktiven Werkzeug vereinen m\u00f6chten.   <\/strong><\/p>\n","protected":false},"featured_media":399587,"comment_status":"open","ping_status":"closed","template":"","meta":[],"pwb-brand":[3457],"product_brand":[],"product_cat":[3303,3285],"product_tag":[3669],"class_list":{"0":"post-399586","1":"product","2":"type-product","3":"status-publish","4":"has-post-thumbnail","6":"pwb-brand-crkt-de","7":"product_cat-schliesmesser","8":"product_cat-messer","9":"product_tag-b2b-de","11":"first","12":"instock","13":"sale","14":"taxable","15":"shipping-taxable","16":"purchasable","17":"product-type-simple"},"brands":[{"id":3457,"name":"CRKT","slug":"crkt-de"}],"_links":{"self":[{"href":"https:\/\/www.moskito.cz\/de\/wp-json\/wp\/v2\/product\/399586","targetHints":{"allow":["GET"]}}],"collection":[{"href":"https:\/\/www.moskito.cz\/de\/wp-json\/wp\/v2\/product"}],"about":[{"href":"https:\/\/www.moskito.cz\/de\/wp-json\/wp\/v2\/types\/product"}],"replies":[{"embeddable":true,"href":"https:\/\/www.moskito.cz\/de\/wp-json\/wp\/v2\/comments?post=399586"}],"wp:featuredmedia":[{"embeddable":true,"href":"https:\/\/www.moskito.cz\/de\/wp-json\/wp\/v2\/media\/399587"}],"wp:attachment":[{"href":"https:\/\/www.moskito.cz\/de\/wp-json\/wp\/v2\/media?parent=399586"}],"wp:term":[{"taxonomy":"pwb-brand","embeddable":true,"href":"https:\/\/www.moskito.cz\/de\/wp-json\/wp\/v2\/pwb-brand?post=399586"},{"taxonomy":"product_brand","embeddable":true,"href":"https:\/\/www.moskito.cz\/de\/wp-json\/wp\/v2\/product_brand?post=399586"},{"taxonomy":"product_cat","embeddable":true,"href":"https:\/\/www.moskito.cz\/de\/wp-json\/wp\/v2\/product_cat?post=399586"},{"taxonomy":"product_tag","embeddable":true,"href":"https:\/\/www.moskito.cz\/de\/wp-json\/wp\/v2\/product_tag?post=399586"}],"curies":[{"name":"wp","href":"https:\/\/api.w.org\/{rel}","templated":true}]}}