{"id":399648,"date":"2022-08-17T20:18:17","date_gmt":"2025-04-17T14:47:10","guid":{"rendered":"https:\/\/www.moskito.cz\/produkt\/crkt-drifter-black-6450k-klappmesser\/"},"modified":"2025-07-07T16:45:29","modified_gmt":"2025-07-07T15:45:29","slug":"crkt-drifter-black-6450k-klappmesser","status":"publish","type":"product","link":"https:\/\/www.moskito.cz\/de\/produkt\/crkt-drifter-black-6450k-klappmesser\/","title":{"rendered":"CRKT DRIFTER BLACK 6450K Klappmesser"},"content":{"rendered":"<div class=\"flex-1 overflow-hidden @container\/thread\">\n<div class=\"h-full\">\n<div class=\"react-scroll-to-bottom--css-vxybp-79elbk h-full\">\n<div class=\"react-scroll-to-bottom--css-vxybp-1n7m0yu\">\n<div class=\"flex flex-col text-sm md:pb-9\">\n<article class=\"w-full scroll-mb-[var(--thread-trailing-height,150px)] text-token-text-primary focus-visible:outline-2 focus-visible:outline-offset-[-4px]\" dir=\"auto\" data-testid=\"conversation-turn-355\" data-scroll-anchor=\"true\">\n<div class=\"m-auto text-base py-[18px] px-3 md:px-4 w-full md:px-5 lg:px-4 xl:px-5\">\n<div class=\"mx-auto flex flex-1 gap-4 text-base md:gap-5 lg:gap-6 md:max-w-3xl\">\n<div class=\"group\/conversation-turn relative flex w-full min-w-0 flex-col agent-turn\">\n<div class=\"flex-col gap-1 md:gap-3\">\n<div class=\"flex max-w-full flex-col flex-grow\">\n<div class=\"min-h-8 text-message flex w-full flex-col items-end gap-2 whitespace-normal break-words text-start [.text-message+&amp;]:mt-5\" dir=\"auto\" data-message-author-role=\"assistant\" data-message-id=\"b438c1e4-79e1-4f9b-9e83-ae1114dca6b5\" data-message-model-slug=\"gpt-4o-mini\">\n<div class=\"flex w-full flex-col gap-1 empty:hidden first:pt-[3px]\">\n<div class=\"markdown prose w-full break-words dark:prose-invert light\">\n<p><strong>Das Klappmesser CRKT DRIFTER BLACK 6450K<\/strong> ist dank seiner Kombination <strong>aus hoher Qualit\u00e4t<\/strong> , <strong>Erschwinglichkeit<\/strong> und <strong>praktischem Design<\/strong> eine gro\u00dfartige Wahl f\u00fcr den t\u00e4glichen Gebrauch. Dieses Modell bietet hervorragende Funktionen und Langlebigkeit und ist gleichzeitig f\u00fcr viele Benutzer geeignet, die ein zuverl\u00e4ssiges Messer f\u00fcr allt\u00e4gliche Aufgaben suchen. <\/p>\n<h3><strong>Haupteigenschaften:<\/strong><\/h3>\n<ol>\n<li><strong>Hochwertige Materialien:<\/strong>\n<ul>\n<li><strong>Klingenstahl 8Cr14MoV<\/strong> : Dieser Stahl ist bekannt f\u00fcr seine gute Korrosionsbest\u00e4ndigkeit, hochwertige Schneide und lange Lebensdauer. Es ist eine ideale Wahl f\u00fcr Alltagsmesser, da es gut h\u00e4lt und sich gut sch\u00e4rfen l\u00e4sst. <\/li>\n<li><strong>Titannitrid-Oberfl\u00e4chenbehandlung<\/strong> : Diese Behandlung sorgt nicht nur f\u00fcr <strong>eine hohe Korrosionsbest\u00e4ndigkeit<\/strong> , sondern verbessert auch die <strong>Gleitf\u00e4higkeit<\/strong> der Klinge und erleichtert so das \u00d6ffnen und Verwenden.<\/li>\n<li><strong>G10-Griff<\/strong> : Dieses Material ist \u00e4u\u00dferst langlebig, robust und gleichzeitig <strong>leicht strukturiert<\/strong> , was selbst unter anspruchsvollsten Bedingungen <strong>hervorragenden Halt<\/strong> und bequemes Halten gew\u00e4hrleistet.<\/li>\n<\/ul>\n<\/li>\n<li><strong>Praktisches Design:<\/strong>\n<ul>\n<li><strong>Daumen\u00f6ffnung<\/strong> : Dieser Mechanismus erm\u00f6glicht Ihnen <strong>ein einfaches und schnelles \u00d6ffnen des Messers<\/strong> mit einer Hand, was im t\u00e4glichen Gebrauch sehr praktisch ist, wenn Sie eine Hand besch\u00e4ftigt haben.<\/li>\n<li><strong>Klappdesign<\/strong> mit <strong>Liner-Lock<\/strong> -Mechanismus: Diese Verriegelung sorgt f\u00fcr Stabilit\u00e4t und Sicherheit beim Gebrauch des Messers und erm\u00f6glicht gleichzeitig ein schnelles und einfaches Schlie\u00dfen der Klinge mit einer Hand.<\/li>\n<\/ul>\n<\/li>\n<li><strong>Kompakt und tragbar<\/strong> :\n<ul>\n<li><strong>6,50&#8243; (165,10 mm) Gesamtl\u00e4nge<\/strong> und <strong>3,66&#8243; (92,96 mm) geschlossene L\u00e4nge<\/strong> : Dieses Messer ist gro\u00df genug f\u00fcr eine bequeme Verwendung und dennoch kompakt genug, um in eine Tasche oder an einen Schl\u00fcsselbund zu passen.<\/li>\n<li><strong>Geringes Gewicht 2,40 oz (68,04 g)<\/strong> : Durch das geringe Gewicht ist dieses Messer ideal f\u00fcr den t\u00e4glichen Gebrauch, ohne zu schwer oder auff\u00e4llig zu sein.<\/li>\n<\/ul>\n<\/li>\n<\/ol>\n<h3><strong>Spezifikationen<\/strong> :<\/h3>\n<ul>\n<li><strong>Klingenl\u00e4nge<\/strong> : 2,88&#8243; (73,03 mm)<\/li>\n<li><strong>Klinge<\/strong> : Glatt (klassischer glatter Schnitt)<\/li>\n<li><strong>Klingenmaterial<\/strong> : 8Cr14MoV-Stahl<\/li>\n<li><strong>Klingenoberfl\u00e4chenbehandlung<\/strong> : Titannitrid<\/li>\n<li><strong>Klingenst\u00e4rke<\/strong> : 0,09&#8243; (2,31 mm)<\/li>\n<li><strong>Gesamtl\u00e4nge<\/strong> : 6,50&#8243; (165,10 mm)<\/li>\n<li><strong>L\u00e4nge geschlossen<\/strong> : 3,66&#8243; (92,96 mm)<\/li>\n<li><strong>Gewicht<\/strong> : 2,40 oz (68,04 g)<\/li>\n<li><strong>Griff<\/strong> : G10<\/li>\n<li><strong>Stil<\/strong> : Klappmesser mit <strong>Liner Lock<\/strong><\/li>\n<\/ul>\n<h3><strong>Wof\u00fcr ist es gut?<\/strong><\/h3>\n<ol>\n<li><strong>Alltagsgebrauch (EDC)<\/strong> :<br \/>\n Dieses Messer eignet sich ideal f\u00fcr <strong>allt\u00e4gliche Aufgaben<\/strong> wie das \u00d6ffnen von Paketen, P\u00e4ckchen und das L\u00f6sen kleinerer Probleme zu Hause oder am Arbeitsplatz.<\/li>\n<li><strong>Outdoor und Camping<\/strong> :<br \/>\n Obwohl es kleiner und kompakter ist, ist es dennoch robust genug f\u00fcr <strong>Campingaufgaben<\/strong> wie Holz vorbereiten, Schnur schneiden und andere kleinere Aufgaben an der frischen Luft.<\/li>\n<li><strong>Arbeiten mit Materialien<\/strong> :<br \/>\n Dieses Messer ist ideal zum <strong>Schneiden weicherer Materialien<\/strong> wie Karton, Klebeband oder sogar <strong>zum Durchschneiden von Schn\u00fcren<\/strong> , was eine g\u00e4ngige Aufgabe f\u00fcr EDC-Messer ist.<\/li>\n<li><strong>Reisen und Tourismus<\/strong> :<br \/>\n Dank seiner kompakten Gr\u00f6\u00dfe eignet es sich hervorragend f\u00fcr <strong>unterwegs<\/strong> , da es keinen Platz wegnimmt und Sie es f\u00fcr schnelle und einfache Aufgaben im Laufe des Tages immer zur Hand haben.<\/li>\n<li><strong>Pers\u00f6nlicher Schutz<\/strong> :<br \/>\n Obwohl das Messer nicht prim\u00e4r zur Selbstverteidigung gedacht ist, kann seine <strong>schnelle \u00d6ffnung<\/strong> und <strong>die kompakte Gr\u00f6\u00dfe<\/strong> in Krisensituationen n\u00fctzlich sein.<\/li>\n<\/ol>\n<h3><strong>Vorteile<\/strong> :<\/h3>\n<ul>\n<li><strong>Hochwertige und langlebige Materialien<\/strong> sorgen f\u00fcr eine lange Lebensdauer.<\/li>\n<li><strong>Kompakte Gr\u00f6\u00dfe<\/strong> und <strong>geringes Gewicht<\/strong> f\u00fcr bequemes Tragen.<\/li>\n<li><strong>Einfaches \u00d6ffnen<\/strong> und <strong>sicheres Schlie\u00dfen<\/strong> dank Liner-Lock-Mechanismus.<\/li>\n<li><strong>Der Preis ist f\u00fcr die breite \u00d6ffentlichkeit erschwinglich<\/strong> , was bedeutet, dass es ideal f\u00fcr alle ist, die ein erschwingliches, aber hochwertiges Messer suchen.<\/li>\n<li><strong>Geeignet zur Personalisierung<\/strong> dank gro\u00dfer Fl\u00e4che auf der Klinge f\u00fcr Gravuren oder Logos.<\/li>\n<\/ul>\n<h3><strong>Zusammenfassung<\/strong> :<\/h3>\n<p><strong>Das CRKT Drifter Black 6450K<\/strong> ist ein preisg\u00fcnstiges, kompaktes und hochwertiges Messer, das sich f\u00fcr vielf\u00e4ltige Aufgaben eignet, sei es im Alltag, bei Outdoor-Aktivit\u00e4ten oder als Reisewerkzeug. Es besteht aus <strong>langlebigen Materialien<\/strong> wie <strong>8Cr14MoV-Stahl<\/strong> und <strong>einem G10-Griff<\/strong> und bietet <strong>einfaches \u00d6ffnen<\/strong> und <strong>sicheres Verriegeln<\/strong> , was es zur idealen Wahl f\u00fcr den t\u00e4glichen Gebrauch macht. <\/p>\n<\/div>\n<\/div>\n<\/div>\n<\/div>\n<div class=\"mb-2 flex gap-3 empty:hidden -ml-2\">\n<div class=\"items-center justify-start rounded-xl p-1 flex\">\n<div class=\"flex items-center\"><\/div>\n<\/div>\n<\/div>\n<div class=\"pr-2 lg:pr-0\"><\/div>\n<\/div>\n<\/div>\n<\/div>\n<\/div>\n<\/article>\n<\/div>\n<\/div>\n<\/div>\n<\/div>\n<\/div>\n","protected":false},"excerpt":{"rendered":"<p><strong>Das CRKT Drifter Black 6450K ist ein preisg\u00fcnstiges, kompaktes und hochwertiges Messer, das sich f\u00fcr vielf\u00e4ltige Aufgaben eignet, sei es im Alltag, bei Outdoor-Aktivit\u00e4ten oder als Reisewerkzeug. Es besteht aus langlebigen Materialien wie 8Cr14MoV-Stahl und einem G10-Griff und bietet einfaches \u00d6ffnen und sicheres Verriegeln, was es zur idealen Wahl f\u00fcr den t\u00e4glichen Gebrauch macht. <\/strong><\/p>\n","protected":false},"featured_media":399649,"comment_status":"open","ping_status":"closed","template":"","meta":[],"pwb-brand":[3457],"product_brand":[],"product_cat":[3303,3285],"product_tag":[3669],"class_list":{"0":"post-399648","1":"product","2":"type-product","3":"status-publish","4":"has-post-thumbnail","6":"pwb-brand-crkt-de","7":"product_cat-schliesmesser","8":"product_cat-messer","9":"product_tag-b2b-de","11":"first","12":"instock","13":"sale","14":"taxable","15":"shipping-taxable","16":"purchasable","17":"product-type-simple"},"brands":[{"id":3457,"name":"CRKT","slug":"crkt-de"}],"_links":{"self":[{"href":"https:\/\/www.moskito.cz\/de\/wp-json\/wp\/v2\/product\/399648","targetHints":{"allow":["GET"]}}],"collection":[{"href":"https:\/\/www.moskito.cz\/de\/wp-json\/wp\/v2\/product"}],"about":[{"href":"https:\/\/www.moskito.cz\/de\/wp-json\/wp\/v2\/types\/product"}],"replies":[{"embeddable":true,"href":"https:\/\/www.moskito.cz\/de\/wp-json\/wp\/v2\/comments?post=399648"}],"wp:featuredmedia":[{"embeddable":true,"href":"https:\/\/www.moskito.cz\/de\/wp-json\/wp\/v2\/media\/399649"}],"wp:attachment":[{"href":"https:\/\/www.moskito.cz\/de\/wp-json\/wp\/v2\/media?parent=399648"}],"wp:term":[{"taxonomy":"pwb-brand","embeddable":true,"href":"https:\/\/www.moskito.cz\/de\/wp-json\/wp\/v2\/pwb-brand?post=399648"},{"taxonomy":"product_brand","embeddable":true,"href":"https:\/\/www.moskito.cz\/de\/wp-json\/wp\/v2\/product_brand?post=399648"},{"taxonomy":"product_cat","embeddable":true,"href":"https:\/\/www.moskito.cz\/de\/wp-json\/wp\/v2\/product_cat?post=399648"},{"taxonomy":"product_tag","embeddable":true,"href":"https:\/\/www.moskito.cz\/de\/wp-json\/wp\/v2\/product_tag?post=399648"}],"curies":[{"name":"wp","href":"https:\/\/api.w.org\/{rel}","templated":true}]}}