{"id":399932,"date":"2024-11-29T11:59:51","date_gmt":"2025-04-22T14:05:30","guid":{"rendered":"https:\/\/www.moskito.cz\/produkt\/aga-campolin-f20ttd-n-auswerfermesser\/"},"modified":"2025-05-07T11:29:19","modified_gmt":"2025-05-07T10:29:19","slug":"aga-campolin-f20ttd-n-auswerfermesser","status":"publish","type":"product","link":"https:\/\/www.moskito.cz\/de\/produkt\/aga-campolin-f20ttd-n-auswerfermesser\/","title":{"rendered":"AGA CAMPOLIN F20TTD-N Auswerfermesser"},"content":{"rendered":"<p>AGA CAMPOLIN F20TTD-N Auswerfermesser.<\/p>\n<p>Das Klappmesser AGA Campolin F20TTD-N ist ein elegantes und hochwertiges Automatikmesser der renommierten italienischen Marke AGA Campolin. Diese Marke ist bekannt f\u00fcr ihre pr\u00e4zise Arbeit und Herstellung traditioneller und moderner Messer mit hohem Sammler- und Gebrauchswert. Hier sind die grundlegenden Informationen zu diesem Modell:<br \/>\n Eigenschaften von AGA Campolin F20TTD-N  <\/p>\n<p>Mechanismus:<br \/>\n Automatischer (Schie\u00df-)Mechanismus, der ein schnelles \u00d6ffnen der Klinge per Knopfdruck erm\u00f6glicht.<br \/>\n Zuverl\u00e4ssiger und langlebiger Mechanismus mit langer Lebensdauer.<\/p>\n<p>Klinge:<br \/>\n Klingenmaterial: hochwertiger Edelstahl, der f\u00fcr hervorragende Sch\u00e4rfe und Korrosionsbest\u00e4ndigkeit sorgt.<br \/>\n Klingendesign: moderner Stil, oft mit satiniertem oder gl\u00e4nzendem Finish.<br \/>\n Klingenl\u00e4nge: ca. 9,3 cm<\/p>\n<p>Handhaben:<br \/>\n Material: Verschiedene Varianten, darunter Naturmaterialien (z. B. Holz, Horn) oder Kunststoffe.<br \/>\n Ergonomie: angenehmer Griff, geeignet f\u00fcr l\u00e4ngere Handhabung.<\/p>\n<p>Design und Ausf\u00fchrung:<br \/>\n Modernes und zugleich zeitloses Erscheinungsbild mit pr\u00e4ziser Verarbeitung.<br \/>\n Sowohl f\u00fcr Sammler als auch f\u00fcr den praktischen Einsatz im Alltag geeignet.<\/p>\n<p>Sperren:<br \/>\n Sicherheitsverschluss gegen unbeabsichtigtes \u00d6ffnen.<\/p>\n<p>Verwenden<\/p>\n<p>Ideal zum t\u00e4glichen Tragen (EDC).<br \/>\nAufgrund der Exklusivit\u00e4t und Verarbeitung auch als Geschenk f\u00fcr Sammler geeignet.<br \/>\nEin praktisches Tool f\u00fcr diverse Outdoor-Aktivit\u00e4ten, wie zum Beispiel Camping, Angeln oder Survival.<\/p>\n","protected":false},"excerpt":{"rendered":"<p><strong>Das Klappmesser AGA Campolin F20TTD-N ist ein elegantes und hochwertiges Automatikmesser der renommierten italienischen Marke AGA Campolin.<\/strong><\/p>\n","protected":false},"featured_media":379228,"comment_status":"open","ping_status":"closed","template":"","meta":[],"pwb-brand":[4016],"product_brand":[],"product_cat":[3285,3343],"product_tag":[],"class_list":{"0":"post-399932","1":"product","2":"type-product","3":"status-publish","4":"has-post-thumbnail","6":"pwb-brand-aga-campolin-de","7":"product_cat-messer","8":"product_cat-schiesmesser","10":"first","11":"outofstock","12":"taxable","13":"shipping-taxable","14":"purchasable","15":"product-type-simple"},"brands":[{"id":4016,"name":"AGA CAMPOLIN","slug":"aga-campolin-de"}],"_links":{"self":[{"href":"https:\/\/www.moskito.cz\/de\/wp-json\/wp\/v2\/product\/399932","targetHints":{"allow":["GET"]}}],"collection":[{"href":"https:\/\/www.moskito.cz\/de\/wp-json\/wp\/v2\/product"}],"about":[{"href":"https:\/\/www.moskito.cz\/de\/wp-json\/wp\/v2\/types\/product"}],"replies":[{"embeddable":true,"href":"https:\/\/www.moskito.cz\/de\/wp-json\/wp\/v2\/comments?post=399932"}],"wp:featuredmedia":[{"embeddable":true,"href":"https:\/\/www.moskito.cz\/de\/wp-json\/wp\/v2\/media\/379228"}],"wp:attachment":[{"href":"https:\/\/www.moskito.cz\/de\/wp-json\/wp\/v2\/media?parent=399932"}],"wp:term":[{"taxonomy":"pwb-brand","embeddable":true,"href":"https:\/\/www.moskito.cz\/de\/wp-json\/wp\/v2\/pwb-brand?post=399932"},{"taxonomy":"product_brand","embeddable":true,"href":"https:\/\/www.moskito.cz\/de\/wp-json\/wp\/v2\/product_brand?post=399932"},{"taxonomy":"product_cat","embeddable":true,"href":"https:\/\/www.moskito.cz\/de\/wp-json\/wp\/v2\/product_cat?post=399932"},{"taxonomy":"product_tag","embeddable":true,"href":"https:\/\/www.moskito.cz\/de\/wp-json\/wp\/v2\/product_tag?post=399932"}],"curies":[{"name":"wp","href":"https:\/\/api.w.org\/{rel}","templated":true}]}}